{"id":17156,"date":"2026-01-04T21:33:44","date_gmt":"2026-01-04T21:33:44","guid":{"rendered":"https:\/\/teaeye.pl\/?post_type=product&#038;p=17156"},"modified":"2026-04-07T00:21:31","modified_gmt":"2026-04-07T00:21:31","slug":"ji-bian-gu-shi-oolong-8-g-1-szt","status":"publish","type":"product","link":"https:\/\/teaeye.pl\/ru\/product\/ji-bian-gu-shi-oolong-8-g-1-szt\/","title":{"rendered":"\u0426\u0437\u0438 \u0411\u044f\u043d\u044c \u0413\u0443 \u0428\u0438 \u2014 \u0443\u043b\u0443\u043d (8 \u0433, 1 \u0448\u0442.)"},"content":{"rendered":"<h1>\u0426\u0437\u0438 \u0411\u044f\u043d\u044c \u0413\u0443 \u0428\u0438 \u2014 \u0432\u044b\u0441\u043e\u043a\u043e\u0433\u043e\u0440\u043d\u044b\u0439 \u0443\u043b\u0443\u043d \u0438\u0437 \u0432\u0443\u043b\u043a\u0430\u043d\u0438\u0447\u0435\u0441\u043a\u0438\u0445 \u0433\u043e\u0440 \u0413\u0430\u043e\u043b\u0438\u0433\u0443\u043d<\/h1>\n<p>\u0426\u0437\u0438 \u0411\u044f\u043d\u044c \u0413\u0443 \u0428\u0438 \u2014 \u044d\u0442\u043e \u043d\u0435\u043e\u0431\u044b\u0447\u043d\u044b\u0439 \u0443\u043b\u0443\u043d \u0441 \u044e\u0433\u0430 \u043f\u0440\u043e\u0432\u0438\u043d\u0446\u0438\u0438 \u042e\u043d\u044c\u043d\u0430\u043d\u044c, \u0440\u0435\u0433\u0438\u043e\u043d\u0430, \u0442\u0440\u0430\u0434\u0438\u0446\u0438\u043e\u043d\u043d\u043e \u0430\u0441\u0441\u043e\u0446\u0438\u0438\u0440\u0443\u0435\u043c\u043e\u0433\u043e \u0441 \u043f\u0443\u044d\u0440\u0430\u043c\u0438. \u0427\u0430\u0439 \u043f\u0440\u043e\u0438\u0437\u0432\u0435\u0434\u0451\u043d \u0438\u0437 \u0432\u0435\u0441\u0435\u043d\u043d\u0435\u0433\u043e, \u0430\u043f\u0440\u0435\u043b\u044c\u0441\u043a\u043e\u0433\u043e \u0441\u0431\u043e\u0440\u0430 2025 \u0433\u043e\u0434\u0430 \u043d\u0430 \u0432\u044b\u0441\u043e\u0442\u0435 \u043e\u043a\u043e\u043b\u043e 2300 \u043c \u043d\u0430\u0434 \u0443\u0440\u043e\u0432\u043d\u0435\u043c \u043c\u043e\u0440\u044f, \u0432 \u0433\u043e\u0440\u043d\u043e\u043c \u043c\u0430\u0441\u0441\u0438\u0432\u0435 \u0413\u0430\u043e\u043b\u0438\u0433\u0443\u043d. \u041f\u043b\u0430\u043d\u0442\u0430\u0446\u0438\u0438 \u0440\u0430\u0441\u043f\u043e\u043b\u043e\u0436\u0435\u043d\u044b \u043d\u0430 \u0432\u0443\u043b\u043a\u0430\u043d\u0438\u0447\u0435\u0441\u043a\u0438\u0445 \u043f\u043e\u0447\u0432\u0430\u0445 \u0432 \u0437\u043e\u043d\u0435 \u0422\u044d\u043d\u0447\u0443\u043d \u043e\u043a\u0440\u0443\u0433\u0430 \u0411\u0430\u043e\u0448\u0430\u043d\u044c. \u0422\u0430\u043a\u0430\u044f \u0441\u0440\u0435\u0434\u0430 \u043f\u0440\u0438\u0434\u0430\u0451\u0442 \u0447\u0430\u044e \u043e\u0441\u043e\u0431\u0443\u044e \u044d\u043d\u0435\u0440\u0433\u0438\u044e \u0438 \u0447\u0438\u0441\u0442\u043e\u0442\u0443 \u0445\u0430\u0440\u0430\u043a\u0442\u0435\u0440\u0430.<\/p>\n<p>\u0421\u044b\u0440\u044c\u0451\u043c \u044f\u0432\u043b\u044f\u0435\u0442\u0441\u044f \u0442\u0430\u0439\u0432\u0430\u043d\u044c\u0441\u043a\u0438\u0439 \u043a\u0443\u043b\u044c\u0442\u0438\u0432\u0430\u0440 \u0443\u043b\u0443\u043d\u043e\u0432 \u0426\u0438\u043d\u044c \u0421\u0438\u043d\u044c, \u0438\u0437\u0432\u0435\u0441\u0442\u043d\u044b\u0439 \u0441\u0432\u043e\u0435\u0439 \u044d\u043b\u0435\u0433\u0430\u043d\u0442\u043d\u043e\u0441\u0442\u044c\u044e \u0438 \u0432\u044b\u0441\u043e\u043a\u0438\u043c \u0430\u0440\u043e\u043c\u0430\u0442\u0438\u0447\u0435\u0441\u043a\u0438\u043c \u043f\u043e\u0442\u0435\u043d\u0446\u0438\u0430\u043b\u043e\u043c. \u0427\u0430\u0439 \u0431\u044b\u043b \u043f\u0440\u043e\u0438\u0437\u0432\u0435\u0434\u0451\u043d \u0432 \u043d\u0435\u0431\u043e\u043b\u044c\u0448\u043e\u0439 \u043c\u0430\u043d\u0443\u0444\u0430\u043a\u0442\u0443\u0440\u0435 \u0441 \u0438\u0441\u043f\u043e\u043b\u044c\u0437\u043e\u0432\u0430\u043d\u0438\u0435\u043c \u043e\u0440\u0433\u0430\u043d\u0438\u0447\u0435\u0441\u043a\u043e\u0433\u043e \u0441\u044b\u0440\u044c\u044f. \u0422\u0430\u0439\u0432\u0430\u043d\u044c\u0441\u043a\u0438\u0439 \u0441\u0442\u0438\u043b\u044c \u0441\u0431\u043e\u0440\u0430 \u0438 \u043e\u0431\u0440\u0430\u0431\u043e\u0442\u043a\u0438 \u0433\u0430\u0440\u043c\u043e\u043d\u0438\u0447\u043d\u043e \u0441\u043e\u0447\u0435\u0442\u0430\u0435\u0442\u0441\u044f \u0437\u0434\u0435\u0441\u044c \u0441 \u0441\u0443\u0440\u043e\u0432\u043e\u0439 \u0433\u043e\u0440\u043d\u043e\u0439 \u043f\u0440\u0438\u0440\u043e\u0434\u043e\u0439 \u042e\u043d\u044c\u043d\u0430\u043d\u0438, \u0441\u043e\u0437\u0434\u0430\u0432\u0430\u044f \u0443\u043b\u0443\u043d \u0441 \u0443\u043d\u0438\u043a\u0430\u043b\u044c\u043d\u043e\u0439 \u0438\u0434\u0435\u043d\u0442\u0438\u0447\u043d\u043e\u0441\u0442\u044c\u044e.<\/p>\n<p>\u0427\u0430\u0439 \u0443\u043f\u0430\u043a\u043e\u0432\u0430\u043d \u0432 \u0438\u043d\u0434\u0438\u0432\u0438\u0434\u0443\u0430\u043b\u044c\u043d\u044b\u0435 \u043f\u0430\u043a\u0435\u0442\u0438\u043a\u0438 \u043f\u043e 8 \u0433, \u0438\u0434\u0435\u0430\u043b\u044c\u043d\u043e \u043f\u043e\u0434\u0445\u043e\u0434\u044f\u0449\u0438\u0435 \u0434\u043b\u044f \u043e\u0434\u043d\u043e\u0439 \u043f\u043e\u043b\u043d\u043e\u0446\u0435\u043d\u043d\u043e\u0439 \u0441\u0435\u0441\u0441\u0438\u0438 \u0433\u0443\u043d\u0444\u0443 \u0447\u0430. \u041f\u043e\u043b\u043d\u0430\u044f \u0443\u043f\u0430\u043a\u043e\u0432\u043a\u0430 \u0441\u043e\u0434\u0435\u0440\u0436\u0438\u0442 240 \u0433 \u0447\u0430\u044f, \u0442\u043e \u0435\u0441\u0442\u044c 30 \u043e\u0442\u0434\u0435\u043b\u044c\u043d\u044b\u0445 \u043f\u043e\u0440\u0446\u0438\u0439, \u0447\u0442\u043e \u0434\u0435\u043b\u0430\u0435\u0442 \u044d\u0442\u043e\u0442 \u043d\u0430\u0431\u043e\u0440 \u0443\u0434\u043e\u0431\u043d\u044b\u043c \u043a\u0430\u043a \u0434\u043b\u044f \u0446\u0435\u0440\u0435\u043c\u043e\u043d\u0438\u0439, \u0442\u0430\u043a \u0438 \u0434\u043b\u044f \u043e\u0441\u043e\u0437\u043d\u0430\u043d\u043d\u043e\u0433\u043e \u0440\u0435\u0433\u0443\u043b\u044f\u0440\u043d\u043e\u0433\u043e \u0443\u043f\u043e\u0442\u0440\u0435\u0431\u043b\u0435\u043d\u0438\u044f \u0431\u0435\u0437 \u043f\u043e\u0442\u0435\u0440\u0438 \u0441\u0432\u0435\u0436\u0435\u0441\u0442\u0438.<\/p>\n<p><a href=\"https:\/\/teaeye.pl\/wp-content\/uploads\/2026\/01\/IMG_8209.jpg\"><img fetchpriority=\"high\" decoding=\"async\" class=\"alignnone wp-image-17157\" src=\"https:\/\/teaeye.pl\/wp-content\/uploads\/2026\/01\/IMG_8209-300x219.jpg\" alt=\"\u0426\u0437\u0438 \u0411\u044f\u043d\u044c \u0413\u0443 \u0428\u0438 \u2014 \u0443\u043b\u0443\u043d (8 \u0433, 1 \u0448\u0442.)\" width=\"551\" height=\"402\" srcset=\"https:\/\/teaeye.pl\/wp-content\/uploads\/2026\/01\/IMG_8209-300x219.jpg 300w, https:\/\/teaeye.pl\/wp-content\/uploads\/2026\/01\/IMG_8209-1024x748.jpg 1024w, https:\/\/teaeye.pl\/wp-content\/uploads\/2026\/01\/IMG_8209-768x561.jpg 768w, https:\/\/teaeye.pl\/wp-content\/uploads\/2026\/01\/IMG_8209-1536x1122.jpg 1536w, https:\/\/teaeye.pl\/wp-content\/uploads\/2026\/01\/IMG_8209-2048x1496.jpg 2048w, https:\/\/teaeye.pl\/wp-content\/uploads\/2026\/01\/IMG_8209-16x12.jpg 16w, https:\/\/teaeye.pl\/wp-content\/uploads\/2026\/01\/IMG_8209-600x438.jpg 600w, https:\/\/teaeye.pl\/wp-content\/uploads\/2026\/01\/IMG_8209-850x621.jpg 850w\" sizes=\"(max-width: 551px) 100vw, 551px\" \/><\/a><\/p>\n<p>&nbsp;<\/p>\n<h2>\u0412\u043a\u0443\u0441 \u0438 \u0430\u0440\u043e\u043c\u0430\u0442 \u0443\u043b\u0443\u043d\u0430 \u0426\u0437\u0438 \u0411\u044f\u043d\u044c \u0413\u0443 \u0428\u0438<\/h2>\n<p>\u0421\u0443\u0445\u043e\u0439 \u043b\u0438\u0441\u0442 \u0438\u043c\u0435\u0435\u0442 \u0432\u0438\u0434 \u0441\u0440\u0435\u0434\u043d\u0438\u0445 \u043f\u043e \u0440\u0430\u0437\u043c\u0435\u0440\u0443 \u0437\u0435\u043b\u0435\u043d\u043e\u0432\u0430\u0442\u043e-\u043e\u043b\u0438\u0432\u043a\u043e\u0432\u044b\u0445 \u0448\u0430\u0440\u0438\u043a\u043e\u0432 \u0441\u0444\u0435\u0440\u0438\u0447\u0435\u0441\u043a\u043e\u0439 \u0441\u043a\u0440\u0443\u0442\u043a\u0438, \u0441 \u0437\u0430\u043c\u0435\u0442\u043d\u044b\u043c\u0438 \u043a\u043e\u0440\u043e\u0442\u043a\u0438\u043c\u0438 \u0447\u0435\u0440\u0435\u0448\u043a\u0430\u043c\u0438. \u0410\u0440\u043e\u043c\u0430\u0442 \u0441\u0443\u0445\u043e\u0433\u043e \u0447\u0430\u044f \u0447\u0438\u0441\u0442\u044b\u0439, \u0441\u043e\u0447\u043d\u044b\u0439 \u0438 \u0435\u0441\u0442\u0435\u0441\u0442\u0432\u0435\u043d\u043d\u043e \u0441\u043b\u0430\u0434\u043a\u0438\u0439, \u0441 \u0434\u0435\u043b\u0438\u043a\u0430\u0442\u043d\u043e\u0439 \u043f\u0440\u044f\u043d\u043e\u0439 \u043d\u043e\u0442\u043e\u0439. \u041d\u0430\u0441\u0442\u043e\u0439 \u043f\u0440\u043e\u0437\u0440\u0430\u0447\u043d\u044b\u0439 \u0438 \u0436\u0438\u0432\u043e\u0439.<\/p>\n<p>\u0411\u0443\u043a\u0435\u0442 \u0433\u043e\u0442\u043e\u0432\u043e\u0433\u043e \u0447\u0430\u044f \u044d\u043b\u0435\u0433\u0430\u043d\u0442\u043d\u044b\u0439 \u0438 \u043e\u0442\u043b\u0438\u0447\u043d\u043e \u0441\u0431\u0430\u043b\u0430\u043d\u0441\u0438\u0440\u043e\u0432\u0430\u043d\u043d\u044b\u0439. \u041f\u0440\u043e\u044f\u0432\u043b\u044f\u044e\u0442\u0441\u044f \u043d\u043e\u0442\u044b \u0444\u0440\u0443\u043a\u0442\u043e\u0432, \u0446\u0432\u0435\u0442\u043e\u0432, \u0432\u044b\u043f\u0435\u0447\u043a\u0438, \u044f\u0433\u043e\u0434, \u043b\u0443\u0433\u043e\u0432\u044b\u0445 \u0442\u0440\u0430\u0432 \u0438 \u0446\u0438\u0442\u0440\u0443\u0441\u043e\u0432. \u0412\u043a\u0443\u0441 \u043f\u043e\u043b\u043d\u044b\u0439, \u0433\u043b\u0430\u0434\u043a\u0438\u0439 \u0438 \u0441\u043a\u043e\u043b\u044c\u0437\u044f\u0449\u0438\u0439, \u0441 \u0432\u044b\u0440\u0430\u0436\u0435\u043d\u043d\u043e\u0439 \u0435\u0441\u0442\u0435\u0441\u0442\u0432\u0435\u043d\u043d\u043e\u0439 \u0441\u043b\u0430\u0434\u043e\u0441\u0442\u044c\u044e \u0438 \u043b\u0451\u0433\u043a\u043e\u0439, \u0434\u0435\u043b\u0438\u043a\u0430\u0442\u043d\u043e\u0439 \u0442\u0435\u0440\u043f\u043a\u043e\u0441\u0442\u044c\u044e. \u0410\u0440\u043e\u043c\u0430\u0442 \u043e\u0441\u0442\u0430\u0451\u0442\u0441\u044f \u043f\u043b\u043e\u0442\u043d\u044b\u043c, \u043f\u0440\u043e\u043d\u0438\u043a\u0430\u044e\u0449\u0438\u043c \u0438 \u0447\u0438\u0441\u0442\u044b\u043c, \u0441 \u0444\u0440\u0443\u043a\u0442\u043e\u0432\u043e-\u043f\u0440\u044f\u043d\u044b\u043c \u0445\u0430\u0440\u0430\u043a\u0442\u0435\u0440\u043e\u043c. \u0424\u0438\u043d\u0438\u0448 \u0434\u043e\u043b\u0433\u0438\u0439, \u043e\u0431\u0432\u043e\u043b\u0430\u043a\u0438\u0432\u0430\u044e\u0449\u0438\u0439 \u0438 \u043f\u0440\u0438\u044f\u0442\u043d\u043e \u043e\u0441\u0432\u0435\u0436\u0430\u044e\u0449\u0438\u0439.<\/p>\n<p><a href=\"https:\/\/teaeye.pl\/wp-content\/uploads\/2026\/01\/IMG_8211.jpg\"><img decoding=\"async\" class=\"alignnone wp-image-17158\" src=\"https:\/\/teaeye.pl\/wp-content\/uploads\/2026\/01\/IMG_8211-300x219.jpg\" alt=\"\u0426\u0437\u0438 \u0411\u044f\u043d\u044c \u0413\u0443 \u0428\u0438 \u2014 \u0443\u043b\u0443\u043d (8 \u0433, 1 \u0448\u0442.)\" width=\"549\" height=\"401\" srcset=\"https:\/\/teaeye.pl\/wp-content\/uploads\/2026\/01\/IMG_8211-300x219.jpg 300w, https:\/\/teaeye.pl\/wp-content\/uploads\/2026\/01\/IMG_8211-1024x748.jpg 1024w, https:\/\/teaeye.pl\/wp-content\/uploads\/2026\/01\/IMG_8211-768x561.jpg 768w, https:\/\/teaeye.pl\/wp-content\/uploads\/2026\/01\/IMG_8211-1536x1122.jpg 1536w, https:\/\/teaeye.pl\/wp-content\/uploads\/2026\/01\/IMG_8211-2048x1496.jpg 2048w, https:\/\/teaeye.pl\/wp-content\/uploads\/2026\/01\/IMG_8211-16x12.jpg 16w, https:\/\/teaeye.pl\/wp-content\/uploads\/2026\/01\/IMG_8211-600x438.jpg 600w, https:\/\/teaeye.pl\/wp-content\/uploads\/2026\/01\/IMG_8211-850x621.jpg 850w\" sizes=\"(max-width: 549px) 100vw, 549px\" \/><\/a><\/p>\n<h2>\u041a\u0430\u043a \u0437\u0430\u0432\u0430\u0440\u0438\u0432\u0430\u0442\u044c \u0438 \u0445\u0440\u0430\u043d\u0438\u0442\u044c<\/h2>\n<ul>\n<li>\u0417\u0430\u0432\u0430\u0440\u0438\u0432\u0430\u043d\u0438\u0435 \u043d\u0430\u0441\u0442\u0430\u0438\u0432\u0430\u043d\u0438\u0435\u043c: 1 \u043f\u0430\u043a\u0435\u0442\u0438\u043a (8 \u0433) \u043d\u0430 500 \u043c\u043b, 3\u20134 \u043c\u0438\u043d, 90\u201395\u00b0C<\/li>\n<li>\u0413\u0443\u043d\u0444\u0443 \u0447\u0430: 1 \u043f\u0430\u043a\u0435\u0442\u0438\u043a (8 \u0433) \u043d\u0430 100\u2013120 \u043c\u043b, 10\u201320 \u0441, 6\u20138 \u043f\u0440\u043e\u043b\u0438\u0432\u043e\u0432<\/li>\n<\/ul>\n<p>\u0427\u0430\u0439 \u0441\u043b\u0435\u0434\u0443\u0435\u0442 \u0445\u0440\u0430\u043d\u0438\u0442\u044c \u0432 \u0433\u0435\u0440\u043c\u0435\u0442\u0438\u0447\u043d\u043e\u0439 \u0443\u043f\u0430\u043a\u043e\u0432\u043a\u0435, \u0432\u0434\u0430\u043b\u0438 \u043e\u0442 \u0432\u043b\u0430\u0433\u0438 \u0438 \u0441\u0432\u0435\u0442\u0430. \u0423\u043b\u0443\u043d \u0441\u043e\u0445\u0440\u0430\u043d\u044f\u0435\u0442 \u0441\u0442\u0430\u0431\u0438\u043b\u044c\u043d\u043e\u0441\u0442\u044c \u0432\u043a\u0443\u0441\u0430 \u043f\u0440\u0438 \u043f\u0440\u0430\u0432\u0438\u043b\u044c\u043d\u043e\u043c \u0445\u0440\u0430\u043d\u0435\u043d\u0438\u0438, \u043e\u0441\u0442\u0430\u0432\u0430\u044f\u0441\u044c \u0447\u0438\u0441\u0442\u044b\u043c \u0438 \u0432\u044b\u0440\u0430\u0437\u0438\u0442\u0435\u043b\u044c\u043d\u044b\u043c.<\/p>\n<p class=\"translation-block\">W TEA EYE mo\u017cesz <strong>kupi\u0107 Ji Bian Gu Shi Oolong w Warszawie<\/strong> z pewnego \u017ar\u00f3d\u0142a. Jako <strong>sklep z herbat\u0105 chi\u0144sk\u0105 w Polsce<\/strong> oferujemy starannie wyselekcjonowane herbaty premium. Zobacz tak\u017ce inne propozycje w kategorii <a href=\"https:\/\/teaeye.pl\/ru\/product-category\/oolong\/\" target=\"_self\">oolong<\/a> oraz wysokog\u00f3rskie herbaty w dziale<br>\r\n<a href=\"https:\/\/teaeye.pl\/ru\/product-category\/lao-cha-dojrzewajaca\/\" target=\"_self\">lao cha<\/a>. Wi\u0119cej informacji o herbacie oolong znajdziesz na <a href=\"https:\/\/pl.wikipedia.org\/wiki\/Oolong\" target=\"_self\">Wikipedia<\/a>.<\/p>","protected":false},"excerpt":{"rendered":"<p data-start=\"503\" data-end=\"901\" class=\"translation-block\">\u0426\u0437\u0438 \u0411\u044f\u043d\u044c \u0413\u0443 \u0428\u0438 \u2014 \u044d\u0442\u043e \u0438\u0441\u043a\u043b\u044e\u0447\u0438\u0442\u0435\u043b\u044c\u043d\u044b\u0439 \u0443\u043b\u0443\u043d \u0438\u0437 \u0432\u0443\u043b\u043a\u0430\u043d\u0438\u0447\u0435\u0441\u043a\u0438\u0445 \u0433\u043e\u0440 \u0413\u0430\u043e\u043b\u0438\u0433\u0443\u043d \u0432 \u043f\u0440\u043e\u0432\u0438\u043d\u0446\u0438\u0438 \u042e\u043d\u044c\u043d\u0430\u043d\u044c. \u0427\u0430\u0439 \u0441\u043e\u0437\u0434\u0430\u043d \u0438\u0437 \u0442\u0430\u0439\u0432\u0430\u043d\u044c\u0441\u043a\u043e\u0433\u043e \u043a\u0443\u043b\u044c\u0442\u0438\u0432\u0430\u0440\u0430 \u0426\u0438\u043d\u044c \u0421\u0438\u043d\u044c, \u0432\u044b\u0440\u0430\u0449\u0435\u043d\u043d\u043e\u0433\u043e \u043d\u0430 \u0432\u044b\u0441\u043e\u0442\u0435 2300 \u043c \u043d\u0430\u0434 \u0443\u0440\u043e\u0432\u043d\u0435\u043c \u043c\u043e\u0440\u044f. \u041a\u0430\u0436\u0434\u0430\u044f \u043f\u043e\u0440\u0446\u0438\u044f \u0441\u043e\u0434\u0435\u0440\u0436\u0438\u0442 8 \u0433 \u0447\u0430\u044f, \u0430 \u043f\u043e\u043b\u043d\u0430\u044f \u0443\u043f\u0430\u043a\u043e\u0432\u043a\u0430 \u0432\u043a\u043b\u044e\u0447\u0430\u0435\u0442 <strong data-start=\"546\" data-end=\"589\">240 \u0433, \u0442\u043e \u0435\u0441\u0442\u044c 30 \u0438\u043d\u0434\u0438\u0432\u0438\u0434\u0443\u0430\u043b\u044c\u043d\u044b\u0445 \u043f\u0430\u043a\u0435\u0442\u0438\u043a\u043e\u0432<\/strong>. \u041d\u0430\u0441\u0442\u043e\u0439 \u043f\u043e\u043b\u043d\u044b\u0439, \u0433\u043b\u0430\u0434\u043a\u0438\u0439 \u0438 \u0435\u0441\u0442\u0435\u0441\u0442\u0432\u0435\u043d\u043d\u043e \u0441\u043b\u0430\u0434\u043a\u0438\u0439, \u0441 \u043d\u043e\u0442\u0430\u043c\u0438 \u0444\u0440\u0443\u043a\u0442\u043e\u0432, \u0446\u0432\u0435\u0442\u043e\u0432 \u0438 \u0432\u044b\u043f\u0435\u0447\u043a\u0438. \u042d\u0442\u043e \u0447\u0430\u0439, \u0441\u043e\u0437\u0434\u0430\u043d\u043d\u044b\u0439 \u0434\u043b\u044f \u0432\u043d\u0438\u043c\u0430\u0442\u0435\u043b\u044c\u043d\u044b\u0445, \u043d\u0435\u0441\u043f\u0435\u0448\u043d\u044b\u0445 \u0446\u0435\u0440\u0435\u043c\u043e\u043d\u0438\u0439 \u0438 \u043c\u043e\u043c\u0435\u043d\u0442\u043e\u0432 \u0443\u0435\u0434\u0438\u043d\u0435\u043d\u0438\u044f.<\/p>","protected":false},"featured_media":17160,"comment_status":"open","ping_status":"closed","template":"","meta":[],"product_cat":[176,110,108],"product_tag":[],"class_list":{"0":"post-17156","1":"product","2":"type-product","3":"status-publish","4":"has-post-thumbnail","6":"product_cat-inne-jasny","7":"product_cat-jasny","8":"product_cat-oolong","10":"first","11":"instock","12":"shipping-taxable","13":"purchasable","14":"product-type-variable"},"aioseo_notices":[],"_links":{"self":[{"href":"https:\/\/teaeye.pl\/ru\/wp-json\/wp\/v2\/product\/17156","targetHints":{"allow":["GET"]}}],"collection":[{"href":"https:\/\/teaeye.pl\/ru\/wp-json\/wp\/v2\/product"}],"about":[{"href":"https:\/\/teaeye.pl\/ru\/wp-json\/wp\/v2\/types\/product"}],"replies":[{"embeddable":true,"href":"https:\/\/teaeye.pl\/ru\/wp-json\/wp\/v2\/comments?post=17156"}],"version-history":[{"count":1,"href":"https:\/\/teaeye.pl\/ru\/wp-json\/wp\/v2\/product\/17156\/revisions"}],"predecessor-version":[{"id":17163,"href":"https:\/\/teaeye.pl\/ru\/wp-json\/wp\/v2\/product\/17156\/revisions\/17163"}],"wp:featuredmedia":[{"embeddable":true,"href":"https:\/\/teaeye.pl\/ru\/wp-json\/wp\/v2\/media\/17160"}],"wp:attachment":[{"href":"https:\/\/teaeye.pl\/ru\/wp-json\/wp\/v2\/media?parent=17156"}],"wp:term":[{"taxonomy":"product_cat","embeddable":true,"href":"https:\/\/teaeye.pl\/ru\/wp-json\/wp\/v2\/product_cat?post=17156"},{"taxonomy":"product_tag","embeddable":true,"href":"https:\/\/teaeye.pl\/ru\/wp-json\/wp\/v2\/product_tag?post=17156"}],"curies":[{"name":"wp","href":"https:\/\/api.w.org\/{rel}","templated":true}]}}