{"id":18027,"date":"2026-03-01T23:56:13","date_gmt":"2026-03-01T23:56:13","guid":{"rendered":"https:\/\/teaeye.pl\/?post_type=product&#038;p=18027"},"modified":"2026-04-03T07:33:05","modified_gmt":"2026-04-03T07:33:05","slug":"chapan-herbaciany-staw","status":"publish","type":"product","link":"https:\/\/teaeye.pl\/ru\/product\/chapan-herbaciany-staw\/","title":{"rendered":"\u0427\u0430\u0431\u0430\u043d\u044c \u00ab\u0427\u0430\u0439\u043d\u044b\u0439 \u043f\u0440\u0443\u0434\u00bb"},"content":{"rendered":"<h1>\u0427\u0430\u0431\u0430\u043d\u044c \u00ab\u0427\u0430\u0439\u043d\u044b\u0439 \u043f\u0440\u0443\u0434\u00bb \u2013 \u043a\u0435\u0440\u0430\u043c\u0438\u0447\u0435\u0441\u043a\u0438\u0439 tea pond \u0434\u043b\u044f \u0433\u0443\u043d\u0444\u0443 \u0447\u0430 \u00d8 22 \u0441\u043c<\/h1>\n<p>\u0427\u0430\u0431\u0430\u043d\u044c \u00ab\u0427\u0430\u0439\u043d\u044b\u0439 \u043f\u0440\u0443\u0434\u00bb \u2014 \u044d\u0442\u043e \u044d\u043b\u0435\u0433\u0430\u043d\u0442\u043d\u0430\u044f \u043a\u0440\u0443\u0433\u043b\u0430\u044f \u043f\u043e\u0434\u0441\u0442\u0430\u0432\u043a\u0430 \u0434\u043b\u044f \u0447\u0430\u044f, \u0432\u0434\u043e\u0445\u043d\u043e\u0432\u043b\u0451\u043d\u043d\u0430\u044f \u0442\u0440\u0430\u0434\u0438\u0446\u0438\u043e\u043d\u043d\u043e\u0439 \u0446\u0435\u0440\u0435\u043c\u043e\u043d\u0438\u0435\u0439. <strong>\u0413\u0443\u043d\u0444\u0443 \u0427\u0430<\/strong>. W przeciwie\u0144stwie do klasycznej chabany z rezerwuarem, ten ceramiczny tea pond posiada powierzchni\u0119 samoschn\u0105c\u0105, kt\u00f3ra w naturalny spos\u00f3b odprowadza wilgo\u0107 i podkre\u015bla estetyk\u0119 polewania herbaty.<\/p>\n<p><a href=\"https:\/\/teaeye.pl\/wp-content\/uploads\/2026\/03\/IMG_0298.jpg\"><img fetchpriority=\"high\" decoding=\"async\" class=\"alignnone  wp-image-18029\" src=\"https:\/\/teaeye.pl\/wp-content\/uploads\/2026\/03\/IMG_0298-300x219.jpg\" alt=\"\u0427\u0430\u0431\u0430\u043d\u044c \u00ab\u0427\u0430\u0439\u043d\u044b\u0439 \u043f\u0440\u0443\u0434\u00bb\" width=\"553\" height=\"404\" srcset=\"https:\/\/teaeye.pl\/wp-content\/uploads\/2026\/03\/IMG_0298-300x219.jpg 300w, https:\/\/teaeye.pl\/wp-content\/uploads\/2026\/03\/IMG_0298-1024x748.jpg 1024w, https:\/\/teaeye.pl\/wp-content\/uploads\/2026\/03\/IMG_0298-768x561.jpg 768w, https:\/\/teaeye.pl\/wp-content\/uploads\/2026\/03\/IMG_0298-1536x1122.jpg 1536w, https:\/\/teaeye.pl\/wp-content\/uploads\/2026\/03\/IMG_0298-16x12.jpg 16w, https:\/\/teaeye.pl\/wp-content\/uploads\/2026\/03\/IMG_0298-600x438.jpg 600w, https:\/\/teaeye.pl\/wp-content\/uploads\/2026\/03\/IMG_0298-850x621.jpg 850w, https:\/\/teaeye.pl\/wp-content\/uploads\/2026\/03\/IMG_0298.jpg 1807w\" sizes=\"(max-width: 553px) 100vw, 553px\" \/><\/a><\/p>\n<h2>\u0424\u0443\u043d\u043a\u0446\u0438\u043e\u043d\u0430\u043b\u044c\u043d\u043e\u0441\u0442\u044c \u0438 \u043a\u043e\u043d\u0441\u0442\u0440\u0443\u043a\u0446\u0438\u044f \u0447\u0430\u0431\u0430\u043d\u0438<\/h2>\n<p>\u0414\u0438\u0430\u043c\u0435\u0442\u0440 220 \u043c\u043c \u0438 \u0432\u044b\u0441\u043e\u0442\u0430 25 \u043c\u043c \u0434\u0435\u043b\u0430\u044e\u0442 \u0447\u0430\u0431\u0430\u043d\u044c \u0438\u0434\u0435\u0430\u043b\u044c\u043d\u043e\u0439 \u0434\u043b\u044f \u0440\u0430\u0437\u043c\u0435\u0449\u0435\u043d\u0438\u044f \u0447\u0430\u0439\u043d\u0438\u043a\u0430, \u0433\u0430\u0439\u0432\u0430\u043d\u0438 \u0438\u043b\u0438 \u043f\u0438\u0430\u043b \u0432\u043e \u0432\u0440\u0435\u043c\u044f \u0437\u0430\u0432\u0430\u0440\u0438\u0432\u0430\u043d\u0438\u044f. \u041a\u0435\u0440\u0430\u043c\u0438\u0447\u0435\u0441\u043a\u0430\u044f \u043f\u043e\u0432\u0435\u0440\u0445\u043d\u043e\u0441\u0442\u044c \u0443\u0441\u0442\u043e\u0439\u0447\u0438\u0432\u0430 \u043a \u0446\u0430\u0440\u0430\u043f\u0438\u043d\u0430\u043c, \u0430 \u0434\u0435\u043a\u043e\u0440 \u0441\u043e\u0445\u0440\u0430\u043d\u044f\u0435\u0442 \u0441\u0432\u043e\u0439 \u0432\u0438\u0434 \u0434\u0430\u0436\u0435 \u043f\u0440\u0438 \u0438\u043d\u0442\u0435\u043d\u0441\u0438\u0432\u043d\u043e\u043c \u0438\u0441\u043f\u043e\u043b\u044c\u0437\u043e\u0432\u0430\u043d\u0438\u0438.<\/p>\n<p>\u0412\u043e \u0432\u0440\u0435\u043c\u044f \u0447\u0430\u0439\u043d\u043e\u0439 \u0446\u0435\u0440\u0435\u043c\u043e\u043d\u0438\u0438 \u043c\u043e\u0436\u043d\u043e \u0441\u0432\u043e\u0431\u043e\u0434\u043d\u043e \u043f\u043e\u043b\u0438\u0432\u0430\u0442\u044c \u043f\u043e\u0441\u0443\u0434 \u0432\u043e\u0434\u043e\u0439 \u2014 \u043f\u043e\u0432\u0435\u0440\u0445\u043d\u043e\u0441\u0442\u044c \u043f\u043e\u0441\u0442\u0435\u043f\u0435\u043d\u043d\u043e \u0432\u044b\u0441\u044b\u0445\u0430\u0435\u0442, \u043e\u0441\u0442\u0430\u0432\u043b\u044f\u044f \u0442\u043e\u043d\u043a\u0438\u0439 \u0432\u0438\u0437\u0443\u0430\u043b\u044c\u043d\u044b\u0439 \u044d\u0444\u0444\u0435\u043a\u0442, \u043d\u0430\u043f\u043e\u043c\u0438\u043d\u0430\u044e\u0449\u0438\u0439 \u0433\u043b\u0430\u0434\u044c \u0441\u043f\u043e\u043a\u043e\u0439\u043d\u043e\u0433\u043e \u043f\u0440\u0443\u0434\u0430.<\/p>\n<h2>\u0421\u0438\u043c\u0432\u043e\u043b\u0438\u043a\u0430 \u0434\u0440\u0430\u043a\u043e\u043d\u0430<\/h2>\n<p>\u0426\u0435\u043d\u0442\u0440\u0430\u043b\u044c\u043d\u044b\u0439 \u043c\u043e\u0442\u0438\u0432 \u0437\u043e\u043b\u043e\u0442\u043e\u0433\u043e \u0434\u0440\u0430\u043a\u043e\u043d\u0430 \u0441\u0438\u043c\u0432\u043e\u043b\u0438\u0437\u0438\u0440\u0443\u0435\u0442 \u0441\u0438\u043b\u0443, \u044d\u043d\u0435\u0440\u0433\u0438\u044e \u044f\u043d, \u043f\u0440\u043e\u0446\u0432\u0435\u0442\u0430\u043d\u0438\u0435 \u0438 \u0437\u0430\u0449\u0438\u0442\u0443. \u0414\u0440\u0430\u043a\u043e\u043d \u0432 \u043a\u0438\u0442\u0430\u0439\u0441\u043a\u043e\u0439 \u043a\u0443\u043b\u044c\u0442\u0443\u0440\u0435 \u044f\u0432\u043b\u044f\u0435\u0442\u0441\u044f \u0437\u043d\u0430\u043a\u043e\u043c \u0433\u0430\u0440\u043c\u043e\u043d\u0438\u0438 \u043c\u0435\u0436\u0434\u0443 \u043d\u0435\u0431\u043e\u043c \u0438 \u0437\u0435\u043c\u043b\u0451\u0439, \u043f\u043e\u044d\u0442\u043e\u043c\u0443 \u043e\u043d \u0438\u0434\u0435\u0430\u043b\u044c\u043d\u043e \u0432\u043f\u0438\u0441\u044b\u0432\u0430\u0435\u0442\u0441\u044f \u0432 \u0444\u0438\u043b\u043e\u0441\u043e\u0444\u0438\u044e \u043e\u0441\u043e\u0437\u043d\u0430\u043d\u043d\u043e\u0433\u043e \u0437\u0430\u0432\u0430\u0440\u0438\u0432\u0430\u043d\u0438\u044f \u0447\u0430\u044f.<\/p>\n<p class=\"translation-block\">\u00ab\u0427\u0430\u0439\u043d\u044b\u0439 \u043f\u0440\u0443\u0434\u00bb \u043c\u043e\u0436\u043d\u043e \u0438\u0441\u043f\u043e\u043b\u044c\u0437\u043e\u0432\u0430\u0442\u044c \u043a\u0430\u043a \u043c\u0438\u043d\u0438\u043c\u0430\u043b\u0438\u0441\u0442\u0438\u0447\u043d\u0443\u044e \u0430\u043b\u044c\u0442\u0435\u0440\u043d\u0430\u0442\u0438\u0432\u0443 \u0442\u0440\u0430\u0434\u0438\u0446\u0438\u043e\u043d\u043d\u043e\u0439 <a href=\"https:\/\/teaeye.pl\/ru\/product-category\/akcesoria\/naczynia\/chapan\/\" target=\"_self\">\u0447\u0430\u0431\u0430\u043d\u0438<\/a>. \u0422\u0430\u043a\u0436\u0435 \u043e\u0431\u0440\u0430\u0442\u0438\u0442\u0435 \u0432\u043d\u0438\u043c\u0430\u043d\u0438\u0435 \u043d\u0430 \u043d\u0430\u0448\u0438 <a href=\"https:\/\/teaeye.pl\/ru\/product-category\/akcesoria\/naczynia\/gaiwany\/\" target=\"_self\">\u0433\u0430\u0439\u0432\u0430\u043d\u0438<\/a> \u0438 <a href=\"https:\/\/teaeye.pl\/ru\/product-category\/akcesoria\/figurki\/\" target=\"_self\">\u0447\u0430\u0439\u043d\u044b\u0435 \u0444\u0438\u0433\u0443\u0440\u043a\u0438<\/a>, \u0447\u0442\u043e\u0431\u044b \u0441\u043e\u0437\u0434\u0430\u0442\u044c \u043f\u043e\u043b\u043d\u043e\u0446\u0435\u043d\u043d\u043e\u0435 \u043f\u0440\u043e\u0441\u0442\u0440\u0430\u043d\u0441\u0442\u0432\u043e \u0434\u043b\u044f \u0433\u0443\u043d\u0444\u0443 \u0447\u0430.<\/p>\n<p class=\"translation-block\">\u041f\u043e\u0434\u0440\u043e\u0431\u043d\u0435\u0435 \u043e \u0442\u0440\u0430\u0434\u0438\u0446\u0438\u0438 \u0446\u0435\u0440\u0435\u043c\u043e\u043d\u0438\u0438 \u043c\u043e\u0436\u043d\u043e \u043f\u0440\u043e\u0447\u0438\u0442\u0430\u0442\u044c \u0437\u0434\u0435\u0441\u044c: <a href=\"https:\/\/en.wikipedia.org\/wiki\/Gongfu_tea\" target=\"_self\">Gongfu tea<\/a>.<\/p>","protected":false},"excerpt":{"rendered":"<p data-start=\"303\" data-end=\"659\">\u0427\u0430\u0431\u0430\u043d\u044c \u00ab\u0427\u0430\u0439\u043d\u044b\u0439 \u043f\u0440\u0443\u0434\u00bb \u2014 \u044d\u0442\u043e \u043c\u0438\u043d\u0438\u043c\u0430\u043b\u0438\u0441\u0442\u0438\u0447\u043d\u044b\u0439 \u043a\u0435\u0440\u0430\u043c\u0438\u0447\u0435\u0441\u043a\u0438\u0439 tea pond.<strong> \u0434\u0438\u0430\u043c\u0435\u0442\u0440\u043e\u043c 22 \u0441\u043c<\/strong>\u0440\u0430\u0437\u0440\u0430\u0431\u043e\u0442\u0430\u043d \u0434\u043b\u044f \u0446\u0435\u0440\u0435\u043c\u043e\u043d\u0438\u0438 \u0433\u0443\u043d\u0444\u0443 \u0447\u0430. \u0418\u043c\u0435\u0435\u0442 \u0441\u0430\u043c\u043e\u0432\u044b\u0441\u044b\u0445\u0430\u044e\u0449\u0443\u044e \u043f\u043e\u0432\u0435\u0440\u0445\u043d\u043e\u0441\u0442\u044c \u0438 \u0443\u0441\u0442\u043e\u0439\u0447\u0438\u0432\u044b\u0439 \u043a \u0446\u0430\u0440\u0430\u043f\u0438\u043d\u0430\u043c \u0434\u0435\u043a\u043e\u0440 \u0441 \u043c\u043e\u0442\u0438\u0432\u043e\u043c \u0437\u043e\u043b\u043e\u0442\u043e\u0433\u043e \u0434\u0440\u0430\u043a\u043e\u043d\u0430. \u0418\u0434\u0435\u0430\u043b\u044c\u043d\u043e \u043f\u043e\u0434\u0445\u043e\u0434\u0438\u0442 \u043a\u0430\u043a \u044d\u043b\u0435\u0433\u0430\u043d\u0442\u043d\u0430\u044f \u043f\u043e\u0434\u0441\u0442\u0430\u0432\u043a\u0430 \u0434\u043b\u044f \u043f\u043e\u043b\u0438\u0432\u0430\u043d\u0438\u044f \u0447\u0430\u0439\u043d\u0438\u043a\u0430 \u0438 \u0433\u0430\u0439\u0432\u0430\u043d\u0438. \u0424\u0443\u043d\u043a\u0446\u0438\u043e\u043d\u0430\u043b\u044c\u043d\u043e\u0441\u0442\u044c \u0437\u0434\u0435\u0441\u044c \u0441\u043e\u0447\u0435\u0442\u0430\u0435\u0442\u0441\u044f \u0441 \u044d\u0441\u0442\u0435\u0442\u0438\u043a\u043e\u0439 \u0442\u0440\u0430\u0434\u0438\u0446\u0438\u043e\u043d\u043d\u043e\u0439 \u043a\u0438\u0442\u0430\u0439\u0441\u043a\u043e\u0439 \u0441\u0438\u043c\u0432\u043e\u043b\u0438\u043a\u0438.<\/p>","protected":false},"featured_media":18028,"comment_status":"open","ping_status":"closed","template":"","meta":[],"product_cat":[129,147,130],"product_tag":[],"class_list":{"0":"post-18027","1":"product","2":"type-product","3":"status-publish","4":"has-post-thumbnail","6":"product_cat-akcesoria","7":"product_cat-chapan","8":"product_cat-naczynia","10":"first","11":"instock","12":"shipping-taxable","13":"purchasable","14":"product-type-simple"},"aioseo_notices":[],"_links":{"self":[{"href":"https:\/\/teaeye.pl\/ru\/wp-json\/wp\/v2\/product\/18027","targetHints":{"allow":["GET"]}}],"collection":[{"href":"https:\/\/teaeye.pl\/ru\/wp-json\/wp\/v2\/product"}],"about":[{"href":"https:\/\/teaeye.pl\/ru\/wp-json\/wp\/v2\/types\/product"}],"replies":[{"embeddable":true,"href":"https:\/\/teaeye.pl\/ru\/wp-json\/wp\/v2\/comments?post=18027"}],"version-history":[{"count":1,"href":"https:\/\/teaeye.pl\/ru\/wp-json\/wp\/v2\/product\/18027\/revisions"}],"predecessor-version":[{"id":18030,"href":"https:\/\/teaeye.pl\/ru\/wp-json\/wp\/v2\/product\/18027\/revisions\/18030"}],"wp:featuredmedia":[{"embeddable":true,"href":"https:\/\/teaeye.pl\/ru\/wp-json\/wp\/v2\/media\/18028"}],"wp:attachment":[{"href":"https:\/\/teaeye.pl\/ru\/wp-json\/wp\/v2\/media?parent=18027"}],"wp:term":[{"taxonomy":"product_cat","embeddable":true,"href":"https:\/\/teaeye.pl\/ru\/wp-json\/wp\/v2\/product_cat?post=18027"},{"taxonomy":"product_tag","embeddable":true,"href":"https:\/\/teaeye.pl\/ru\/wp-json\/wp\/v2\/product_tag?post=18027"}],"curies":[{"name":"wp","href":"https:\/\/api.w.org\/{rel}","templated":true}]}}