{"id":18060,"date":"2026-03-02T01:19:30","date_gmt":"2026-03-02T01:19:30","guid":{"rendered":"https:\/\/teaeye.pl\/?post_type=product&#038;p=18060"},"modified":"2026-04-07T16:37:04","modified_gmt":"2026-04-07T16:37:04","slug":"puszka-na-herbate-shi-40-g","status":"publish","type":"product","link":"https:\/\/teaeye.pl\/ru\/product\/puszka-na-herbate-shi-40-g\/","title":{"rendered":"\u0411\u0430\u043d\u043a\u0430 \u0434\u043b\u044f \u0447\u0430\u044f \u00ab\u0428\u0438\u00bb 40 g"},"content":{"rendered":"<h1>\u0411\u0430\u043d\u043a\u0430 \u0434\u043b\u044f \u0447\u0430\u044f \u00ab\u0428\u0438\u00bb 40 g \u2014 \u043a\u0435\u0440\u0430\u043c\u0438\u0447\u0435\u0441\u043a\u0430\u044f \u0451\u043c\u043a\u043e\u0441\u0442\u044c \u0441 \u0442\u043a\u0430\u043d\u0435\u0432\u043e\u0439 \u043a\u0440\u044b\u0448\u043a\u043e\u0439<\/h1>\n<p>Puszka na herbat\u0119 \u201eShi\u201d to elegancki ceramiczny pojemnik przeznaczony do przechowywania herbaty li\u015bciastej. Subtelna bia\u0142a ceramika zosta\u0142a ozdobiona z\u0142otym nadrukiem w stylu kaligrafii chi\u0144skiej, co nadaje jej klasyczny, orientalny charakter.<\/p>\n<p><a href=\"https:\/\/teaeye.pl\/wp-content\/uploads\/2026\/03\/40000.jpg\"><img fetchpriority=\"high\" decoding=\"async\" class=\"alignnone  wp-image-18061\" src=\"https:\/\/teaeye.pl\/wp-content\/uploads\/2026\/03\/40000-300x219.jpg\" alt=\"\u0411\u0430\u043d\u043a\u0430 \u0434\u043b\u044f \u0447\u0430\u044f \u00ab\u0428\u0438\u00bb 40 g\" width=\"551\" height=\"402\" srcset=\"https:\/\/teaeye.pl\/wp-content\/uploads\/2026\/03\/40000-300x219.jpg 300w, https:\/\/teaeye.pl\/wp-content\/uploads\/2026\/03\/40000-1024x748.jpg 1024w, https:\/\/teaeye.pl\/wp-content\/uploads\/2026\/03\/40000-768x561.jpg 768w, https:\/\/teaeye.pl\/wp-content\/uploads\/2026\/03\/40000-16x12.jpg 16w, https:\/\/teaeye.pl\/wp-content\/uploads\/2026\/03\/40000-600x438.jpg 600w, https:\/\/teaeye.pl\/wp-content\/uploads\/2026\/03\/40000-850x621.jpg 850w, https:\/\/teaeye.pl\/wp-content\/uploads\/2026\/03\/40000.jpg 1170w\" sizes=\"(max-width: 551px) 100vw, 551px\" \/><\/a><\/p>\n<h2>\u0421\u0442\u0438\u043b\u044c \u0438 \u0444\u0443\u043d\u043a\u0446\u0438\u043e\u043d\u0430\u043b\u044c\u043d\u043e\u0441\u0442\u044c \u2014 \u0411\u0430\u043d\u043a\u0430 \u0434\u043b\u044f \u0447\u0430\u044f<\/h2>\n<p>\u0401\u043c\u043a\u043e\u0441\u0442\u044c \u043e\u0441\u043d\u0430\u0449\u0435\u043d\u0430 \u043a\u0440\u044b\u0448\u043a\u043e\u0439 \u0438\u0437 \u043f\u0440\u043e\u0431\u043a\u0438, \u043f\u043e\u043a\u0440\u044b\u0442\u043e\u0439 \u0434\u0435\u043a\u043e\u0440\u0430\u0442\u0438\u0432\u043d\u043e\u0439 \u0442\u043a\u0430\u043d\u044c\u044e \u0438 \u043e\u0442\u0434\u0435\u043b\u0430\u043d\u043d\u043e\u0439 \u0434\u0435\u043a\u043e\u0440\u0430\u0442\u0438\u0432\u043d\u044b\u043c \u0448\u043d\u0443\u0440\u043a\u043e\u043c. \u0422\u0430\u043a\u043e\u0435 \u0440\u0435\u0448\u0435\u043d\u0438\u0435 \u043f\u043e\u043c\u043e\u0433\u0430\u0435\u0442 \u043e\u0433\u0440\u0430\u043d\u0438\u0447\u0438\u0442\u044c \u0434\u043e\u0441\u0442\u0443\u043f \u0432\u043e\u0437\u0434\u0443\u0445\u0430 \u0438 \u0432\u043b\u0430\u0433\u0438, \u0447\u0442\u043e \u043f\u043e\u0437\u0432\u043e\u043b\u044f\u0435\u0442 \u0434\u043e\u043b\u044c\u0448\u0435 \u0441\u043e\u0445\u0440\u0430\u043d\u044f\u0442\u044c \u0441\u0432\u0435\u0436\u0435\u0441\u0442\u044c \u0438 \u0430\u0440\u043e\u043c\u0430\u0442 \u0447\u0430\u044f.<\/p>\n<p>\u0411\u0430\u043d\u043a\u0430 \u0432\u043c\u0435\u0449\u0430\u0435\u0442 \u043e\u043a\u043e\u043b\u043e 40 g \u0447\u0430\u044f (\u0432 \u0437\u0430\u0432\u0438\u0441\u0438\u043c\u043e\u0441\u0442\u0438 \u043e\u0442 \u0432\u0438\u0434\u0430 \u0438 \u043e\u0431\u044a\u0451\u043c\u0430 \u043b\u0438\u0441\u0442\u0430). \u041e\u0442\u043b\u0438\u0447\u043d\u043e \u043f\u043e\u0434\u043e\u0439\u0434\u0451\u0442 \u0434\u043b\u044f \u0445\u0440\u0430\u043d\u0435\u043d\u0438\u044f:<\/p>\n<ul>\n<li>\u0437\u0435\u043b\u0451\u043d\u044b\u0445 \u0447\u0430\u0451\u0432<\/li>\n<li>\u0443\u043b\u0443\u043d\u043e\u0432<\/li>\n<li>\u0447\u0451\u0440\u043d\u044b\u0445 \u0447\u0430\u0451\u0432<\/li>\n<li>\u0440\u0430\u0441\u0441\u044b\u043f\u043d\u043e\u0433\u043e \u043f\u0443\u044d\u0440\u0430<\/li>\n<\/ul>\n<h2>\u042d\u043b\u0435\u0433\u0430\u043d\u0442\u043d\u043e\u0435 \u0434\u043e\u043f\u043e\u043b\u043d\u0435\u043d\u0438\u0435 \u043a \u0447\u0430\u0439\u043d\u043e\u043c\u0443 \u043f\u0440\u043e\u0441\u0442\u0440\u0430\u043d\u0441\u0442\u0432\u0443<\/h2>\n<p>\u0411\u0430\u043d\u043a\u0430 \u00ab\u0428\u0438\u00bb \u2014 \u044d\u0442\u043e \u043d\u0435 \u0442\u043e\u043b\u044c\u043a\u043e \u043f\u0440\u0430\u043a\u0442\u0438\u0447\u043d\u0430\u044f \u0451\u043c\u043a\u043e\u0441\u0442\u044c, \u043d\u043e \u0438 \u044d\u0441\u0442\u0435\u0442\u0438\u0447\u043d\u044b\u0439 \u044d\u043b\u0435\u043c\u0435\u043d\u0442 \u0434\u0435\u043a\u043e\u0440\u0430. \u041e\u043d\u0430 \u043e\u0442\u043b\u0438\u0447\u043d\u043e \u0441\u043e\u0447\u0435\u0442\u0430\u0435\u0442\u0441\u044f \u043a\u0430\u043a \u0441 \u0442\u0440\u0430\u0434\u0438\u0446\u0438\u043e\u043d\u043d\u043e\u0439 \u0447\u0430\u0439\u043d\u043e\u0439 \u0446\u0435\u0440\u0435\u043c\u043e\u043d\u0438\u0435\u0439, \u0442\u0430\u043a \u0438 \u0441 \u0441\u043e\u0432\u0440\u0435\u043c\u0435\u043d\u043d\u043e\u0439 \u043a\u0443\u0445\u043d\u0435\u0439. \u0422\u0430\u043a\u0436\u0435 \u043c\u043e\u0436\u0435\u0442 \u0441\u0442\u0430\u0442\u044c \u0441\u0442\u0438\u043b\u044c\u043d\u044b\u043c \u0434\u043e\u043f\u043e\u043b\u043d\u0435\u043d\u0438\u0435\u043c \u043a \u043f\u043e\u0434\u0430\u0440\u043e\u0447\u043d\u043e\u043c\u0443 \u043d\u0430\u0431\u043e\u0440\u0443.<\/p>","protected":false},"excerpt":{"rendered":"<p>\u0411\u0430\u043d\u043a\u0430 \u0434\u043b\u044f \u0447\u0430\u044f \u00ab\u0428\u0438\u00bb \u043e\u0431\u044a\u0451\u043c\u043e\u043c \u043e\u043a\u043e\u043b\u043e 40 g (\u00d8 71 mm, \u0432\u044b\u0441\u043e\u0442\u0430 96 mm) \u2014 \u044d\u0442\u043e \u044d\u043b\u0435\u0433\u0430\u043d\u0442\u043d\u0430\u044f \u043a\u0435\u0440\u0430\u043c\u0438\u0447\u0435\u0441\u043a\u0430\u044f \u0451\u043c\u043a\u043e\u0441\u0442\u044c \u0441 \u0437\u043e\u043b\u043e\u0442\u044b\u043c \u043f\u0440\u0438\u043d\u0442\u043e\u043c \u0438 \u043a\u0440\u044b\u0448\u043a\u043e\u0439 \u0438\u0437 \u043f\u0440\u043e\u0431\u043a\u0438, \u043e\u0431\u0448\u0438\u0442\u043e\u0439 \u0442\u043a\u0430\u043d\u044c\u044e. \u041e\u043d\u0430 \u0437\u0430\u0449\u0438\u0449\u0430\u0435\u0442 \u0447\u0430\u0439 \u043e\u0442 \u0432\u043b\u0430\u0433\u0438 \u0438 \u0441\u0432\u0435\u0442\u0430, \u043f\u043e\u043c\u043e\u0433\u0430\u044f \u0441\u043e\u0445\u0440\u0430\u043d\u0438\u0442\u044c \u0435\u0433\u043e \u0441\u0432\u0435\u0436\u0435\u0441\u0442\u044c \u0438 \u0430\u0440\u043e\u043c\u0430\u0442. \u0421\u0442\u0438\u043b\u044c\u043d\u044b\u0439 \u0438 \u043f\u0440\u0430\u043a\u0442\u0438\u0447\u043d\u044b\u0439 \u0430\u043a\u0441\u0435\u0441\u0441\u0443\u0430\u0440 \u0434\u043b\u044f \u0445\u0440\u0430\u043d\u0435\u043d\u0438\u044f \u043b\u0438\u0441\u0442\u043e\u0432\u043e\u0433\u043e \u0447\u0430\u044f.<\/p>","protected":false},"featured_media":18061,"comment_status":"open","ping_status":"closed","template":"","meta":[],"product_cat":[129,140,130],"product_tag":[],"class_list":{"0":"post-18060","1":"product","2":"type-product","3":"status-publish","4":"has-post-thumbnail","6":"product_cat-akcesoria","7":"product_cat-akcesoria-do-parzenia","8":"product_cat-naczynia","10":"first","11":"outofstock","12":"shipping-taxable","13":"purchasable","14":"product-type-simple"},"aioseo_notices":[],"_links":{"self":[{"href":"https:\/\/teaeye.pl\/ru\/wp-json\/wp\/v2\/product\/18060","targetHints":{"allow":["GET"]}}],"collection":[{"href":"https:\/\/teaeye.pl\/ru\/wp-json\/wp\/v2\/product"}],"about":[{"href":"https:\/\/teaeye.pl\/ru\/wp-json\/wp\/v2\/types\/product"}],"replies":[{"embeddable":true,"href":"https:\/\/teaeye.pl\/ru\/wp-json\/wp\/v2\/comments?post=18060"}],"version-history":[{"count":1,"href":"https:\/\/teaeye.pl\/ru\/wp-json\/wp\/v2\/product\/18060\/revisions"}],"predecessor-version":[{"id":18062,"href":"https:\/\/teaeye.pl\/ru\/wp-json\/wp\/v2\/product\/18060\/revisions\/18062"}],"wp:featuredmedia":[{"embeddable":true,"href":"https:\/\/teaeye.pl\/ru\/wp-json\/wp\/v2\/media\/18061"}],"wp:attachment":[{"href":"https:\/\/teaeye.pl\/ru\/wp-json\/wp\/v2\/media?parent=18060"}],"wp:term":[{"taxonomy":"product_cat","embeddable":true,"href":"https:\/\/teaeye.pl\/ru\/wp-json\/wp\/v2\/product_cat?post=18060"},{"taxonomy":"product_tag","embeddable":true,"href":"https:\/\/teaeye.pl\/ru\/wp-json\/wp\/v2\/product_tag?post=18060"}],"curies":[{"name":"wp","href":"https:\/\/api.w.org\/{rel}","templated":true}]}}