{"id":18239,"date":"2026-03-19T23:15:13","date_gmt":"2026-03-19T23:15:13","guid":{"rendered":"https:\/\/teaeye.pl\/?post_type=product&#038;p=18239"},"modified":"2026-04-22T17:05:46","modified_gmt":"2026-04-22T17:05:46","slug":"qing-xing-hong-cha-organic","status":"publish","type":"product","link":"https:\/\/teaeye.pl\/ru\/product\/qing-xing-hong-cha-organic\/","title":{"rendered":"\u0426\u0438\u043d \u0421\u0438\u043d \u0425\u0443\u043d \u0427\u0430 (Organic)"},"content":{"rendered":"<h1>\u0426\u0438\u043d \u0421\u0438\u043d \u0425\u0443\u043d \u0427\u0430 (Organic) \u2013 \u043e\u0440\u0433\u0430\u043d\u0438\u0447\u0435\u0441\u043a\u0438\u0439 \u043a\u0440\u0430\u0441\u043d\u044b\u0439 \u0447\u0430\u0439 \u0441\u043e \u0441\u043b\u043e\u0436\u043d\u044b\u043c \u0445\u0430\u0440\u0430\u043a\u0442\u0435\u0440\u043e\u043c<\/h1>\n<p class=\"translation-block\">\u0426\u0438\u043d \u0421\u0438\u043d \u0425\u0443\u043d \u0427\u0430 \u2014 \u044d\u0442\u043e \u0432\u044b\u0441\u043e\u043a\u043e\u043a\u0430\u0447\u0435\u0441\u0442\u0432\u0435\u043d\u043d\u044b\u0439 <a href=\"https:\/\/teaeye.pl\/ru\/product-category\/czerwona-herbata\/\" target=\"_self\">\u043a\u0440\u0430\u0441\u043d\u044b\u0439 \u0447\u0430\u0439<\/a>, \u043f\u0440\u043e\u0438\u0441\u0445\u043e\u0434\u044f\u0449\u0438\u0439 \u0438\u0437 \u0440\u0435\u0433\u0438\u043e\u043d\u0430 \u0413\u0443\u0439\u0447\u0436\u043e\u0443 \u0432 \u041a\u0438\u0442\u0430\u0435. \u041e\u043d \u0432\u044b\u0434\u0435\u043b\u044f\u0435\u0442\u0441\u044f \u043d\u0435 \u0442\u043e\u043b\u044c\u043a\u043e \u0441\u0432\u043e\u0438\u043c \u0432\u043a\u0443\u0441\u043e\u043c, \u043d\u043e \u0438 \u043f\u0440\u043e\u0438\u0441\u0445\u043e\u0436\u0434\u0435\u043d\u0438\u0435\u043c \u2014 \u044d\u0442\u043e \u0447\u0430\u0439, <strong>\u0441\u0435\u0440\u0442\u0438\u0444\u0438\u0446\u0438\u0440\u043e\u0432\u0430\u043d\u043d\u044b\u0439 \u043a\u0430\u043a \u043e\u0440\u0433\u0430\u043d\u0438\u0447\u0435\u0441\u043a\u0438\u0439<\/strong>, \u043f\u0440\u043e\u0438\u0437\u0432\u0435\u0434\u0451\u043d\u043d\u044b\u0439 \u0441 \u0437\u0430\u0431\u043e\u0442\u043e\u0439 \u043e\u0431 \u043e\u043a\u0440\u0443\u0436\u0430\u044e\u0449\u0435\u0439 \u0441\u0440\u0435\u0434\u0435 \u0438 \u0435\u0441\u0442\u0435\u0441\u0442\u0432\u0435\u043d\u043d\u043e\u043c \u0431\u0430\u043b\u0430\u043d\u0441\u0435 \u0432\u044b\u0440\u0430\u0449\u0438\u0432\u0430\u043d\u0438\u044f.<\/p>\n<p>\u041f\u0440\u043e\u0438\u0437\u0432\u043e\u0434\u0438\u0442\u0441\u044f \u0438\u0437 \u043a\u0443\u043b\u044c\u0442\u0438\u0432\u0430\u0440\u0430 \u0416\u0443\u0430\u043d\u044c \u0427\u0436\u0438, \u043a\u043e\u0442\u043e\u0440\u044b\u0439 \u0447\u0430\u0449\u0435 \u0430\u0441\u0441\u043e\u0446\u0438\u0438\u0440\u0443\u0435\u0442\u0441\u044f \u0441 \u0443\u043b\u0443\u043d\u0430\u043c\u0438. \u0411\u043b\u0430\u0433\u043e\u0434\u0430\u0440\u044f \u044d\u0442\u043e\u043c\u0443 \u0426\u0438\u043d \u0421\u0438\u043d \u0425\u0443\u043d \u0427\u0430 \u0441\u043e\u0447\u0435\u0442\u0430\u0435\u0442 \u0432 \u0441\u0435\u0431\u0435 \u0447\u0435\u0440\u0442\u044b \u0434\u0432\u0443\u0445 \u043c\u0438\u0440\u043e\u0432 \u2014 \u0433\u043b\u0443\u0431\u0438\u043d\u0443 \u043a\u0440\u0430\u0441\u043d\u043e\u0433\u043e \u0447\u0430\u044f \u0438 \u044d\u043b\u0435\u0433\u0430\u043d\u0442\u043d\u043e\u0441\u0442\u044c \u0438 \u043b\u0451\u0433\u043a\u043e\u0441\u0442\u044c \u0443\u043b\u0443\u043d\u043e\u0432.<\/p>\n<p><a href=\"https:\/\/teaeye.pl\/wp-content\/uploads\/2026\/03\/Qing-Xing-Hong-Cha-2.jpg\"><img fetchpriority=\"high\" decoding=\"async\" class=\"alignnone  wp-image-18241\" src=\"https:\/\/teaeye.pl\/wp-content\/uploads\/2026\/03\/Qing-Xing-Hong-Cha-2-300x219.jpg\" alt=\"\u0426\u0438\u043d \u0421\u0438\u043d\" width=\"551\" height=\"402\" srcset=\"https:\/\/teaeye.pl\/wp-content\/uploads\/2026\/03\/Qing-Xing-Hong-Cha-2-300x219.jpg 300w, https:\/\/teaeye.pl\/wp-content\/uploads\/2026\/03\/Qing-Xing-Hong-Cha-2-1024x748.jpg 1024w, https:\/\/teaeye.pl\/wp-content\/uploads\/2026\/03\/Qing-Xing-Hong-Cha-2-768x561.jpg 768w, https:\/\/teaeye.pl\/wp-content\/uploads\/2026\/03\/Qing-Xing-Hong-Cha-2-1536x1122.jpg 1536w, https:\/\/teaeye.pl\/wp-content\/uploads\/2026\/03\/Qing-Xing-Hong-Cha-2-2048x1496.jpg 2048w, https:\/\/teaeye.pl\/wp-content\/uploads\/2026\/03\/Qing-Xing-Hong-Cha-2-16x12.jpg 16w, https:\/\/teaeye.pl\/wp-content\/uploads\/2026\/03\/Qing-Xing-Hong-Cha-2-600x438.jpg 600w, https:\/\/teaeye.pl\/wp-content\/uploads\/2026\/03\/Qing-Xing-Hong-Cha-2-850x621.jpg 850w\" sizes=\"(max-width: 551px) 100vw, 551px\" \/><\/a><\/p>\n<h2>\u0426\u0438\u043d \u0421\u0438\u043d \u0425\u0443\u043d \u0427\u0430 \u2013 \u043f\u0440\u043e\u0438\u0441\u0445\u043e\u0436\u0434\u0435\u043d\u0438\u0435 \u0438 \u0443\u043d\u0438\u043a\u0430\u043b\u044c\u043d\u044b\u0439 \u043a\u0443\u043b\u044c\u0442\u0438\u0432\u0430\u0440<\/h2>\n<p>\u0427\u0430\u0439 \u043f\u0440\u043e\u0438\u0441\u0445\u043e\u0434\u0438\u0442 \u0438\u0437 \u043f\u0440\u043e\u0432\u0438\u043d\u0446\u0438\u0438 \u0413\u0443\u0439\u0447\u0436\u043e\u0443 \u2014 \u043c\u0435\u043d\u0435\u0435 \u0438\u0437\u0432\u0435\u0441\u0442\u043d\u043e\u0433\u043e, \u043d\u043e \u0434\u0438\u043d\u0430\u043c\u0438\u0447\u043d\u043e \u0440\u0430\u0437\u0432\u0438\u0432\u0430\u044e\u0449\u0435\u0433\u043e\u0441\u044f \u0447\u0430\u0439\u043d\u043e\u0433\u043e \u0440\u0435\u0433\u0438\u043e\u043d\u0430 \u0432 \u041a\u0438\u0442\u0430\u0435. \u041f\u043b\u0430\u043d\u0442\u0430\u0446\u0438\u0438 \u0440\u0430\u0441\u043f\u043e\u043b\u043e\u0436\u0435\u043d\u044b \u043d\u0430 \u0432\u044b\u0441\u043e\u0442\u0435 500\u20131000 \u043c \u043d\u0430\u0434 \u0443\u0440\u043e\u0432\u043d\u0435\u043c \u043c\u043e\u0440\u044f, \u0433\u0434\u0435 \u043a\u043b\u0438\u043c\u0430\u0442 \u0441\u043f\u043e\u0441\u043e\u0431\u0441\u0442\u0432\u0443\u0435\u0442 \u043c\u0435\u0434\u043b\u0435\u043d\u043d\u043e\u043c\u0443 \u0440\u043e\u0441\u0442\u0443 \u043b\u0438\u0441\u0442\u044c\u0435\u0432 \u0438 \u0444\u043e\u0440\u043c\u0438\u0440\u043e\u0432\u0430\u043d\u0438\u044e \u0441\u043b\u043e\u0436\u043d\u043e\u0433\u043e \u0432\u043a\u0443\u0441\u043e\u0432\u043e\u0433\u043e \u043f\u0440\u043e\u0444\u0438\u043b\u044f.<\/p>\n<p class=\"translation-block\">\u041a\u0443\u043b\u044c\u0442\u0438\u0432\u0430\u0440 <strong>\u0416\u0443\u0430\u043d\u044c \u0427\u0436\u0438<\/strong>, \u0438\u0441\u043f\u043e\u043b\u044c\u0437\u043e\u0432\u0430\u043d\u043d\u044b\u0439 \u0434\u043b\u044f \u043f\u0440\u043e\u0438\u0437\u0432\u043e\u0434\u0441\u0442\u0432\u0430 \u044d\u0442\u043e\u0433\u043e \u0447\u0430\u044f, \u0438\u0437\u0432\u0435\u0441\u0442\u0435\u043d \u0441\u0432\u043e\u0435\u0439 \u0434\u0435\u043b\u0438\u043a\u0430\u0442\u043d\u043e\u0441\u0442\u044c\u044e \u0438 \u0430\u0440\u043e\u043c\u0430\u0442\u0438\u0447\u043d\u043e\u0441\u0442\u044c\u044e. \u0412 \u0434\u0430\u043d\u043d\u043e\u043c \u0441\u043b\u0443\u0447\u0430\u0435 \u043f\u0440\u0438\u043c\u0435\u043d\u0435\u043d\u044b \u0442\u0435\u0445\u043d\u0438\u043a\u0438, \u0432\u0434\u043e\u0445\u043d\u043e\u0432\u043b\u0451\u043d\u043d\u044b\u0435 \u043a\u0430\u043a \u043f\u0440\u043e\u0438\u0437\u0432\u043e\u0434\u0441\u0442\u0432\u043e\u043c \u043a\u0440\u0430\u0441\u043d\u044b\u0445 \u0447\u0430\u0451\u0432, \u0442\u0430\u043a \u0438 <a href=\"https:\/\/en.wikipedia.org\/wiki\/Oolong\" target=\"_blank\" rel=\"noopener noreferrer\">\u0443\u043b\u0443\u043d\u043e\u0432<\/a>, \u0447\u0442\u043e \u0434\u0430\u0451\u0442 \u043e\u0447\u0435\u043d\u044c \u0438\u043d\u0442\u0435\u0440\u0435\u0441\u043d\u044b\u0439 \u043a\u043e\u043d\u0435\u0447\u043d\u044b\u0439 \u0440\u0435\u0437\u0443\u043b\u044c\u0442\u0430\u0442.<\/p>\n<p class=\"translation-block\">\u0415\u0441\u043b\u0438 \u0442\u0435\u0431\u044f \u0438\u043d\u0442\u0435\u0440\u0435\u0441\u0443\u044e\u0442 \u043f\u043e\u0445\u043e\u0436\u0438\u0435 \u043f\u0440\u043e\u0444\u0438\u043b\u0438, \u043f\u043e\u0441\u043c\u043e\u0442\u0440\u0438 \u0442\u0430\u043a\u0436\u0435 <a href=\"https:\/\/teaeye.pl\/ru\/product-category\/oolong\/jasny\/\" target=\"_self\">\u0441\u0432\u0435\u0442\u043b\u044b\u0435 \u0443\u043b\u0443\u043d\u044b<\/a> \u0438 \u0434\u0440\u0443\u0433\u0438\u0435 <a href=\"https:\/\/teaeye.pl\/ru\/product-category\/czerwona-herbata\/\" target=\"_self\">\u043a\u0440\u0430\u0441\u043d\u044b\u0435 \u0447\u0430\u0438<\/a>, \u0434\u043e\u0441\u0442\u0443\u043f\u043d\u044b\u0435 \u0432 Tea Eye.<\/p>\n<p><a href=\"https:\/\/teaeye.pl\/wp-content\/uploads\/2026\/03\/Qing-Xing-Hong-Cha-1.jpg\"><img decoding=\"async\" class=\"alignnone  wp-image-18240\" src=\"https:\/\/teaeye.pl\/wp-content\/uploads\/2026\/03\/Qing-Xing-Hong-Cha-1-300x219.jpg\" alt=\"\u0426\u0438\u043d \u0421\u0438\u043d\" width=\"551\" height=\"402\" srcset=\"https:\/\/teaeye.pl\/wp-content\/uploads\/2026\/03\/Qing-Xing-Hong-Cha-1-300x219.jpg 300w, https:\/\/teaeye.pl\/wp-content\/uploads\/2026\/03\/Qing-Xing-Hong-Cha-1-1024x748.jpg 1024w, https:\/\/teaeye.pl\/wp-content\/uploads\/2026\/03\/Qing-Xing-Hong-Cha-1-768x561.jpg 768w, https:\/\/teaeye.pl\/wp-content\/uploads\/2026\/03\/Qing-Xing-Hong-Cha-1-1536x1122.jpg 1536w, https:\/\/teaeye.pl\/wp-content\/uploads\/2026\/03\/Qing-Xing-Hong-Cha-1-16x12.jpg 16w, https:\/\/teaeye.pl\/wp-content\/uploads\/2026\/03\/Qing-Xing-Hong-Cha-1-600x438.jpg 600w, https:\/\/teaeye.pl\/wp-content\/uploads\/2026\/03\/Qing-Xing-Hong-Cha-1-850x621.jpg 850w, https:\/\/teaeye.pl\/wp-content\/uploads\/2026\/03\/Qing-Xing-Hong-Cha-1.jpg 1759w\" sizes=\"(max-width: 551px) 100vw, 551px\" \/><\/a><\/p>\n<h2>\u0412\u043a\u0443\u0441, \u0430\u0440\u043e\u043c\u0430\u0442 \u0438 \u0432\u043e\u0437\u0434\u0435\u0439\u0441\u0442\u0432\u0438\u0435<\/h2>\n<p class=\"translation-block\"><strong>\u0410\u0440\u043e\u043c\u0430\u0442<\/strong> \u0441\u043b\u043e\u0436\u043d\u044b\u0439 \u0438 \u044d\u043b\u0435\u0433\u0430\u043d\u0442\u043d\u044b\u0439 \u2014 \u0441\u043e\u0447\u0435\u0442\u0430\u0435\u0442 \u043c\u0438\u043d\u0435\u0440\u0430\u043b\u044c\u043d\u044b\u0435 \u043d\u043e\u0442\u044b, \u043b\u0451\u0433\u043a\u0443\u044e \u0441\u043b\u0430\u0434\u043e\u0441\u0442\u044c \u0438 \u0442\u043e\u043d\u043a\u0438\u0435 \u0444\u0440\u0443\u043a\u0442\u043e\u0432\u044b\u0435 \u043e\u0442\u0442\u0435\u043d\u043a\u0438.<\/p>\n<p><strong>\u0412\u043a\u0443\u0441\u043e\u0432\u043e\u0439 \u043f\u0440\u043e\u0444\u0438\u043b\u044c:<\/strong><br \/>\n\ud83c\udf6f \u0434\u0435\u043b\u0438\u043a\u0430\u0442\u043d\u0430\u044f \u0441\u043b\u0430\u0434\u043e\u0441\u0442\u044c<br \/>\n\ud83c\udf51 \u0444\u0440\u0443\u043a\u0442\u043e\u0432\u044b\u0435 \u043d\u043e\u0442\u044b<br \/>\n\ud83e\udea8 \u043c\u0438\u043d\u0435\u0440\u0430\u043b\u044c\u043d\u043e\u0441\u0442\u044c \u0438 \u0433\u043b\u0443\u0431\u0438\u043d\u0430<br \/>\n\ud83c\udf3f \u0447\u0438\u0441\u0442\u043e\u0435, \u0434\u043e\u043b\u0433\u043e\u0435 \u043f\u043e\u0441\u043b\u0435\u0432\u043a\u0443\u0441\u0438\u0435<\/p>\n<p>\u041d\u0430\u0441\u0442\u043e\u0439 \u0438\u043c\u0435\u0435\u0442 \u043d\u0430\u0441\u044b\u0449\u0435\u043d\u043d\u044b\u0439 \u043a\u0440\u0430\u0441\u043d\u043e-\u043e\u0440\u0430\u043d\u0436\u0435\u0432\u044b\u0439 \u0446\u0432\u0435\u0442 \u0438 \u043e\u0447\u0435\u043d\u044c \u043f\u0440\u043e\u0437\u0440\u0430\u0447\u043d\u0443\u044e \u0441\u0442\u0440\u0443\u043a\u0442\u0443\u0440\u0443. \u0412\u043a\u0443\u0441 \u043f\u043e\u043b\u043d\u044b\u0439, \u043d\u043e \u043d\u0435 \u0442\u044f\u0436\u0451\u043b\u044b\u0439 \u2014 \u0440\u0430\u0441\u043a\u0440\u044b\u0432\u0430\u0435\u0442\u0441\u044f \u043f\u043e\u0441\u0442\u0435\u043f\u0435\u043d\u043d\u043e, \u043e\u0441\u0442\u0430\u0432\u043b\u044f\u044f \u0434\u043e\u043b\u0433\u043e\u0435, \u043f\u0440\u0438\u044f\u0442\u043d\u043e\u0435 \u043f\u043e\u0441\u043b\u0435\u0432\u043a\u0443\u0441\u0438\u0435.<\/p>\n<p class=\"translation-block\"><strong>\u0414\u0435\u0439\u0441\u0442\u0432\u0438\u0435<\/strong> \u044d\u0442\u043e\u0433\u043e \u0447\u0430\u044f \u043c\u044f\u0433\u043a\u043e \u0431\u043e\u0434\u0440\u044f\u0449\u0435\u0435 \u0438 \u0441\u0442\u0430\u0431\u0438\u043b\u0438\u0437\u0438\u0440\u0443\u044e\u0449\u0435\u0435. \u041f\u043e\u043c\u043e\u0433\u0430\u0435\u0442 \u0441\u043e\u0441\u0440\u0435\u0434\u043e\u0442\u043e\u0447\u0438\u0442\u044c\u0441\u044f, \u043f\u0440\u0438 \u044d\u0442\u043e\u043c \u043d\u0435 \u0432\u044b\u0437\u044b\u0432\u0430\u044f \u0447\u0440\u0435\u0437\u043c\u0435\u0440\u043d\u043e\u0433\u043e \u0432\u043e\u0437\u0431\u0443\u0436\u0434\u0435\u043d\u0438\u044f.<\/p>\n<p class=\"translation-block\">\u041b\u0443\u0447\u0448\u0435 \u0432\u0441\u0435\u0433\u043e \u0437\u0430\u0432\u0430\u0440\u0438\u0432\u0430\u0442\u044c \u0435\u0451 \u043c\u0435\u0442\u043e\u0434\u043e\u043c <a href=\"https:\/\/en.wikipedia.org\/wiki\/Gongfu_tea\" target=\"_blank\" rel=\"noopener noreferrer\">gongfu cha<\/a> \u0438\u043b\u0438 \u043a\u043b\u0430\u0441\u0441\u0438\u0447\u0435\u0441\u043a\u0438 \u2014 3\u20135 \u0433 \u043d\u0430 150\u2013200 \u043c\u043b \u0432\u043e\u0434\u044b \u0442\u0435\u043c\u043f\u0435\u0440\u0430\u0442\u0443\u0440\u043e\u0439 90\u201395\u00b0C.<\/p>\n<p class=\"translation-block\">\u0426\u0438\u043d \u0421\u0438\u043d \u0425\u0443\u043d \u0427\u0430 (Organic) \u2014 \u044d\u0442\u043e \u043e\u0442\u043b\u0438\u0447\u043d\u044b\u0439 \u0432\u044b\u0431\u043e\u0440 \u0434\u043b\u044f \u0442\u0435\u0445, \u043a\u0442\u043e \u0445\u043e\u0447\u0435\u0442 <strong>\u043a\u0443\u043f\u0438\u0442\u044c \u043a\u0438\u0442\u0430\u0439\u0441\u043a\u0438\u0439 \u0447\u0430\u0439 \u0432 \u041f\u043e\u043b\u044c\u0448\u0435<\/strong> \u0438 \u043e\u0442\u043a\u0440\u044b\u0442\u044c \u0431\u043e\u043b\u0435\u0435 \u0441\u043e\u0432\u0440\u0435\u043c\u0435\u043d\u043d\u043e\u0435, \u0443\u0442\u043e\u043d\u0447\u0451\u043d\u043d\u043e\u0435 \u043b\u0438\u0446\u043e \u043a\u0440\u0430\u0441\u043d\u043e\u0433\u043e \u0447\u0430\u044f.<\/p>","protected":false},"excerpt":{"rendered":"<p data-start=\"781\" data-end=\"1060\">\u0426\u0438\u043d \u0421\u0438\u043d \u0425\u0443\u043d \u0427\u0430 (Organic) \u2014 \u044d\u0442\u043e \u044d\u043a\u0441\u043a\u043b\u044e\u0437\u0438\u0432\u043d\u044b\u0439 \u043e\u0440\u0433\u0430\u043d\u0438\u0447\u0435\u0441\u043a\u0438\u0439 \u0447\u0430\u0439 \u0438\u0437 \u0413\u0443\u0439\u0447\u0436\u043e\u0443, \u0432\u043e\u0437\u043d\u0438\u043a\u0448\u0438\u0439 \u043d\u0430 \u0441\u0442\u044b\u043a\u0435 \u0434\u0432\u0443\u0445 \u043c\u0438\u0440\u043e\u0432 \u2014 \u043a\u0440\u0430\u0441\u043d\u044b\u0445 \u0447\u0430\u0451\u0432 \u0438 \u0443\u043b\u0443\u043d\u043e\u0432. \u0418\u0441\u043f\u043e\u043b\u044c\u0437\u043e\u0432\u0430\u043d\u0438\u0435 \u043a\u0443\u043b\u044c\u0442\u0438\u0432\u0430\u0440\u0430 \u0416\u0443\u0430\u043d\u044c \u0427\u0436\u0438 \u043f\u0440\u0438\u0434\u0430\u0451\u0442 \u0435\u043c\u0443 \u0438\u0441\u043a\u043b\u044e\u0447\u0438\u0442\u0435\u043b\u044c\u043d\u043e \u044d\u043b\u0435\u0433\u0430\u043d\u0442\u043d\u044b\u0439, \u043c\u043d\u043e\u0433\u043e\u0441\u043b\u043e\u0439\u043d\u044b\u0439 \u0445\u0430\u0440\u0430\u043a\u0442\u0435\u0440, \u043a\u043e\u0442\u043e\u0440\u044b\u0439 \u0442\u0440\u0443\u0434\u043d\u043e \u043e\u0434\u043d\u043e\u0437\u043d\u0430\u0447\u043d\u043e \u043a\u043b\u0430\u0441\u0441\u0438\u0444\u0438\u0446\u0438\u0440\u043e\u0432\u0430\u0442\u044c.<\/p>\n<p data-start=\"1062\" data-end=\"1293\">To herbata o wyrafinowanym, mineralno-owocowym profilu, z subteln\u0105 s\u0142odycz\u0105 i d\u0142ugim finiszem. Ka\u017cde parzenie ods\u0142ania nowe niuanse, czyni\u0105c j\u0105 idealnym wyborem dla koneser\u00f3w, kt\u00f3rzy oczekuj\u0105 czego\u015b wi\u0119cej ni\u017c standardowej herbaty.<\/p>","protected":false},"featured_media":18240,"comment_status":"open","ping_status":"closed","template":"","meta":[],"product_cat":[112,120,149,172,108],"product_tag":[],"class_list":{"0":"post-18239","1":"product","2":"type-product","3":"status-publish","4":"has-post-thumbnail","6":"product_cat-ciemny","7":"product_cat-czerwona-herbata","8":"product_cat-herbata","9":"product_cat-oolong-ciemny-oolong","10":"product_cat-oolong","12":"first","13":"instock","14":"shipping-taxable","15":"purchasable","16":"product-type-variable"},"aioseo_notices":[],"_links":{"self":[{"href":"https:\/\/teaeye.pl\/ru\/wp-json\/wp\/v2\/product\/18239","targetHints":{"allow":["GET"]}}],"collection":[{"href":"https:\/\/teaeye.pl\/ru\/wp-json\/wp\/v2\/product"}],"about":[{"href":"https:\/\/teaeye.pl\/ru\/wp-json\/wp\/v2\/types\/product"}],"replies":[{"embeddable":true,"href":"https:\/\/teaeye.pl\/ru\/wp-json\/wp\/v2\/comments?post=18239"}],"version-history":[{"count":1,"href":"https:\/\/teaeye.pl\/ru\/wp-json\/wp\/v2\/product\/18239\/revisions"}],"predecessor-version":[{"id":18245,"href":"https:\/\/teaeye.pl\/ru\/wp-json\/wp\/v2\/product\/18239\/revisions\/18245"}],"wp:featuredmedia":[{"embeddable":true,"href":"https:\/\/teaeye.pl\/ru\/wp-json\/wp\/v2\/media\/18240"}],"wp:attachment":[{"href":"https:\/\/teaeye.pl\/ru\/wp-json\/wp\/v2\/media?parent=18239"}],"wp:term":[{"taxonomy":"product_cat","embeddable":true,"href":"https:\/\/teaeye.pl\/ru\/wp-json\/wp\/v2\/product_cat?post=18239"},{"taxonomy":"product_tag","embeddable":true,"href":"https:\/\/teaeye.pl\/ru\/wp-json\/wp\/v2\/product_tag?post=18239"}],"curies":[{"name":"wp","href":"https:\/\/api.w.org\/{rel}","templated":true}]}}