{"id":18843,"date":"2026-04-26T11:55:52","date_gmt":"2026-04-26T11:55:52","guid":{"rendered":"https:\/\/teaeye.pl\/?post_type=product&#038;p=18843"},"modified":"2026-04-26T11:55:52","modified_gmt":"2026-04-26T11:55:52","slug":"sheng-pu-erh-xiaguan-jing-mai-2012-100-g","status":"publish","type":"product","link":"https:\/\/teaeye.pl\/ru\/product\/sheng-pu-erh-xiaguan-jing-mai-2012-100-g\/","title":{"rendered":"Sheng Pu-Erh &#8211; Xiaguan &#8222;Jing Mai&#8221; 2012, 100 g"},"content":{"rendered":"<h1>Sheng Pu-Erh Xiaguan \u201eJing Mai\u201d 2012 \u2013 dojrzewaj\u0105cy puerh tuo cha 100 g<\/h1>\n<p>Sheng Pu-Erh Xiaguan \u201eJing Mai\u201d 2012 to klasyczny, dojrzewaj\u0105cy puerh pochodz\u0105cy z renomowanej fabryki Xiaguan. Surowiec zosta\u0142 zebrany w sierpniu 2012 roku w regionie Jing Mai Shan \u2013 jednym z najbardziej cenionych obszar\u00f3w uprawy herbaty w Yunnanie. Herbata zosta\u0142a przygotowana w tradycyjnym stylu, zachowuj\u0105c charakterystyczny profil smakowy dla puerh\u00f3w Xiaguan.<\/p>\n<p>Sprasowana w niewielk\u0105 form\u0119 tuo cha o wadze 100 g, herbata wyr\u00f3\u017cnia si\u0119 zwart\u0105, tradycyjnie tward\u0105 pras\u0105. Do rozdzielania zaleca si\u0119 u\u017cycie no\u017ca lub szpikulca do puerh. Na prze\u0142amie widoczne s\u0105 du\u017ce, jednorodne li\u015bcie z umiarkowan\u0105 ilo\u015bci\u0105 \u0142ody\u017cek.<\/p>\n<p><a href=\"https:\/\/teaeye.pl\/wp-content\/uploads\/2026\/04\/sjaguan-czinmaj-to-cha-8.jpg\"><img fetchpriority=\"high\" decoding=\"async\" class=\"alignnone  wp-image-18845\" src=\"https:\/\/teaeye.pl\/wp-content\/uploads\/2026\/04\/sjaguan-czinmaj-to-cha-8-300x219.jpg\" alt=\"Sheng Pu-Erh - Xiaguan &quot;Jing Mai&quot; 2012, 100 g\" width=\"551\" height=\"402\" srcset=\"https:\/\/teaeye.pl\/wp-content\/uploads\/2026\/04\/sjaguan-czinmaj-to-cha-8-300x219.jpg 300w, https:\/\/teaeye.pl\/wp-content\/uploads\/2026\/04\/sjaguan-czinmaj-to-cha-8-1024x748.jpg 1024w, https:\/\/teaeye.pl\/wp-content\/uploads\/2026\/04\/sjaguan-czinmaj-to-cha-8-768x561.jpg 768w, https:\/\/teaeye.pl\/wp-content\/uploads\/2026\/04\/sjaguan-czinmaj-to-cha-8-16x12.jpg 16w, https:\/\/teaeye.pl\/wp-content\/uploads\/2026\/04\/sjaguan-czinmaj-to-cha-8-600x438.jpg 600w, https:\/\/teaeye.pl\/wp-content\/uploads\/2026\/04\/sjaguan-czinmaj-to-cha-8-850x621.jpg 850w, https:\/\/teaeye.pl\/wp-content\/uploads\/2026\/04\/sjaguan-czinmaj-to-cha-8.jpg 1170w\" sizes=\"(max-width: 551px) 100vw, 551px\" \/><\/a><\/p>\n<h2>Smak i aromat Sheng Pu-Erh Xiaguan Jing Mai<\/h2>\n<p>Aromat suchego li\u015bcia jest spokojny i elegancki, z nutami drewna, przypraw oraz lekk\u0105, charakterystyczn\u0105 dymno\u015bci\u0105. W tle pojawiaj\u0105 si\u0119 akcenty jagodowe oraz delikatne nuty sk\u00f3ry.<\/p>\n<p>Napar jest czysty, zbalansowany i lekko pikantny. W smaku dominuj\u0105 nuty drzewne i zio\u0142owe, uzupe\u0142nione o subteln\u0105 s\u0142odycz, akcenty suszonych owoc\u00f3w oraz lekk\u0105 dymno\u015b\u0107 typow\u0105 dla stylu Xiaguan. Ca\u0142o\u015b\u0107 jest g\u0142adka, soczysta i dobrze u\u0142o\u017cona.<\/p>\n<p>Posmak pozostaje d\u0142ugi, ciep\u0142y i przyjemnie s\u0142odki. Herbata daje harmonijne, spokojne odczucie i dobrze sprawdza si\u0119 w codziennym piciu.<\/p>\n<p>Dzia\u0142anie tej herbaty jest zr\u00f3wnowa\u017cone i klarowne. Delikatnie od\u015bwie\u017ca percepcj\u0119, pomaga si\u0119 skupi\u0107 i wprowadza w stan spokojnej koncentracji. Nadaje si\u0119 zar\u00f3wno na poranek, jak i na popo\u0142udniowe chwile odpoczynku.<\/p>\n<h2>\u041a\u0430\u043a \u0437\u0430\u0432\u0430\u0440\u0438\u0432\u0430\u0442\u044c \u0438 \u0445\u0440\u0430\u043d\u0438\u0442\u044c<\/h2>\n<ul>\n<li>\u0417\u0430\u0432\u0430\u0440\u0438\u0432\u0430\u043d\u0438\u0435 \u043d\u0430\u0441\u0442\u0430\u0438\u0432\u0430\u043d\u0438\u0435\u043c: 5 \u0433 \u043d\u0430 500 \u043c\u043b, 2\u20133 \u043c\u0438\u043d, 90\u201395 \u00b0C.<\/li>\n<li>Gongfu cha: 5\u20137 g na 100\u2013150 ml, 10\u201315 sek, 6\u20138 zala\u0144.<\/li>\n<\/ul>\n<p>Ze wzgl\u0119du na tward\u0105 pras\u0119 warto delikatnie rozlu\u017ani\u0107 li\u015bcie przed parzeniem. Pierwsze kr\u00f3tkie zalanie mo\u017cna potraktowa\u0107 jako p\u0142ukanie, kt\u00f3re pozwoli herbacie si\u0119 otworzy\u0107.<\/p>\n<p>Przechowywa\u0107 w suchym i przewiewnym miejscu, z dala od wilgoci i intensywnych zapach\u00f3w. Sheng pu-erh z czasem dojrzewa i mo\u017ce dalej rozwija\u0107 sw\u00f3j charakter.<\/p>\n<p>Je\u015bli chcesz kupi\u0107 sheng pu-erh Xiaguan Jing Mai 2012 w Warszawie, sprawd\u017a ofert\u0119 naszego sklepu z chi\u0144sk\u0105 herbat\u0105 w Polsce. Zobacz r\u00f3wnie\u017c kategori\u0119 <a href=\"https:\/\/teaeye.pl\/ru\/product-category\/%d0%bf%d1%83%d1%8d%d1%80\/sheng-puer\/\">\u0448\u0435\u043d \u043f\u0443\u044d\u0440<\/a> \u0438 <a href=\"https:\/\/teaeye.pl\/ru\/product-category\/%d0%bf%d1%83%d1%8d%d1%80\/shu-puer\/\">\u0448\u0443 \u043f\u0443\u044d\u0440\u0430<\/a>. Wi\u0119cej o tej herbacie znajdziesz tutaj: <a href=\"https:\/\/en.wikipedia.org\/wiki\/Pu%27er_tea\">Pu-erh tea<\/a>. U nas mo\u017cesz pu-erh kupi\u0107 online i odkrywa\u0107 r\u00f3\u017cne style tej wyj\u0105tkowej herbaty.<\/p>","protected":false},"excerpt":{"rendered":"<p>Xiaguan \u201eJing Mai\u201d 2012 to dojrzewaj\u0105cy sheng pu-erh w formie klasycznej tuo cha 100 g. Herbata ma zbalansowany, lekko dymny profil z nutami drewna, zi\u00f3\u0142 i suszonych owoc\u00f3w. Smak jest g\u0142adki, soczysty i delikatnie s\u0142odki. Dobrze sprawdza si\u0119 zar\u00f3wno rano, jak i po po\u0142udniu. To spokojny, harmonijny puerh do codziennego picia.<\/p>","protected":false},"featured_media":18846,"comment_status":"open","ping_status":"closed","template":"","meta":[],"product_cat":[149,97,106],"product_tag":[],"class_list":{"0":"post-18843","1":"product","2":"type-product","3":"status-publish","4":"has-post-thumbnail","6":"product_cat-herbata","7":"product_cat-pu-erh","8":"product_cat-sheng-puer","10":"first","11":"instock","12":"shipping-taxable","13":"purchasable","14":"product-type-variable"},"aioseo_notices":[],"_links":{"self":[{"href":"https:\/\/teaeye.pl\/ru\/wp-json\/wp\/v2\/product\/18843","targetHints":{"allow":["GET"]}}],"collection":[{"href":"https:\/\/teaeye.pl\/ru\/wp-json\/wp\/v2\/product"}],"about":[{"href":"https:\/\/teaeye.pl\/ru\/wp-json\/wp\/v2\/types\/product"}],"replies":[{"embeddable":true,"href":"https:\/\/teaeye.pl\/ru\/wp-json\/wp\/v2\/comments?post=18843"}],"version-history":[{"count":1,"href":"https:\/\/teaeye.pl\/ru\/wp-json\/wp\/v2\/product\/18843\/revisions"}],"predecessor-version":[{"id":18850,"href":"https:\/\/teaeye.pl\/ru\/wp-json\/wp\/v2\/product\/18843\/revisions\/18850"}],"wp:featuredmedia":[{"embeddable":true,"href":"https:\/\/teaeye.pl\/ru\/wp-json\/wp\/v2\/media\/18846"}],"wp:attachment":[{"href":"https:\/\/teaeye.pl\/ru\/wp-json\/wp\/v2\/media?parent=18843"}],"wp:term":[{"taxonomy":"product_cat","embeddable":true,"href":"https:\/\/teaeye.pl\/ru\/wp-json\/wp\/v2\/product_cat?post=18843"},{"taxonomy":"product_tag","embeddable":true,"href":"https:\/\/teaeye.pl\/ru\/wp-json\/wp\/v2\/product_tag?post=18843"}],"curies":[{"name":"wp","href":"https:\/\/api.w.org\/{rel}","templated":true}]}}