{"id":8246,"date":"2024-07-08T22:14:09","date_gmt":"2024-07-08T22:14:09","guid":{"rendered":"https:\/\/teaeye.pl\/?post_type=product&#038;p=8246"},"modified":"2026-02-08T12:45:47","modified_gmt":"2026-02-08T12:45:47","slug":"kadzidelka-stamford-cones-patchouli","status":"publish","type":"product","link":"https:\/\/teaeye.pl\/ru\/product\/kadzidelka-stamford-cones-patchouli\/","title":{"rendered":"Kadzide\u0142ka &#8211; Stamford Cones: Patchouli"},"content":{"rendered":"<p>Naturalne kadzide\u0142ka sto\u017ckowe o ziemistym, s\u0142odkawym zapachu paczuli. 15 sztuk w opakowaniu, idealne do relaksu i medytacji.<\/p>\n<p>\u201cStamford Cones\u201d &#8211; naturalne kadzide\u0142ka sto\u017ckowe z ro\u015blinnym sk\u0142adem. Ekologicznie czyste unikalne aromaty, kt\u00f3re nie pozostawi\u0105 nikogo oboj\u0119tnym.<\/p>","protected":false},"excerpt":{"rendered":"<p data-start=\"209\" data-end=\"556\"><strong data-start=\"209\" data-end=\"248\">\u0410\u0440\u043e\u043c\u0430\u0442\u0438\u0447\u0435\u0441\u043a\u0438\u0435 \u041f\u0430\u043b\u043e\u0447\u043a\u0438 Stamford Cones Patchouli<\/strong> to naturalne sto\u017cki zapachowe stworzone z ro\u015blinnych sk\u0142adnik\u00f3w, kt\u00f3re oferuj\u0105 g\u0142\u0119boki, ziemisty aromat paczuli z lekk\u0105 nut\u0105 s\u0142odyczy. Ten charakterystyczny zapach sprzyja skupieniu, wyciszeniu i tworzy atmosfer\u0119 ciep\u0142a oraz przytulno\u015bci \u2014 idealn\u0105 do medytacji, relaksu lub codziennego rytua\u0142u aromaterapii.<\/p>\n<p data-start=\"558\" data-end=\"836\">Ka\u017cde kadzide\u0142ko jest wykonane w oparciu o tradycyjn\u0105 receptur\u0119 i pali si\u0119 oko\u0142o 25 minut, stopniowo uwalniaj\u0105c bogaty zapach, kt\u00f3ry d\u0142ugo utrzymuje si\u0119 w powietrzu. Naturalna formu\u0142a bez syntetycznych dodatk\u00f3w czyni je idealnym wyborem dla mi\u0142o\u015bnik\u00f3w ekologicznego stylu \u017cycia.<\/p>\n<p data-start=\"838\" data-end=\"983\">\u0421\u043c\u043e\u0442\u0440\u0438 \u0442\u0430\u043a\u0436\u0435 \u0434\u0440\u0443\u0433\u0438\u0435 <a class=\"cursor-pointer\" target=\"_new\" rel=\"noopener\" data-start=\"858\" data-end=\"955\">naturalne kadzid\u0142a i akcesoria Stamford<\/a>, dost\u0119pne w naszym sklepie.<\/p>\n<p data-start=\"985\" data-end=\"1106\">Wi\u0119cej o aromacie paczuli i jego zastosowaniach przeczytasz na <a class=\"\" href=\"https:\/\/en.wikipedia.org\/wiki\/Patchouli\" target=\"_new\" rel=\"noopener\" data-start=\"1048\" data-end=\"1105\">Wikipedii (EN)<\/a>.<\/p>","protected":false},"featured_media":8247,"comment_status":"open","ping_status":"closed","template":"","meta":[],"product_cat":[129,177,131,145],"product_tag":[],"class_list":{"0":"post-8246","1":"product","2":"type-product","3":"status-publish","4":"has-post-thumbnail","6":"product_cat-akcesoria","7":"product_cat-kadzidelka","8":"product_cat-kadzidla","9":"product_cat-znizki","11":"first","12":"instock","13":"sale","14":"shipping-taxable","15":"purchasable","16":"product-type-simple"},"aioseo_notices":[],"_links":{"self":[{"href":"https:\/\/teaeye.pl\/ru\/wp-json\/wp\/v2\/product\/8246","targetHints":{"allow":["GET"]}}],"collection":[{"href":"https:\/\/teaeye.pl\/ru\/wp-json\/wp\/v2\/product"}],"about":[{"href":"https:\/\/teaeye.pl\/ru\/wp-json\/wp\/v2\/types\/product"}],"replies":[{"embeddable":true,"href":"https:\/\/teaeye.pl\/ru\/wp-json\/wp\/v2\/comments?post=8246"}],"version-history":[{"count":3,"href":"https:\/\/teaeye.pl\/ru\/wp-json\/wp\/v2\/product\/8246\/revisions"}],"predecessor-version":[{"id":13096,"href":"https:\/\/teaeye.pl\/ru\/wp-json\/wp\/v2\/product\/8246\/revisions\/13096"}],"wp:featuredmedia":[{"embeddable":true,"href":"https:\/\/teaeye.pl\/ru\/wp-json\/wp\/v2\/media\/8247"}],"wp:attachment":[{"href":"https:\/\/teaeye.pl\/ru\/wp-json\/wp\/v2\/media?parent=8246"}],"wp:term":[{"taxonomy":"product_cat","embeddable":true,"href":"https:\/\/teaeye.pl\/ru\/wp-json\/wp\/v2\/product_cat?post=8246"},{"taxonomy":"product_tag","embeddable":true,"href":"https:\/\/teaeye.pl\/ru\/wp-json\/wp\/v2\/product_tag?post=8246"}],"curies":[{"name":"wp","href":"https:\/\/api.w.org\/{rel}","templated":true}]}}