{"id":9449,"date":"2024-09-19T11:20:09","date_gmt":"2024-09-19T11:20:09","guid":{"rendered":"https:\/\/teaeye.pl\/?post_type=product&#038;p=9449"},"modified":"2026-03-09T13:23:28","modified_gmt":"2026-03-09T13:23:28","slug":"chahai-double-360ml","status":"publish","type":"product","link":"https:\/\/teaeye.pl\/ru\/product\/chahai-double-360ml\/","title":{"rendered":"Chahai Double 360ml"},"content":{"rendered":"<p>Chahai szklany 360 ml to elegancki i praktyczny element ka\u017cdego zestawu do parzenia herbaty. Dzi\u0119ki swojemu kompaktowemu rozmiarowi doskonale sprawdzi si\u0119 zar\u00f3wno podczas kameralnych spotka\u0144 herbacianych, jak i w codziennym u\u017cytku. Wykonany z wysokiej jako\u015bci szk\u0142a, pozwala w pe\u0142ni podziwia\u0107 barw\u0119 naparu, dodaj\u0105c ceremonii parzenia herbaty estetyki i lekko\u015bci.<\/p>\n<p>Jego pojemno\u015b\u0107 umo\u017cliwia wygodne przelanie naparu z gaiwanu lub czajniczka do dzbanuszka, dzi\u0119ki czemu herbata r\u00f3wnomiernie rozlewa si\u0119 do fili\u017canek, a picie staje si\u0119 bardziej komfortowe i przyjemne.<\/p>\n<p><a href=\"https:\/\/teaeye.pl\/ru\/product-category\/akcesoria\/naczynia\/chahai\/\">Zobacz inne chahai \u2192<\/a><\/p>\n<p>Dlaczego warto wybra\u0107 ten chahai?<br \/>\nElegancki wygl\u0105d \u2013 przezroczyste szk\u0142o eksponuje barw\u0119 herbaty.<\/p>\n<p>Funkcjonalno\u015b\u0107 \u2013 idealny do u\u017cycia z gaiwanem lub czajniczkiem.<\/p>\n<p>Kompaktowy rozmiar \u2013 \u015bwietnie sprawdza si\u0119 w codziennych sesjach herbacianych.<\/p>","protected":false},"excerpt":{"rendered":"<p data-start=\"1349\" data-end=\"1515\"><strong data-start=\"1349\" data-end=\"1366\">Chahai 360 ml<\/strong> \u2013 przezroczysty dzbanuszek do herbaty wykonany ze szk\u0142a. Kompaktowy, wygodny i elegancki \u2013 doskona\u0142y do ceremonii gongfu cha i codziennego u\u017cytku.<\/p>\n<p>Ten wygodny chahai o du\u017cej pojemno\u015bci b\u0119dzie idealnym dodatkiem do spotka\u0144 herbacianych z przyjaci\u00f3\u0142mi lub rodzin\u0105. Jego pojemno\u015b\u0107 pozwala \u0142atwo nala\u0107 herbat\u0119 z dw\u00f3ch czajnik\u00f3w isinskich lub gaiwan\u00f3w, co sprawia, \u017ce picie herbaty staje si\u0119 bardziej komfortowe i nieformalne.<\/p>\n<h6 data-start=\"1258\" data-end=\"1299\">Elegancja i funkcjonalno\u015b\u0107 w jednym<\/h6>\n<p data-start=\"1300\" data-end=\"1513\">Szklany chahai 360 ml to doskona\u0142y wyb\u00f3r dla ka\u017cdego mi\u0142o\u015bnika herbaty. <strong data-start=\"1372\" data-end=\"1413\">Minimalistyczny, przezroczysty design<\/strong> sprawia, \u017ce dzbanuszek prezentuje si\u0119 stylowo na stole, a jednocze\u015bnie jest niezwykle praktyczny.<\/p>\n<h6 data-start=\"1515\" data-end=\"1542\">Idealny do gongfu cha<\/h6>\n<p data-start=\"1543\" data-end=\"1704\">Dzi\u0119ki pojemno\u015bci 360 ml, chahai sprawdza si\u0119 przy parzeniu w gaiwanie lub czajniczku. Pozwala w \u0142atwy spos\u00f3b przela\u0107 napar i r\u00f3wnomiernie rozla\u0107 go do czarek.<\/p>\n<h6 data-start=\"1706\" data-end=\"1730\">Kompaktowy rozmiar<\/h6>\n<p data-start=\"1731\" data-end=\"1839\">Lekki i wygodny, doskona\u0142y zar\u00f3wno na codzienne herbaciane rytua\u0142y, jak i na bardziej uroczyste spotkania.<\/p>","protected":false},"featured_media":9450,"comment_status":"open","ping_status":"closed","template":"","meta":[],"product_cat":[129,137,130],"product_tag":[],"class_list":{"0":"post-9449","1":"product","2":"type-product","3":"status-publish","4":"has-post-thumbnail","6":"product_cat-akcesoria","7":"product_cat-chahai","8":"product_cat-naczynia","10":"first","11":"outofstock","12":"shipping-taxable","13":"purchasable","14":"product-type-simple"},"aioseo_notices":[],"_links":{"self":[{"href":"https:\/\/teaeye.pl\/ru\/wp-json\/wp\/v2\/product\/9449","targetHints":{"allow":["GET"]}}],"collection":[{"href":"https:\/\/teaeye.pl\/ru\/wp-json\/wp\/v2\/product"}],"about":[{"href":"https:\/\/teaeye.pl\/ru\/wp-json\/wp\/v2\/types\/product"}],"replies":[{"embeddable":true,"href":"https:\/\/teaeye.pl\/ru\/wp-json\/wp\/v2\/comments?post=9449"}],"version-history":[{"count":3,"href":"https:\/\/teaeye.pl\/ru\/wp-json\/wp\/v2\/product\/9449\/revisions"}],"predecessor-version":[{"id":13845,"href":"https:\/\/teaeye.pl\/ru\/wp-json\/wp\/v2\/product\/9449\/revisions\/13845"}],"wp:featuredmedia":[{"embeddable":true,"href":"https:\/\/teaeye.pl\/ru\/wp-json\/wp\/v2\/media\/9450"}],"wp:attachment":[{"href":"https:\/\/teaeye.pl\/ru\/wp-json\/wp\/v2\/media?parent=9449"}],"wp:term":[{"taxonomy":"product_cat","embeddable":true,"href":"https:\/\/teaeye.pl\/ru\/wp-json\/wp\/v2\/product_cat?post=9449"},{"taxonomy":"product_tag","embeddable":true,"href":"https:\/\/teaeye.pl\/ru\/wp-json\/wp\/v2\/product_tag?post=9449"}],"curies":[{"name":"wp","href":"https:\/\/api.w.org\/{rel}","templated":true}]}}