{"id":9734,"date":"2024-10-08T10:34:45","date_gmt":"2024-10-08T10:34:45","guid":{"rendered":"https:\/\/teaeye.pl\/?post_type=product&#038;p=9734"},"modified":"2025-02-24T11:36:12","modified_gmt":"2025-02-24T11:36:12","slug":"xi-hu-long-jing-studnia-smoka","status":"publish","type":"product","link":"https:\/\/teaeye.pl\/ru\/product\/xi-hu-long-jing-studnia-smoka\/","title":{"rendered":"Xi Hu Long Jing (Studnia Smoka)"},"content":{"rendered":"<p>Do parzenia najlepiej u\u017cywa\u0107 porcelany o cienkich \u015bciankach lub naczy\u0144 szklanych. Optymalna temperatura wody to 80-90\u00b0C. Proporcje suchej herbaty: 4-5 g na 100 ml wody. Wytrzymuje do 7-8 zaparze\u0144.<\/p>","protected":false},"excerpt":{"rendered":"<p>Wiosna 2024 roku przynios\u0142a nowy zbi\u00f3r herbaty Xi Hu Long Jing (Studnia Smoka), jednej z najbardziej cenionych zielonych herbat Chin, zbieranej w okolicach jeziora Xi Hu w prowincji Zhejiang. Ta herbata nale\u017cy do kategorii s\u0142ynnych chi\u0144skich herbat ze wzgl\u0119du na ograniczony obszar zbior\u00f3w i wyj\u0105tkow\u0105 jako\u015b\u0107. Do jej produkcji u\u017cywa si\u0119 jedynie m\u0142odych, g\u00f3rnych p\u0119d\u00f3w, kt\u00f3re tworz\u0105 r\u00f3wnomierne, p\u0142askie i g\u0142adkie listki o d\u0142ugo\u015bci oko\u0142o 2 cm.<\/p>\n<p>Listki pokryte s\u0105 delikatnym meszkiem w kremowym odcieniu, co \u015bwiadczy o ich \u015bwie\u017co\u015bci i wysokiej jako\u015bci. Aromat naparu \u0142\u0105czy w sobie kwiatow\u0105 lekko\u015b\u0107 z ledwie wyczuwalnymi owocowymi nutami, a smak wyr\u00f3\u017cnia si\u0119 \u0142agodno\u015bci\u0105 i harmoni\u0105, pozostawiaj\u0105c s\u0142odkawy posmak.<\/p>\n<p>Xi Hu Long Jing to wyb\u00f3r dla tych, kt\u00f3rzy szukaj\u0105 czego\u015b wyj\u0105tkowego, ceni\u0105 klasyczne chi\u0144skie herbaty, ale chc\u0105 spr\u00f3bowa\u0107 ich w najlepszym wydaniu. S\u0142ynny jako \u201eStudnia Smoka\u201d z jeziora Xi Hu, uwa\u017cany jest za kr\u00f3la zielonych herbat w Chinach. Xi Hu Long Jing to herbata godna smakoszy i wytrawnych mi\u0142o\u015bnik\u00f3w Long Jinga.<\/p>","protected":false},"featured_media":9735,"comment_status":"open","ping_status":"closed","template":"","meta":[],"product_cat":[114],"product_tag":[],"class_list":{"0":"post-9734","1":"product","2":"type-product","3":"status-publish","4":"has-post-thumbnail","6":"product_cat-zielona-herbata","8":"first","9":"outofstock","10":"shipping-taxable","11":"purchasable","12":"product-type-variable"},"aioseo_notices":[],"_links":{"self":[{"href":"https:\/\/teaeye.pl\/ru\/wp-json\/wp\/v2\/product\/9734","targetHints":{"allow":["GET"]}}],"collection":[{"href":"https:\/\/teaeye.pl\/ru\/wp-json\/wp\/v2\/product"}],"about":[{"href":"https:\/\/teaeye.pl\/ru\/wp-json\/wp\/v2\/types\/product"}],"replies":[{"embeddable":true,"href":"https:\/\/teaeye.pl\/ru\/wp-json\/wp\/v2\/comments?post=9734"}],"version-history":[{"count":2,"href":"https:\/\/teaeye.pl\/ru\/wp-json\/wp\/v2\/product\/9734\/revisions"}],"predecessor-version":[{"id":10125,"href":"https:\/\/teaeye.pl\/ru\/wp-json\/wp\/v2\/product\/9734\/revisions\/10125"}],"wp:featuredmedia":[{"embeddable":true,"href":"https:\/\/teaeye.pl\/ru\/wp-json\/wp\/v2\/media\/9735"}],"wp:attachment":[{"href":"https:\/\/teaeye.pl\/ru\/wp-json\/wp\/v2\/media?parent=9734"}],"wp:term":[{"taxonomy":"product_cat","embeddable":true,"href":"https:\/\/teaeye.pl\/ru\/wp-json\/wp\/v2\/product_cat?post=9734"},{"taxonomy":"product_tag","embeddable":true,"href":"https:\/\/teaeye.pl\/ru\/wp-json\/wp\/v2\/product_tag?post=9734"}],"curies":[{"name":"wp","href":"https:\/\/api.w.org\/{rel}","templated":true}]}}