{"id":9881,"date":"2024-10-20T12:46:38","date_gmt":"2024-10-20T12:46:38","guid":{"rendered":"https:\/\/teaeye.pl\/?post_type=product&#038;p=9881"},"modified":"2025-08-28T10:48:10","modified_gmt":"2025-08-28T10:48:10","slug":"shu-pu-erh-chen-xiang-cha-tou-2000-r-fu-hai-357-g","status":"publish","type":"product","link":"https:\/\/teaeye.pl\/ru\/product\/shu-pu-erh-chen-xiang-cha-tou-2000-r-fu-hai-357-g\/","title":{"rendered":"Shu Pu-erh &#8211; &#8222;Chen Xiang Cha Tou&#8221; Fu Hai 2000r, 357g"},"content":{"rendered":"<p>Herbata prezentuje si\u0119 w formie pi\u0119knej okr\u0105g\u0142ej p\u0142ytki o wadze 357 gram\u00f3w, wykonanej z du\u017cego surowca. W sk\u0142adzie mo\u017cna zauwa\u017cy\u0107 du\u017ce ogonki i p\u0105ki. Aromat suchych li\u015bci jest delikatny i g\u0142\u0119boki, z nutami charakterystycznymi dla dojrza\u0142ych herbat.<\/p>\n<p>O tej herbacie mo\u017cna m\u00f3wi\u0107 d\u0142ugo. Jej receptura jest idealnie zbalansowana, co przejawia si\u0119 w bogatej palecie aromat\u00f3w, smak\u00f3w i posmak\u00f3w. To doskona\u0142y przyk\u0142ad dojrza\u0142ego shu pu-erhu, kt\u00f3ry pokazuje, jak\u0105 powinna by\u0107 herbata w kategorii &#8222;Lao Cha Tou&#8221;. Zas\u0142uguje na miejsce w kolekcjach prawdziwych koneser\u00f3w.<\/p>","protected":false},"excerpt":{"rendered":"<p>Wyprodukowany w 2000 roku w szanowanej fabryce Fu Hai, ten herbata oparty jest na surowcu znanym jako &#8222;Cha Tou&#8221; \u2014 herbaciane g\u0142\u00f3wki. Jest to starannie opracowany i g\u0142\u0119boki pu-erh, kt\u00f3remu czas nada\u0142 swoje unikalne odcienie.<\/p>\n<p>Ten wyrafinowany i dojrza\u0142y shu pu-erh posiada wszystkie cechy prawdziwego dzie\u0142a sztuki. Sta\u0142 si\u0119 godnym przedstawicielem kategorii Lao Cha Tou, obdarzonym eleganck\u0105 staro\u015bci\u0105 i g\u0142\u0119bi\u0105 smaku, kt\u00f3ra z pewno\u015bci\u0105 przyci\u0105gnie uwag\u0119 koneser\u00f3w. Taka herbata niew\u0105tpliwie zas\u0142uguje na miejsce na Twojej p\u00f3\u0142ce.<\/p>\n<p>Gotowy napar ma z\u0142o\u017cony, wielowarstwowy bukiet, kt\u00f3ry przyjemnie cieszy r\u00f3wnowag\u0105 i r\u00f3\u017cnorodno\u015bci\u0105. Aromat jest bogaty i wyrazisty, z antycznymi nutami, charakterystycznymi dla wysokiej jako\u015bci shu pu-erh\u00f3w. Smak jest czysty, okr\u0105g\u0142y, g\u0142adki i oleisty, intensywny i soczysty z lekk\u0105 s\u0142odycz\u0105. D\u0142ugie, aksamitne posmak pozostawia przyjemne ciep\u0142e uczucie.<\/p>\n<p>Herbata przyjemnie \u0142agodzi napi\u0119cie i zm\u0119czenie, pomaga si\u0119 skoncentrowa\u0107 i dodaje lekko\u015bci, tworz\u0105c atmosfer\u0119 spokoju i wewn\u0119trznej harmonii.<\/p>","protected":false},"featured_media":9882,"comment_status":"open","ping_status":"closed","template":"","meta":[],"product_cat":[97,99],"product_tag":[],"class_list":{"0":"post-9881","1":"product","2":"type-product","3":"status-publish","4":"has-post-thumbnail","6":"product_cat-pu-erh","7":"product_cat-shu-puer","9":"first","10":"outofstock","11":"shipping-taxable","12":"purchasable","13":"product-type-variable"},"aioseo_notices":[],"_links":{"self":[{"href":"https:\/\/teaeye.pl\/ru\/wp-json\/wp\/v2\/product\/9881","targetHints":{"allow":["GET"]}}],"collection":[{"href":"https:\/\/teaeye.pl\/ru\/wp-json\/wp\/v2\/product"}],"about":[{"href":"https:\/\/teaeye.pl\/ru\/wp-json\/wp\/v2\/types\/product"}],"replies":[{"embeddable":true,"href":"https:\/\/teaeye.pl\/ru\/wp-json\/wp\/v2\/comments?post=9881"}],"version-history":[{"count":6,"href":"https:\/\/teaeye.pl\/ru\/wp-json\/wp\/v2\/product\/9881\/revisions"}],"predecessor-version":[{"id":11821,"href":"https:\/\/teaeye.pl\/ru\/wp-json\/wp\/v2\/product\/9881\/revisions\/11821"}],"wp:featuredmedia":[{"embeddable":true,"href":"https:\/\/teaeye.pl\/ru\/wp-json\/wp\/v2\/media\/9882"}],"wp:attachment":[{"href":"https:\/\/teaeye.pl\/ru\/wp-json\/wp\/v2\/media?parent=9881"}],"wp:term":[{"taxonomy":"product_cat","embeddable":true,"href":"https:\/\/teaeye.pl\/ru\/wp-json\/wp\/v2\/product_cat?post=9881"},{"taxonomy":"product_tag","embeddable":true,"href":"https:\/\/teaeye.pl\/ru\/wp-json\/wp\/v2\/product_tag?post=9881"}],"curies":[{"name":"wp","href":"https:\/\/api.w.org\/{rel}","templated":true}]}}