{"id":9997,"date":"2024-10-20T17:31:03","date_gmt":"2024-10-20T17:31:03","guid":{"rendered":"https:\/\/teaeye.pl\/?post_type=product&#038;p=9997"},"modified":"2026-04-11T10:43:34","modified_gmt":"2026-04-11T10:43:34","slug":"shu-pu-erh-menghai-da-yi-tocha-v93-2022-100g","status":"publish","type":"product","link":"https:\/\/teaeye.pl\/ru\/product\/shu-pu-erh-menghai-da-yi-tocha-v93-2022-100g\/","title":{"rendered":"\u0428\u0443 \u041f\u0443\u044d\u0440 \u2014 \u041c\u044d\u043d\u0445\u0430\u0439 \u0414\u0430 \u0418 \"\u0422\u043e\u0447\u0430 V93\" 2022, 100 \u0433"},"content":{"rendered":"<h1>\u0428\u0443 \u041f\u0443\u044d\u0440 \u041c\u044d\u043d\u0445\u0430\u0439 \u0414\u0430 \u0418 V93 \u2013 \u043a\u043b\u0430\u0441\u0441\u0438\u0447\u0435\u0441\u043a\u043e\u0435 \u0442\u043e \u0447\u0430 100 \u0433 \u0441 \u0444\u0430\u0431\u0440\u0438\u043a\u0438 \u041c\u044d\u043d\u0445\u0430\u0439<\/h1>\n<p><strong>\u0428\u0443 \u041f\u0443\u044d\u0440 \u041c\u044d\u043d\u0445\u0430\u0439 \u0414\u0430 \u0418 V93<\/strong> \u044d\u0442\u043e \u043e\u0434\u0438\u043d \u0438\u0437 \u0441\u0430\u043c\u044b\u0445 \u0443\u0437\u043d\u0430\u0432\u0430\u0435\u043c\u044b\u0445 \u0440\u0435\u0446\u0435\u043f\u0442\u043e\u0432 \u0448\u0443 \u043f\u0443\u044d\u0440\u0430, \u0441\u043e\u0437\u0434\u0430\u043d\u043d\u044b\u0439 \u0432 2005 \u0433\u043e\u0434\u0443 \u043b\u0435\u0433\u0435\u043d\u0434\u0430\u0440\u043d\u043e\u0439 <a href=\"https:\/\/teapedia.org\/en\/Menghai_Tea_Factory\">Menghai Tea Factory<\/a>\u0427\u0430\u0439 \u0441\u043f\u0440\u0435\u0441\u0441\u043e\u0432\u0430\u043d \u0432 \u0444\u043e\u0440\u043c\u0443 \u043d\u0435\u0431\u043e\u043b\u044c\u0448\u043e\u0433\u043e \u0433\u043d\u0435\u0437\u0434\u0430 (\u0442\u043e \u0447\u0430) \u0432\u0435\u0441\u043e\u043c 100 \u0433, \u0447\u0442\u043e \u0434\u0435\u043b\u0430\u0435\u0442 \u0435\u0433\u043e \u0443\u0434\u043e\u0431\u043d\u044b\u043c \u0434\u043b\u044f \u0445\u0440\u0430\u043d\u0435\u043d\u0438\u044f \u0438 \u0434\u0435\u043b\u0435\u043d\u0438\u044f \u043d\u0430 \u043f\u043e\u0440\u0446\u0438\u0438. V93 \u0431\u044b\u0441\u0442\u0440\u043e \u0437\u0430\u0432\u043e\u0435\u0432\u0430\u043b \u043f\u043e\u043f\u0443\u043b\u044f\u0440\u043d\u043e\u0441\u0442\u044c \u0438 \u0434\u043e \u0441\u0438\u0445 \u043f\u043e\u0440 \u0441\u0447\u0438\u0442\u0430\u0435\u0442\u0441\u044f \u043e\u0431\u0440\u0430\u0437\u0446\u043e\u043c \u0445\u043e\u0440\u043e\u0448\u043e \u0441\u0431\u0430\u043b\u0430\u043d\u0441\u0438\u0440\u043e\u0432\u0430\u043d\u043d\u043e\u0433\u043e \u0448\u0443 \u043f\u0443\u044d\u0440\u0430 \u0441\u0440\u0435\u0434\u043d\u0435\u0433\u043e \u0432\u044b\u0434\u0435\u0440\u0436\u0438\u0432\u0430\u043d\u0438\u044f. \u042d\u0442\u043e \u0432\u044b\u0431\u043e\u0440, \u043f\u043e\u0434\u0445\u043e\u0434\u044f\u0449\u0438\u0439 \u043a\u0430\u043a \u0434\u043b\u044f \u043d\u0430\u0447\u0438\u043d\u0430\u044e\u0449\u0438\u0445, \u0442\u0430\u043a \u0438 \u0434\u043b\u044f \u043e\u043f\u044b\u0442\u043d\u044b\u0445 \u043b\u044e\u0431\u0438\u0442\u0435\u043b\u0435\u0439 \u043f\u0443\u044d\u0440\u0430.<\/p>\n<p><a href=\"https:\/\/teaeye.pl\/wp-content\/uploads\/2024\/10\/v932022-3.jpg\"><img fetchpriority=\"high\" decoding=\"async\" class=\"alignnone wp-image-9999\" src=\"https:\/\/teaeye.pl\/wp-content\/uploads\/2024\/10\/v932022-3-300x219.jpg\" alt=\"\u0428\u0443 \u041f\u0443\u044d\u0440 V93\" width=\"551\" height=\"402\" srcset=\"https:\/\/teaeye.pl\/wp-content\/uploads\/2024\/10\/v932022-3-300x219.jpg 300w, https:\/\/teaeye.pl\/wp-content\/uploads\/2024\/10\/v932022-3-1024x748.jpg 1024w, https:\/\/teaeye.pl\/wp-content\/uploads\/2024\/10\/v932022-3-768x561.jpg 768w, https:\/\/teaeye.pl\/wp-content\/uploads\/2024\/10\/v932022-3-600x438.jpg 600w, https:\/\/teaeye.pl\/wp-content\/uploads\/2024\/10\/v932022-3-850x621.jpg 850w, https:\/\/teaeye.pl\/wp-content\/uploads\/2024\/10\/v932022-3.jpg 1170w\" sizes=\"(max-width: 551px) 100vw, 551px\" \/><\/a><\/p>\n<h2>\u0412\u043a\u0443\u0441 \u0438 \u0430\u0440\u043e\u043c\u0430\u0442 \u0428\u0443 \u041f\u0443\u044d\u0440 V93 \ud83c\udf30\ud83c\udf47\ud83c\udf33<\/h2>\n<p>\u041d\u0430\u0441\u0442\u043e\u0439 \u043e\u0431\u043b\u0430\u0434\u0430\u0435\u0442 \u043c\u044f\u0433\u043a\u0438\u043c, \u0431\u0430\u0440\u0445\u0430\u0442\u0438\u0441\u0442\u044b\u043c \u0445\u0430\u0440\u0430\u043a\u0442\u0435\u0440\u043e\u043c, \u0431\u0435\u0437 \u0442\u0435\u0440\u043f\u043a\u043e\u0441\u0442\u0438 \u0438 \u0438\u0437\u043b\u0438\u0448\u043d\u0435\u0439 \u0433\u043e\u0440\u0435\u0447\u0438. \u0412\u043e \u0432\u043a\u0443\u0441\u0435 \u0434\u043e\u043c\u0438\u043d\u0438\u0440\u0443\u044e\u0442 \u043d\u043e\u0442\u044b \u0444\u0438\u043d\u0438\u043a\u043e\u0432, \u0433\u0440\u0435\u0446\u043a\u0438\u0445 \u043e\u0440\u0435\u0445\u043e\u0432 \u0438 \u043b\u0451\u0433\u043a\u0438\u0435 \u0434\u0440\u0435\u0432\u0435\u0441\u043d\u044b\u0435 \u0430\u043a\u0446\u0435\u043d\u0442\u044b, \u0434\u043e\u043f\u043e\u043b\u043d\u0435\u043d\u043d\u044b\u0435 \u043d\u0435\u0436\u043d\u043e\u0439 \u0441\u043b\u0430\u0434\u043e\u0441\u0442\u044c\u044e. \u041f\u043e\u0441\u043b\u0435\u0432\u043a\u0443\u0441\u0438\u0435 \u0434\u043e\u043b\u0433\u043e\u0435, \u0442\u0451\u043f\u043b\u043e\u0435 \u0438 \u043f\u0440\u0438\u044f\u0442\u043d\u043e\u0435, \u043e\u0441\u0442\u0430\u0451\u0442\u0441\u044f \u043d\u0430 \u043d\u0451\u0431\u0435 \u0435\u0449\u0451 \u0434\u043e\u043b\u0433\u043e \u043f\u043e\u0441\u043b\u0435 \u0432\u044b\u043f\u0438\u0442\u043e\u0439 \u0447\u0430\u0448\u043a\u0438.<\/p>\n<p>\u0421\u0443\u0445\u043e\u0439 \u043b\u0438\u0441\u0442 \u043e\u0431\u043b\u0430\u0434\u0430\u0435\u0442 \u0433\u043b\u0443\u0431\u043e\u043a\u0438\u043c, \u0437\u0435\u043c\u043b\u0438\u0441\u0442\u043e-\u0444\u0440\u0443\u043a\u0442\u043e\u0432\u044b\u043c \u0430\u0440\u043e\u043c\u0430\u0442\u043e\u043c \u0441 \u043d\u043e\u0442\u0430\u043c\u0438 \u0441\u0443\u0445\u043e\u0444\u0440\u0443\u043a\u0442\u043e\u0432 \u0438 \u043b\u0451\u0433\u043a\u043e\u0439 \u0441\u043b\u0430\u0434\u043e\u0441\u0442\u0438. \u0412\u043e \u0432\u0440\u0435\u043c\u044f \u0434\u0435\u0433\u0443\u0441\u0442\u0430\u0446\u0438\u0438 \u0447\u0430\u0439 \u0440\u0430\u0441\u043a\u0440\u044b\u0432\u0430\u0435\u0442 \u043d\u043e\u0432\u044b\u0435 \u0441\u043b\u043e\u0438 \u0432\u043a\u0443\u0441\u0430, \u043f\u043e\u044d\u0442\u043e\u043c\u0443 \u043e\u0442\u043b\u0438\u0447\u043d\u043e \u043f\u043e\u0434\u0445\u043e\u0434\u0438\u0442 \u0434\u043b\u044f \u0437\u0430\u0432\u0430\u0440\u0438\u0432\u0430\u043d\u0438\u044f \u0432 \u0441\u0442\u0438\u043b\u0435 \u0433\u0443\u043d\u0444\u0443 \u0447\u0430, \u0433\u0434\u0435 \u043a\u043e\u0440\u043e\u0442\u043a\u0438\u0435 \u043d\u0430\u0441\u0442\u0430\u0438\u0432\u0430\u043d\u0438\u044f \u043f\u043e\u0437\u0432\u043e\u043b\u044f\u044e\u0442 \u043f\u0440\u043e\u0441\u043b\u0435\u0434\u0438\u0442\u044c \u0435\u0433\u043e \u0440\u0430\u0437\u0432\u0438\u0442\u0438\u0435.<\/p>\n<p><a href=\"https:\/\/teaeye.pl\/wp-content\/uploads\/2024\/10\/v932022-2.jpg\"><img decoding=\"async\" class=\"alignnone wp-image-9998\" src=\"https:\/\/teaeye.pl\/wp-content\/uploads\/2024\/10\/v932022-2-300x219.jpg\" alt=\"\u0428\u0443 \u041f\u0443\u044d\u0440 V93\" width=\"551\" height=\"402\" srcset=\"https:\/\/teaeye.pl\/wp-content\/uploads\/2024\/10\/v932022-2-300x219.jpg 300w, https:\/\/teaeye.pl\/wp-content\/uploads\/2024\/10\/v932022-2-1024x748.jpg 1024w, https:\/\/teaeye.pl\/wp-content\/uploads\/2024\/10\/v932022-2-768x561.jpg 768w, https:\/\/teaeye.pl\/wp-content\/uploads\/2024\/10\/v932022-2-600x438.jpg 600w, https:\/\/teaeye.pl\/wp-content\/uploads\/2024\/10\/v932022-2-850x621.jpg 850w, https:\/\/teaeye.pl\/wp-content\/uploads\/2024\/10\/v932022-2.jpg 1170w\" sizes=\"(max-width: 551px) 100vw, 551px\" \/><\/a><\/p>\n<h2>\u0414\u0435\u0439\u0441\u0442\u0432\u0438\u0435 \u0438 \u0432\u043f\u0435\u0447\u0430\u0442\u043b\u0435\u043d\u0438\u044f<\/h2>\n<p>\u0428\u0443 \u041f\u0443\u044d\u0440 V93 \u0434\u0435\u0439\u0441\u0442\u0432\u0443\u0435\u0442 \u0433\u0430\u0440\u043c\u043e\u043d\u0438\u0437\u0438\u0440\u0443\u044e\u0449\u0435 \u0438 \u0440\u0430\u0441\u0441\u043b\u0430\u0431\u043b\u044f\u044e\u0449\u0435, \u043e\u0434\u043d\u043e\u0432\u0440\u0435\u043c\u0435\u043d\u043d\u043e \u0434\u043e\u0431\u0430\u0432\u043b\u044f\u044f \u044d\u043d\u0435\u0440\u0433\u0438\u0438 \u0438 \u0443\u043b\u0443\u0447\u0448\u0430\u044f \u043a\u043e\u043d\u0446\u0435\u043d\u0442\u0440\u0430\u0446\u0438\u044e. \u042d\u0442\u043e \u0447\u0430\u0439, \u043a\u043e\u0442\u043e\u0440\u044b\u0439 \u0441\u043e\u0433\u0440\u0435\u0432\u0430\u0435\u0442, \u0441\u043d\u0438\u043c\u0430\u0435\u0442 \u0443\u0441\u0442\u0430\u043b\u043e\u0441\u0442\u044c \u0438 \u043f\u0440\u0438\u043d\u043e\u0441\u0438\u0442 \u0440\u0430\u0432\u043d\u043e\u0432\u0435\u0441\u0438\u0435. \u0411\u043b\u0430\u0433\u043e\u0434\u0430\u0440\u044f \u0441\u0432\u043e\u0435\u0439 \u043c\u044f\u0433\u043a\u043e\u0441\u0442\u0438 \u043f\u043e\u0434\u0445\u043e\u0434\u0438\u0442 \u0434\u043b\u044f \u0443\u043f\u043e\u0442\u0440\u0435\u0431\u043b\u0435\u043d\u0438\u044f \u0432 \u043b\u044e\u0431\u043e\u0435 \u0432\u0440\u0435\u043c\u044f \u0434\u043d\u044f \u2014 \u0443\u0442\u0440\u043e\u043c \u0431\u043e\u0434\u0440\u0438\u0442, \u0430 \u0432\u0435\u0447\u0435\u0440\u043e\u043c \u0443\u0441\u043f\u043e\u043a\u0430\u0438\u0432\u0430\u0435\u0442 \u0438 \u0440\u0430\u0441\u0441\u043b\u0430\u0431\u043b\u044f\u0435\u0442.<\/p>\n<h2>\u0418\u0441\u0442\u043e\u0440\u0438\u044f \u0438 \u0442\u0440\u0430\u0434\u0438\u0446\u0438\u044f<\/h2>\n<p>\u0424\u0430\u0431\u0440\u0438\u043a\u0430 \u041c\u044d\u043d\u0445\u0430\u0439 \u0422\u0438 \u0424\u044d\u043a\u0442\u043e\u0440\u0438, \u0434\u0435\u0439\u0441\u0442\u0432\u0443\u044e\u0449\u0430\u044f \u0441 \u0441\u0435\u0440\u0435\u0434\u0438\u043d\u044b XX \u0432\u0435\u043a\u0430, \u044f\u0432\u043b\u044f\u0435\u0442\u0441\u044f \u043e\u0434\u043d\u0438\u043c \u0438\u0437 \u0441\u0430\u043c\u044b\u0445 \u0443\u0432\u0430\u0436\u0430\u0435\u043c\u044b\u0445 \u043f\u0440\u043e\u0438\u0437\u0432\u043e\u0434\u0438\u0442\u0435\u043b\u0435\u0439 \u043f\u0443\u044d\u0440\u0430 \u0432 \u041a\u0438\u0442\u0430\u0435. \u0420\u0435\u0446\u0435\u043f\u0442\u0443\u0440\u0430 V93 \u043f\u043e\u044f\u0432\u0438\u043b\u0430\u0441\u044c \u0432 2005 \u0433\u043e\u0434\u0443 \u0438 \u0441 \u0442\u0435\u0445 \u043f\u043e\u0440 \u043f\u043e\u043b\u0443\u0447\u0438\u043b\u0430 \u0441\u0442\u0430\u0442\u0443\u0441 \u043a\u043b\u0430\u0441\u0441\u0438\u043a\u0438, \u0441\u0442\u0430\u0432 \u0441\u0438\u043d\u043e\u043d\u0438\u043c\u043e\u043c \u043f\u043e\u0432\u0441\u0435\u0434\u043d\u0435\u0432\u043d\u043e\u0433\u043e, \u043d\u043e \u043e\u0434\u043d\u043e\u0432\u0440\u0435\u043c\u0435\u043d\u043d\u043e \u043f\u0440\u0435\u0441\u0442\u0438\u0436\u043d\u043e\u0433\u043e \u0447\u0430\u044f.<\/p>\n<p>\u0420\u0435\u0433\u0438\u043e\u043d \u041c\u044d\u043d\u0445\u0430\u0439 \u0432 \u043f\u0440\u043e\u0432\u0438\u043d\u0446\u0438\u0438 \u042e\u043d\u044c\u043d\u0430\u043d\u044c \u0441\u043b\u0430\u0432\u0438\u0442\u0441\u044f \u043f\u043b\u0430\u043d\u0442\u0430\u0446\u0438\u044f\u043c\u0438 \u0441\u0442\u0430\u0440\u044b\u0445 \u0447\u0430\u0439\u043d\u044b\u0445 \u0434\u0435\u0440\u0435\u0432\u044c\u0435\u0432 \u0438 \u043f\u0440\u0435\u0432\u043e\u0441\u0445\u043e\u0434\u043d\u044b\u043c\u0438 \u043a\u043b\u0438\u043c\u0430\u0442\u0438\u0447\u0435\u0441\u043a\u0438\u043c\u0438 \u0443\u0441\u043b\u043e\u0432\u0438\u044f\u043c\u0438. \u0418\u043c\u0435\u043d\u043d\u043e \u0442\u0430\u043c \u0441\u043e\u0437\u0434\u0430\u044e\u0442\u0441\u044f \u043e\u0434\u043d\u0438 \u0438\u0437 \u043b\u0443\u0447\u0448\u0438\u0445 \u043f\u0443\u044d\u0440\u043e\u0432, \u0446\u0435\u043d\u0438\u043c\u044b\u0445 \u0437\u043d\u0430\u0442\u043e\u043a\u0430\u043c\u0438 \u0432\u043e \u0432\u0441\u0451\u043c \u043c\u0438\u0440\u0435. \u041f\u043e\u043a\u0443\u043f\u0430\u044f V93, \u0442\u044b \u0432\u044b\u0431\u0438\u0440\u0430\u0435\u0448\u044c \u0447\u0430\u0439 \u0441 \u0438\u0441\u0442\u043e\u0440\u0438\u0435\u0439 \u0438 \u043c\u043d\u043e\u0433\u043e\u043b\u0435\u0442\u043d\u0435\u0439 \u0442\u0440\u0430\u0434\u0438\u0446\u0438\u0435\u0439.<\/p>\n<h2>\u041a\u0430\u043a \u0437\u0430\u0432\u0430\u0440\u0438\u0432\u0430\u0442\u044c \u0428\u0443 \u041f\u0443\u044d\u0440 V93?<\/h2>\n<p>\u041d\u0430\u0438\u043b\u0443\u0447\u0448\u0438\u0435 \u0440\u0435\u0437\u0443\u043b\u044c\u0442\u0430\u0442\u044b \u0434\u0430\u0451\u0442 \u043c\u0435\u0442\u043e\u0434 \u0433\u0443\u043d\u0444\u0443 \u0447\u0430:<\/p>\n<ul>\n<li>7 \u0433 \u043b\u0438\u0441\u0442\u044c\u0435\u0432 \u043d\u0430 150 \u043c\u043b \u0432\u043e\u0434\u044b,<\/li>\n<li>\u0442\u0435\u043c\u043f\u0435\u0440\u0430\u0442\u0443\u0440\u0430: 95\u2013100 \u00b0C,<\/li>\n<li>\u043f\u0435\u0440\u0432\u043e\u0435 \u0437\u0430\u0432\u0430\u0440\u0438\u0432\u0430\u043d\u0438\u0435: 10\u201315 \u0441\u0435\u043a\u0443\u043d\u0434, \u043f\u043e\u0441\u043b\u0435\u0434\u0443\u044e\u0449\u0438\u0435 \u043f\u043e\u0441\u0442\u0435\u043f\u0435\u043d\u043d\u043e \u0443\u0432\u0435\u043b\u0438\u0447\u0438\u0432\u0430\u0442\u044c.<\/li>\n<\/ul>\n<p>\u0422\u0430\u043a\u0438\u043c \u043e\u0431\u0440\u0430\u0437\u043e\u043c \u043c\u043e\u0436\u043d\u043e \u043f\u043e\u043b\u0443\u0447\u0438\u0442\u044c \u0434\u0430\u0436\u0435 \u043d\u0435\u0441\u043a\u043e\u043b\u044c\u043a\u043e \u0434\u0435\u0441\u044f\u0442\u043a\u043e\u0432 \u043d\u0430\u0441\u0442\u043e\u0435\u0432, \u043a\u0430\u0436\u0434\u044b\u0439 \u0441 \u0440\u0430\u0437\u043d\u043e\u0439 \u0438\u043d\u0442\u0435\u043d\u0441\u0438\u0432\u043d\u043e\u0441\u0442\u044c\u044e \u0438 \u043e\u0442\u0442\u0435\u043d\u043a\u0430\u043c\u0438 \u0432\u043a\u0443\u0441\u0430.<\/p>\n<p>Do prostszego parzenia w czajniczku lub gaiwanie wystarczy 3\u20134 g li\u015bci na 250 ml wody i 2\u20133 minuty zaparzania. Herbata \u015bwietnie sprawdza si\u0119 tak\u017ce w termosie \u2013 napar d\u0142ugo pozostaje ciep\u0142y i aromatyczny.<\/p>\n<h2>\u041e\u0442\u043a\u0440\u043e\u0439 \u0431\u043e\u043b\u044c\u0448\u0435<\/h2>\n<p>\u041f\u043e\u0441\u043c\u043e\u0442\u0440\u0438\u0442\u0435 \u0442\u0430\u043a\u0436\u0435 \u0434\u0440\u0443\u0433\u0438\u0435 <a href=\"https:\/\/teaeye.pl\/ru\/product-category\/%d0%bf%d1%83%d1%8d%d1%80\/shu-puer\/\">\u0448\u0443 \u043f\u0443\u044d\u0440\u044b<\/a> , \u0434\u043e\u0441\u0442\u0443\u043f\u043d\u044b\u0435 \u0432 \u043d\u0430\u0448\u0435\u043c \u043c\u0430\u0433\u0430\u0437\u0438\u043d\u0435. <a href=\"https:\/\/teaeye.pl\/ru\/%d0%bf%d1%80%d0%be%d0%b4%d1%83%d0%ba%d1%82-2\/menghai-xiao-beeng-cha-2018-9g\/\">\u041f\u0443\u044d\u0440 \u2013 \u041c\u044d\u043d\u0445\u0430\u0439 \u0421\u044f\u043e \u0411\u0438\u043d \u0427\u0430 2018, 9 \u0433<\/a> \u0438\u043b\u0438 <a href=\"https:\/\/teaeye.pl\/ru\/%d0%bf%d1%80%d0%be%d0%b4%d1%83%d0%ba%d1%82-2\/da-yi-lao-cha-tou-2021\/\">\u0414\u0430 \u0418 \u041b\u0430\u043e \u0427\u0430 \u0422\u043e\u0443 2021<\/a>.<br \/>\n\u0411\u043e\u043b\u044c\u0448\u0435 \u043e\u0431 \u0438\u0441\u0442\u043e\u0440\u0438\u0438 \u043f\u0443\u044d\u0440\u0430 \u043c\u043e\u0436\u043d\u043e \u043f\u0440\u043e\u0447\u0438\u0442\u0430\u0442\u044c \u0432 <a href=\"https:\/\/pl.wikipedia.org\/wiki\/Pu-erh\" target=\"_blank\" rel=\"noopener\">\u0412\u0438\u043a\u0438\u043f\u0435\u0434\u0438\u0438<\/a>.<\/p>","protected":false},"excerpt":{"rendered":"<p><strong>\u0428\u0443 \u041f\u0443\u044d\u0440 V93<\/strong>, \u0438\u0437\u0432\u0435\u0441\u0442\u043d\u044b\u0439 \u0441\u0432\u043e\u0438\u043c \u0432\u044b\u0441\u043e\u043a\u0438\u043c \u043a\u0430\u0447\u0435\u0441\u0442\u0432\u043e\u043c, \u0437\u0430\u043d\u0438\u043c\u0430\u0435\u0442 \u043e\u0441\u043e\u0431\u043e\u0435 \u043c\u0435\u0441\u0442\u043e \u0432 \u0441\u0435\u0440\u0434\u0446\u0430\u0445 \u0446\u0435\u043d\u0438\u0442\u0435\u043b\u0435\u0439 \u0447\u0430\u044f. \u041e\u043d \u0441\u0442\u0430\u043b \u0441\u0432\u043e\u0435\u043e\u0431\u0440\u0430\u0437\u043d\u044b\u043c \u044d\u0442\u0430\u043b\u043e\u043d\u043e\u043c \u0431\u043b\u0430\u0433\u043e\u0434\u0430\u0440\u044f \u0441\u0432\u043e\u0435\u043c\u0443 \u0431\u043b\u0430\u0433\u043e\u0440\u043e\u0434\u043d\u043e\u043c\u0443 \u0438 \u0433\u0430\u0440\u043c\u043e\u043d\u0438\u0447\u043d\u043e\u043c\u0443 \u0432\u043a\u0443\u0441\u0443. \u042d\u0442\u043e \u0438\u0434\u0435\u0430\u043b\u044c\u043d\u044b\u0439 \u0432\u044b\u0431\u043e\u0440 \u043a\u0430\u043a \u0434\u043b\u044f \u043d\u043e\u0432\u0438\u0447\u043a\u043e\u0432 \u0432 \u043c\u0438\u0440\u0435 \u043f\u0443\u044d\u0440\u0430, \u0442\u0430\u043a \u0438 \u0434\u043b\u044f \u0442\u0435\u0445, \u043a\u0442\u043e \u0438\u0449\u0435\u0442 \u0447\u0442\u043e-\u0442\u043e \u043e\u0441\u043e\u0431\u0435\u043d\u043d\u043e\u0435.<\/p>\n<p>\u041e\u0442\u043b\u0438\u0447\u043d\u043e \u043f\u043e\u0434\u0445\u043e\u0434\u0438\u0442 \u0434\u043b\u044f \u0443\u0442\u0440\u0435\u043d\u043d\u0435\u0433\u043e \u0447\u0430\u044f. \u041e\u043d \u043f\u0440\u0438\u0434\u0430\u0435\u0442 \u044d\u043d\u0435\u0440\u0433\u0438\u044e, \u043f\u043e\u043c\u043e\u0433\u0430\u0435\u0442 \u0438\u0437\u0431\u0430\u0432\u0438\u0442\u044c\u0441\u044f \u043e\u0442 \u0443\u0441\u0442\u0430\u043b\u043e\u0441\u0442\u0438 \u0438 \u0441\u043e\u043d\u043b\u0438\u0432\u043e\u0441\u0442\u0438, \u043d\u0430\u043f\u043e\u043b\u043d\u044f\u044f \u043f\u043e\u043b\u043e\u0436\u0438\u0442\u0435\u043b\u044c\u043d\u043e\u0439 \u044d\u043d\u0435\u0440\u0433\u0438\u0435\u0439 \u043d\u0430 \u0432\u0435\u0441\u044c \u0434\u0435\u043d\u044c.<\/p>","protected":false},"featured_media":9998,"comment_status":"open","ping_status":"closed","template":"","meta":[],"product_cat":[149,97,99,145],"product_tag":[],"class_list":{"0":"post-9997","1":"product","2":"type-product","3":"status-publish","4":"has-post-thumbnail","6":"product_cat-herbata","7":"product_cat-pu-erh","8":"product_cat-shu-puer","9":"product_cat-znizki","11":"first","12":"instock","13":"sale","14":"shipping-taxable","15":"purchasable","16":"product-type-variable","17":"has-default-attributes"},"aioseo_notices":[],"_links":{"self":[{"href":"https:\/\/teaeye.pl\/ru\/wp-json\/wp\/v2\/product\/9997","targetHints":{"allow":["GET"]}}],"collection":[{"href":"https:\/\/teaeye.pl\/ru\/wp-json\/wp\/v2\/product"}],"about":[{"href":"https:\/\/teaeye.pl\/ru\/wp-json\/wp\/v2\/types\/product"}],"replies":[{"embeddable":true,"href":"https:\/\/teaeye.pl\/ru\/wp-json\/wp\/v2\/comments?post=9997"}],"version-history":[{"count":10,"href":"https:\/\/teaeye.pl\/ru\/wp-json\/wp\/v2\/product\/9997\/revisions"}],"predecessor-version":[{"id":11985,"href":"https:\/\/teaeye.pl\/ru\/wp-json\/wp\/v2\/product\/9997\/revisions\/11985"}],"wp:featuredmedia":[{"embeddable":true,"href":"https:\/\/teaeye.pl\/ru\/wp-json\/wp\/v2\/media\/9998"}],"wp:attachment":[{"href":"https:\/\/teaeye.pl\/ru\/wp-json\/wp\/v2\/media?parent=9997"}],"wp:term":[{"taxonomy":"product_cat","embeddable":true,"href":"https:\/\/teaeye.pl\/ru\/wp-json\/wp\/v2\/product_cat?post=9997"},{"taxonomy":"product_tag","embeddable":true,"href":"https:\/\/teaeye.pl\/ru\/wp-json\/wp\/v2\/product_tag?post=9997"}],"curies":[{"name":"wp","href":"https:\/\/api.w.org\/{rel}","templated":true}]}}