{"id":180,"date":"2023-05-12T07:43:28","date_gmt":"2023-05-12T07:43:28","guid":{"rendered":"https:\/\/demo2wpopal.b-cdn.net\/teapoz\/?page_id=180"},"modified":"2025-09-14T17:36:29","modified_gmt":"2025-09-14T17:36:29","slug":"contact","status":"publish","type":"page","link":"https:\/\/teaeye.pl\/uk\/contact\/","title":{"rendered":"\u0417\u0432&#039;\u044f\u0436\u0456\u0442\u044c\u0441\u044f \u0437 \u043d\u0430\u043c\u0438"},"content":{"rendered":"<div data-elementor-type=\"wp-page\" data-elementor-id=\"180\" class=\"elementor elementor-180\">\n\t\t\t\t<div class=\"elementor-element elementor-element-26c1c4d e-flex e-con-boxed e-con e-parent\" data-id=\"26c1c4d\" data-element_type=\"container\" data-e-type=\"container\" data-settings=\"{&quot;background_background&quot;:&quot;classic&quot;}\">\n\t\t\t\t\t<div class=\"e-con-inner\">\n\t\t\t\t<div class=\"elementor-element elementor-element-effd85e elementor-widget elementor-widget-heading\" data-id=\"effd85e\" data-element_type=\"widget\" data-e-type=\"widget\" data-widget_type=\"heading.default\">\n\t\t\t\t<div class=\"elementor-widget-container\">\n\t\t\t\t\t<h2 class=\"elementor-heading-title elementor-size-default\">TEA EYE Ltd.<\/h2>\t\t\t\t<\/div>\n\t\t\t\t<\/div>\n\t\t<div class=\"elementor-element elementor-element-161f903 e-con-full e-flex e-con e-child\" data-id=\"161f903\" data-element_type=\"container\" data-e-type=\"container\" data-settings=\"{&quot;background_background&quot;:&quot;classic&quot;}\">\n\t\t<div class=\"elementor-element elementor-element-c6fdf45 e-con-full e-flex e-con e-child\" data-id=\"c6fdf45\" data-element_type=\"container\" data-e-type=\"container\" data-settings=\"{&quot;background_background&quot;:&quot;classic&quot;}\">\n\t\t\t\t<div class=\"elementor-element elementor-element-2ddc39a elementor-widget elementor-widget-heading\" data-id=\"2ddc39a\" data-element_type=\"widget\" data-e-type=\"widget\" data-widget_type=\"heading.default\">\n\t\t\t\t<div class=\"elementor-widget-container\">\n\t\t\t\t\t<h5 class=\"elementor-heading-title elementor-size-default\">\u041a\u043e\u043d\u0442\u0430\u043a\u0442<\/h5>\t\t\t\t<\/div>\n\t\t\t\t<\/div>\n\t\t\t\t<div class=\"elementor-element elementor-element-43d02c1 elementor-widget elementor-widget-text-editor\" data-id=\"43d02c1\" data-element_type=\"widget\" data-e-type=\"widget\" data-widget_type=\"text-editor.default\">\n\t\t\t\t<div class=\"elementor-widget-container\">\n\t\t\t\t\t\t\t\t\t<p><strong>Email:<\/strong>\u00a0teaeyepl@gmail.com<\/p><p><strong>Telefon:<\/strong> +48 880 711 183<\/p>\t\t\t\t\t\t\t\t<\/div>\n\t\t\t\t<\/div>\n\t\t\t\t<div class=\"elementor-element elementor-element-4106565 elementor-view-default elementor-widget elementor-widget-icon\" data-id=\"4106565\" data-element_type=\"widget\" data-e-type=\"widget\" data-widget_type=\"icon.default\">\n\t\t\t\t<div class=\"elementor-widget-container\">\n\t\t\t\t\t\t\t<div class=\"elementor-icon-wrapper\">\n\t\t\t<div class=\"elementor-icon\">\n\t\t\t<svg xmlns=\"http:\/\/www.w3.org\/2000\/svg\" width=\"107\" height=\"86\" viewbox=\"0 0 107 86\" fill=\"none\"><path d=\"M90.6667 8C95.0933 8 98.6667 11.5733 98.6667 16V69.3333C98.6667 73.76 95.0933 77.3333 90.6667 77.3333H16C11.5733 77.3333 8 73.76 8 69.3333V16C8 11.5733 11.5733 8 16 8H90.6667ZM90.6667 0H16C7.14667 0 0 7.14667 0 16V69.3333C0 78.1867 7.14667 85.3333 16 85.3333H90.6667C99.52 85.3333 106.667 78.1867 106.667 69.3333V16C106.667 7.14667 99.52 0 90.6667 0Z\" fill=\"#194A33\"><\/path><path d=\"M53.3333 48.8C49.4933 48.8 45.6 47.68 42.24 45.44L19.0933 30.0267C17.28 28.8 16.7467 26.2933 17.9733 24.48C19.2 22.6667 21.7067 22.1333 23.52 23.36L46.6667 38.7733C50.72 41.4933 55.9467 41.4933 60 38.7733L83.1467 23.36C84.96 22.1333 87.4667 22.6133 88.6933 24.48C89.92 26.3467 89.44 28.8 87.5733 30.0267L64.4267 45.44C61.0667 47.68 57.1733 48.8 53.3333 48.8Z\" fill=\"#8CBC4F\"><\/path><\/svg>\t\t\t<\/div>\n\t\t<\/div>\n\t\t\t\t\t\t<\/div>\n\t\t\t\t<\/div>\n\t\t\t\t<\/div>\n\t\t<div class=\"elementor-element elementor-element-379d0fe e-con-full e-flex e-con e-child\" data-id=\"379d0fe\" data-element_type=\"container\" data-e-type=\"container\" data-settings=\"{&quot;background_background&quot;:&quot;classic&quot;}\">\n\t\t\t\t<div class=\"elementor-element elementor-element-a89d955 elementor-widget elementor-widget-heading\" data-id=\"a89d955\" data-element_type=\"widget\" data-e-type=\"widget\" data-widget_type=\"heading.default\">\n\t\t\t\t<div class=\"elementor-widget-container\">\n\t\t\t\t\t<h5 class=\"elementor-heading-title elementor-size-default\">\u0413\u043e\u0434\u0438\u043d\u0438<\/h5>\t\t\t\t<\/div>\n\t\t\t\t<\/div>\n\t\t\t\t<div class=\"elementor-element elementor-element-181833c elementor-widget elementor-widget-text-editor\" data-id=\"181833c\" data-element_type=\"widget\" data-e-type=\"widget\" data-widget_type=\"text-editor.default\">\n\t\t\t\t<div class=\"elementor-widget-container\">\n\t\t\t\t\t\t\t\t\t<p><strong>Pn\u2013Pt:<\/strong> 11:00\u201319:00<br data-start=\"71\" data-end=\"74\" \/><strong>Sobota:<\/strong> 11:00\u201315:00<br data-start=\"93\" data-end=\"96\" data-is-only-node=\"\" \/><strong>Niedziela:<\/strong> zamkni\u0119te<\/p>\t\t\t\t\t\t\t\t<\/div>\n\t\t\t\t<\/div>\n\t\t\t\t<div class=\"elementor-element elementor-element-ef848b9 elementor-view-default elementor-widget elementor-widget-icon\" data-id=\"ef848b9\" data-element_type=\"widget\" data-e-type=\"widget\" data-widget_type=\"icon.default\">\n\t\t\t\t<div class=\"elementor-widget-container\">\n\t\t\t\t\t\t\t<div class=\"elementor-icon-wrapper\">\n\t\t\t<div class=\"elementor-icon\">\n\t\t\t<svg xmlns=\"http:\/\/www.w3.org\/2000\/svg\" width=\"107\" height=\"107\" viewbox=\"0 0 107 107\" fill=\"none\"><path d=\"M53.3333 8C78.3467 8 98.6667 28.32 98.6667 53.3333C98.6667 78.3467 78.3467 98.6667 53.3333 98.6667C28.32 98.6667 8 78.3467 8 53.3333C8 28.32 28.32 8 53.3333 8ZM53.3333 0C23.8933 0 0 23.8933 0 53.3333C0 82.7733 23.8933 106.667 53.3333 106.667C82.7733 106.667 106.667 82.7733 106.667 53.3333C106.667 23.8933 82.7733 0 53.3333 0Z\" fill=\"#194A33\"><\/path><path d=\"M40.16 70.5067C39.1467 70.5067 38.1333 70.1333 37.3333 69.3333C35.7867 67.7867 35.7867 65.2267 37.3333 63.68L49.3333 51.68V21.44C49.3333 19.2533 51.1467 17.44 53.3333 17.44C55.52 17.44 57.3333 19.2533 57.3333 21.44V53.3333C57.3333 54.4 56.9067 55.4133 56.16 56.16L42.9867 69.3333C42.1867 70.1333 41.1733 70.5067 40.16 70.5067Z\" fill=\"#8CBC4F\"><\/path><\/svg>\t\t\t<\/div>\n\t\t<\/div>\n\t\t\t\t\t\t<\/div>\n\t\t\t\t<\/div>\n\t\t\t\t<\/div>\n\t\t<div class=\"elementor-element elementor-element-7a543f1 e-con-full e-flex e-con e-child\" data-id=\"7a543f1\" data-element_type=\"container\" data-e-type=\"container\" data-settings=\"{&quot;background_background&quot;:&quot;classic&quot;}\">\n\t\t\t\t<div class=\"elementor-element elementor-element-606687c elementor-widget elementor-widget-heading\" data-id=\"606687c\" data-element_type=\"widget\" data-e-type=\"widget\" data-widget_type=\"heading.default\">\n\t\t\t\t<div class=\"elementor-widget-container\">\n\t\t\t\t\t<h5 class=\"elementor-heading-title elementor-size-default\">\u041c\u0456\u0441\u0446\u0435\u0437\u043d\u0430\u0445\u043e\u0434\u0436\u0435\u043d\u043d\u044f<\/h5>\t\t\t\t<\/div>\n\t\t\t\t<\/div>\n\t\t\t\t<div class=\"elementor-element elementor-element-6a93b0f elementor-widget elementor-widget-text-editor\" data-id=\"6a93b0f\" data-element_type=\"widget\" data-e-type=\"widget\" data-widget_type=\"text-editor.default\">\n\t\t\t\t<div class=\"elementor-widget-container\">\n\t\t\t\t\t\t\t\t\t<p>Targowa 33a, Lokal 2\u00a0<\/p><p>(Centrum Handlowe &#8211; Targowa)<\/p><p>00-712 Warszawa<\/p>\t\t\t\t\t\t\t\t<\/div>\n\t\t\t\t<\/div>\n\t\t\t\t<div class=\"elementor-element elementor-element-78e4ce5 elementor-view-default elementor-widget elementor-widget-icon\" data-id=\"78e4ce5\" data-element_type=\"widget\" data-e-type=\"widget\" data-widget_type=\"icon.default\">\n\t\t\t\t<div class=\"elementor-widget-container\">\n\t\t\t\t\t\t\t<div class=\"elementor-icon-wrapper\">\n\t\t\t<div class=\"elementor-icon\">\n\t\t\t<svg xmlns=\"http:\/\/www.w3.org\/2000\/svg\" width=\"86\" height=\"107\" viewbox=\"0 0 86 107\" fill=\"none\"><path d=\"M42.56 29.3333C48.4267 29.3333 53.2267 34.1333 53.2267 40C53.2267 45.8667 48.4267 50.6667 42.56 50.6667C36.6933 50.6667 31.8933 45.8667 31.8933 40C31.8933 34.1333 36.6933 29.3333 42.56 29.3333ZM42.56 21.3333C32.2667 21.3333 23.8933 29.7067 23.8933 40C23.8933 50.2933 32.2667 58.6667 42.56 58.6667C52.8533 58.6667 61.2267 50.2933 61.2267 40C61.2267 29.7067 52.8533 21.3333 42.56 21.3333Z\" fill=\"#8CBC4F\"><\/path><path d=\"M42.56 8C61.6533 8 77.12 23.52 77.12 42.56C77.12 56.1067 66.8267 75.0933 48.2133 96.0533C46.72 97.7067 44.7467 98.6133 42.56 98.6133C40.3733 98.6133 38.3467 97.7067 36.9067 96.0533C18.24 75.04 8 56.0533 8 42.56C8 23.4667 23.52 8 42.56 8ZM42.56 0C19.04 0 0 19.04 0 42.56C0 63.04 18.3467 87.2 30.9333 101.387C34.0267 104.907 38.2933 106.613 42.56 106.613C46.8267 106.613 51.0933 104.853 54.1867 101.387C66.7733 87.2 85.12 63.04 85.12 42.56C85.12 19.04 66.08 0 42.56 0Z\" fill=\"#194A33\"><\/path><\/svg>\t\t\t<\/div>\n\t\t<\/div>\n\t\t\t\t\t\t<\/div>\n\t\t\t\t<\/div>\n\t\t\t\t<\/div>\n\t\t\t\t<\/div>\n\t\t\t\t\t<\/div>\n\t\t\t\t<\/div>\n\t\t<div class=\"elementor-element elementor-element-8a53dc2 e-flex e-con-boxed e-con e-parent\" data-id=\"8a53dc2\" data-element_type=\"container\" data-e-type=\"container\">\n\t\t\t\t\t<div class=\"e-con-inner\">\n\t\t\t\t<div class=\"elementor-element elementor-element-cade092 elementor-widget elementor-widget-text-editor\" data-id=\"cade092\" data-element_type=\"widget\" data-e-type=\"widget\" data-widget_type=\"text-editor.default\">\n\t\t\t\t<div class=\"elementor-widget-container\">\n\t\t\t\t\t\t\t\t\t<iframe src=\"https:\/\/www.google.com\/maps\/embed?pb=!1m18!1m12!1m3!1d2442.622176662592!2d21.037077176549545!3d52.25024597199174!2m3!1f0!2f0!3f0!3m2!1i1024!2i768!4f13.1!3m3!1m2!1s0x471ecd4199d009cf%3A0xe19f5a773564b76d!2sTEA%20EYE%20Herbata%20%26%20Akcesoria!5e0!3m2!1sru!2spl!4v1749413611613!5m2!1sru!2spl\" width=\"600\" height=\"450\" style=\"border:0;\" allowfullscreen=\"\" loading=\"lazy\" referrerpolicy=\"no-referrer-when-downgrade\"><\/iframe>\t\t\t\t\t\t\t\t<\/div>\n\t\t\t\t<\/div>\n\t\t\t\t\t<\/div>\n\t\t\t\t<\/div>\n\t\t<div class=\"elementor-element elementor-element-f4b2d51 e-flex e-con-boxed e-con e-parent\" data-id=\"f4b2d51\" data-element_type=\"container\" data-e-type=\"container\">\n\t\t\t\t\t<div class=\"e-con-inner\">\n\t\t\t\t<div class=\"elementor-element elementor-element-f6b340d elementor-widget elementor-widget-heading\" data-id=\"f6b340d\" data-element_type=\"widget\" data-e-type=\"widget\" data-widget_type=\"heading.default\">\n\t\t\t\t<div class=\"elementor-widget-container\">\n\t\t\t\t\t<h2 class=\"elementor-heading-title elementor-size-default\">\u0417\u0430\u043b\u0438\u0448\u0442\u0435 \u043d\u0430\u043c \u043f\u043e\u0432\u0456\u0434\u043e\u043c\u043b\u0435\u043d\u043d\u044f<\/h2>\t\t\t\t<\/div>\n\t\t\t\t<\/div>\n\t\t\t\t<div class=\"elementor-element elementor-element-570895f elementor-widget elementor-widget-text-editor\" data-id=\"570895f\" data-element_type=\"widget\" data-e-type=\"widget\" data-widget_type=\"text-editor.default\">\n\t\t\t\t<div class=\"elementor-widget-container\">\n\t\t\t\t\t\t\t\t\t<p>Wype\u0142nij wszystkie informacje, aby skonsultowa\u0107 si\u0119 z nami i uzyska\u0107 od nas us\u0142ugi<\/p>\t\t\t\t\t\t\t\t<\/div>\n\t\t\t\t<\/div>\n\t\t\t\t<div class=\"elementor-element elementor-element-cc211d6 elementor-widget elementor-widget-teapoz-contactform\" data-id=\"cc211d6\" data-element_type=\"widget\" data-e-type=\"widget\" data-widget_type=\"teapoz-contactform.default\">\n\t\t\t\t<div class=\"elementor-widget-container\">\n\t\t\t\t\t\n<div class=\"wpcf7 no-js\" id=\"wpcf7-f6138-o1\" lang=\"en-US\" dir=\"ltr\" data-wpcf7-id=\"6138\">\n<div class=\"screen-reader-response\"><p role=\"status\" aria-live=\"polite\" aria-atomic=\"true\"><\/p> <ul><\/ul><\/div>\n<form action=\"\/uk\/wp-json\/wp\/v2\/pages\/180#wpcf7-f6138-o1\" method=\"post\" class=\"wpcf7-form init\" aria-label=\"Contact form\" novalidate=\"novalidate\" data-status=\"init\" data-trp-original-action=\"\/uk\/wp-json\/wp\/v2\/pages\/180#wpcf7-f6138-o1\">\n<fieldset class=\"hidden-fields-container\"><input type=\"hidden\" name=\"_wpcf7\" value=\"6138\" \/><input type=\"hidden\" name=\"_wpcf7_version\" value=\"6.1.5\" \/><input type=\"hidden\" name=\"_wpcf7_locale\" value=\"en_US\" \/><input type=\"hidden\" name=\"_wpcf7_unit_tag\" value=\"wpcf7-f6138-o1\" \/><input type=\"hidden\" name=\"_wpcf7_container_post\" value=\"0\" \/><input type=\"hidden\" name=\"_wpcf7_posted_data_hash\" value=\"\" \/>\n<\/fieldset>\n<div class=\"ct-form\">\n\t<div class=\"row\">\n\t\t<div class=\"column-12 column-tablet-12 column-desktop-12\">\n\t\t\t<p><span class=\"wpcf7-form-control-wrap\" data-name=\"your-name\"><input size=\"40\" maxlength=\"400\" class=\"wpcf7-form-control wpcf7-text wpcf7-validates-as-required\" aria-required=\"true\" aria-invalid=\"false\" placeholder=\"\u0406\u043c&#039;\u044f *\" value=\"\" type=\"text\" name=\"your-name\" \/><\/span>\n\t\t\t<\/p>\n\t\t<\/div>\n\t\t<div class=\"column-12 column-tablet-12 column-desktop-12\">\n\t\t\t<p><span class=\"wpcf7-form-control-wrap\" data-name=\"your-phone\"><input size=\"40\" maxlength=\"400\" class=\"wpcf7-form-control wpcf7-tel wpcf7-validates-as-required wpcf7-text wpcf7-validates-as-tel\" aria-required=\"true\" aria-invalid=\"false\" placeholder=\"\u0422\u0435\u043b\u0435\u0444\u043e\u043d.\" value=\"\" type=\"tel\" name=\"your-phone\" \/><\/span>\n\t\t\t<\/p>\n\t\t<\/div>\n\t\t<div class=\"column-12 column-tablet-12 column-desktop-12\">\n\t\t\t<p><span class=\"wpcf7-form-control-wrap\" data-name=\"your-email\"><input size=\"40\" maxlength=\"400\" class=\"wpcf7-form-control wpcf7-email wpcf7-validates-as-required wpcf7-text wpcf7-validates-as-email\" aria-required=\"true\" aria-invalid=\"false\" placeholder=\"\u0415\u043b\u0435\u043a\u0442\u0440\u043e\u043d\u043d\u0430 \u043f\u043e\u0448\u0442\u0430 * * \u0415\u043b\u0435\u043a\u0442\u0440\u043e\u043d\u043d\u0430 \u043f\u043e\u0448\u0442\u0430 * * \u0415\u043b\u0435\u043a\u0442\u0440\u043e\u043d\u043d\u0430 \u043f\u043e\u0448\u0442\u0430\" value=\"\" type=\"email\" name=\"your-email\" \/><\/span>\n\t\t\t<\/p>\n\t\t<\/div>\n\t\t<div class=\"column-12 column-tablet-12 column-desktop-12\">\n\t\t\t<p><span class=\"wpcf7-form-control-wrap\" data-name=\"your-message\"><textarea cols=\"40\" rows=\"5\" maxlength=\"2000\" class=\"wpcf7-form-control wpcf7-textarea\" aria-invalid=\"false\" placeholder=\"\u0412\u0432\u0435\u0434\u0456\u0442\u044c \u0441\u0432\u043e\u0454 \u043f\u043e\u0432\u0456\u0434\u043e\u043c\u043b\u0435\u043d\u043d\u044f...\" name=\"your-message\"><\/textarea><\/span>\n\t\t\t<\/p>\n\t\t<\/div>\n\t<\/div>\n\t<div class=\"wpcf7-button\">\n\t\t<p><button type=\"submit\" value=\"Submit Now\">\u041d\u0430\u0434\u0456\u0441\u043b\u0430\u0442\u0438<i class=\"teapoz-icon-arrow-right\"><\/i><\/button>\n\t\t<\/p>\n\t<\/div>\n<\/div><div class=\"wpcf7-response-output\" aria-hidden=\"true\"><\/div>\n<input type=\"hidden\" name=\"trp-form-language\" value=\"uk\"\/><\/form>\n<\/div>\n\t\t\t\t<\/div>\n\t\t\t\t<\/div>\n\t\t\t\t\t<\/div>\n\t\t\t\t<\/div>\n\t\t\t\t<\/div>","protected":false},"excerpt":{"rendered":"<p>TEA EYE Sp. Z O. O. Kontakt Email:\u00a0teaeyepl@gmail.com Telefon: +48 880 711 183 Godziny Pn\u2013Pt: 11:00\u201319:00Sobota: 11:00\u201315:00Niedziela: zamkni\u0119te Lokalizacja Targowa 33a, Lokal 2\u00a0 (Centrum Handlowe &#8211; Targowa) 00-712 Warszawa Zostaw nam wiadomo\u015b\u0107 Wype\u0142nij wszystkie informacje, aby skonsultowa\u0107 si\u0119 z nami i uzyska\u0107 od nas us\u0142ugi Wys\u0142a\u0107<\/p>","protected":false},"author":1,"featured_media":0,"parent":0,"menu_order":0,"comment_status":"closed","ping_status":"closed","template":"template-homepage.php","meta":{"footnotes":""},"class_list":["post-180","page","type-page","status-publish","hentry"],"aioseo_notices":[],"_links":{"self":[{"href":"https:\/\/teaeye.pl\/uk\/wp-json\/wp\/v2\/pages\/180","targetHints":{"allow":["GET"]}}],"collection":[{"href":"https:\/\/teaeye.pl\/uk\/wp-json\/wp\/v2\/pages"}],"about":[{"href":"https:\/\/teaeye.pl\/uk\/wp-json\/wp\/v2\/types\/page"}],"author":[{"embeddable":true,"href":"https:\/\/teaeye.pl\/uk\/wp-json\/wp\/v2\/users\/1"}],"replies":[{"embeddable":true,"href":"https:\/\/teaeye.pl\/uk\/wp-json\/wp\/v2\/comments?post=180"}],"version-history":[{"count":45,"href":"https:\/\/teaeye.pl\/uk\/wp-json\/wp\/v2\/pages\/180\/revisions"}],"predecessor-version":[{"id":14737,"href":"https:\/\/teaeye.pl\/uk\/wp-json\/wp\/v2\/pages\/180\/revisions\/14737"}],"wp:attachment":[{"href":"https:\/\/teaeye.pl\/uk\/wp-json\/wp\/v2\/media?parent=180"}],"curies":[{"name":"wp","href":"https:\/\/api.w.org\/{rel}","templated":true}]}}