{"id":6708,"date":"2024-05-09T06:13:10","date_gmt":"2024-05-09T06:13:10","guid":{"rendered":"https:\/\/teaeye.pl\/?page_id=6708"},"modified":"2025-05-08T21:12:57","modified_gmt":"2025-05-08T21:12:57","slug":"dostawa","status":"publish","type":"page","link":"https:\/\/teaeye.pl\/uk\/dostawa\/","title":{"rendered":"\u041f\u043e\u0441\u0442\u0430\u0432\u043a\u0430"},"content":{"rendered":"<div data-elementor-type=\"wp-page\" data-elementor-id=\"6708\" class=\"elementor elementor-6708\">\n\t\t\t\t<div class=\"elementor-element elementor-element-cf7ac0b e-flex e-con-boxed e-con e-parent\" data-id=\"cf7ac0b\" data-element_type=\"container\" data-e-type=\"container\">\n\t\t\t\t\t<div class=\"e-con-inner\">\n\t\t\t\t<div class=\"elementor-element elementor-element-36816e4 elementor-widget elementor-widget-text-editor\" data-id=\"36816e4\" data-element_type=\"widget\" data-e-type=\"widget\" data-widget_type=\"text-editor.default\">\n\t\t\t\t<div class=\"elementor-widget-container\">\n\t\t\t\t\t\t\t\t\t<p>Zam\u00f3wienia s\u0105 kompletowane i wysy\u0142ane w dniu zam\u00f3wienia, je\u015bli zam\u00f3wienie zosta\u0142o z\u0142o\u017cone od poniedzia\u0142ku do pi\u0105tku do godziny 17:00, w sobot\u0119 do godziny 14:00. W pozosta\u0142ych przypadkach zam\u00f3wienie zostanie wys\u0142ane nast\u0119pnego dnia. W przypadku dni wolnych od pracy lub \u015bwi\u0105t czas przygotowania i wysy\u0142ki zam\u00f3wienia mo\u017ce ulec zmianie.<br \/>Dostawa na terenie Polski odbywa si\u0119 za po\u015brednictwem <strong>paczkomatu InPost.<\/strong><br \/>Jest mo\u017cliwo\u015b\u0107 odbioru osobistego w naszym sklepie w Warszawie pod adresem <strong>ul. Targowa 33A, lokal 2 (centrum handlowe Targowa).<\/strong><\/p>\t\t\t\t\t\t\t\t<\/div>\n\t\t\t\t<\/div>\n\t\t\t\t\t<\/div>\n\t\t\t\t<\/div>\n\t\t\t\t<\/div>","protected":false},"excerpt":{"rendered":"<p>Zam\u00f3wienia s\u0105 kompletowane i wysy\u0142ane w dniu zam\u00f3wienia, je\u015bli zam\u00f3wienie zosta\u0142o z\u0142o\u017cone od poniedzia\u0142ku do pi\u0105tku do godziny 17:00, w sobot\u0119 do godziny 14:00. W pozosta\u0142ych przypadkach zam\u00f3wienie zostanie wys\u0142ane nast\u0119pnego dnia. W przypadku dni wolnych od pracy lub \u015bwi\u0105t czas przygotowania i wysy\u0142ki zam\u00f3wienia mo\u017ce ulec zmianie.Dostawa na terenie Polski odbywa si\u0119 za po\u015brednictwem [&hellip;]<\/p>\n","protected":false},"author":1,"featured_media":0,"parent":0,"menu_order":0,"comment_status":"closed","ping_status":"closed","template":"","meta":{"footnotes":""},"class_list":["post-6708","page","type-page","status-publish","hentry"],"aioseo_notices":[],"_links":{"self":[{"href":"https:\/\/teaeye.pl\/uk\/wp-json\/wp\/v2\/pages\/6708","targetHints":{"allow":["GET"]}}],"collection":[{"href":"https:\/\/teaeye.pl\/uk\/wp-json\/wp\/v2\/pages"}],"about":[{"href":"https:\/\/teaeye.pl\/uk\/wp-json\/wp\/v2\/types\/page"}],"author":[{"embeddable":true,"href":"https:\/\/teaeye.pl\/uk\/wp-json\/wp\/v2\/users\/1"}],"replies":[{"embeddable":true,"href":"https:\/\/teaeye.pl\/uk\/wp-json\/wp\/v2\/comments?post=6708"}],"version-history":[{"count":22,"href":"https:\/\/teaeye.pl\/uk\/wp-json\/wp\/v2\/pages\/6708\/revisions"}],"predecessor-version":[{"id":12289,"href":"https:\/\/teaeye.pl\/uk\/wp-json\/wp\/v2\/pages\/6708\/revisions\/12289"}],"wp:attachment":[{"href":"https:\/\/teaeye.pl\/uk\/wp-json\/wp\/v2\/media?parent=6708"}],"curies":[{"name":"wp","href":"https:\/\/api.w.org\/{rel}","templated":true}]}}