{"id":10392,"date":"2024-12-06T11:21:59","date_gmt":"2024-12-06T11:21:59","guid":{"rendered":"https:\/\/teaeye.pl\/?post_type=product&#038;p=10392"},"modified":"2026-01-24T00:47:17","modified_gmt":"2026-01-24T00:47:17","slug":"podstawka-na-kadzidelka-budda-reka","status":"publish","type":"product","link":"https:\/\/teaeye.pl\/uk\/product\/podstawka-na-kadzidelka-budda-reka\/","title":{"rendered":"Podstawka Na Kadzide\u0142ka Budda &#8211; R\u0119ka"},"content":{"rendered":"<ul>\n<li><strong>Materia\u0142<\/strong>: Imi\u00adtacja antycznego metalu (np. br\u0105z lub mied\u017a), z powierzchni\u0105 celowo postarzon\u0105, podkre\u015blaj\u0105c\u0105 jej vintage\u2019owy charakter.<\/li>\n<li><strong>Kolory<\/strong>: Dominuj\u0105 ciep\u0142e odcienie \u2013 br\u0105zowy, z\u0142otawy i ciemnobr\u0105zowy, z delikatn\u0105 patyn\u0105, kt\u00f3ra tworzy efekt staro\u017cytno\u015bci<\/li>\n<li>Podstawka jest kompaktowa, ale wystarczaj\u0105co masywna, by by\u0107 stabilna. Jej wyd\u0142u\u017cony kszta\u0142t doskonale nadaje si\u0119 do zbierania popio\u0142u w przypadku u\u017cywania kadzide\u0142ek w formie patyczk\u00f3w.<\/li>\n<li>25x7x11 (cm)<\/li>\n<\/ul>","protected":false},"excerpt":{"rendered":"<p>Podstawka na kadzid\u0142a wykonana jest w <strong>antycznym stylu<\/strong>, z elementami nadaj\u0105cymi jej wyszukany i harmonijny wygl\u0105d.<\/p>\n<p>W centralnej cz\u0119\u015bci kompozycji znajduje si\u0119 elegancka figura Buddy, symbolizuj\u0105cego spok\u00f3j i wewn\u0119trzn\u0105 harmoni\u0119. Budda siedzi w pozycji medytacyjnej, z wyrazem twarzy pe\u0142nym spokoju i zadumy. Detale jego szat s\u0105 starannie dopracowane.\u00a0Poni\u017cej Buddy wyci\u0105gni\u0119ta jest symboliczna d\u0142o\u0144, kt\u00f3ra mo\u017ce oznacza\u0107 b\u0142ogos\u0142awie\u0144stwo lub przekazywanie energii. D\u0142o\u0144 zosta\u0142a wykonana z naciskiem na p\u0142ynno\u015b\u0107 linii, a jej tekstura przypomina staro\u017cytny br\u0105z lub lekko przyciemniony metal, co daje wra\u017cenie artefaktu z przesz\u0142o\u015bci.\u00a0Na ko\u0144cu podstawki znajduje si\u0119 specjalne wg\u0142\u0119bienie, kt\u00f3re jest uniwersalne \u2013 nadaje si\u0119 zar\u00f3wno do umieszczenia kadzide\u0142ek w formie sto\u017ck\u00f3w, jak i ma\u0142ej \u015bwieczki. Dzi\u0119ki temu podstawka jest wielofunkcyjna i praktyczna.<\/p>\n<p>Ta podstawka to nie tylko praktyczny dodatek, ale r\u00f3wnie\u017c element dekoracyjny, kt\u00f3ry wprowadza atmosfer\u0119 spokoju i medytacji. Idealnie nadaje si\u0119 do stworzenia przytulnego klimatu w strefie jogi, medytacji lub po prostu relaksu.<\/p>","protected":false},"featured_media":10393,"comment_status":"open","ping_status":"closed","template":"","meta":[],"product_cat":[129,131,178,145],"product_tag":[],"class_list":{"0":"post-10392","1":"product","2":"type-product","3":"status-publish","4":"has-post-thumbnail","6":"product_cat-akcesoria","7":"product_cat-kadzidla","8":"product_cat-podstawki-pod-kadzidelka","9":"product_cat-znizki","11":"first","12":"instock","13":"sale","14":"shipping-taxable","15":"purchasable","16":"product-type-simple"},"aioseo_notices":[],"_links":{"self":[{"href":"https:\/\/teaeye.pl\/uk\/wp-json\/wp\/v2\/product\/10392","targetHints":{"allow":["GET"]}}],"collection":[{"href":"https:\/\/teaeye.pl\/uk\/wp-json\/wp\/v2\/product"}],"about":[{"href":"https:\/\/teaeye.pl\/uk\/wp-json\/wp\/v2\/types\/product"}],"replies":[{"embeddable":true,"href":"https:\/\/teaeye.pl\/uk\/wp-json\/wp\/v2\/comments?post=10392"}],"version-history":[{"count":1,"href":"https:\/\/teaeye.pl\/uk\/wp-json\/wp\/v2\/product\/10392\/revisions"}],"predecessor-version":[{"id":10396,"href":"https:\/\/teaeye.pl\/uk\/wp-json\/wp\/v2\/product\/10392\/revisions\/10396"}],"wp:featuredmedia":[{"embeddable":true,"href":"https:\/\/teaeye.pl\/uk\/wp-json\/wp\/v2\/media\/10393"}],"wp:attachment":[{"href":"https:\/\/teaeye.pl\/uk\/wp-json\/wp\/v2\/media?parent=10392"}],"wp:term":[{"taxonomy":"product_cat","embeddable":true,"href":"https:\/\/teaeye.pl\/uk\/wp-json\/wp\/v2\/product_cat?post=10392"},{"taxonomy":"product_tag","embeddable":true,"href":"https:\/\/teaeye.pl\/uk\/wp-json\/wp\/v2\/product_tag?post=10392"}],"curies":[{"name":"wp","href":"https:\/\/api.w.org\/{rel}","templated":true}]}}