{"id":10398,"date":"2024-12-06T12:54:29","date_gmt":"2024-12-06T12:54:29","guid":{"rendered":"https:\/\/teaeye.pl\/?post_type=product&#038;p=10398"},"modified":"2026-01-24T00:47:04","modified_gmt":"2026-01-24T00:47:04","slug":"podstawka-pod-kadzidelka-lisc-budda","status":"publish","type":"product","link":"https:\/\/teaeye.pl\/uk\/product\/podstawka-pod-kadzidelka-lisc-budda\/","title":{"rendered":"Podstawka pod Kadzide\u0142ka Li\u015b\u0107 &#8211; Budda"},"content":{"rendered":"<p>23&#215;5.5&#215;5 (cm)<\/p>","protected":false},"excerpt":{"rendered":"<div class=\"flex-shrink-0 flex flex-col relative items-end\">\n<div>\n<div class=\"pt-0\">\n<div class=\"gizmo-bot-avatar flex h-8 w-8 items-center justify-center overflow-hidden rounded-full\">\n<div class=\"relative p-1 rounded-sm flex items-center justify-center bg-token-main-surface-primary text-token-text-primary h-8 w-8\">Ta podstawka na kadzid\u0142a, wykonana z polerowanego aluminium i ozdobiona eleganck\u0105 figurk\u0105 Buddy, \u0142\u0105czy w sobie praktyczno\u015b\u0107 i estetyczny urok. B\u0119dzie nie tylko wygodnym akcesorium, ale tak\u017ce stylowym elementem dekoracyjnym, kt\u00f3ry inspiruje i tworzy atmosfer\u0119 harmonii.<\/div>\n<\/div>\n<\/div>\n<\/div>\n<\/div>","protected":false},"featured_media":10399,"comment_status":"open","ping_status":"closed","template":"","meta":[],"product_cat":[129,131,178],"product_tag":[],"class_list":{"0":"post-10398","1":"product","2":"type-product","3":"status-publish","4":"has-post-thumbnail","6":"product_cat-akcesoria","7":"product_cat-kadzidla","8":"product_cat-podstawki-pod-kadzidelka","10":"first","11":"outofstock","12":"shipping-taxable","13":"purchasable","14":"product-type-simple"},"aioseo_notices":[],"_links":{"self":[{"href":"https:\/\/teaeye.pl\/uk\/wp-json\/wp\/v2\/product\/10398","targetHints":{"allow":["GET"]}}],"collection":[{"href":"https:\/\/teaeye.pl\/uk\/wp-json\/wp\/v2\/product"}],"about":[{"href":"https:\/\/teaeye.pl\/uk\/wp-json\/wp\/v2\/types\/product"}],"replies":[{"embeddable":true,"href":"https:\/\/teaeye.pl\/uk\/wp-json\/wp\/v2\/comments?post=10398"}],"version-history":[{"count":1,"href":"https:\/\/teaeye.pl\/uk\/wp-json\/wp\/v2\/product\/10398\/revisions"}],"predecessor-version":[{"id":10401,"href":"https:\/\/teaeye.pl\/uk\/wp-json\/wp\/v2\/product\/10398\/revisions\/10401"}],"wp:featuredmedia":[{"embeddable":true,"href":"https:\/\/teaeye.pl\/uk\/wp-json\/wp\/v2\/media\/10399"}],"wp:attachment":[{"href":"https:\/\/teaeye.pl\/uk\/wp-json\/wp\/v2\/media?parent=10398"}],"wp:term":[{"taxonomy":"product_cat","embeddable":true,"href":"https:\/\/teaeye.pl\/uk\/wp-json\/wp\/v2\/product_cat?post=10398"},{"taxonomy":"product_tag","embeddable":true,"href":"https:\/\/teaeye.pl\/uk\/wp-json\/wp\/v2\/product_tag?post=10398"}],"curies":[{"name":"wp","href":"https:\/\/api.w.org\/{rel}","templated":true}]}}