{"id":10416,"date":"2024-12-06T13:27:15","date_gmt":"2024-12-06T13:27:15","guid":{"rendered":"https:\/\/teaeye.pl\/?post_type=product&#038;p=10416"},"modified":"2026-01-24T00:45:03","modified_gmt":"2026-01-24T00:45:03","slug":"kadzidelka-masala-namaste-mandala-nag-champa","status":"publish","type":"product","link":"https:\/\/teaeye.pl\/uk\/product\/kadzidelka-masala-namaste-mandala-nag-champa\/","title":{"rendered":"Kadzide\u0142ka Masala Namaste Mandala &#8211; Nag Champa"},"content":{"rendered":"","protected":false},"excerpt":{"rendered":"<p>Jedno opakowanie zawiera 15 g kadzide\u0142ek (oko\u0142o 12 patyczk\u00f3w).<\/p>\n<p>Otw\u00f3rz drzwi do duchowego uniesienia i g\u0142\u0119bokiego spokoju dzi\u0119ki kadzide\u0142kom Masala Namaste Mandala o zapachu Nag Champa. Wprowadz\u0105 do otoczenia Twoich klient\u00f3w mistyczn\u0105 aur\u0119, tworz\u0105c atmosfer\u0119 medytacyjnego wyciszenia i wewn\u0119trznej r\u00f3wnowagi.<\/p>\n<p>Zapach Nag Champa to po\u0142\u0105czenie egzotycznych kwiat\u00f3w i nut kadzid\u0142a, tworz\u0105ce magiczny aromat, kt\u00f3ry otula tajemnic\u0105 i odpr\u0119\u017ceniem. To doskona\u0142a propozycja dla tych, kt\u00f3rzy pragn\u0105 osi\u0105gn\u0105\u0107 duchow\u0105 g\u0142\u0119bi\u0119 i wewn\u0119trzny spok\u00f3j.<\/p>","protected":false},"featured_media":10420,"comment_status":"open","ping_status":"closed","template":"","meta":[],"product_cat":[129,177,131],"product_tag":[],"class_list":{"0":"post-10416","1":"product","2":"type-product","3":"status-publish","4":"has-post-thumbnail","6":"product_cat-akcesoria","7":"product_cat-kadzidelka","8":"product_cat-kadzidla","10":"first","11":"outofstock","12":"shipping-taxable","13":"purchasable","14":"product-type-simple"},"aioseo_notices":[],"_links":{"self":[{"href":"https:\/\/teaeye.pl\/uk\/wp-json\/wp\/v2\/product\/10416","targetHints":{"allow":["GET"]}}],"collection":[{"href":"https:\/\/teaeye.pl\/uk\/wp-json\/wp\/v2\/product"}],"about":[{"href":"https:\/\/teaeye.pl\/uk\/wp-json\/wp\/v2\/types\/product"}],"replies":[{"embeddable":true,"href":"https:\/\/teaeye.pl\/uk\/wp-json\/wp\/v2\/comments?post=10416"}],"version-history":[{"count":1,"href":"https:\/\/teaeye.pl\/uk\/wp-json\/wp\/v2\/product\/10416\/revisions"}],"predecessor-version":[{"id":10419,"href":"https:\/\/teaeye.pl\/uk\/wp-json\/wp\/v2\/product\/10416\/revisions\/10419"}],"wp:featuredmedia":[{"embeddable":true,"href":"https:\/\/teaeye.pl\/uk\/wp-json\/wp\/v2\/media\/10420"}],"wp:attachment":[{"href":"https:\/\/teaeye.pl\/uk\/wp-json\/wp\/v2\/media?parent=10416"}],"wp:term":[{"taxonomy":"product_cat","embeddable":true,"href":"https:\/\/teaeye.pl\/uk\/wp-json\/wp\/v2\/product_cat?post=10416"},{"taxonomy":"product_tag","embeddable":true,"href":"https:\/\/teaeye.pl\/uk\/wp-json\/wp\/v2\/product_tag?post=10416"}],"curies":[{"name":"wp","href":"https:\/\/api.w.org\/{rel}","templated":true}]}}