{"id":10421,"date":"2024-12-06T14:12:12","date_gmt":"2024-12-06T14:12:12","guid":{"rendered":"https:\/\/teaeye.pl\/?post_type=product&#038;p=10421"},"modified":"2026-03-12T00:14:37","modified_gmt":"2026-03-12T00:14:37","slug":"zestaw-z-kadzidelkami-himalajskimi-jalowiec","status":"publish","type":"product","link":"https:\/\/teaeye.pl\/uk\/product\/zestaw-z-kadzidelkami-himalajskimi-jalowiec\/","title":{"rendered":"Zestaw z Kadzide\u0142kami Himalajskimi &#8211; Ja\u0142owiec"},"content":{"rendered":"<h1>Zestaw z Kadzide\u0142kami Himalajskimi \u2013 Ja\u0142owiec<\/h1>\n<p><strong>Zestaw z Kadzide\u0142kami Himalajskimi \u2013 Ja\u0142owiec<\/strong> to wyj\u0105tkowa propozycja prezentowa inspirowana natur\u0105 i tradycj\u0105 Nepalu. R\u0119cznie wykonane kadzide\u0142ka przenosz\u0105 w \u015bwiat g\u00f3rskich aromat\u00f3w, a \u015bwie\u017cy, \u017cywiczny zapach ja\u0142owca tworzy atmosfer\u0119 spokoju, relaksu i kontaktu z natur\u0105. Ka\u017cdy zestaw zawiera ozdobne pude\u0142ko, drewnian\u0105 podstawk\u0119 i 30 patyczk\u00f3w gotowych do u\u017cycia.<\/p>\n<p>&nbsp;<\/p>\n<h2>Aromat i w\u0142a\u015bciwo\u015bci ja\u0142owca<\/h2>\n<p>Aromat ja\u0142owca od wiek\u00f3w towarzyszy\u0142 praktykom oczyszczaj\u0105cym i rytua\u0142om duchowym w Himalajach. Jego \u015bwie\u017cy, lekko \u017cywiczny zapach orze\u017awia zmys\u0142y, wspiera koncentracj\u0119 i dzia\u0142a relaksuj\u0105co. Zapalenie kadzide\u0142ka z ja\u0142owcem wprowadza atmosfer\u0119 czysto\u015bci i naturalnej harmonii w ka\u017cdym wn\u0119trzu.<\/p>\n<h2>Dzia\u0142anie Zestawu Himalajskiego \u2013 Ja\u0142owiec<\/h2>\n<p>Kadzide\u0142ka pomagaj\u0105 redukowa\u0107 napi\u0119cie, sprzyjaj\u0105 odpr\u0119\u017ceniu i wspieraj\u0105 stan medytacyjny. To doskona\u0142y wyb\u00f3r zar\u00f3wno do codziennego u\u017cytku w domu, jak i jako element praktyk duchowych, jogi czy aromaterapii. Zestaw upominkowy sprawdzi si\u0119 tak\u017ce jako wyj\u0105tkowy prezent dla bliskiej osoby ceni\u0105cej natur\u0119 i r\u0119kodzie\u0142o.<\/p>\n<h3>\u0420\u0435\u043a\u043e\u043c\u0435\u043d\u0434\u0443\u0454\u043c\u043e<\/h3>\n<p>\u041f\u0435\u0440\u0435\u0433\u043b\u044f\u043d\u044c \u0442\u0430\u043a\u043e\u0436 \u0456\u043d\u0448\u0456 <a href=\"https:\/\/teaeye.pl\/uk\/product-category\/akcesoria\/kadzidla\/\">kadzid\u0142a himalajskie<\/a> dost\u0119pne w naszej ofercie i znajd\u017a zapach idealnie dopasowany do Twojego nastroju i rytua\u0142\u00f3w.<\/p>","protected":false},"excerpt":{"rendered":"<div class=\"flex max-w-full flex-col flex-grow\">\n<div class=\"min-h-8 text-message flex w-full flex-col items-end gap-2 whitespace-normal break-words text-start [.text-message+&amp;]:mt-5\" dir=\"auto\" data-message-author-role=\"assistant\" data-message-id=\"aaa5a8f9-ff8e-495b-830b-81f5e1dc0485\" data-message-model-slug=\"gpt-4o\">\n<div class=\"flex w-full flex-col gap-1 empty:hidden first:pt-[3px]\">\n<div class=\"markdown prose w-full break-words dark:prose-invert light\">\n<p>Zestaw z Kadzide\u0142kami Himalajskimi \u2013 Ja\u0142owiec to r\u0119cznie wykonane w Nepalu kadzide\u0142ka o \u015bwie\u017cym, \u017cywicznym aromacie. W komplecie 30 patyczk\u00f3w i drewniana podstawka, zapakowane w ozdobne pude\u0142ko \u2013 gotowy prezent, kt\u00f3ry wprowadza do wn\u0119trza harmoni\u0119 i atmosfer\u0119 Himalaj\u00f3w.<\/p>\n<\/div>\n<\/div>\n<\/div>\n<\/div>\n","protected":false},"featured_media":10422,"comment_status":"open","ping_status":"closed","template":"","meta":[],"product_cat":[177,131],"product_tag":[],"class_list":{"0":"post-10421","1":"product","2":"type-product","3":"status-publish","4":"has-post-thumbnail","6":"product_cat-kadzidelka","7":"product_cat-kadzidla","9":"first","10":"outofstock","11":"shipping-taxable","12":"purchasable","13":"product-type-simple"},"aioseo_notices":[],"_links":{"self":[{"href":"https:\/\/teaeye.pl\/uk\/wp-json\/wp\/v2\/product\/10421","targetHints":{"allow":["GET"]}}],"collection":[{"href":"https:\/\/teaeye.pl\/uk\/wp-json\/wp\/v2\/product"}],"about":[{"href":"https:\/\/teaeye.pl\/uk\/wp-json\/wp\/v2\/types\/product"}],"replies":[{"embeddable":true,"href":"https:\/\/teaeye.pl\/uk\/wp-json\/wp\/v2\/comments?post=10421"}],"version-history":[{"count":3,"href":"https:\/\/teaeye.pl\/uk\/wp-json\/wp\/v2\/product\/10421\/revisions"}],"predecessor-version":[{"id":14627,"href":"https:\/\/teaeye.pl\/uk\/wp-json\/wp\/v2\/product\/10421\/revisions\/14627"}],"wp:featuredmedia":[{"embeddable":true,"href":"https:\/\/teaeye.pl\/uk\/wp-json\/wp\/v2\/media\/10422"}],"wp:attachment":[{"href":"https:\/\/teaeye.pl\/uk\/wp-json\/wp\/v2\/media?parent=10421"}],"wp:term":[{"taxonomy":"product_cat","embeddable":true,"href":"https:\/\/teaeye.pl\/uk\/wp-json\/wp\/v2\/product_cat?post=10421"},{"taxonomy":"product_tag","embeddable":true,"href":"https:\/\/teaeye.pl\/uk\/wp-json\/wp\/v2\/product_tag?post=10421"}],"curies":[{"name":"wp","href":"https:\/\/api.w.org\/{rel}","templated":true}]}}