{"id":10575,"date":"2024-12-19T10:20:01","date_gmt":"2024-12-19T10:20:01","guid":{"rendered":"https:\/\/teaeye.pl\/?post_type=product&#038;p=10575"},"modified":"2026-01-24T00:45:02","modified_gmt":"2026-01-24T00:45:02","slug":"zestaw-z-kadzidelkami-himalajskimi-swieta-bazylia","status":"publish","type":"product","link":"https:\/\/teaeye.pl\/uk\/product\/zestaw-z-kadzidelkami-himalajskimi-swieta-bazylia\/","title":{"rendered":"\u041d\u0430\u0431\u0456\u0440 \u0433\u0456\u043c\u0430\u043b\u0430\u0439\u0441\u044c\u043a\u0438\u0445 \u043f\u0430\u0445\u043e\u0449\u0456\u0432 - \u0421\u0432\u044f\u0442\u0438\u0439 \u0412\u0430\u0441\u0438\u043b\u0456\u0439"},"content":{"rendered":"","protected":false},"excerpt":{"rendered":"<p>Kadzide\u0142ka s\u0105 starannie zwijane r\u0119cznie przez rzemie\u015blnik\u00f3w z Nepalu. Aromat \u015bwi\u0119tej bazylii ma w\u0142a\u015bciwo\u015bci relaksuj\u0105ce i o\u017cywiaj\u0105ce.<\/p>\n<p>Zestaw zawiera drewnian\u0105 podstawk\u0119, kt\u00f3ra umo\u017cliwia wygodne umieszczenie kadzide\u0142ka podczas palenia, oraz 30 patyczk\u00f3w. Wszystkie elementy s\u0105 starannie zapakowane w dekoracyjne pude\u0142ka, dzi\u0119ki czemu zestaw jest gotowy do wr\u0119czenia zaraz po zakupie.<\/p>\n<p>\u041d\u0430\u0431\u0456\u0440 \u043c\u0456\u0441\u0442\u0438\u0442\u044c:<\/p>\n<ul>\n<li><strong>30 patyczk\u00f3w kadzide\u0142ek<\/strong>, kt\u00f3re doskonale nadaj\u0105 si\u0119 do medytacji, relaksu czy codziennego wyciszenia;<\/li>\n<li><strong>Drewnian\u0105 podstawk\u0119<\/strong>, idealn\u0105 do bezpiecznego palenia kadzide\u0142ek.<\/li>\n<\/ul>\n<p>Ca\u0142o\u015b\u0107 zosta\u0142a zapakowana w ozdobne pude\u0142ko, kt\u00f3re sprawia, \u017ce zestaw jest gotowy do wr\u0119czenia jako prezent na ka\u017cd\u0105 okazj\u0119 \u2013 bez dodatkowego pakowania.<\/p>\n<p>To doskona\u0142y wyb\u00f3r dla tych, kt\u00f3rzy szukaj\u0105 wyj\u0105tkowego sposobu na wyra\u017cenie wdzi\u0119czno\u015bci i stworzenie bliskim magicznej, naturalnej atmosfery.<\/p>","protected":false},"featured_media":10578,"comment_status":"open","ping_status":"closed","template":"","meta":[],"product_cat":[129,177,131,145],"product_tag":[],"class_list":{"0":"post-10575","1":"product","2":"type-product","3":"status-publish","4":"has-post-thumbnail","6":"product_cat-akcesoria","7":"product_cat-kadzidelka","8":"product_cat-kadzidla","9":"product_cat-znizki","11":"first","12":"outofstock","13":"shipping-taxable","14":"purchasable","15":"product-type-simple"},"aioseo_notices":[],"_links":{"self":[{"href":"https:\/\/teaeye.pl\/uk\/wp-json\/wp\/v2\/product\/10575","targetHints":{"allow":["GET"]}}],"collection":[{"href":"https:\/\/teaeye.pl\/uk\/wp-json\/wp\/v2\/product"}],"about":[{"href":"https:\/\/teaeye.pl\/uk\/wp-json\/wp\/v2\/types\/product"}],"replies":[{"embeddable":true,"href":"https:\/\/teaeye.pl\/uk\/wp-json\/wp\/v2\/comments?post=10575"}],"version-history":[{"count":1,"href":"https:\/\/teaeye.pl\/uk\/wp-json\/wp\/v2\/product\/10575\/revisions"}],"predecessor-version":[{"id":10580,"href":"https:\/\/teaeye.pl\/uk\/wp-json\/wp\/v2\/product\/10575\/revisions\/10580"}],"wp:featuredmedia":[{"embeddable":true,"href":"https:\/\/teaeye.pl\/uk\/wp-json\/wp\/v2\/media\/10578"}],"wp:attachment":[{"href":"https:\/\/teaeye.pl\/uk\/wp-json\/wp\/v2\/media?parent=10575"}],"wp:term":[{"taxonomy":"product_cat","embeddable":true,"href":"https:\/\/teaeye.pl\/uk\/wp-json\/wp\/v2\/product_cat?post=10575"},{"taxonomy":"product_tag","embeddable":true,"href":"https:\/\/teaeye.pl\/uk\/wp-json\/wp\/v2\/product_tag?post=10575"}],"curies":[{"name":"wp","href":"https:\/\/api.w.org\/{rel}","templated":true}]}}