{"id":10639,"date":"2025-01-02T15:31:53","date_gmt":"2025-01-02T15:31:53","guid":{"rendered":"https:\/\/teaeye.pl\/?post_type=product&#038;p=10639"},"modified":"2026-02-18T15:53:28","modified_gmt":"2026-02-18T15:53:28","slug":"hong-xi-qu","status":"publish","type":"product","link":"https:\/\/teaeye.pl\/uk\/product\/hong-xi-qu\/","title":{"rendered":"Hong Xi Qu"},"content":{"rendered":"<p><strong>Zaparzanie w spos\u00f3b przelewowy:<\/strong><\/p>\n<ul>\n<li>U\u017cywaj glinianych naczy\u0144 do herbat czerwonych, porcelany lub szk\u0142a.<\/li>\n<li>Temperatura wody: 95\u00b0C.<\/li>\n<li><strong>Proporcja: 1 kulka na 90-110 ml wody.<\/strong><\/li>\n<li>Zaparzaj przelewami z umiarkowanym czasem parzenia (30-40 sekund), stopniowo wyd\u0142u\u017caj\u0105c czas o 10-20 sekund przy ka\u017cdym kolejnym parzeniu.<\/li>\n<li>Herbata zachowuje sw\u00f3j smak przez 7-9 parze\u0144.<\/li>\n<\/ul>\n<p><strong>Pierwszy \u201etechniczny\u201d przelew warto trzyma\u0107 nieco d\u0142u\u017cej \u2014 oko\u0142o 20 sekund, aby kulka ca\u0142kowicie si\u0119 rozwin\u0119\u0142a.<\/strong><\/p>","protected":false},"excerpt":{"rendered":"<p>Hong Xi Qu, czyli \u201eJedwabna Kulka\u201d, to wyrafinowana czerwona herbata z Yunnanu, z regionu Lincan, w powiecie Fengxin. Do jej produkcji wykorzystano m\u0142ode p\u0105ki i li\u015bcie, starannie zwi\u0105zane w formie kulki za pomoc\u0105 nici u podstawy. Herbata przyci\u0105ga uwag\u0119 swoj\u0105 lekko\u015bci\u0105 i elegancj\u0105, \u0142\u0105cz\u0105c w sobie nuty czekolady, orzech\u00f3w i kwiat\u00f3w, co sprawia, \u017ce jest szczeg\u00f3lnie atrakcyjna dla mi\u0142o\u015bnik\u00f3w wyrafinowanych czerwonych herbat.<\/p>\n<p>Po zaparzeniu herbata ujawnia swoje liczne warstwy aromatu i smaku. Suche li\u015bcie maj\u0105 delikatny, s\u0142odkawy zapach z nutami czekolady i kwiat\u00f3w. Po zalaniu gor\u0105c\u0105 wod\u0105, napar nabiera bursztynowego koloru, kt\u00f3ry stopniowo przechodzi w odcienie czerwieni, tworz\u0105c przyjemn\u0105 atmosfer\u0119.<\/p>\n<p>Smak herbaty jest delikatny i kremowy, z p\u0142ynnie rosn\u0105c\u0105 g\u0119sto\u015bci\u0105 w miar\u0119 parzenia. S\u0142odkawy, z lekkimi akcentami orzech\u00f3w i owoc\u00f3w, wprowadza poczucie ciep\u0142a i komfortu. Bukiet herbaty rozwija si\u0119 w harmonii nut czekolady, drewna i s\u0142odyczy, z delikatnymi kwiatowymi akcentami i posmakiem miodu. Posmak jest delikatny, s\u0142odkawy, z lekk\u0105 kwaskowato\u015bci\u0105 i przyjemn\u0105 t\u0142usto\u015bci\u0105.<\/p>\n<p>\u201eJedwabna Kulka\u201d to idealna herbata na spokojne popo\u0142udniowe parzenie. Jest \u0142atwa do zaparzenia i doskonale smakuje zar\u00f3wno w szklanej, jak i porcelanowej czy glinianej fili\u017cance. Jej charakterystyczna forma kulki, kt\u00f3ra rozwija si\u0119 podczas parzenia w co\u015b przypominaj\u0105cego kwiat, dodaje herbacie wizualnego uroku.<\/p>\n<p>Wp\u0142yw herbaty jest \u0142agodny: delikatnie tonizuje, ale nie za mocno, pomaga nastawi\u0107 si\u0119 na pozytywne my\u015blenie, niweluj\u0105c zm\u0119czenie i relaksuj\u0105c. To idealna herbata dla tych, kt\u00f3rzy ceni\u0105 lekko\u015b\u0107 i wyrafinowanie w napojach.<\/p>\n<p><strong>Jedna kulka wa\u017cy oko\u0142o 4-5 gram\u00f3w.<\/strong><\/p>","protected":false},"featured_media":10640,"comment_status":"open","ping_status":"closed","template":"","meta":[],"product_cat":[120],"product_tag":[],"class_list":{"0":"post-10639","1":"product","2":"type-product","3":"status-publish","4":"has-post-thumbnail","6":"product_cat-czerwona-herbata","8":"first","9":"outofstock","10":"shipping-taxable","11":"purchasable","12":"product-type-variable"},"aioseo_notices":[],"_links":{"self":[{"href":"https:\/\/teaeye.pl\/uk\/wp-json\/wp\/v2\/product\/10639","targetHints":{"allow":["GET"]}}],"collection":[{"href":"https:\/\/teaeye.pl\/uk\/wp-json\/wp\/v2\/product"}],"about":[{"href":"https:\/\/teaeye.pl\/uk\/wp-json\/wp\/v2\/types\/product"}],"replies":[{"embeddable":true,"href":"https:\/\/teaeye.pl\/uk\/wp-json\/wp\/v2\/comments?post=10639"}],"version-history":[{"count":1,"href":"https:\/\/teaeye.pl\/uk\/wp-json\/wp\/v2\/product\/10639\/revisions"}],"predecessor-version":[{"id":10645,"href":"https:\/\/teaeye.pl\/uk\/wp-json\/wp\/v2\/product\/10639\/revisions\/10645"}],"wp:featuredmedia":[{"embeddable":true,"href":"https:\/\/teaeye.pl\/uk\/wp-json\/wp\/v2\/media\/10640"}],"wp:attachment":[{"href":"https:\/\/teaeye.pl\/uk\/wp-json\/wp\/v2\/media?parent=10639"}],"wp:term":[{"taxonomy":"product_cat","embeddable":true,"href":"https:\/\/teaeye.pl\/uk\/wp-json\/wp\/v2\/product_cat?post=10639"},{"taxonomy":"product_tag","embeddable":true,"href":"https:\/\/teaeye.pl\/uk\/wp-json\/wp\/v2\/product_tag?post=10639"}],"curies":[{"name":"wp","href":"https:\/\/api.w.org\/{rel}","templated":true}]}}