{"id":10884,"date":"2025-01-15T11:11:36","date_gmt":"2025-01-15T11:11:36","guid":{"rendered":"https:\/\/teaeye.pl\/?post_type=product&#038;p=10884"},"modified":"2025-10-02T09:35:53","modified_gmt":"2025-10-02T09:35:53","slug":"bai-hao-yin-zhen-puszka-50g","status":"publish","type":"product","link":"https:\/\/teaeye.pl\/uk\/product\/bai-hao-yin-zhen-puszka-50g\/","title":{"rendered":"\u0411\u0430\u0439 \u0425\u0430\u043e \u0406\u043d\u044c \u0427\u0436\u0435\u043d\u044c, \u0431\u0430\u043d\u043a\u0430 50 \u0433"},"content":{"rendered":"<h1>\u0411\u0430\u0439 \u0425\u0430\u043e \u0406\u043d\u044c \u0427\u0436\u0435\u043d\u044c \u2013 \u00ab\u0421\u0440\u0456\u0431\u043d\u0456 \u0413\u043e\u043b\u043a\u0438\u00bb \u0432 \u0433\u0435\u0440\u043c\u0435\u0442\u0438\u0447\u043d\u0456\u0439 \u0431\u0430\u043d\u0446\u0456 50 \u0433<\/h1>\n<p><a href=\"https:\/\/en.wikipedia.org\/wiki\/Baihao_Yinzhen\"><strong>\u0411\u0430\u0439 \u0425\u0430\u043e \u0406\u043d\u044c \u0427\u0436\u0435\u043d\u044c<\/strong><\/a>, \u0432\u0456\u0434\u043e\u043c\u0430 \u044f\u043a \u00ab\u0421\u0440\u0456\u0431\u043d\u0456 \u0413\u043e\u043b\u043a\u0438\u00bb, \u2014 \u0446\u0435 \u043d\u0430\u0439\u0446\u0456\u043d\u043d\u0456\u0448\u0438\u0439 \u0431\u0456\u043b\u0438\u0439 \u0447\u0430\u0439 \u0456\u0437 \u0424\u0443\u0434\u0456\u043d\u0430 \u0432 \u043f\u0440\u043e\u0432\u0456\u043d\u0446\u0456\u0457 \u0424\u0443\u0446\u0437\u044f\u043d\u044c. \u0412\u0456\u043d \u0432\u0438\u0433\u043e\u0442\u043e\u0432\u043b\u044f\u0454\u0442\u044c\u0441\u044f \u0432\u0438\u043a\u043b\u044e\u0447\u043d\u043e \u0437 \u043c\u043e\u043b\u043e\u0434\u0438\u0445, \u043d\u0435\u0440\u043e\u0437\u043a\u0440\u0438\u0442\u0438\u0445 \u0431\u0440\u0443\u043d\u044c\u043e\u043a, \u0432\u043a\u0440\u0438\u0442\u0438\u0445 \u0441\u0440\u0456\u0431\u043b\u044f\u0441\u0442\u0438\u043c \u043f\u0443\u0448\u043a\u043e\u043c, \u044f\u043a\u0456 \u0437\u0431\u0438\u0440\u0430\u044e\u0442\u044c \u0432\u0440\u0443\u0447\u043d\u0443 \u0440\u0430\u043d\u043d\u044c\u043e\u044e \u0432\u0435\u0441\u043d\u043e\u044e. \u0412\u0432\u0430\u0436\u0430\u0454\u0442\u044c\u0441\u044f \u043d\u0430\u0439\u0432\u0438\u0449\u0438\u043c \u0434\u043e\u0441\u044f\u0433\u043d\u0435\u043d\u043d\u044f\u043c \u0443 \u043a\u0430\u0442\u0435\u0433\u043e\u0440\u0456\u0457 \u0431\u0456\u043b\u0438\u0445 \u0447\u0430\u0457\u0432.<\/p>\n<p><a href=\"https:\/\/teaeye.pl\/wp-content\/uploads\/2025\/01\/BHYZ1.jpg\"><img fetchpriority=\"high\" decoding=\"async\" class=\"alignnone wp-image-10617\" src=\"https:\/\/teaeye.pl\/wp-content\/uploads\/2025\/01\/BHYZ1-300x219.jpg\" alt=\"\u0411\u0430\u0439 \u0425\u0430\u043e \u0406\u043d \u0427\u0436\u0435\u043d\u044c\" width=\"573\" height=\"418\" srcset=\"https:\/\/teaeye.pl\/wp-content\/uploads\/2025\/01\/BHYZ1-300x219.jpg 300w, https:\/\/teaeye.pl\/wp-content\/uploads\/2025\/01\/BHYZ1-1024x748.jpg 1024w, https:\/\/teaeye.pl\/wp-content\/uploads\/2025\/01\/BHYZ1-768x561.jpg 768w, https:\/\/teaeye.pl\/wp-content\/uploads\/2025\/01\/BHYZ1-600x438.jpg 600w, https:\/\/teaeye.pl\/wp-content\/uploads\/2025\/01\/BHYZ1-850x621.jpg 850w, https:\/\/teaeye.pl\/wp-content\/uploads\/2025\/01\/BHYZ1.jpg 1170w\" sizes=\"(max-width: 573px) 100vw, 573px\" \/><\/a><\/p>\n<h2>Wygl\u0105d i wyj\u0105tkowo\u015b\u0107 Bai Hao Yin Zhen<\/h2>\n<p>Susz tej herbaty przypomina miniaturowe igie\u0142ki w odcieniach srebra, szaro\u015bci i oliwki. Wygl\u0105da niezwykle estetycznie i od razu zdradza swoj\u0105 klas\u0119. Bai Hao Yin Zhen nazywana jest cz\u0119sto herbat\u0105 o \u201eczystej duszy\u201d \u2014 jej aromat i smak s\u0105 lekkie, ale jednocze\u015bnie g\u0142\u0119bokie.<\/p>\n<p><a href=\"https:\/\/teaeye.pl\/wp-content\/uploads\/2025\/01\/BHYZ2.jpg\"><img decoding=\"async\" class=\"alignnone wp-image-10618\" src=\"https:\/\/teaeye.pl\/wp-content\/uploads\/2025\/01\/BHYZ2-300x219.jpg\" alt=\"\u0411\u0430\u0439 \u0425\u0430\u043e \u0406\u043d \u0427\u0436\u0435\u043d\u044c\" width=\"579\" height=\"423\" srcset=\"https:\/\/teaeye.pl\/wp-content\/uploads\/2025\/01\/BHYZ2-300x219.jpg 300w, https:\/\/teaeye.pl\/wp-content\/uploads\/2025\/01\/BHYZ2-1024x748.jpg 1024w, https:\/\/teaeye.pl\/wp-content\/uploads\/2025\/01\/BHYZ2-768x561.jpg 768w, https:\/\/teaeye.pl\/wp-content\/uploads\/2025\/01\/BHYZ2-600x438.jpg 600w, https:\/\/teaeye.pl\/wp-content\/uploads\/2025\/01\/BHYZ2-850x621.jpg 850w, https:\/\/teaeye.pl\/wp-content\/uploads\/2025\/01\/BHYZ2.jpg 1170w\" sizes=\"(max-width: 579px) 100vw, 579px\" \/><\/a><\/p>\n<h2>\u0421\u043c\u0430\u043a \u0456 \u0430\u0440\u043e\u043c\u0430\u0442 \u0411\u0430\u0439 \u0425\u0430\u043e \u0406\u043d\u044c \u0427\u0436\u0435\u043d\u044c<\/h2>\n<p>\u041f\u0456\u0441\u043b\u044f \u0437\u0430\u0432\u0430\u0440\u044e\u0432\u0430\u043d\u043d\u044f \u043d\u0430\u0441\u0442\u0456\u0439 \u0441\u0442\u0430\u0454 \u0441\u0432\u0456\u0442\u043b\u0438\u043c, \u0437\u043e\u043b\u043e\u0442\u0430\u0432\u0438\u043c \u0456 \u043f\u0440\u043e\u0437\u043e\u0440\u0438\u043c. \u0412 \u0430\u0440\u043e\u043c\u0430\u0442\u0456 \u0434\u043e\u043c\u0456\u043d\u0443\u044e\u0442\u044c \u043d\u043e\u0442\u0438 \u0441\u0432\u0456\u0436\u0438\u0445 \u043a\u0432\u0456\u0442\u0456\u0432, \u0446\u0438\u0442\u0440\u0443\u0441\u043e\u0432\u0438\u0445 \u0456 \u043b\u0435\u0433\u043a\u043e\u0457 \u0442\u0440\u0430\u0432\u2019\u044f\u043d\u0438\u0441\u0442\u043e\u0441\u0442\u0456, \u043f\u0435\u0440\u0435\u043f\u043b\u0435\u0442\u0435\u043d\u0456 \u0437 \u0442\u043e\u043d\u043a\u043e\u044e \u043c\u0456\u043d\u0435\u0440\u0430\u043b\u044c\u043d\u0456\u0441\u0442\u044e. \u0421\u043c\u0430\u043a \u043c\u2019\u044f\u043a\u0438\u0439, \u043e\u043a\u0441\u0430\u043c\u0438\u0442\u043e\u0432\u0438\u0439 \u0456 \u0447\u0438\u0441\u0442\u0438\u0439, \u0437 \u0432\u0456\u0434\u0442\u0456\u043d\u043a\u0430\u043c\u0438 \u043c\u0435\u0434\u0443, \u0431\u0456\u043b\u0438\u0445 \u043a\u0432\u0456\u0442\u0456\u0432 \u0442\u0430 \u0441\u0456\u043d\u0430. \u0424\u0456\u043d\u0456\u0448 \u0437\u0430\u043b\u0438\u0448\u0430\u0454\u0442\u044c\u0441\u044f \u0446\u0438\u0442\u0440\u0443\u0441\u043e\u0432\u0438\u043c, \u043e\u0441\u0432\u0456\u0436\u0430\u044e\u0447\u0438\u043c \u0456 \u0442\u0440\u0438\u0432\u0430\u043b\u0438\u043c.<\/p>\n<h2>\u0413\u0435\u0440\u043c\u0435\u0442\u0438\u0447\u043d\u0430 \u0431\u0430\u043d\u043a\u0430 \u2013 \u0433\u0430\u0440\u0430\u043d\u0442\u0456\u044f \u0441\u0432\u0456\u0436\u043e\u0441\u0442\u0456<\/h2>\n<p>\u0427\u0430\u0439 \u0444\u0430\u0441\u0443\u0454\u0442\u044c\u0441\u044f \u0432 \u0433\u0435\u0440\u043c\u0435\u0442\u0438\u0447\u043d\u0443 \u0431\u0430\u043d\u043a\u0443 50 \u0433, \u044f\u043a\u0430 \u0437\u0430\u0445\u0438\u0449\u0430\u0454 \u043b\u0438\u0441\u0442\u044f \u0432\u0456\u0434 \u0432\u043e\u043b\u043e\u0433\u0438, \u0441\u0432\u0456\u0442\u043b\u0430 \u0442\u0430 \u0432\u0442\u0440\u0430\u0442\u0438 \u0430\u0440\u043e\u043c\u0430\u0442\u0443. \u0417\u0430\u0432\u0434\u044f\u043a\u0438 \u0446\u044c\u043e\u043c\u0443 \u0411\u0430\u0439 \u0425\u0430\u043e \u0406\u043d\u044c \u0427\u0436\u0435\u043d\u044c \u0437\u0431\u0435\u0440\u0456\u0433\u0430\u0454 \u0441\u0432\u043e\u0457 \u0432\u0438\u043d\u044f\u0442\u043a\u043e\u0432\u0456 \u0441\u043c\u0430\u043a\u043e\u0432\u0456 \u0439 \u0430\u0440\u043e\u043c\u0430\u0442\u0438\u0447\u043d\u0456 \u0432\u043b\u0430\u0441\u0442\u0438\u0432\u043e\u0441\u0442\u0456 \u043f\u0440\u043e\u0442\u044f\u0433\u043e\u043c \u0442\u0440\u0438\u0432\u0430\u043b\u043e\u0433\u043e \u0447\u0430\u0441\u0443. \u0426\u0435 \u0456\u0434\u0435\u0430\u043b\u044c\u043d\u0435 \u0440\u0456\u0448\u0435\u043d\u043d\u044f \u0434\u043b\u044f \u0442\u0438\u0445, \u0445\u0442\u043e \u0446\u0456\u043d\u0443\u0454 \u0434\u043e\u0432\u0433\u043e\u0432\u0456\u0447\u043d\u0456\u0441\u0442\u044c \u0456 \u044f\u043a\u0456\u0441\u0442\u044c \u0447\u0430\u044e.<\/p>\n<h2>\u0417\u0430\u0432\u0430\u0440\u044e\u0432\u0430\u043d\u043d\u044f \u0442\u0430 \u0434\u0456\u044f<\/h2>\n<p>\u0411\u0430\u0439 \u0425\u0430\u043e \u0406\u043d\u044c \u0427\u0436\u0435\u043d\u044c \u043f\u0456\u0434\u0445\u043e\u0434\u0438\u0442\u044c \u044f\u043a \u0434\u043b\u044f \u0433\u0443\u043d\u0444\u0443 \u0447\u0430, \u0442\u0430\u043a \u0456 \u0434\u043b\u044f \u0441\u043f\u043e\u043a\u0456\u0439\u043d\u043e\u0433\u043e \u0447\u0430\u044e\u0432\u0430\u043d\u043d\u044f \u043f\u0440\u043e\u0442\u044f\u0433\u043e\u043c \u0434\u043d\u044f. \u041b\u0438\u0441\u0442\u044f \u043c\u043e\u0436\u043d\u0430 \u0437\u0430\u0432\u0430\u0440\u044e\u0432\u0430\u0442\u0438 \u0431\u0430\u0433\u0430\u0442\u043e\u0440\u0430\u0437\u043e\u0432\u043e, \u0456 \u0437 \u043a\u043e\u0436\u043d\u0438\u043c \u043f\u0440\u043e\u043b\u0438\u0432\u043e\u043c \u0432\u043e\u043d\u0438 \u0440\u043e\u0437\u043a\u0440\u0438\u0432\u0430\u044e\u0442\u044c \u043d\u043e\u0432\u0456 \u0448\u0430\u0440\u0438 \u0441\u043c\u0430\u043a\u0443 \u0442\u0430 \u0430\u0440\u043e\u043c\u0430\u0442\u0443. \u0427\u0430\u0439 \u043f\u0440\u043e\u044f\u0441\u043d\u044e\u0454 \u0440\u043e\u0437\u0443\u043c, \u043f\u0456\u0434\u0442\u0440\u0438\u043c\u0443\u0454 \u043a\u043e\u043d\u0446\u0435\u043d\u0442\u0440\u0430\u0446\u0456\u044e \u0442\u0430 \u0434\u0430\u0440\u0443\u0454 \u0433\u0430\u0440\u043c\u043e\u043d\u0456\u044e \u2014 \u0456\u0434\u0435\u0430\u043b\u044c\u043d\u0438\u0439 \u0434\u043b\u044f \u0440\u0430\u043d\u043a\u0456\u0432, \u043c\u0435\u0434\u0438\u0442\u0430\u0446\u0456\u0439 \u0456 \u0432\u0435\u0447\u0456\u0440\u043d\u0456\u0445 \u0445\u0432\u0438\u043b\u0438\u043d \u0440\u043e\u0437\u0434\u0443\u043c\u0456\u0432.<\/p>\n<h2>\u0412\u0456\u0434\u043a\u0440\u0438\u0439 \u0431\u0456\u043b\u044c\u0448\u0435<\/h2>\n<p>\u0412\u0456\u0434\u043a\u0440\u0438\u0439 \u0442\u0430\u043a\u043e\u0436 \u0456\u043d\u0448\u0456 <a href=\"https:\/\/teaeye.pl\/uk\/product-category\/biala-herbata\/\">\u0431\u0456\u043b\u0456 \u0447\u0430\u0457<\/a> \u0442\u0430 <a href=\"https:\/\/teaeye.pl\/uk\/product-category\/lao-cha-dojrzewajaca\/\">\u0432\u0438\u0442\u0440\u0438\u043c\u0430\u043d\u0456 \u043a\u043b\u0430\u0441\u0438\u043a\u0438<\/a>, \u0449\u043e\u0431 \u0440\u043e\u0437\u0448\u0438\u0440\u0438\u0442\u0438 \u0441\u0432\u0456\u0439 \u0447\u0430\u0439\u043d\u0438\u0439 \u0434\u043e\u0441\u0432\u0456\u0434.<\/p>","protected":false},"excerpt":{"rendered":"<p>\u0411\u0430\u0439 \u0425\u0430\u043e \u0406\u043d\u044c \u0427\u0436\u0435\u043d\u044c, \u0430\u0431\u043e \u00ab\u0421\u0440\u0456\u0431\u043d\u0456 \u0413\u043e\u043b\u043a\u0438\u00bb, \u2014 \u0446\u0435 \u043d\u0430\u0439\u0432\u0456\u0434\u043e\u043c\u0456\u0448\u0438\u0439 \u0431\u0456\u043b\u0438\u0439 \u0447\u0430\u0439 \u0456\u0437 \u0424\u0443\u0434\u0456\u043d\u0430 (\u0424\u0443\u0446\u0437\u044f\u043d\u044c). \u0417\u0456\u0431\u0440\u0430\u043d\u0438\u0439 \u0440\u0430\u043d\u043d\u044c\u043e\u044e \u0432\u0435\u0441\u043d\u043e\u044e \u0437 \u043c\u043e\u043b\u043e\u0434\u0438\u0445 \u0431\u0440\u0443\u043d\u044c\u043e\u043a, \u0432\u0456\u043d \u0434\u0430\u0440\u0443\u0454 \u043d\u0456\u0436\u043d\u0438\u0439 \u0441\u043c\u0430\u043a \u043a\u0432\u0456\u0442\u0456\u0432, \u043c\u0435\u0434\u0443 \u0442\u0430 \u0446\u0438\u0442\u0440\u0443\u0441\u043e\u0432\u0438\u0445. \u0412\u0435\u0440\u0441\u0456\u044f \u0432 \u0433\u0435\u0440\u043c\u0435\u0442\u0438\u0447\u043d\u0456\u0439 \u0431\u0430\u043d\u0446\u0456 50 \u0433 \u0433\u0430\u0440\u0430\u043d\u0442\u0443\u0454 \u0441\u0432\u0456\u0436\u0456\u0441\u0442\u044c \u0456 \u0437\u0431\u0435\u0440\u0435\u0436\u0435\u043d\u043d\u044f \u0430\u0440\u043e\u043c\u0430\u0442\u0443 \u043d\u0430\u0434\u043e\u0432\u0433\u043e.<\/p>","protected":false},"featured_media":10885,"comment_status":"open","ping_status":"closed","template":"","meta":[],"product_cat":[118,145],"product_tag":[],"class_list":{"0":"post-10884","1":"product","2":"type-product","3":"status-publish","4":"has-post-thumbnail","6":"product_cat-biala-herbata","7":"product_cat-znizki","9":"first","10":"outofstock","11":"shipping-taxable","12":"purchasable","13":"product-type-simple"},"aioseo_notices":[],"_links":{"self":[{"href":"https:\/\/teaeye.pl\/uk\/wp-json\/wp\/v2\/product\/10884","targetHints":{"allow":["GET"]}}],"collection":[{"href":"https:\/\/teaeye.pl\/uk\/wp-json\/wp\/v2\/product"}],"about":[{"href":"https:\/\/teaeye.pl\/uk\/wp-json\/wp\/v2\/types\/product"}],"replies":[{"embeddable":true,"href":"https:\/\/teaeye.pl\/uk\/wp-json\/wp\/v2\/comments?post=10884"}],"version-history":[{"count":5,"href":"https:\/\/teaeye.pl\/uk\/wp-json\/wp\/v2\/product\/10884\/revisions"}],"predecessor-version":[{"id":14856,"href":"https:\/\/teaeye.pl\/uk\/wp-json\/wp\/v2\/product\/10884\/revisions\/14856"}],"wp:featuredmedia":[{"embeddable":true,"href":"https:\/\/teaeye.pl\/uk\/wp-json\/wp\/v2\/media\/10885"}],"wp:attachment":[{"href":"https:\/\/teaeye.pl\/uk\/wp-json\/wp\/v2\/media?parent=10884"}],"wp:term":[{"taxonomy":"product_cat","embeddable":true,"href":"https:\/\/teaeye.pl\/uk\/wp-json\/wp\/v2\/product_cat?post=10884"},{"taxonomy":"product_tag","embeddable":true,"href":"https:\/\/teaeye.pl\/uk\/wp-json\/wp\/v2\/product_tag?post=10884"}],"curies":[{"name":"wp","href":"https:\/\/api.w.org\/{rel}","templated":true}]}}