{"id":10891,"date":"2025-01-15T11:28:33","date_gmt":"2025-01-15T11:28:33","guid":{"rendered":"https:\/\/teaeye.pl\/?post_type=product&#038;p=10891"},"modified":"2025-12-22T14:51:27","modified_gmt":"2025-12-22T14:51:27","slug":"shu-pu-erh-lao-tong-zhi-puszka-100g","status":"publish","type":"product","link":"https:\/\/teaeye.pl\/uk\/product\/shu-pu-erh-lao-tong-zhi-puszka-100g\/","title":{"rendered":"Shu Pu-erh &#8211; &#8222;Lao Tong Zhi&#8221;, Puszka 100g"},"content":{"rendered":"<p>Shu Pu-erh &#8222;Lao Tong Zhi&#8221; to dojrza\u0142a i klasyczna <a href=\"https:\/\/teaeye.pl\/uk\/product-category\/%d0%bf%d1%83%d0%b5%d1%80\/shu-puer\/\">czarna herbata Pu-erh<\/a> w stylu shu, pochodz\u0105ca z renomowanej fabryki Haiwan w Menghai. Wyprodukowana z wiosennego zbioru 2021 roku, oferuje g\u0142\u0119boki smak z nutami drewna, orzech\u00f3w i suszonych owoc\u00f3w. Idealna do codziennego parzenia \u2013 w <a href=\"https:\/\/teaeye.pl\/uk\/product-category\/akcesoria\/naczynia\/gaiwany\/\">\u0433\u0430\u0439\u0432\u0430\u043d\u044c<\/a>, <a href=\"https:\/\/teaeye.pl\/uk\/product-category\/akcesoria\/naczynia\/czajniki\/\">czajniku<\/a> lub kubku. Sprawd\u017a te\u017c inne <a href=\"https:\/\/teaeye.pl\/uk\/product-category\/lao-cha-dojrzewajaca\/\">\u0432\u0438\u0442\u0440\u0438\u043c\u0430\u043d\u0456 \u0447\u0430\u0457<\/a> i <a href=\"https:\/\/teaeye.pl\/uk\/product-category\/%d0%bf%d1%83%d0%b5%d1%80\/shu-puer\/\">shu puery<\/a> , \u0434\u043e\u0441\u0442\u0443\u043f\u043d\u0456 \u0432 \u043d\u0430\u0448\u043e\u043c\u0443 \u043c\u0430\u0433\u0430\u0437\u0438\u043d\u0456.<\/p>","protected":false},"excerpt":{"rendered":"<p><strong>Shu Pu-erh \u2013 &#8222;Lao Tong Zhi&#8221;, Puszka 100g<\/strong><\/p>\n<p>&#8222;Lao Tong Zhi&#8221; to elegancki shu pu-erh z prowincji Yunnan, wyprodukowany w jednej z najbardziej szanowanych fabryk \u2013 Haiwan Tea Factory w Menghai, znanej z mistrzowskiego podej\u015bcia do fermentacji. Herbata ta zosta\u0142a stworzona z wiosennego li\u015bcia zbioru 2021 roku, co nadaje jej \u015bwie\u017co\u015bci i g\u0142\u0119bi.<\/p>\n<p>W formie suchej herbata ma posta\u0107 ciemnobr\u0105zowych, skr\u0119conych listk\u00f3w z niewielk\u0105 ilo\u015bci\u0105 \u0142ody\u017cek. Jej aromat jest intensywny i s\u0142odkawy \u2013 dominuj\u0105 nuty drewna, pra\u017conych orzech\u00f3w i delikatnych przypraw.<\/p>\n<p>Po zaparzeniu napar staje si\u0119 g\u0142adki, nasycony i harmonijny. Bukiet smakowy to po\u0142\u0105czenie ciep\u0142ych nut drewna, lekko karmelizowanych orzech\u00f3w i delikatnych akcent\u00f3w suszonych daktyli. W tle wyczuwalne s\u0105 te\u017c nuty przyprawowe i ziemiste, charakterystyczne dla dobrej jako\u015bci shu pu-erh\u00f3w.<\/p>\n<p>Posmak jest d\u0142ugi, otulaj\u0105cy, z aksamitn\u0105 tekstur\u0105 i \u0142agodnym, rozgrzewaj\u0105cym efektem. Herbata nie jest agresywna \u2013 sprawdzi si\u0119 zar\u00f3wno dla do\u015bwiadczonych mi\u0142o\u015bnik\u00f3w pu-erh\u00f3w, jak i dla tych, kt\u00f3rzy dopiero zaczynaj\u0105 swoj\u0105 przygod\u0119 z <a href=\"https:\/\/teaeye.pl\/uk\/product-category\/%d0%bf%d1%83%d0%b5%d1%80\/shu-puer\/\">herbat\u0105 fermentowan\u0105<\/a>.<\/p>\n<p>&#8222;Lao Tong Zhi&#8221; to codzienny towarzysz porank\u00f3w i spokojnych popo\u0142udni. Mo\u017cna j\u0105 parzy\u0107 wielokrotnie, za ka\u017cdym razem odkrywaj\u0105c nowe warstwy smaku. \u015awietnie komponuje si\u0119 z atmosfer\u0105 pracy, medytacji, a tak\u017ce chwil relaksu.<\/p>\n<p>Dla os\u00f3b zainteresowanych histori\u0105 i specyfik\u0105 tej herbaty warto zapozna\u0107 si\u0119 z artyku\u0142em o <a href=\"https:\/\/en.wikipedia.org\/wiki\/Pu%27er_tea\" target=\"_blank\" rel=\"noopener noreferrer\">pu-erh tea na Wikipedii<\/a>.<\/p>\n<p>\u041f\u0435\u0440\u0435\u0433\u043b\u044f\u043d\u044c\u0442\u0435 \u0442\u0430\u043a\u043e\u0436 \u0456\u043d\u0448\u0456 <a href=\"https:\/\/teaeye.pl\/uk\/product-category\/lao-cha-dojrzewajaca\/\">dojrzewaj\u0105ce herbaty<\/a>, jak r\u00f3wnie\u017c <a href=\"https:\/\/teaeye.pl\/uk\/product-category\/czarna-herbata\/\">ciemne i czarne herbaty<\/a> w naszej kolekcji.<\/p>","protected":false},"featured_media":10892,"comment_status":"open","ping_status":"closed","template":"","meta":[],"product_cat":[97,99],"product_tag":[],"class_list":{"0":"post-10891","1":"product","2":"type-product","3":"status-publish","4":"has-post-thumbnail","6":"product_cat-pu-erh","7":"product_cat-shu-puer","9":"first","10":"outofstock","11":"shipping-taxable","12":"purchasable","13":"product-type-simple"},"aioseo_notices":[],"_links":{"self":[{"href":"https:\/\/teaeye.pl\/uk\/wp-json\/wp\/v2\/product\/10891","targetHints":{"allow":["GET"]}}],"collection":[{"href":"https:\/\/teaeye.pl\/uk\/wp-json\/wp\/v2\/product"}],"about":[{"href":"https:\/\/teaeye.pl\/uk\/wp-json\/wp\/v2\/types\/product"}],"replies":[{"embeddable":true,"href":"https:\/\/teaeye.pl\/uk\/wp-json\/wp\/v2\/comments?post=10891"}],"version-history":[{"count":3,"href":"https:\/\/teaeye.pl\/uk\/wp-json\/wp\/v2\/product\/10891\/revisions"}],"predecessor-version":[{"id":13654,"href":"https:\/\/teaeye.pl\/uk\/wp-json\/wp\/v2\/product\/10891\/revisions\/13654"}],"wp:featuredmedia":[{"embeddable":true,"href":"https:\/\/teaeye.pl\/uk\/wp-json\/wp\/v2\/media\/10892"}],"wp:attachment":[{"href":"https:\/\/teaeye.pl\/uk\/wp-json\/wp\/v2\/media?parent=10891"}],"wp:term":[{"taxonomy":"product_cat","embeddable":true,"href":"https:\/\/teaeye.pl\/uk\/wp-json\/wp\/v2\/product_cat?post=10891"},{"taxonomy":"product_tag","embeddable":true,"href":"https:\/\/teaeye.pl\/uk\/wp-json\/wp\/v2\/product_tag?post=10891"}],"curies":[{"name":"wp","href":"https:\/\/api.w.org\/{rel}","templated":true}]}}