{"id":10910,"date":"2025-01-15T12:03:35","date_gmt":"2025-01-15T12:03:35","guid":{"rendered":"https:\/\/teaeye.pl\/?post_type=product&#038;p=10910"},"modified":"2025-07-03T12:44:27","modified_gmt":"2025-07-03T12:44:27","slug":"shui-xian-puszka-40g","status":"publish","type":"product","link":"https:\/\/teaeye.pl\/uk\/product\/shui-xian-puszka-40g\/","title":{"rendered":"Wu Yi Oolong &#8211; &#8222;Shui Xian Huo Yan Shan&#8221;, Puszka 40g"},"content":{"rendered":"<p><strong>Shui Xian Huo Yan Shan<\/strong> to klasyczny <a href=\"https:\/\/teaeye.pl\/uk\/product-category\/oolong\/ciemny\/\">ciemny oolong<\/a> z g\u00f3r Wuyishan, pra\u017cony tradycyjnie z li\u015bci zbieranych na g\u00f3rze Huo Yan Shan. W smaku odnajdziesz nuty kwiat\u00f3w, przypraw, owoc\u00f3w i drewna \u2013 idealne po\u0142\u0105czenie dla mi\u0142o\u015bnik\u00f3w wyrazistego aromatu i g\u0142\u0119bokiego naparu. Zobacz te\u017c inne <a href=\"https:\/\/teaeye.pl\/uk\/product-category\/oolong\/\">\u0443\u043b\u0443\u043d\u0456<\/a> \u0442\u0430 <a href=\"https:\/\/teaeye.pl\/uk\/product-category\/lao-cha-dojrzewajaca\/\">\u0432\u0438\u0442\u0440\u0438\u043c\u0430\u043d\u0456 \u0447\u0430\u0457<\/a>.<\/p>","protected":false},"excerpt":{"rendered":"<p><strong>Shui Xian Huo Yan Shan<\/strong> (\u6c34\u4ed9 \u706b\u7130\u5c71), czyli \u201eNie\u015bmiertelnik z G\u00f3ry Ognia\u201d, to ciemny <a href=\"https:\/\/teaeye.pl\/uk\/product-category\/oolong\/ciemny\/\">oolong z Wuyi<\/a>, kt\u00f3ry uciele\u015bnia g\u0142\u0119bi\u0119 i dziko\u015b\u0107 g\u00f3rskiego krajobrazu. Powsta\u0142 z li\u015bci zbieranych r\u0119cznie na g\u00f3rze Huo Yan Shan w sercu regionu Wuyishan. Herbata przesz\u0142a umiarkowan\u0105 fermentacj\u0119 i klasyczne ko\u0144cowe pra\u017cenie w stylu \u201eyancha\u201d.<\/p>\n<p>Mimo intensywnej obr\u00f3bki zachowa\u0142a r\u00f3wnowag\u0119 i dusz\u0119 \u2013 jej aromat jest g\u0142\u0119boki, kwiatowo-owocowy z nutami przypraw i lekk\u0105 mineralno\u015bci\u0105. W smaku czu\u0107 biszkoptow\u0105 mi\u0119kko\u015b\u0107, nuty drewna, owocow\u0105 kwaskowato\u015b\u0107 i lekko pra\u017cone tony. Finisz \u2013 \u015bwie\u017cy i ch\u0142odny, niczym g\u00f3rskie powietrze w s\u0142oneczny dzie\u0144.<\/p>\n<p>Suche li\u015bcie s\u0105 du\u017ce i starannie skr\u0119cone, w odcieniach ciep\u0142ego br\u0105zu. Napar ma bursztynowo-czerwony kolor, przejrzysty i pe\u0142en blasku. Ka\u017cde kolejne parzenie odkrywa now\u0105 warstw\u0119 tej herbaty \u2013 od s\u0142odyczy po g\u0142\u0119bi\u0119 ziemistych i drzewnych ton\u00f3w.<\/p>\n<p><strong>Dla kogo:<\/strong><br \/>\n\u2013 dla fan\u00f3w <a href=\"https:\/\/teaeye.pl\/uk\/product-category\/oolong\/ciemny\/\">wuyijskich oolong\u00f3w<\/a><br \/>\n\u2013 dla mi\u0142o\u015bnik\u00f3w pra\u017conych herbat<br \/>\n\u2013 dla tych, kt\u00f3rzy szukaj\u0105 g\u0142\u0119bi i spokoju<\/p>\n<p>Shui Xian Huo Yan Shan to herbata wymagaj\u0105ca skupienia. Idealna na leniwe poranki lub spokojne wieczory \u2013 wnosi harmoni\u0119 i inspiruje.<\/p>\n<p><strong>\ud83c\udf3f 100% naturalna herbata bez sztucznych dodatk\u00f3w.<\/strong><\/p>\n<p>Odkryj te\u017c inne <a href=\"https:\/\/teaeye.pl\/uk\/product-category\/oolong\/ciemny\/\">\u0442\u0435\u043c\u043d\u0456 \u0443\u043b\u0443\u043d\u0438<\/a> z Wuyi oraz <a href=\"https:\/\/teaeye.pl\/uk\/product-category\/zestawy\/\">herbaciane zestawy prezentowe<\/a> z naszej kolekcji.<\/p>","protected":false},"featured_media":10911,"comment_status":"open","ping_status":"closed","template":"","meta":[],"product_cat":[112,108],"product_tag":[],"class_list":{"0":"post-10910","1":"product","2":"type-product","3":"status-publish","4":"has-post-thumbnail","6":"product_cat-ciemny","7":"product_cat-oolong","9":"first","10":"outofstock","11":"shipping-taxable","12":"purchasable","13":"product-type-simple"},"aioseo_notices":[],"_links":{"self":[{"href":"https:\/\/teaeye.pl\/uk\/wp-json\/wp\/v2\/product\/10910","targetHints":{"allow":["GET"]}}],"collection":[{"href":"https:\/\/teaeye.pl\/uk\/wp-json\/wp\/v2\/product"}],"about":[{"href":"https:\/\/teaeye.pl\/uk\/wp-json\/wp\/v2\/types\/product"}],"replies":[{"embeddable":true,"href":"https:\/\/teaeye.pl\/uk\/wp-json\/wp\/v2\/comments?post=10910"}],"version-history":[{"count":4,"href":"https:\/\/teaeye.pl\/uk\/wp-json\/wp\/v2\/product\/10910\/revisions"}],"predecessor-version":[{"id":13648,"href":"https:\/\/teaeye.pl\/uk\/wp-json\/wp\/v2\/product\/10910\/revisions\/13648"}],"wp:featuredmedia":[{"embeddable":true,"href":"https:\/\/teaeye.pl\/uk\/wp-json\/wp\/v2\/media\/10911"}],"wp:attachment":[{"href":"https:\/\/teaeye.pl\/uk\/wp-json\/wp\/v2\/media?parent=10910"}],"wp:term":[{"taxonomy":"product_cat","embeddable":true,"href":"https:\/\/teaeye.pl\/uk\/wp-json\/wp\/v2\/product_cat?post=10910"},{"taxonomy":"product_tag","embeddable":true,"href":"https:\/\/teaeye.pl\/uk\/wp-json\/wp\/v2\/product_tag?post=10910"}],"curies":[{"name":"wp","href":"https:\/\/api.w.org\/{rel}","templated":true}]}}