{"id":10997,"date":"2025-01-25T10:21:03","date_gmt":"2025-01-25T10:21:03","guid":{"rendered":"https:\/\/teaeye.pl\/?post_type=product&#038;p=10997"},"modified":"2026-01-10T00:21:51","modified_gmt":"2026-01-10T00:21:51","slug":"czarna-herbata-chocolate-nirvana-chocolate-flavor-100g","status":"publish","type":"product","link":"https:\/\/teaeye.pl\/uk\/product\/czarna-herbata-chocolate-nirvana-chocolate-flavor-100g\/","title":{"rendered":"Czarna herbata &#8222;Chocolate Nirvana&#8221; | Chocolate flavor 100g"},"content":{"rendered":"<p><strong>Chocolate Nirvana<\/strong> to aksamitna <a href=\"https:\/\/teaeye.pl\/uk\/product-category\/czarna-herbata\/\">czarna herbata<\/a> z Cejlonu, po\u0142udniowych Indii i Chin z dodatkiem kawa\u0142k\u00f3w kakao i prawdziwej czekolady. Jej smak przypomina czekoladowy krem \u2013 g\u0142\u0119boki, s\u0142odki i wyj\u0105tkowo przyjemny. Naturalny aromat wzmacnia zmys\u0142owe, deserowe nuty, sprawiaj\u0105c, \u017ce ka\u017cdy \u0142yk tej herbaty to chwila rozkoszy.<\/p>\n<p>Je\u015bli kochasz czekolad\u0119, to b\u0119dzie Tw\u00f3j nowy ulubiony napar! Dowiedz si\u0119 wi\u0119cej o <a href=\"https:\/\/pl.wikipedia.org\/wiki\/Herbata_czarna\" target=\"_blank\" rel=\"noopener noreferrer\">czarnej herbacie<\/a>, sprawd\u017a inne <a href=\"https:\/\/teaeye.pl\/uk\/product-category\/z-dodatkami\/\">herbaty z dodatkami<\/a> i poznaj nasze <a href=\"https:\/\/teaeye.pl\/uk\/product-category\/zestawy\/\">\u043f\u043e\u0434\u0430\u0440\u0443\u043d\u043a\u043e\u0432\u0456 \u043d\u0430\u0431\u043e\u0440\u0438<\/a>.<\/p>","protected":false},"excerpt":{"rendered":"<p><strong>Chocolate Nirvana<\/strong> to wyrafinowana mieszanka <a href=\"https:\/\/teaeye.pl\/uk\/product-category\/czarna-herbata\/\">czarnej herbaty<\/a> z Cejlonu, po\u0142udniowych Indii i Chin, wzbogacona kawa\u0142kami kakao oraz prawdziw\u0105 czekolad\u0105. Dzi\u0119ki naturalnemu aromatowi czekoladowego kremu, napar staje si\u0119 deserowy, zmys\u0142owy i niezwykle przyjemny.<\/p>\n<p>Smak jest g\u0142\u0119boki, s\u0142odki i aksamitny \u2013 przypomina g\u0119sty czekoladowy krem, kt\u00f3ry otula kubki smakowe. Czekoladowe nuty s\u0105 wyraziste, ale nie przyt\u0142aczaj\u0105ce, a naturalna baza czarnej herbaty nadaje naparowi elegancji i charakteru.<\/p>\n<p>To idealny wyb\u00f3r dla wszystkich mi\u0142o\u015bnik\u00f3w czekolady i deserowych smak\u00f3w \u2013 zar\u00f3wno jako codzienna przyjemno\u015b\u0107, jak i wyj\u0105tkowy nap\u00f3j do s\u0142odkiego podwieczorku lub ch\u0142odnych wieczor\u00f3w.<\/p>\n<p><strong>\ud83c\udf3f 100% naturalny aromat, bez sztucznych sk\u0142adnik\u00f3w.<\/strong><br \/>\n<strong>\u26a0\ufe0f Uwaga:<\/strong> herbata mo\u017ce zawiera\u0107 alergeny. Prosimy zapozna\u0107 si\u0119 ze sk\u0142adem przed zakupem.<\/p>\n<p>Sprawd\u017a wi\u0119cej <a href=\"https:\/\/teaeye.pl\/uk\/product-category\/czarna-herbata\/\">\u0447\u043e\u0440\u043d\u0438\u0445 \u0447\u0430\u0457\u0432<\/a>, <a href=\"https:\/\/teaeye.pl\/uk\/product-category\/z-dodatkami\/\">mieszanek z dodatkami<\/a> i naszych <a href=\"https:\/\/teaeye.pl\/uk\/product-category\/zestawy\/\">zestaw\u00f3w herba<br \/>\n<\/a><\/p>","protected":false},"featured_media":10998,"comment_status":"open","ping_status":"closed","template":"","meta":[],"product_cat":[148],"product_tag":[],"class_list":{"0":"post-10997","1":"product","2":"type-product","3":"status-publish","4":"has-post-thumbnail","6":"product_cat-z-dodatkami","8":"first","9":"outofstock","10":"shipping-taxable","11":"purchasable","12":"product-type-simple"},"aioseo_notices":[],"_links":{"self":[{"href":"https:\/\/teaeye.pl\/uk\/wp-json\/wp\/v2\/product\/10997","targetHints":{"allow":["GET"]}}],"collection":[{"href":"https:\/\/teaeye.pl\/uk\/wp-json\/wp\/v2\/product"}],"about":[{"href":"https:\/\/teaeye.pl\/uk\/wp-json\/wp\/v2\/types\/product"}],"replies":[{"embeddable":true,"href":"https:\/\/teaeye.pl\/uk\/wp-json\/wp\/v2\/comments?post=10997"}],"version-history":[{"count":5,"href":"https:\/\/teaeye.pl\/uk\/wp-json\/wp\/v2\/product\/10997\/revisions"}],"predecessor-version":[{"id":13625,"href":"https:\/\/teaeye.pl\/uk\/wp-json\/wp\/v2\/product\/10997\/revisions\/13625"}],"wp:featuredmedia":[{"embeddable":true,"href":"https:\/\/teaeye.pl\/uk\/wp-json\/wp\/v2\/media\/10998"}],"wp:attachment":[{"href":"https:\/\/teaeye.pl\/uk\/wp-json\/wp\/v2\/media?parent=10997"}],"wp:term":[{"taxonomy":"product_cat","embeddable":true,"href":"https:\/\/teaeye.pl\/uk\/wp-json\/wp\/v2\/product_cat?post=10997"},{"taxonomy":"product_tag","embeddable":true,"href":"https:\/\/teaeye.pl\/uk\/wp-json\/wp\/v2\/product_tag?post=10997"}],"curies":[{"name":"wp","href":"https:\/\/api.w.org\/{rel}","templated":true}]}}