{"id":11001,"date":"2025-01-25T10:25:28","date_gmt":"2025-01-25T10:25:28","guid":{"rendered":"https:\/\/teaeye.pl\/?post_type=product&#038;p=11001"},"modified":"2025-11-24T20:02:07","modified_gmt":"2025-11-24T20:02:07","slug":"czarna-herbata-wild-cherry-cherry-flavor-100g","status":"publish","type":"product","link":"https:\/\/teaeye.pl\/uk\/product\/czarna-herbata-wild-cherry-cherry-flavor-100g\/","title":{"rendered":"Czarna herbata &#8222;Wild Cherry&#8221; | Cherry flavor 100g"},"content":{"rendered":"<p><strong>Wild Cherry<\/strong> to klasyczna <a href=\"https:\/\/teaeye.pl\/uk\/product-category\/czarna-herbata\/\">czarna herbata<\/a> z Cejlonu, po\u0142udniowych Indii i Chin z dodatkiem wi\u015bni (2%), p\u0142atk\u00f3w krokosza i naturalnego aromatu dzikiej wi\u015bni. G\u0142\u0119boki smak czarnej herbaty spotyka si\u0119 tu z intensywn\u0105 owocowo\u015bci\u0105 i lekk\u0105 kwiatow\u0105 nut\u0105, tworz\u0105c harmonijny napar o wyrazistym charakterze. Idealna na poranki i popo\u0142udniowe chwile relaksu \u2013 na ciep\u0142o lub na zimno.<\/p>\n<p>\u0414\u0456\u0437\u043d\u0430\u0439\u0441\u044f \u0431\u0456\u043b\u044c\u0448\u0435 \u043f\u0440\u043e <a href=\"https:\/\/pl.wikipedia.org\/wiki\/Herbata_czarna\" target=\"_blank\" rel=\"noopener noreferrer\">czarnej herbacie<\/a> i jej w\u0142a\u015bciwo\u015bciach. Sprawd\u017a tak\u017ce inne <a href=\"https:\/\/teaeye.pl\/uk\/product-category\/z-dodatkami\/\">herbaty z dodatkami<\/a> oraz nasze <a href=\"https:\/\/teaeye.pl\/uk\/product-category\/zestawy\/\">zestawy herbaciane<\/a>.<\/p>","protected":false},"excerpt":{"rendered":"<p><strong>Wild Cherry<\/strong> to aromatyczna mieszanka <a href=\"https:\/\/teaeye.pl\/uk\/product-category\/czarna-herbata\/\">\u0447\u043e\u0440\u043d\u0438\u0445 \u0447\u0430\u0457\u0432<\/a> z Cejlonu, po\u0142udniowych Indii i Chin, wzbogacona kawa\u0142kami wi\u015bni (2%), p\u0142atkami krokosza oraz naturalnym aromatem dzikiej wi\u015bni. To po\u0142\u0105czenie klasycznej g\u0142\u0119bi i mocy czarnej herbaty z intensywnym, owocowym charakterem.<\/p>\n<p>Smak jest wyrazisty, z dominuj\u0105cymi nutami wi\u015bni i delikatn\u0105 cierpko\u015bci\u0105, typow\u0105 dla wysokiej jako\u015bci czarnych li\u015bci. Kwiatowe akcenty krokosza \u0142agodz\u0105 kompozycj\u0119, czyni\u0105c j\u0105 bardziej zr\u00f3wnowa\u017con\u0105 i przyjemn\u0105 dla podniebienia.<\/p>\n<p>Wild Cherry to herbata idealna do picia o poranku lub w ramach popo\u0142udniowego rytua\u0142u. Mo\u017cna j\u0105 parzy\u0107 klasycznie na ciep\u0142o lub przygotowa\u0107 jako aromatyczne cold brew. \u015awietna r\u00f3wnie\u017c jako elegancki dodatek do prezentu.<\/p>\n<p><strong>\ud83c\udf3f 100% naturalny aromat, bez sztucznych sk\u0142adnik\u00f3w.<\/strong><br \/>\n<strong>\u26a0\ufe0f Uwaga:<\/strong> herbata mo\u017ce zawiera\u0107 alergeny. Prosimy zapozna\u0107 si\u0119 ze sk\u0142adem przed zakupem.<\/p>\n<p>\u0412\u0456\u0434\u043a\u0440\u0438\u0439 \u0431\u0456\u043b\u044c\u0448\u0435 <a href=\"https:\/\/teaeye.pl\/uk\/product-category\/czarna-herbata\/\">\u0447\u043e\u0440\u043d\u0438\u0445 \u0447\u0430\u0457\u0432<\/a>, <a href=\"https:\/\/teaeye.pl\/uk\/product-category\/z-dodatkami\/\">herbat smakowych<\/a> \u0442\u0430 <a href=\"https:\/\/teaeye.pl\/uk\/product-category\/zestawy\/\">zestaw\u00f3w herbacianych<\/a> \u2013 na prezent lub codzienn\u0105 przyjemno\u015b\u0107.<\/p>","protected":false},"featured_media":11002,"comment_status":"open","ping_status":"closed","template":"","meta":[],"product_cat":[148],"product_tag":[],"class_list":{"0":"post-11001","1":"product","2":"type-product","3":"status-publish","4":"has-post-thumbnail","6":"product_cat-z-dodatkami","8":"first","9":"outofstock","10":"shipping-taxable","11":"purchasable","12":"product-type-simple"},"aioseo_notices":[],"_links":{"self":[{"href":"https:\/\/teaeye.pl\/uk\/wp-json\/wp\/v2\/product\/11001","targetHints":{"allow":["GET"]}}],"collection":[{"href":"https:\/\/teaeye.pl\/uk\/wp-json\/wp\/v2\/product"}],"about":[{"href":"https:\/\/teaeye.pl\/uk\/wp-json\/wp\/v2\/types\/product"}],"replies":[{"embeddable":true,"href":"https:\/\/teaeye.pl\/uk\/wp-json\/wp\/v2\/comments?post=11001"}],"version-history":[{"count":4,"href":"https:\/\/teaeye.pl\/uk\/wp-json\/wp\/v2\/product\/11001\/revisions"}],"predecessor-version":[{"id":13623,"href":"https:\/\/teaeye.pl\/uk\/wp-json\/wp\/v2\/product\/11001\/revisions\/13623"}],"wp:featuredmedia":[{"embeddable":true,"href":"https:\/\/teaeye.pl\/uk\/wp-json\/wp\/v2\/media\/11002"}],"wp:attachment":[{"href":"https:\/\/teaeye.pl\/uk\/wp-json\/wp\/v2\/media?parent=11001"}],"wp:term":[{"taxonomy":"product_cat","embeddable":true,"href":"https:\/\/teaeye.pl\/uk\/wp-json\/wp\/v2\/product_cat?post=11001"},{"taxonomy":"product_tag","embeddable":true,"href":"https:\/\/teaeye.pl\/uk\/wp-json\/wp\/v2\/product_tag?post=11001"}],"curies":[{"name":"wp","href":"https:\/\/api.w.org\/{rel}","templated":true}]}}