{"id":11016,"date":"2025-01-25T10:50:54","date_gmt":"2025-01-25T10:50:54","guid":{"rendered":"https:\/\/teaeye.pl\/?post_type=product&#038;p=11016"},"modified":"2025-09-26T15:54:30","modified_gmt":"2025-09-26T15:54:30","slug":"oolong-herbata-sunny-charm-peach-orange-blossom-100g","status":"publish","type":"product","link":"https:\/\/teaeye.pl\/uk\/product\/oolong-herbata-sunny-charm-peach-orange-blossom-100g\/","title":{"rendered":"Oolong Herbata &#8222;Sunny Charm&#8221;| Peach \u2013 Orange blossom 100g"},"content":{"rendered":"<p><strong>Sunny Charm<\/strong> to lekka i elegancka mieszanka<a href=\"https:\/\/teaeye.pl\/uk\/product-category\/oolong\/jasny\/\">jasnego oolonga<\/a> i\u00a0<a href=\"https:\/\/teaeye.pl\/uk\/product-category\/biala-herbata\/\">bia\u0142ej herbaty<\/a> z Chin, wzbogacona brzoskwini\u0105, kwiatami pomara\u0144czy i jagodami goji. Aromatyczna, \u015bwie\u017ca, z nut\u0105 cytrus\u00f3w i egzotycznym charakterem.<\/p>\n<p>Dominuj\u0105 soczyste nuty brzoskwini, kwiatowe akcenty i lekko\u015b\u0107 bia\u0142ej herbaty Pai Mu Tan i Mao Feng. To herbata idealna na wiosn\u0119 i lato \u2013 orze\u017awiaj\u0105ca, naturalna, harmonijna.<\/p>\n<p>\u0411\u0456\u043b\u044c\u0448\u0435 \u043f\u0440\u043e <a href=\"https:\/\/pl.wikipedia.org\/wiki\/Oolong\" target=\"_blank\" rel=\"noopener noreferrer\">\u043e\u043e\u043b\u043e\u043d\u0433\u0456\u0432<\/a> i ich tradycyjnym wytwarzaniu przeczytasz na Wikipedii.<\/p>\n<p>Poznaj r\u00f3wnie\u017c inne <a href=\"https:\/\/teaeye.pl\/uk\/product-category\/z-dodatkami\/\">herbaty z dodatkami<\/a>, odkryj ca\u0142\u0105 gam\u0119 <a href=\"https:\/\/teaeye.pl\/uk\/product-category\/biala-herbata\/\">\u0431\u0456\u043b\u0438\u0445 \u0447\u0430\u0457\u0432<\/a> i sprawd\u017a nasze <a href=\"https:\/\/teaeye.pl\/uk\/product-category\/zestawy\/\">zestawy herbaciane<\/a>.<\/p>","protected":false},"excerpt":{"rendered":"<p><strong>Sunny Charm<\/strong> to wyrafinowana mieszanka chi\u0144skiego<br \/>\n<a href=\"https:\/\/teaeye.pl\/uk\/product-category\/oolong\/jasny\/\">\u0443\u043b\u0443\u043d\u0443<\/a> i dw\u00f3ch rodzaj\u00f3w<br \/>\n<a href=\"https:\/\/teaeye.pl\/uk\/product-category\/biala-herbata\/\">bia\u0142ej herbaty<\/a>: Pai Mu Tan i Mao Feng. Ca\u0142o\u015b\u0107 zosta\u0142a wzbogacona intensywnym dodatkiem brzoskwini (49%) oraz kwiat\u00f3w pomara\u0144czy (29%) i jag\u00f3d goji, tworz\u0105c lekki, owocowo-kwiatowy napar o wyj\u0105tkowej harmonii.<\/p>\n<p>Smak tej herbaty to po\u0142\u0105czenie soczystej brzoskwini i \u015bwie\u017cych cytrus\u00f3w z kwiatow\u0105 mi\u0119kko\u015bci\u0105 i s\u0142odycz\u0105 jag\u00f3d goji. Bia\u0142a herbata dodaje lekko\u015bci i subtelno\u015bci, a oolong wzmacnia g\u0142\u0119bi\u0119 i aromat. Efekt to nap\u00f3j, kt\u00f3ry koi zmys\u0142y i pobudza jednocze\u015bnie.<\/p>\n<p>Idealna na ciep\u0142e dni, ale sprawdzi si\u0119 r\u00f3wnie\u017c jako wyrafinowany napar w ch\u0142odniejsze wieczory. Tylko naturalny aromat \u2013 bez sztucznych dodatk\u00f3w.<\/p>\n<p><strong>\ud83c\udf3f 100% naturalny aromat, bez sztucznych sk\u0142adnik\u00f3w.<\/strong><br \/>\n<strong>\u26a0\ufe0f Uwaga:<\/strong> herbata mo\u017ce zawiera\u0107 alergeny. Prosimy zapozna\u0107 si\u0119 ze sk\u0142adem przed zakupem.<\/p>\n<p>\u0412\u0456\u0434\u043a\u0440\u0438\u0439 \u0431\u0456\u043b\u044c\u0448\u0435 <a href=\"https:\/\/teaeye.pl\/uk\/product-category\/oolong\/jasny\/\">jasnych oolong\u00f3w<\/a>,<br \/>\n<a href=\"https:\/\/teaeye.pl\/uk\/product-category\/biala-herbata\/\">\u0431\u0456\u043b\u0438\u0445 \u0447\u0430\u0457\u0432<\/a>, oraz nasze<br \/>\n<a href=\"https:\/\/teaeye.pl\/uk\/product-category\/z-dodatkami\/\">herbaty z dodatkami<\/a>. Nie przegap r\u00f3wnie\u017c<br \/>\n<a href=\"https:\/\/teaeye.pl\/uk\/product-category\/zestawy\/\">zestaw\u00f3w herbacianych<\/a> \u2013 doskona\u0142ych na prezent!<\/p>","protected":false},"featured_media":11017,"comment_status":"open","ping_status":"closed","template":"","meta":[],"product_cat":[144,108,148],"product_tag":[],"class_list":{"0":"post-11016","1":"product","2":"type-product","3":"status-publish","4":"has-post-thumbnail","6":"product_cat-aromatyzowane","7":"product_cat-oolong","8":"product_cat-z-dodatkami","10":"first","11":"outofstock","12":"shipping-taxable","13":"purchasable","14":"product-type-simple"},"aioseo_notices":[],"_links":{"self":[{"href":"https:\/\/teaeye.pl\/uk\/wp-json\/wp\/v2\/product\/11016","targetHints":{"allow":["GET"]}}],"collection":[{"href":"https:\/\/teaeye.pl\/uk\/wp-json\/wp\/v2\/product"}],"about":[{"href":"https:\/\/teaeye.pl\/uk\/wp-json\/wp\/v2\/types\/product"}],"replies":[{"embeddable":true,"href":"https:\/\/teaeye.pl\/uk\/wp-json\/wp\/v2\/comments?post=11016"}],"version-history":[{"count":4,"href":"https:\/\/teaeye.pl\/uk\/wp-json\/wp\/v2\/product\/11016\/revisions"}],"predecessor-version":[{"id":13618,"href":"https:\/\/teaeye.pl\/uk\/wp-json\/wp\/v2\/product\/11016\/revisions\/13618"}],"wp:featuredmedia":[{"embeddable":true,"href":"https:\/\/teaeye.pl\/uk\/wp-json\/wp\/v2\/media\/11017"}],"wp:attachment":[{"href":"https:\/\/teaeye.pl\/uk\/wp-json\/wp\/v2\/media?parent=11016"}],"wp:term":[{"taxonomy":"product_cat","embeddable":true,"href":"https:\/\/teaeye.pl\/uk\/wp-json\/wp\/v2\/product_cat?post=11016"},{"taxonomy":"product_tag","embeddable":true,"href":"https:\/\/teaeye.pl\/uk\/wp-json\/wp\/v2\/product_tag?post=11016"}],"curies":[{"name":"wp","href":"https:\/\/api.w.org\/{rel}","templated":true}]}}