{"id":11024,"date":"2025-01-25T11:12:57","date_gmt":"2025-01-25T11:12:57","guid":{"rendered":"https:\/\/teaeye.pl\/?post_type=product&#038;p=11024"},"modified":"2025-07-03T10:41:17","modified_gmt":"2025-07-03T10:41:17","slug":"zielona-herbata-tropical-sunset-pineapple-apricot-taste-100g","status":"publish","type":"product","link":"https:\/\/teaeye.pl\/uk\/product\/zielona-herbata-tropical-sunset-pineapple-apricot-taste-100g\/","title":{"rendered":"Zielona herbata &#8222;Tropical Sunset&#8221; | Pineapple &#8211; apricot taste 100g"},"content":{"rendered":"<p><strong>Tropical Sunset<\/strong> to egzotyczna zielona herbata<br \/>\n<a href=\"https:\/\/teaeye.pl\/uk\/product-category\/zielona-herbata\/\">Sencha z Chin<\/a> z dodatkiem ananasa, moreli, papai, truskawek i jag\u00f3d. Owocowo-kwiatowa kompozycja przenosi w tropikalne klimaty \u2013 lekka, s\u0142odka i orze\u017awiaj\u0105ca.<\/p>\n<p>Soczyste nuty ananasa i moreli uzupe\u0142nia delikatny aromat r\u00f3\u017canych p\u0142atk\u00f3w i malwy, a dodatek jag\u00f3d nadaje mieszance s\u0142onecznego charakteru. To idealny wyb\u00f3r na letnie dni lub chwil\u0119 relaksu bez wzgl\u0119du na pogod\u0119.<\/p>\n<p>\u0414\u0456\u0437\u043d\u0430\u0439\u0441\u044f \u0431\u0456\u043b\u044c\u0448\u0435 \u043f\u0440\u043e <a href=\"https:\/\/pl.wikipedia.org\/wiki\/Herbata_zielona\" target=\"_blank\" rel=\"noopener noreferrer\">\u0437\u0435\u043b\u0435\u043d\u043e\u043c\u0443 \u0447\u0430\u0457<\/a> i jej w\u0142a\u015bciwo\u015bciach.<\/p>\n<p>\u041f\u0435\u0440\u0435\u0433\u043b\u044f\u043d\u044c\u0442\u0435 \u0442\u0430\u043a\u043e\u0436 \u0456\u043d\u0448\u0456 <a href=\"https:\/\/teaeye.pl\/uk\/product-category\/z-dodatkami\/\">herbaty z owocami<\/a>, nasz\u0105 kolekcj\u0119 <a href=\"https:\/\/teaeye.pl\/uk\/product-category\/zielona-herbata\/\">zielonych herbat<\/a> \u0442\u0430 <a href=\"https:\/\/teaeye.pl\/uk\/product-category\/zestawy\/\">zestawy herbaciane<\/a> \u2013 doskona\u0142e na prezent lub wsp\u00f3lne chwile z herbat\u0105.<\/p>","protected":false},"excerpt":{"rendered":"<p><strong>Tropical Sunset<\/strong> to wyrazista, letnia mieszanka zielonej herbaty<br \/>\n<a href=\"https:\/\/teaeye.pl\/uk\/product-category\/zielona-herbata\/\">Sencha z Chin<\/a> z egzotycznymi owocami: ananasem, morel\u0105, papaj\u0105 oraz dodatkiem jag\u00f3d, truskawek i kwiat\u00f3w. To idealna propozycja dla mi\u0142o\u015bnik\u00f3w herbat o tropikalnym charakterze \u2013 lekka, pe\u0142na s\u0142o\u0144ca i naturalnej s\u0142odyczy.<\/p>\n<p>W smaku dominuje soczysty ananas i s\u0142odka morela, otoczone \u0142agodn\u0105 kwiatow\u0105 nut\u0105 r\u00f3\u017cy i malwy. Jagoda i truskawka wzbogacaj\u0105 kompozycj\u0119 owocow\u0105 g\u0142\u0119bi\u0105. Herbata zachwyca nie tylko smakiem, ale tak\u017ce pi\u0119knym wygl\u0105dem suszu \u2013 kolorowym, pe\u0142nym letnich barw.<\/p>\n<p>\u015awietna na zimno (cold brew) i na ciep\u0142o \u2013 jako napar na dzie\u0144 pe\u0142en energii lub wieczorny relaks. Tylko naturalny aromat, bez sztucznych dodatk\u00f3w.<\/p>\n<p><strong>\ud83c\udf3f 100% naturalny aromat, bez sztucznych sk\u0142adnik\u00f3w.<\/strong><br \/>\n<strong>\u26a0\ufe0f Uwaga:<\/strong> herbata mo\u017ce zawiera\u0107 alergeny. Prosimy zapozna\u0107 si\u0119 ze sk\u0142adem przed zakupem.<\/p>\n<p>\u0412\u0456\u0434\u043a\u0440\u0438\u0439 \u0431\u0456\u043b\u044c\u0448\u0435 <a href=\"https:\/\/teaeye.pl\/uk\/product-category\/zielona-herbata\/\">zielonych herbat<\/a>, spr\u00f3buj innych <a href=\"https:\/\/teaeye.pl\/uk\/product-category\/z-dodatkami\/\">herbat smakowych z owocami<\/a> i zajrzyj do naszej kategorii <a href=\"https:\/\/teaeye.pl\/uk\/product-category\/zestawy\/\">zestaw\u00f3w herbacianych<\/a> \u2013 idealnych na prezent.<\/p>","protected":false},"featured_media":11025,"comment_status":"open","ping_status":"closed","template":"","meta":[],"product_cat":[148],"product_tag":[],"class_list":{"0":"post-11024","1":"product","2":"type-product","3":"status-publish","4":"has-post-thumbnail","6":"product_cat-z-dodatkami","8":"first","9":"outofstock","10":"shipping-taxable","11":"purchasable","12":"product-type-simple"},"aioseo_notices":[],"_links":{"self":[{"href":"https:\/\/teaeye.pl\/uk\/wp-json\/wp\/v2\/product\/11024","targetHints":{"allow":["GET"]}}],"collection":[{"href":"https:\/\/teaeye.pl\/uk\/wp-json\/wp\/v2\/product"}],"about":[{"href":"https:\/\/teaeye.pl\/uk\/wp-json\/wp\/v2\/types\/product"}],"replies":[{"embeddable":true,"href":"https:\/\/teaeye.pl\/uk\/wp-json\/wp\/v2\/comments?post=11024"}],"version-history":[{"count":5,"href":"https:\/\/teaeye.pl\/uk\/wp-json\/wp\/v2\/product\/11024\/revisions"}],"predecessor-version":[{"id":13615,"href":"https:\/\/teaeye.pl\/uk\/wp-json\/wp\/v2\/product\/11024\/revisions\/13615"}],"wp:featuredmedia":[{"embeddable":true,"href":"https:\/\/teaeye.pl\/uk\/wp-json\/wp\/v2\/media\/11025"}],"wp:attachment":[{"href":"https:\/\/teaeye.pl\/uk\/wp-json\/wp\/v2\/media?parent=11024"}],"wp:term":[{"taxonomy":"product_cat","embeddable":true,"href":"https:\/\/teaeye.pl\/uk\/wp-json\/wp\/v2\/product_cat?post=11024"},{"taxonomy":"product_tag","embeddable":true,"href":"https:\/\/teaeye.pl\/uk\/wp-json\/wp\/v2\/product_tag?post=11024"}],"curies":[{"name":"wp","href":"https:\/\/api.w.org\/{rel}","templated":true}]}}