{"id":11034,"date":"2025-01-25T11:32:37","date_gmt":"2025-01-25T11:32:37","guid":{"rendered":"https:\/\/teaeye.pl\/?post_type=product&#038;p=11034"},"modified":"2025-07-03T10:34:52","modified_gmt":"2025-07-03T10:34:52","slug":"zielona-herbata-berry-rose-strawberry-raspberry-taste-100g","status":"publish","type":"product","link":"https:\/\/teaeye.pl\/uk\/product\/zielona-herbata-berry-rose-strawberry-raspberry-taste-100g\/","title":{"rendered":"Zielona herbata &#8222;Berry Rose&#8221; | Strawberry \u2013 Raspberry taste 100g"},"content":{"rendered":"<p><strong>Berry Rose<\/strong> to delikatna, aromatyczna mieszanka zielonej herbaty<br \/>\n<a href=\"https:\/\/teaeye.pl\/uk\/product-category\/zielona-herbata\/\">Sencha z Chin<\/a>, wzbogacona p\u0105kami i p\u0142atkami r\u00f3\u017c, oraz naturalnym aromatem truskawkowo-malinowym. To propozycja dla tych, kt\u00f3rzy szukaj\u0105 \u015bwie\u017co\u015bci zielonej herbaty po\u0142\u0105czonej z lekk\u0105 s\u0142odycz\u0105 i kwiatow\u0105 finezj\u0105.<\/p>\n<p>Herbata zachwyca \u015bwie\u017cym, owocowym smakiem \u2013 dominuj\u0105 soczyste nuty truskawki i maliny, prze\u0142amane subteln\u0105 kwiatow\u0105 lekko\u015bci\u0105. To idealny wyb\u00f3r na ka\u017cd\u0105 por\u0119 dnia \u2013 pobudza, a zarazem otula \u0142agodnym aromatem.<\/p>\n<p>\u0414\u0456\u0437\u043d\u0430\u0439\u0441\u044f \u0431\u0456\u043b\u044c\u0448\u0435 \u043f\u0440\u043e <a href=\"https:\/\/pl.wikipedia.org\/wiki\/Herbata_zielona\" target=\"_blank\" rel=\"noopener noreferrer\">\u0437\u0435\u043b\u0435\u043d\u043e\u043c\u0443 \u0447\u0430\u0457<\/a> \u2013 jej dzia\u0142aniu, historii i miejscu w kulturze Wschodu.<\/p>\n<p>\u0412\u0456\u0434\u043a\u0440\u0438\u0439 \u0431\u0456\u043b\u044c\u0448\u0435 <a href=\"https:\/\/teaeye.pl\/uk\/product-category\/z-dodatkami\/\">herbat z dodatkami<\/a> lub zobacz inne <a href=\"https:\/\/teaeye.pl\/uk\/product-category\/zielona-herbata\/\">\u0437\u0435\u043b\u0435\u043d\u0438\u0445 \u0447\u0430\u0457\u0432<\/a> dost\u0119pne w naszym sklepie. Sprawd\u017a r\u00f3wnie\u017c nasze <a href=\"https:\/\/teaeye.pl\/uk\/product-category\/zestawy\/\">\u043d\u0430\u0431\u043e\u0440\u0438 \u0447\u0430\u0457\u0432<\/a> \u2013 idealne na prezent lub wsp\u00f3lne odkrywanie smak\u00f3w.<\/p>","protected":false},"excerpt":{"rendered":"<p><strong>Berry Rose<\/strong> to wyj\u0105tkowa mieszanka zielonej herbaty<br \/>\n<a href=\"https:\/\/teaeye.pl\/uk\/product-category\/zielona-herbata\/\">Sencha z Chin<\/a>, p\u0105k\u00f3w i p\u0142atk\u00f3w r\u00f3\u017c, truskawek, malin oraz naturalnego aromatu. Po\u0142\u0105czenie \u015bwie\u017co\u015bci li\u015bci herbacianych z delikatn\u0105 s\u0142odycz\u0105 owoc\u00f3w i subtelnym aromatem r\u00f3\u017c tworzy idealn\u0105 kompozycj\u0119 dla wielbicieli lekkich, romantycznych smak\u00f3w.<\/p>\n<p>Smak tej herbaty jest owocowy i \u015bwie\u017cy \u2013 z wyra\u017anymi nutami truskawki i maliny, podkre\u015blonymi mi\u0119kkim, kwiatowym akcentem. Ka\u017cdy \u0142yk przynosi uczucie lekko\u015bci, orze\u017awienia i s\u0142odkiej przyjemno\u015bci.<\/p>\n<p>Herbata sprawdzi si\u0119 idealnie na co dzie\u0144 \u2013 jako poranna dawka energii lub popo\u0142udniowe odpr\u0119\u017cenie. Jest tak\u017ce \u015bwietn\u0105 propozycj\u0105 na prezent dzi\u0119ki swojemu pi\u0119knemu wygl\u0105dowi i wyj\u0105tkowemu aromatowi.<\/p>\n<p><strong>\ud83c\udf3f 100% naturalny aromat, bez sztucznych dodatk\u00f3w.<\/strong><br \/>\n<strong>\u26a0\ufe0f Uwaga:<\/strong> herbata mo\u017ce zawiera\u0107 alergeny. Prosimy zapozna\u0107 si\u0119 ze sk\u0142adem przed zakupem.<\/p>\n<p>Wi\u0119cej herbat z kwiatami i owocami znajdziesz w naszej kategorii<br \/>\n<a href=\"https:\/\/teaeye.pl\/uk\/product-category\/z-dodatkami\/\">herbat z dodatkami<\/a>. Je\u015bli kochasz zielone napary, sprawd\u017a r\u00f3wnie\u017c nasze<br \/>\n<a href=\"https:\/\/teaeye.pl\/uk\/product-category\/zielona-herbata\/\">\u0437\u0435\u043b\u0435\u043d\u0438\u0445 \u0447\u0430\u0457\u0432<\/a>. Zainspiruj si\u0119 tak\u017ce nasz\u0105 kolekcj\u0105<br \/>\n<a href=\"https:\/\/teaeye.pl\/uk\/product-category\/zestawy\/\">zestaw\u00f3w herbacianych<\/a> \u2013 idealnych na prezent!<\/p>","protected":false},"featured_media":11035,"comment_status":"open","ping_status":"closed","template":"","meta":[],"product_cat":[148],"product_tag":[],"class_list":{"0":"post-11034","1":"product","2":"type-product","3":"status-publish","4":"has-post-thumbnail","6":"product_cat-z-dodatkami","8":"first","9":"outofstock","10":"shipping-taxable","11":"purchasable","12":"product-type-simple"},"aioseo_notices":[],"_links":{"self":[{"href":"https:\/\/teaeye.pl\/uk\/wp-json\/wp\/v2\/product\/11034","targetHints":{"allow":["GET"]}}],"collection":[{"href":"https:\/\/teaeye.pl\/uk\/wp-json\/wp\/v2\/product"}],"about":[{"href":"https:\/\/teaeye.pl\/uk\/wp-json\/wp\/v2\/types\/product"}],"replies":[{"embeddable":true,"href":"https:\/\/teaeye.pl\/uk\/wp-json\/wp\/v2\/comments?post=11034"}],"version-history":[{"count":4,"href":"https:\/\/teaeye.pl\/uk\/wp-json\/wp\/v2\/product\/11034\/revisions"}],"predecessor-version":[{"id":13611,"href":"https:\/\/teaeye.pl\/uk\/wp-json\/wp\/v2\/product\/11034\/revisions\/13611"}],"wp:featuredmedia":[{"embeddable":true,"href":"https:\/\/teaeye.pl\/uk\/wp-json\/wp\/v2\/media\/11035"}],"wp:attachment":[{"href":"https:\/\/teaeye.pl\/uk\/wp-json\/wp\/v2\/media?parent=11034"}],"wp:term":[{"taxonomy":"product_cat","embeddable":true,"href":"https:\/\/teaeye.pl\/uk\/wp-json\/wp\/v2\/product_cat?post=11034"},{"taxonomy":"product_tag","embeddable":true,"href":"https:\/\/teaeye.pl\/uk\/wp-json\/wp\/v2\/product_tag?post=11034"}],"curies":[{"name":"wp","href":"https:\/\/api.w.org\/{rel}","templated":true}]}}