{"id":11059,"date":"2025-01-25T20:29:20","date_gmt":"2025-01-25T20:29:20","guid":{"rendered":"https:\/\/teaeye.pl\/?post_type=product&#038;p=11059"},"modified":"2025-10-04T00:53:24","modified_gmt":"2025-10-04T00:53:24","slug":"shu-pu-erh-xiaguan-xiao-fa-tuocha-2023r-100g","status":"publish","type":"product","link":"https:\/\/teaeye.pl\/uk\/product\/shu-pu-erh-xiaguan-xiao-fa-tuocha-2023r-100g\/","title":{"rendered":"Shu Pu-erh &#8222;Xiaguan Xiao Fa, Tuocha&#8221; 2023, 100g"},"content":{"rendered":"<p>Klasyczny shu pu-erh z receptury 7663, stworzony z my\u015bl\u0105 o eksporcie do Francji. Ciep\u0142y, zbalansowany smak z nutami kamfory, drewna i s\u0142odkiej ziemisto\u015bci. Idealny do spokojnych sesji herbacianych w ci\u0105gu dnia.<\/p>\n<p>Herbata jest sprasowana w kompaktow\u0105 tuocha o wadze 100 g, zapakowan\u0105 w eleganckie pude\u0142ko, co czyni j\u0105 wygodn\u0105 do przechowywania i doskona\u0142\u0105 na prezent.<br \/>\nTa herbata b\u0119dzie doskona\u0142ym wyborem zar\u00f3wno dla do\u015bwiadczonych mi\u0142o\u015bnik\u00f3w shu pu-erh, jak i dla tych, kt\u00f3rzy dopiero zaczynaj\u0105 swoj\u0105 przygod\u0119 z tym niezwyk\u0142ym rodzajem herbaty.<\/p>","protected":false},"excerpt":{"rendered":"<p>Klasyczny shu pu-erh o wyrazistym charakterze. Smak wyr\u00f3\u017cnia si\u0119 delikatnymi, s\u0142odkawymi nutami, kt\u00f3re \u0142\u0105cz\u0105 si\u0119 z g\u0142\u0119bokimi akcentami kamfory i drewna. Aromat jest bogaty, ciep\u0142y, z subteln\u0105 ziemist\u0105 baz\u0105, kt\u00f3ra przechodzi w przyjemne dymne i lekko zio\u0142owe nuty.<\/p>\n<p>Dzia\u0142a \u0142agodnie pobudzaj\u0105co, pomaga si\u0119 skoncentrowa\u0107, a jednocze\u015bnie relaksuje. Idealny do przytulnego picia herbaty w ci\u0105gu dnia, pomaga odzyska\u0107 si\u0142y i rozgrza\u0107 si\u0119.<\/p>\n<p>Stworzony na podstawie receptury 7663, opracowanej z my\u015bl\u0105 o eksporcie do Francji. Ta seria shu pu-erh nosi nazw\u0119 &#8222;Xiao Fa Tuo&#8221;, co t\u0142umaczy si\u0119 jako &#8222;Ma\u0142a Francja&#8221;. Produkowany jest w s\u0142ynnej fabryce herbaty Xiaguan, znanej z mistrzostwa w tworzeniu wysokiej jako\u015bci pu-erh\u00f3w. Herbata zosta\u0142a poddana wilgotnemu przechowywaniu, co dodaje jej dojrza\u0142o\u015bci i intensywno\u015bci smaku.<\/p>","protected":false},"featured_media":11060,"comment_status":"open","ping_status":"closed","template":"","meta":[],"product_cat":[97,99],"product_tag":[],"class_list":{"0":"post-11059","1":"product","2":"type-product","3":"status-publish","4":"has-post-thumbnail","6":"product_cat-pu-erh","7":"product_cat-shu-puer","9":"first","10":"outofstock","11":"shipping-taxable","12":"purchasable","13":"product-type-variable"},"aioseo_notices":[],"_links":{"self":[{"href":"https:\/\/teaeye.pl\/uk\/wp-json\/wp\/v2\/product\/11059","targetHints":{"allow":["GET"]}}],"collection":[{"href":"https:\/\/teaeye.pl\/uk\/wp-json\/wp\/v2\/product"}],"about":[{"href":"https:\/\/teaeye.pl\/uk\/wp-json\/wp\/v2\/types\/product"}],"replies":[{"embeddable":true,"href":"https:\/\/teaeye.pl\/uk\/wp-json\/wp\/v2\/comments?post=11059"}],"version-history":[{"count":4,"href":"https:\/\/teaeye.pl\/uk\/wp-json\/wp\/v2\/product\/11059\/revisions"}],"predecessor-version":[{"id":13256,"href":"https:\/\/teaeye.pl\/uk\/wp-json\/wp\/v2\/product\/11059\/revisions\/13256"}],"wp:featuredmedia":[{"embeddable":true,"href":"https:\/\/teaeye.pl\/uk\/wp-json\/wp\/v2\/media\/11060"}],"wp:attachment":[{"href":"https:\/\/teaeye.pl\/uk\/wp-json\/wp\/v2\/media?parent=11059"}],"wp:term":[{"taxonomy":"product_cat","embeddable":true,"href":"https:\/\/teaeye.pl\/uk\/wp-json\/wp\/v2\/product_cat?post=11059"},{"taxonomy":"product_tag","embeddable":true,"href":"https:\/\/teaeye.pl\/uk\/wp-json\/wp\/v2\/product_tag?post=11059"}],"curies":[{"name":"wp","href":"https:\/\/api.w.org\/{rel}","templated":true}]}}