{"id":11092,"date":"2025-01-25T21:38:41","date_gmt":"2025-01-25T21:38:41","guid":{"rendered":"https:\/\/teaeye.pl\/?post_type=product&#038;p=11092"},"modified":"2025-06-27T20:00:22","modified_gmt":"2025-06-27T20:00:22","slug":"gaiwan-saturn-130-ml","status":"publish","type":"product","link":"https:\/\/teaeye.pl\/uk\/product\/gaiwan-saturn-130-ml\/","title":{"rendered":"Gaiwan ceramiczny &#8222;Saturn&#8221; 130ml"},"content":{"rendered":"<p>Gaiwan ceramiczny 130 ml \u201eSaturn\u201d \u2013 r\u0119cznie robione naczynie do chi\u0144skiej herbaty. Ceramika i szkliwo tworz\u0105 unikalny, artystyczny design.<\/p>","protected":false},"excerpt":{"rendered":"<p><strong>Gaiwan ceramiczny \u201eSaturn\u201d<\/strong> to wyj\u0105tkowe naczynie stworzone z my\u015bl\u0105 o <a href=\"https:\/\/teaeye.pl\/uk\/product-category\/herbata\/\" target=\"_blank\" rel=\"noopener\">mi\u0142o\u015bnikach chi\u0144skiej herbaty<\/a> i rytua\u0142\u00f3w <a href=\"https:\/\/teaeye.pl\/uk\/product-category\/akcesoria\/naczynia\/zestawy-do-parzenia\/\" target=\"_blank\" rel=\"noopener\">\u0433\u0443\u043d\u0444\u0443 \u0447\u0430<\/a>. Wykonany r\u0119cznie z ceramiki i pokryty szkliwem, wyr\u00f3\u017cnia si\u0119 oryginalnym, lekko kosmicznym wzornictwem, kt\u00f3re przywodzi na my\u015bl pier\u015bcienie Saturna.<\/p>\n<p>\u041e\u0431\u2019\u0454\u043c <strong>130 ml<\/strong> sprawia, \u017ce gaiwan idealnie nadaje si\u0119 do degustacji <a href=\"https:\/\/teaeye.pl\/uk\/product-category\/oolong\/jasny\/\" target=\"_blank\" rel=\"noopener\">jasnych oolong\u00f3w<\/a>, <a href=\"https:\/\/teaeye.pl\/uk\/product-category\/%d0%bf%d1%83%d0%b5%d1%80\/sheng-puer\/\" target=\"_blank\" rel=\"noopener\">\u0448\u0435\u043d \u043f\u0443\u0435\u0440\u0456\u0432<\/a> \u0430\u0431\u043e <a href=\"https:\/\/teaeye.pl\/uk\/product-category\/zielona-herbata\/\" target=\"_blank\" rel=\"noopener\">zielonych herbat<\/a>. Szkliwo chroni wn\u0119trze przed osadami i zapachami, u\u0142atwia czyszczenie i pozwala cieszy\u0107 si\u0119 czystym smakiem naparu.<\/p>\n<p>To naczynie \u0142\u0105czy funkcjonalno\u015b\u0107 z niepowtarzaln\u0105 estetyk\u0105 \u2013 idealny wyb\u00f3r dla os\u00f3b, kt\u00f3re ceni\u0105 nie tylko herbat\u0119, ale i pi\u0119kno towarzysz\u0105cych jej akcesori\u00f3w.<\/p>","protected":false},"featured_media":11093,"comment_status":"open","ping_status":"closed","template":"","meta":[],"product_cat":[129,136,130],"product_tag":[],"class_list":{"0":"post-11092","1":"product","2":"type-product","3":"status-publish","4":"has-post-thumbnail","6":"product_cat-akcesoria","7":"product_cat-gaiwany","8":"product_cat-naczynia","10":"first","11":"outofstock","12":"shipping-taxable","13":"purchasable","14":"product-type-simple"},"aioseo_notices":[],"_links":{"self":[{"href":"https:\/\/teaeye.pl\/uk\/wp-json\/wp\/v2\/product\/11092","targetHints":{"allow":["GET"]}}],"collection":[{"href":"https:\/\/teaeye.pl\/uk\/wp-json\/wp\/v2\/product"}],"about":[{"href":"https:\/\/teaeye.pl\/uk\/wp-json\/wp\/v2\/types\/product"}],"replies":[{"embeddable":true,"href":"https:\/\/teaeye.pl\/uk\/wp-json\/wp\/v2\/comments?post=11092"}],"version-history":[{"count":5,"href":"https:\/\/teaeye.pl\/uk\/wp-json\/wp\/v2\/product\/11092\/revisions"}],"predecessor-version":[{"id":13485,"href":"https:\/\/teaeye.pl\/uk\/wp-json\/wp\/v2\/product\/11092\/revisions\/13485"}],"wp:featuredmedia":[{"embeddable":true,"href":"https:\/\/teaeye.pl\/uk\/wp-json\/wp\/v2\/media\/11093"}],"wp:attachment":[{"href":"https:\/\/teaeye.pl\/uk\/wp-json\/wp\/v2\/media?parent=11092"}],"wp:term":[{"taxonomy":"product_cat","embeddable":true,"href":"https:\/\/teaeye.pl\/uk\/wp-json\/wp\/v2\/product_cat?post=11092"},{"taxonomy":"product_tag","embeddable":true,"href":"https:\/\/teaeye.pl\/uk\/wp-json\/wp\/v2\/product_tag?post=11092"}],"curies":[{"name":"wp","href":"https:\/\/api.w.org\/{rel}","templated":true}]}}