{"id":11177,"date":"2025-01-26T13:34:54","date_gmt":"2025-01-26T13:34:54","guid":{"rendered":"https:\/\/teaeye.pl\/?post_type=product&#038;p=11177"},"modified":"2025-11-01T21:42:51","modified_gmt":"2025-11-01T21:42:51","slug":"czarka-cermiczna-podroz-80ml","status":"publish","type":"product","link":"https:\/\/teaeye.pl\/uk\/product\/czarka-cermiczna-podroz-80ml\/","title":{"rendered":"Czarka &#8211; \u201ePodr\u00f3\u017c\u201d 80ml"},"content":{"rendered":"<p class=\"\" data-start=\"770\" data-end=\"804\">Czarka \u201ePodr\u00f3\u017c\u201d 80 ml to nieszkliwione naczynie ceramiczne w stylu rustykalnym. Idealna do pu-erh i ciemnych herbat \u2013 naturalna powierzchnia i kompaktowy rozmiar.<\/p>\n<div class=\"product-recommendations\">\n<h3>\u0420\u0435\u043a\u043e\u043c\u0435\u043d\u0434\u0443\u0454\u043c\u043e \u0442\u0430\u043a\u043e\u0436:<\/h3>\n<ul>\n<li><a href=\"https:\/\/teaeye.pl\/uk\/product-category\/akcesoria\/naczynia\/czarki\/\">\u041f\u0456\u0430\u043b\u0438<\/a><\/li>\n<li><a href=\"https:\/\/teaeye.pl\/uk\/product-category\/%d0%bf%d1%83%d0%b5%d1%80\/shu-puer\/\">\u0428\u0443 \u043f\u0443\u0435\u0440<\/a><\/li>\n<li><a href=\"https:\/\/teaeye.pl\/uk\/product-category\/%d0%bf%d1%83%d0%b5%d1%80\/sheng-puer\/\">\u0428\u0435\u043d \u043f\u0443\u0435\u0440<\/a><\/li>\n<li><a href=\"https:\/\/teaeye.pl\/uk\/product-category\/akcesoria\/naczynia\/czajniki\/\">\u0427\u0430\u0439\u043d\u0438\u043a\u0438 \u0406\u0441\u0456\u043d<\/a><\/li>\n<li><a href=\"https:\/\/teaeye.pl\/uk\/product-category\/akcesoria\/naczynia\/akcesoria-do-parzenia\/\">\u0410\u043a\u0441\u0435\u0441\u0443\u0430\u0440\u0438 \u0434\u043b\u044f \u0437\u0430\u0432\u0430\u0440\u044e\u0432\u0430\u043d\u043d\u044f<\/a><\/li>\n<\/ul>\n<\/div>","protected":false},"excerpt":{"rendered":"<p class=\"\" data-start=\"157\" data-end=\"587\">Czarka \u201ePodr\u00f3\u017c\u201d o pojemno\u015bci 80 ml to minimalistyczne naczynie ceramiczne, kt\u00f3re \u0142\u0105czy w sobie prostot\u0119 formy i surowo\u015b\u0107 powierzchni. G\u00f3rna cz\u0119\u015b\u0107 czarki pokryta jest drobnoziarnist\u0105, z\u0142otobr\u0105zow\u0105 faktur\u0105, kt\u00f3ra kontrastuje z ciemniejszym, grafitowym do\u0142em o wyra\u017anych poziomych rowkach. Ten naturalny gradient przywo\u0142uje na my\u015bl krajobrazy i \u015bcie\u017cki, kt\u00f3re przemierzamy podczas podr\u00f3\u017cy \u2014 od rozgrzanego piasku po ch\u0142odny cie\u0144 g\u00f3r.<\/p>\n<p class=\"\" data-start=\"589\" data-end=\"748\">Brak szkliwa wewn\u0105trz czyni naczynie bardziej porowatym, dzi\u0119ki czemu szczeg\u00f3lnie dobrze wsp\u00f3\u0142gra z herbatami typu pu-erh, pozwalaj\u0105c im rozwija\u0107 pe\u0142ni\u0119 smaku.<\/p>\n<p class=\"\" data-start=\"750\" data-end=\"767\"><strong data-start=\"750\" data-end=\"767\">Specyfikacja:<\/strong><\/p>\n<ul data-start=\"768\" data-end=\"960\">\n<li class=\"\" data-start=\"768\" data-end=\"804\">\n<p class=\"\" data-start=\"770\" data-end=\"804\">Materia\u0142: ceramika nieszkliwiona<\/p>\n<\/li>\n<li class=\"\" data-start=\"805\" data-end=\"825\">\n<p class=\"\" data-start=\"807\" data-end=\"825\">Pojemno\u015b\u0107: 80 ml<\/p>\n<\/li>\n<li class=\"\" data-start=\"826\" data-end=\"857\">\n<p class=\"\" data-start=\"828\" data-end=\"857\">Styl: naturalny, rustykalny<\/p>\n<\/li>\n<li class=\"\" data-start=\"858\" data-end=\"906\">\n<p class=\"\" data-start=\"860\" data-end=\"906\">Idealna do ciemnych herbat (pu-erh, hei cha)<\/p>\n<\/li>\n<li class=\"\" data-start=\"907\" data-end=\"960\">\n<p class=\"\" data-start=\"909\" data-end=\"960\">Lekka i kompaktowa \u2014 doskona\u0142a do herbaty w podr\u00f3\u017cy<\/p>\n<\/li>\n<\/ul>","protected":false},"featured_media":11732,"comment_status":"open","ping_status":"closed","template":"","meta":[],"product_cat":[129,138,130,145],"product_tag":[],"class_list":{"0":"post-11177","1":"product","2":"type-product","3":"status-publish","4":"has-post-thumbnail","6":"product_cat-akcesoria","7":"product_cat-czarki","8":"product_cat-naczynia","9":"product_cat-znizki","11":"first","12":"outofstock","13":"shipping-taxable","14":"purchasable","15":"product-type-simple"},"aioseo_notices":[],"_links":{"self":[{"href":"https:\/\/teaeye.pl\/uk\/wp-json\/wp\/v2\/product\/11177","targetHints":{"allow":["GET"]}}],"collection":[{"href":"https:\/\/teaeye.pl\/uk\/wp-json\/wp\/v2\/product"}],"about":[{"href":"https:\/\/teaeye.pl\/uk\/wp-json\/wp\/v2\/types\/product"}],"replies":[{"embeddable":true,"href":"https:\/\/teaeye.pl\/uk\/wp-json\/wp\/v2\/comments?post=11177"}],"version-history":[{"count":6,"href":"https:\/\/teaeye.pl\/uk\/wp-json\/wp\/v2\/product\/11177\/revisions"}],"predecessor-version":[{"id":13235,"href":"https:\/\/teaeye.pl\/uk\/wp-json\/wp\/v2\/product\/11177\/revisions\/13235"}],"wp:featuredmedia":[{"embeddable":true,"href":"https:\/\/teaeye.pl\/uk\/wp-json\/wp\/v2\/media\/11732"}],"wp:attachment":[{"href":"https:\/\/teaeye.pl\/uk\/wp-json\/wp\/v2\/media?parent=11177"}],"wp:term":[{"taxonomy":"product_cat","embeddable":true,"href":"https:\/\/teaeye.pl\/uk\/wp-json\/wp\/v2\/product_cat?post=11177"},{"taxonomy":"product_tag","embeddable":true,"href":"https:\/\/teaeye.pl\/uk\/wp-json\/wp\/v2\/product_tag?post=11177"}],"curies":[{"name":"wp","href":"https:\/\/api.w.org\/{rel}","templated":true}]}}