{"id":11181,"date":"2025-01-26T13:40:30","date_gmt":"2025-01-26T13:40:30","guid":{"rendered":"https:\/\/teaeye.pl\/?post_type=product&#038;p=11181"},"modified":"2026-03-26T01:00:05","modified_gmt":"2026-03-26T01:00:05","slug":"czarka-wir-glina-i-szkliwo-80ml","status":"publish","type":"product","link":"https:\/\/teaeye.pl\/uk\/product\/czarka-wir-glina-i-szkliwo-80ml\/","title":{"rendered":"Vortex - \"\u0412\u0438\u0445\u043e\u0440\" 80\u043c\u043b"},"content":{"rendered":"<p>Czarka \u201eWir\u201d 80 ml to r\u0119cznie szkliwiona ceramika w stylu wabi-sabi. Surowe pi\u0119kno, organiczna forma i harmonia kolor\u00f3w \u2013 idealna do gongfu cha.<\/p>\n<div class=\"product-recommendations\">\n<h6>\u0420\u0435\u043a\u043e\u043c\u0435\u043d\u0434\u0443\u0454\u043c\u043e \u0442\u0430\u043a\u043e\u0436:<\/h6>\n<ul>\n<li><a href=\"https:\/\/teaeye.pl\/uk\/product-category\/akcesoria\/naczynia\/czarki\/\">Inne czarki<\/a><\/li>\n<li><a href=\"https:\/\/teaeye.pl\/uk\/product-category\/akcesoria\/naczynia\/gaiwany\/\">\u0413\u0430\u0439\u0432\u0430\u043d\u0456<\/a><\/li>\n<li><a href=\"https:\/\/teaeye.pl\/uk\/product-category\/akcesoria\/naczynia\/chapan\/\">\u0427\u0430\u0431\u0430\u043d\u044c<\/a><\/li>\n<li><a href=\"https:\/\/teaeye.pl\/uk\/product-category\/akcesoria\/naczynia\/czajniki\/\">\u0427\u0430\u0439\u043d\u0438\u043a\u0438<\/a><\/li>\n<li><a href=\"https:\/\/teaeye.pl\/uk\/product-category\/akcesoria\/naczynia\/akcesoria-do-parzenia\/\">\u0410\u043a\u0441\u0435\u0441\u0443\u0430\u0440\u0438 \u0434\u043b\u044f \u0437\u0430\u0432\u0430\u0440\u044e\u0432\u0430\u043d\u043d\u044f<\/a><\/li>\n<\/ul>\n<\/div>","protected":false},"excerpt":{"rendered":"<p class=\"\" data-start=\"179\" data-end=\"505\">Czarka \u201eWir\u201d o pojemno\u015bci 80 ml to minimalistyczne naczynie o organicznym charakterze, kt\u00f3re idealnie wpisuje si\u0119 w estetyk\u0119 wabi-sabi. Jej ob\u0142a forma i stonowana kolorystyka \u2014 po\u0142\u0105czenie odcieni gliny, szaro\u015bci i br\u0105zu \u2014 tworz\u0105 harmonijn\u0105, ciep\u0142\u0105 kompozycj\u0119, przypominaj\u0105c\u0105 warstwy ziemi i naturalnych minera\u0142\u00f3w.<\/p>\n<p class=\"\" data-start=\"507\" data-end=\"750\">Wyko\u0144czenie szkliwem o lekko po\u0142yskuj\u0105cej strukturze nadaje czarce szlachetnego wygl\u0105du, zachowuj\u0105c jednocze\u015bnie surowo\u015b\u0107 r\u0119cznego rzemios\u0142a. Kompaktowy rozmiar i pe\u0142na forma sprawiaj\u0105, \u017ce czarka dobrze le\u017cy w d\u0142oni i zatrzymuje ciep\u0142o naparu.<\/p>\n<p class=\"\" data-start=\"752\" data-end=\"769\"><strong data-start=\"752\" data-end=\"769\">Specyfikacja:<\/strong><\/p>\n<ul data-start=\"770\" data-end=\"1023\">\n<li class=\"\" data-start=\"770\" data-end=\"790\">\n<p class=\"\" data-start=\"772\" data-end=\"790\">Pojemno\u015b\u0107: 80 ml<\/p>\n<\/li>\n<li class=\"\" data-start=\"791\" data-end=\"813\">\n<p class=\"\" data-start=\"793\" data-end=\"813\">Materia\u0142: ceramika<\/p>\n<\/li>\n<li class=\"\" data-start=\"814\" data-end=\"871\">\n<p class=\"\" data-start=\"816\" data-end=\"871\">Wyko\u0144czenie: r\u0119cznie szkliwiona, rustykalna struktura<\/p>\n<\/li>\n<li class=\"\" data-start=\"872\" data-end=\"902\">\n<p class=\"\" data-start=\"874\" data-end=\"902\">Styl: naturalny, wabi-sabi<\/p>\n<\/li>\n<li class=\"\" data-start=\"903\" data-end=\"965\">\n<p class=\"\" data-start=\"905\" data-end=\"965\">Odpowiednia do herbat pu-erh, oolong, czerwonej i zielonej<\/p>\n<\/li>\n<li class=\"\" data-start=\"966\" data-end=\"1023\">\n<p class=\"\" data-start=\"968\" data-end=\"1023\">Idealna do gongfu cha i prostych ceremonii herbacianych<\/p>\n<\/li>\n<\/ul>\n<p class=\"\" data-start=\"1025\" data-end=\"1128\">Czarka \u201eWir\u201d to wyb\u00f3r dla os\u00f3b, kt\u00f3re ceni\u0105 spok\u00f3j, autentyczno\u015b\u0107 i pi\u0119kno niedoskona\u0142o\u015bci.<\/p>","protected":false},"featured_media":11182,"comment_status":"open","ping_status":"closed","template":"","meta":[],"product_cat":[129,138,130],"product_tag":[],"class_list":{"0":"post-11181","1":"product","2":"type-product","3":"status-publish","4":"has-post-thumbnail","6":"product_cat-akcesoria","7":"product_cat-czarki","8":"product_cat-naczynia","10":"first","11":"instock","12":"shipping-taxable","13":"purchasable","14":"product-type-simple"},"aioseo_notices":[],"_links":{"self":[{"href":"https:\/\/teaeye.pl\/uk\/wp-json\/wp\/v2\/product\/11181","targetHints":{"allow":["GET"]}}],"collection":[{"href":"https:\/\/teaeye.pl\/uk\/wp-json\/wp\/v2\/product"}],"about":[{"href":"https:\/\/teaeye.pl\/uk\/wp-json\/wp\/v2\/types\/product"}],"replies":[{"embeddable":true,"href":"https:\/\/teaeye.pl\/uk\/wp-json\/wp\/v2\/comments?post=11181"}],"version-history":[{"count":7,"href":"https:\/\/teaeye.pl\/uk\/wp-json\/wp\/v2\/product\/11181\/revisions"}],"predecessor-version":[{"id":12801,"href":"https:\/\/teaeye.pl\/uk\/wp-json\/wp\/v2\/product\/11181\/revisions\/12801"}],"wp:featuredmedia":[{"embeddable":true,"href":"https:\/\/teaeye.pl\/uk\/wp-json\/wp\/v2\/media\/11182"}],"wp:attachment":[{"href":"https:\/\/teaeye.pl\/uk\/wp-json\/wp\/v2\/media?parent=11181"}],"wp:term":[{"taxonomy":"product_cat","embeddable":true,"href":"https:\/\/teaeye.pl\/uk\/wp-json\/wp\/v2\/product_cat?post=11181"},{"taxonomy":"product_tag","embeddable":true,"href":"https:\/\/teaeye.pl\/uk\/wp-json\/wp\/v2\/product_tag?post=11181"}],"curies":[{"name":"wp","href":"https:\/\/api.w.org\/{rel}","templated":true}]}}