{"id":11305,"date":"2025-02-05T21:15:34","date_gmt":"2025-02-05T21:15:34","guid":{"rendered":"https:\/\/teaeye.pl\/?post_type=product&#038;p=11305"},"modified":"2025-09-12T17:40:22","modified_gmt":"2025-09-12T17:40:22","slug":"xiao-zhong-zheng-xiang","status":"publish","type":"product","link":"https:\/\/teaeye.pl\/uk\/product\/xiao-zhong-zheng-xiang\/","title":{"rendered":"Xiao Zhong Zheng Xiang"},"content":{"rendered":"<p>Xiao Zhong Zheng Xiang to wyrafinowana czerwona herbata z Tongmu w g\u00f3rach Wuyi. G\u0142\u0119boki aromat, nuty kakao, owoc\u00f3w i miodu, aksamitny smak i d\u0142ugi posmak.<\/p>\n<div class=\"product-recommendations\">\n<h3>\u0420\u0435\u043a\u043e\u043c\u0435\u043d\u0434\u0443\u0454\u043c\u043e \u0442\u0430\u043a\u043e\u0436:<\/h3>\n<ul>\n<li><a href=\"https:\/\/teaeye.pl\/uk\/product-category\/czerwona-herbata\/\">Wi\u0119cej czerwonych herbat<\/a><\/li>\n<li><a href=\"https:\/\/teaeye.pl\/uk\/product-category\/oolong\/ciemny\/\">Ciemne oolongi<\/a><\/li>\n<li><a href=\"https:\/\/teaeye.pl\/uk\/product-category\/%d0%bf%d1%83%d0%b5%d1%80\/shu-puer\/\">\u0428\u0443 \u041f\u0443\u0435\u0440<\/a><\/li>\n<li><a href=\"https:\/\/teaeye.pl\/uk\/product-category\/akcesoria\/naczynia\/czajniki\/\">\u0427\u0430\u0439\u043d\u0438\u043a\u0438 \u0406\u0441\u0456\u043d<\/a><\/li>\n<li><a href=\"https:\/\/teaeye.pl\/uk\/product-category\/akcesoria\/naczynia\/chapan\/\">\u0427\u0430\u0431\u0430\u043d\u044c<\/a><\/li>\n<\/ul>\n<\/div>","protected":false},"excerpt":{"rendered":"<p>Xiao Zhong Zheng Xiang to wykwintna czerwona herbata (hong cha) pochodz\u0105ca z legendarnych g\u00f3r Wuyi w prowincji Fujian.<br \/>\nHerbata ta jest produkowana w g\u00f3rskim regionie Tongmu, kt\u00f3ry s\u0142ynie ze swojego unikalnego klimatu: \u0142agodnych temperatur, g\u0119stych mgie\u0142 i \u017cyznej gleby, co tworzy idealne warunki do uprawy herbaty.<\/p>\n<p>Tongmu to g\u00f3rski obszar po\u0142o\u017cony w Wuyi. Uwa\u017cany jest za kolebk\u0119 herbaty Xiao Zhong i znajduje si\u0119 na terenie chronionym Rezerwatu Przyrody Tongmu, kt\u00f3ry jest cz\u0119\u015bci\u0105 \u015awiatowego Dziedzictwa UNESCO. Region ten charakteryzuje si\u0119 specyficznym mikroklimatem \u2013 cz\u0119stymi mg\u0142ami, \u0142agodn\u0105 temperatur\u0105 i \u017cyzn\u0105 gleb\u0105, co sprzyja produkcji wysokiej jako\u015bci czerwonej herbaty.<\/p>\n<p>Herbata ta ma g\u0142\u0119boki, ale delikatny aromat z nutami suszonych owoc\u00f3w, kakao, miodu i orchidei. W jej smaku \u0142\u0105cz\u0105 si\u0119 ciep\u0142e akcenty gorzkiej czekolady, dojrza\u0142ych jag\u00f3d oraz subtelne nuty karmelu. Posmak jest d\u0142ugi, aksamitny, z przyjemn\u0105 s\u0142odycz\u0105.<\/p>\n<p>&nbsp;<\/p>","protected":false},"featured_media":11306,"comment_status":"open","ping_status":"closed","template":"","meta":[],"product_cat":[120,145],"product_tag":[],"class_list":{"0":"post-11305","1":"product","2":"type-product","3":"status-publish","4":"has-post-thumbnail","6":"product_cat-czerwona-herbata","7":"product_cat-znizki","9":"first","10":"outofstock","11":"sale","12":"shipping-taxable","13":"purchasable","14":"product-type-variable"},"aioseo_notices":[],"_links":{"self":[{"href":"https:\/\/teaeye.pl\/uk\/wp-json\/wp\/v2\/product\/11305","targetHints":{"allow":["GET"]}}],"collection":[{"href":"https:\/\/teaeye.pl\/uk\/wp-json\/wp\/v2\/product"}],"about":[{"href":"https:\/\/teaeye.pl\/uk\/wp-json\/wp\/v2\/types\/product"}],"replies":[{"embeddable":true,"href":"https:\/\/teaeye.pl\/uk\/wp-json\/wp\/v2\/comments?post=11305"}],"version-history":[{"count":3,"href":"https:\/\/teaeye.pl\/uk\/wp-json\/wp\/v2\/product\/11305\/revisions"}],"predecessor-version":[{"id":13229,"href":"https:\/\/teaeye.pl\/uk\/wp-json\/wp\/v2\/product\/11305\/revisions\/13229"}],"wp:featuredmedia":[{"embeddable":true,"href":"https:\/\/teaeye.pl\/uk\/wp-json\/wp\/v2\/media\/11306"}],"wp:attachment":[{"href":"https:\/\/teaeye.pl\/uk\/wp-json\/wp\/v2\/media?parent=11305"}],"wp:term":[{"taxonomy":"product_cat","embeddable":true,"href":"https:\/\/teaeye.pl\/uk\/wp-json\/wp\/v2\/product_cat?post=11305"},{"taxonomy":"product_tag","embeddable":true,"href":"https:\/\/teaeye.pl\/uk\/wp-json\/wp\/v2\/product_tag?post=11305"}],"curies":[{"name":"wp","href":"https:\/\/api.w.org\/{rel}","templated":true}]}}