{"id":11317,"date":"2025-02-07T14:58:27","date_gmt":"2025-02-07T14:58:27","guid":{"rendered":"https:\/\/teaeye.pl\/?post_type=product&#038;p=11317"},"modified":"2026-02-26T15:59:55","modified_gmt":"2026-02-26T15:59:55","slug":"chahe-classic","status":"publish","type":"product","link":"https:\/\/teaeye.pl\/uk\/product\/chahe-classic\/","title":{"rendered":"Chahe &#8222;Classic&#8221;"},"content":{"rendered":"<p>Minimalistyczne chahe z bia\u0142ej porcelany \u2013 klasyczne naczynie do gongfu cha. U\u0142atwia przesypywanie chi\u0144skiej herbaty i elegancko prezentuje li\u015bcie podczas ceremonii.<\/p>","protected":false},"excerpt":{"rendered":"<p data-start=\"294\" data-end=\"642\">Chahe \u201eClassic\u201d to eleganckie i funkcjonalne naczynie wykorzystywane podczas chi\u0144skiej ceremonii herbacianej gongfu cha. S\u0142u\u017cy do prezentacji suchych li\u015bci oraz do ich wygodnego przesypywania do gaiwana lub czajniczka. Wykonane z bia\u0142ej porcelany o \u0142agodnych, organicznych kszta\u0142tach \u2013 idealnie wpisuje si\u0119 w estetyk\u0119 tradycyjnej chi\u0144skiej herbaty.<\/p>\n<p data-start=\"644\" data-end=\"964\">To chahe pozwala nie tylko na precyzyjn\u0105 kontrol\u0119 ilo\u015bci herbaty, ale r\u00f3wnie\u017c umo\u017cliwia go\u015bciom podziwianie struktury i aromatu li\u015bci przed zaparzeniem. To naczynie jest nieod\u0142\u0105cznym elementem zestawu do parzenia herbaty metod\u0105 gongfu i cenione jest zar\u00f3wno przez pocz\u0105tkuj\u0105cych, jak i do\u015bwiadczonych mi\u0142o\u015bnik\u00f3w herbaty.<\/p>\n<p data-start=\"966\" data-end=\"1140\">\u00a0Pasuje do ka\u017cdej odmiany chi\u0144skiej herbaty \u2013 bia\u0142ej, zielonej, oolong, czerwonej czy pu-erh.<br data-start=\"1061\" data-end=\"1064\" \/>\u2728 Sprawdzi si\u0119 w ka\u017cdej herbaciarni oraz podczas domowych spotka\u0144 z herbat\u0105.<\/p>","protected":false},"featured_media":11319,"comment_status":"open","ping_status":"closed","template":"","meta":[],"product_cat":[129,140,130],"product_tag":[],"class_list":{"0":"post-11317","1":"product","2":"type-product","3":"status-publish","4":"has-post-thumbnail","6":"product_cat-akcesoria","7":"product_cat-akcesoria-do-parzenia","8":"product_cat-naczynia","10":"first","11":"instock","12":"shipping-taxable","13":"purchasable","14":"product-type-simple"},"aioseo_notices":[],"_links":{"self":[{"href":"https:\/\/teaeye.pl\/uk\/wp-json\/wp\/v2\/product\/11317","targetHints":{"allow":["GET"]}}],"collection":[{"href":"https:\/\/teaeye.pl\/uk\/wp-json\/wp\/v2\/product"}],"about":[{"href":"https:\/\/teaeye.pl\/uk\/wp-json\/wp\/v2\/types\/product"}],"replies":[{"embeddable":true,"href":"https:\/\/teaeye.pl\/uk\/wp-json\/wp\/v2\/comments?post=11317"}],"version-history":[{"count":4,"href":"https:\/\/teaeye.pl\/uk\/wp-json\/wp\/v2\/product\/11317\/revisions"}],"predecessor-version":[{"id":13457,"href":"https:\/\/teaeye.pl\/uk\/wp-json\/wp\/v2\/product\/11317\/revisions\/13457"}],"wp:featuredmedia":[{"embeddable":true,"href":"https:\/\/teaeye.pl\/uk\/wp-json\/wp\/v2\/media\/11319"}],"wp:attachment":[{"href":"https:\/\/teaeye.pl\/uk\/wp-json\/wp\/v2\/media?parent=11317"}],"wp:term":[{"taxonomy":"product_cat","embeddable":true,"href":"https:\/\/teaeye.pl\/uk\/wp-json\/wp\/v2\/product_cat?post=11317"},{"taxonomy":"product_tag","embeddable":true,"href":"https:\/\/teaeye.pl\/uk\/wp-json\/wp\/v2\/product_tag?post=11317"}],"curies":[{"name":"wp","href":"https:\/\/api.w.org\/{rel}","templated":true}]}}