{"id":11324,"date":"2025-02-07T15:02:49","date_gmt":"2025-02-07T15:02:49","guid":{"rendered":"https:\/\/teaeye.pl\/?post_type=product&#038;p=11324"},"modified":"2026-04-01T15:29:15","modified_gmt":"2026-04-01T15:29:15","slug":"chahe-chmury","status":"publish","type":"product","link":"https:\/\/teaeye.pl\/uk\/product\/chahe-chmury\/","title":{"rendered":"\u0427\u0430\u0445\u0435 \"\u0425\u043c\u0430\u0440\u0438\""},"content":{"rendered":"<p>Chahe \u201eChmury\u201d z eleganckiej porcelany to stylowe naczynie do prezentacji li\u015bci przed parzeniem. Dodaje harmonii ka\u017cdej ceremonii gongfu.<\/p>\n<div class=\"product-recommendations\">\n<h3>\u0420\u0435\u043a\u043e\u043c\u0435\u043d\u0434\u0443\u0454\u043c\u043e \u0442\u0430\u043a\u043e\u0436:<\/h3>\n<ul>\n<li><a href=\"https:\/\/teaeye.pl\/uk\/product-category\/akcesoria\/naczynia\/gaiwany\/\">\u0413\u0430\u0439\u0432\u0430\u043d\u0456<\/a><\/li>\n<li><a href=\"https:\/\/teaeye.pl\/uk\/product-category\/akcesoria\/naczynia\/czajniki\/\">\u0427\u0430\u0439\u043d\u0438\u043a\u0438 \u0406\u0441\u0456\u043d<\/a><\/li>\n<li><a href=\"https:\/\/teaeye.pl\/uk\/product-category\/akcesoria\/naczynia\/chapan\/\">\u0427\u0430\u0431\u0430\u043d\u044c<\/a><\/li>\n<li><a href=\"https:\/\/teaeye.pl\/uk\/product-category\/akcesoria\/naczynia\/czarki\/\">\u041f\u0456\u0430\u043b\u0438<\/a><\/li>\n<li><a href=\"https:\/\/teaeye.pl\/uk\/product-category\/akcesoria\/naczynia\/akcesoria-do-parzenia\/\">\u0410\u043a\u0441\u0435\u0441\u0443\u0430\u0440\u0438 \u0434\u043b\u044f \u0437\u0430\u0432\u0430\u0440\u044e\u0432\u0430\u043d\u043d\u044f<\/a><\/li>\n<\/ul>\n<\/div>","protected":false},"excerpt":{"rendered":"<p class=\"\" data-start=\"0\" data-end=\"277\">Stylowy i elegancki akcesorium dla mi\u0142o\u015bnik\u00f3w chi\u0144skiej herbaty. Ta chahe pomo\u017ce nie tylko w procesie parzenia, ale tak\u017ce doda estetyki Twojej ceremonii herbacianej. Idealnie nadaje si\u0119 do przechowywania li\u015bci herbaty podczas ich przygotowania do parzenia.<\/p>\n<p class=\"\" data-start=\"279\" data-end=\"299\"><strong data-start=\"279\" data-end=\"299\">\u0425\u0430\u0440\u0430\u043a\u0442\u0435\u0440\u0438\u0441\u0442\u0438\u043a\u0438:<\/strong><\/p>\n<ul data-start=\"301\" data-end=\"398\">\n<li class=\"\" data-start=\"301\" data-end=\"323\">\n<p class=\"\" data-start=\"303\" data-end=\"323\"><strong data-start=\"303\" data-end=\"315\">\u0414\u043e\u0432\u0436\u0438\u043d\u0430:<\/strong> 11 \u0441\u043c<\/p>\n<\/li>\n<li class=\"\" data-start=\"324\" data-end=\"347\">\n<p class=\"\" data-start=\"326\" data-end=\"347\"><strong data-start=\"326\" data-end=\"340\">\u0428\u0438\u0440\u0438\u043d\u0430:<\/strong> 8 cm<\/p>\n<\/li>\n<li class=\"\" data-start=\"348\" data-end=\"370\">\n<p class=\"\" data-start=\"350\" data-end=\"370\"><strong data-start=\"350\" data-end=\"363\">\u0417\u0440\u043e\u0441\u0442\u0430\u043d\u043d\u044f:<\/strong> 4 cm<\/p>\n<\/li>\n<li class=\"\" data-start=\"371\" data-end=\"398\">\n<p class=\"\" data-start=\"373\" data-end=\"398\"><strong data-start=\"373\" data-end=\"386\">\u041c\u0430\u0442\u0435\u0440\u0456\u0430\u043b\u044c\u043d\u0438\u0439:<\/strong> porcelana<\/p>\n<\/li>\n<\/ul>\n<p class=\"\" data-start=\"400\" data-end=\"551\"><strong data-start=\"400\" data-end=\"421\">\u0415\u043b\u0435\u0433\u0430\u043d\u0442\u043d\u0438\u0439 \u0434\u0438\u0437\u0430\u0439\u043d:<\/strong> Subtelna forma chahe w stylu chmur podkre\u015bli atmosfer\u0119 spokoju i harmonii, charakterystyczn\u0105 dla chi\u0144skiej ceremonii herbacianej.<\/p>\n<p class=\"\" data-start=\"553\" data-end=\"934\"><strong data-start=\"553\" data-end=\"578\">\u0414\u043b\u044f \u0447\u043e\u0433\u043e \u0432\u0438\u043a\u043e\u0440\u0438\u0441\u0442\u043e\u0432\u0443\u0454\u0442\u044c\u0441\u044f \u0447\u0430\u0445\u0435?<\/strong><br data-start=\"578\" data-end=\"581\" \/>Chahe jest u\u017cywana do wa\u017cenia odpowiedniej ilo\u015bci herbaty przed ceremoni\u0105. Pomaga r\u00f3wnie\u017c zapozna\u0107 si\u0119 z herbat\u0105, poczu\u0107 jej zapach oraz zobaczy\u0107 j\u0105 w suchej postaci, co jest wa\u017cnym etapem w procesie picia herbaty. Pozwala to lepiej pozna\u0107 herbat\u0119 w jej r\u00f3\u017cnych stanach i przygotowa\u0107 si\u0119 do stworzenia odpowiedniej atmosfery przed rozpocz\u0119ciem parzenia.<\/p>\n<p class=\"\" data-start=\"936\" data-end=\"1055\">Nie przegap okazji, aby kupi\u0107 chahe \u201eChmury\u201d i uczyni\u0107 swoje picie herbaty jeszcze bardziej wyrafinowanym i przyjemnym!<\/p>","protected":false},"featured_media":11325,"comment_status":"open","ping_status":"closed","template":"","meta":[],"product_cat":[129,140,130],"product_tag":[],"class_list":{"0":"post-11324","1":"product","2":"type-product","3":"status-publish","4":"has-post-thumbnail","6":"product_cat-akcesoria","7":"product_cat-akcesoria-do-parzenia","8":"product_cat-naczynia","10":"first","11":"instock","12":"shipping-taxable","13":"purchasable","14":"product-type-simple"},"aioseo_notices":[],"_links":{"self":[{"href":"https:\/\/teaeye.pl\/uk\/wp-json\/wp\/v2\/product\/11324","targetHints":{"allow":["GET"]}}],"collection":[{"href":"https:\/\/teaeye.pl\/uk\/wp-json\/wp\/v2\/product"}],"about":[{"href":"https:\/\/teaeye.pl\/uk\/wp-json\/wp\/v2\/types\/product"}],"replies":[{"embeddable":true,"href":"https:\/\/teaeye.pl\/uk\/wp-json\/wp\/v2\/comments?post=11324"}],"version-history":[{"count":4,"href":"https:\/\/teaeye.pl\/uk\/wp-json\/wp\/v2\/product\/11324\/revisions"}],"predecessor-version":[{"id":13227,"href":"https:\/\/teaeye.pl\/uk\/wp-json\/wp\/v2\/product\/11324\/revisions\/13227"}],"wp:featuredmedia":[{"embeddable":true,"href":"https:\/\/teaeye.pl\/uk\/wp-json\/wp\/v2\/media\/11325"}],"wp:attachment":[{"href":"https:\/\/teaeye.pl\/uk\/wp-json\/wp\/v2\/media?parent=11324"}],"wp:term":[{"taxonomy":"product_cat","embeddable":true,"href":"https:\/\/teaeye.pl\/uk\/wp-json\/wp\/v2\/product_cat?post=11324"},{"taxonomy":"product_tag","embeddable":true,"href":"https:\/\/teaeye.pl\/uk\/wp-json\/wp\/v2\/product_tag?post=11324"}],"curies":[{"name":"wp","href":"https:\/\/api.w.org\/{rel}","templated":true}]}}