{"id":11389,"date":"2025-02-12T21:52:34","date_gmt":"2025-02-12T21:52:34","guid":{"rendered":"https:\/\/teaeye.pl\/?post_type=product&#038;p=11389"},"modified":"2025-04-17T16:14:31","modified_gmt":"2025-04-17T16:14:31","slug":"czajniczek-yixing-hei-jin-sha-xi-shi-%e9%bb%91%e9%87%91%e7%a0%82%e8%a5%bf%e6%96%bd100-ml","status":"publish","type":"product","link":"https:\/\/teaeye.pl\/uk\/product\/czajniczek-yixing-hei-jin-sha-xi-shi-%e9%bb%91%e9%87%91%e7%a0%82%e8%a5%bf%e6%96%bd100-ml\/","title":{"rendered":"Czajniczek Yixing &#8222;Hei Jin Sha Xi Shi&#8221; (\u9ed1\u91d1\u7802\u897f\u65bd) 100 ml"},"content":{"rendered":"<p>Elegancki i kompaktowy zestaw wykonany z rzadkiej i cennej gliny yixing. Idealnie nadaje si\u0119 do codziennych ceremonii herbacianych i b\u0119dzie doskona\u0142ym towarzyszem w podr\u00f3\u017cy.<\/p>\n<p><em><strong>W zestawie znajduje si\u0119 pude\u0142ko prezentowe, czajnik o pojemno\u015bci 100 ml oraz dwie fili\u017canki po 40 ml.<\/strong><\/em><\/p>","protected":false},"excerpt":{"rendered":"<p>\ud83d\udce6 <strong data-start=\"64\" data-end=\"83\">\u041d\u0430\u0431\u0456\u0440 \u043c\u0456\u0441\u0442\u0438\u0442\u044c:<\/strong> czajniczek 100 ml, dwie czarki 40 ml, eleganckie pude\u0142ko prezentowe<\/p>\n<p data-start=\"155\" data-end=\"409\">Ten wyj\u0105tkowy czajniczek zosta\u0142 wykonany r\u0119cznie z rzadkiej gliny Yixing <strong data-start=\"228\" data-end=\"243\">H\u0113i J\u012bn Sh\u0101<\/strong> (\u9ed1\u91d1\u7802), co oznacza <strong data-start=\"262\" data-end=\"290\">\u201eczarny z\u0142ocisty piasek\u201d<\/strong>. Jego powierzchnia ma g\u0142\u0119boki, ciemnoszary, niemal czarny odcie\u0144, a drobne metaliczne drobinki l\u015bni\u0105 niczym gwiazdy.<\/p>\n<p data-start=\"155\" data-end=\"409\">\u0427\u0430\u0439\u043d\u0438\u043a \u0432\u0438\u0433\u043e\u0442\u043e\u0432\u043b\u0435\u043d\u0438\u0439 \u0437 <strong>piecz\u0119ciami mistrza<\/strong>, co podkre\u015bla jego unikalno\u015b\u0107 i wysok\u0105 jako\u015b\u0107. Jest wyposa\u017cony w filtr w kszta\u0142cie <strong>&#8222;ptasiej klatki&#8221;<\/strong>, kt\u00f3ry skutecznie zatrzymuje li\u015bcie herbaty, a tak\u017ce w perfekcyjnie dzia\u0142aj\u0105cy wodny zamek, zapewniaj\u0105cy stabilny i p\u0142ynny strumie\u0144 wody podczas nalewania.<\/p>\n<h6 data-start=\"411\" data-end=\"460\"><strong data-start=\"415\" data-end=\"458\">Wyj\u0105tkowe w\u0142a\u015bciwo\u015bci gliny H\u0113i J\u012bn Sh\u0101<\/strong><\/h6>\n<p data-start=\"461\" data-end=\"565\">Ta odmiana gliny Yixing wyr\u00f3\u017cnia si\u0119 wysok\u0105 zawarto\u015bci\u0105 tlenk\u00f3w \u017celaza, co nadaje jej niezwyk\u0142e cechy:<\/p>\n<p data-start=\"567\" data-end=\"1052\">\u2705 <strong data-start=\"569\" data-end=\"615\">Optymalna temperatura wypa\u0142u \u2013 oko\u0142o 1140\u2103<\/strong> \u2013 zapewnia idealn\u0105 g\u0119sto\u015b\u0107 i trwa\u0142o\u015b\u0107 czajniczka.<br data-start=\"665\" data-end=\"668\" \/>\u2705 <strong data-start=\"670\" data-end=\"701\">Wsp\u00f3\u0142czynnik skurczu 14-18%<\/strong> \u2013 gwarantuje odporno\u015b\u0107 na zmiany temperatury i d\u0142ugowieczno\u015b\u0107.<br data-start=\"764\" data-end=\"767\" \/>\u2705 <strong data-start=\"769\" data-end=\"800\">Doskona\u0142a pojemno\u015b\u0107 cieplna<\/strong> \u2013 d\u0142ugo utrzymuje ciep\u0142o, pozwalaj\u0105c herbacie w pe\u0142ni rozwin\u0105\u0107 sw\u00f3j smak i aromat.<br data-start=\"883\" data-end=\"886\" \/>\u2705 <strong data-start=\"888\" data-end=\"915\">Mikroporowata struktura<\/strong> \u2013 sprawia, \u017ce czajniczek \u201ezapami\u0119tuje\u201d smaki zaparzanych w nim herbat, dzi\u0119ki czemu kolejne napary staj\u0105 si\u0119 coraz bogatsze i g\u0142\u0119bsze.<\/p>\n<h6 data-start=\"1054\" data-end=\"1095\"><strong data-start=\"1058\" data-end=\"1093\">Doskona\u0142y kszta\u0142t \u2013 Xi Shi (<\/strong><strong>\u897f\u65bd<\/strong><strong>)<\/strong><\/h6>\n<p data-start=\"1096\" data-end=\"1370\">\u0424\u043e\u0440\u043c\u0430 <strong data-start=\"1102\" data-end=\"1112\">\u0421\u0456 \u0428\u0456<\/strong> inspirowana jest postaci\u0105 staro\u017cytnej chi\u0144skiej pi\u0119kno\u015bci i charakteryzuje si\u0119 eleganckimi, op\u0142ywowymi liniami, wygodnym uchwytem i precyzyjnym dzi\u00f3bkiem. Czajniczek r\u00f3wnomiernie si\u0119 nagrzewa, tworz\u0105c idealne warunki do parzenia herbaty metod\u0105 gongfu cha.<\/p>\n<h6 data-start=\"1372\" data-end=\"1400\"><strong data-start=\"1376\" data-end=\"1398\">Dla jakich herbat?<\/strong><\/h6>\n<p data-start=\"1401\" data-end=\"1587\">Dzi\u0119ki swoim w\u0142a\u015bciwo\u015bciom czajniczek najlepiej sprawdza si\u0119 do <strong data-start=\"1465\" data-end=\"1530\">oolong\u00f3w, herbat czerwonych, pu-erh\u00f3w i herbat dojrzewaj\u0105cych<\/strong>, podkre\u015blaj\u0105c ich bogactwo aromatyczne i g\u0142\u0119bi\u0119 smaku.<\/p>\n<h6 data-start=\"1589\" data-end=\"1628\"><strong data-start=\"1593\" data-end=\"1626\">Idealny na prezent i w podr\u00f3\u017c<\/strong><\/h6>\n<p data-start=\"1629\" data-end=\"1842\" data-is-last-node=\"\">Kompaktowy rozmiar sprawia, \u017ce zestaw \u015bwietnie nadaje si\u0119 zar\u00f3wno do <strong data-start=\"1698\" data-end=\"1727\">domowego parzenia herbaty<\/strong>, jak i do <strong data-start=\"1738\" data-end=\"1749\">podr\u00f3\u017cy<\/strong>, a eleganckie opakowanie czyni go doskona\u0142ym <strong data-start=\"1795\" data-end=\"1841\">prezentem dla mi\u0142o\u015bnik\u00f3w chi\u0144skiej herbaty<\/strong>.<\/p>","protected":false},"featured_media":11390,"comment_status":"open","ping_status":"closed","template":"","meta":[],"product_cat":[129,135,130,141],"product_tag":[],"class_list":{"0":"post-11389","1":"product","2":"type-product","3":"status-publish","4":"has-post-thumbnail","6":"product_cat-akcesoria","7":"product_cat-czajniki","8":"product_cat-naczynia","9":"product_cat-zestawy-do-parzenia","11":"first","12":"outofstock","13":"shipping-taxable","14":"purchasable","15":"product-type-simple"},"aioseo_notices":[],"_links":{"self":[{"href":"https:\/\/teaeye.pl\/uk\/wp-json\/wp\/v2\/product\/11389","targetHints":{"allow":["GET"]}}],"collection":[{"href":"https:\/\/teaeye.pl\/uk\/wp-json\/wp\/v2\/product"}],"about":[{"href":"https:\/\/teaeye.pl\/uk\/wp-json\/wp\/v2\/types\/product"}],"replies":[{"embeddable":true,"href":"https:\/\/teaeye.pl\/uk\/wp-json\/wp\/v2\/comments?post=11389"}],"version-history":[{"count":3,"href":"https:\/\/teaeye.pl\/uk\/wp-json\/wp\/v2\/product\/11389\/revisions"}],"predecessor-version":[{"id":11396,"href":"https:\/\/teaeye.pl\/uk\/wp-json\/wp\/v2\/product\/11389\/revisions\/11396"}],"wp:featuredmedia":[{"embeddable":true,"href":"https:\/\/teaeye.pl\/uk\/wp-json\/wp\/v2\/media\/11390"}],"wp:attachment":[{"href":"https:\/\/teaeye.pl\/uk\/wp-json\/wp\/v2\/media?parent=11389"}],"wp:term":[{"taxonomy":"product_cat","embeddable":true,"href":"https:\/\/teaeye.pl\/uk\/wp-json\/wp\/v2\/product_cat?post=11389"},{"taxonomy":"product_tag","embeddable":true,"href":"https:\/\/teaeye.pl\/uk\/wp-json\/wp\/v2\/product_tag?post=11389"}],"curies":[{"name":"wp","href":"https:\/\/api.w.org\/{rel}","templated":true}]}}