{"id":11425,"date":"2025-02-15T21:28:42","date_gmt":"2025-02-15T21:28:42","guid":{"rendered":"https:\/\/teaeye.pl\/?post_type=product&#038;p=11425"},"modified":"2025-11-07T11:25:16","modified_gmt":"2025-11-07T11:25:16","slug":"ming-jian-hong-oolong-%d1%81zerwony","status":"publish","type":"product","link":"https:\/\/teaeye.pl\/uk\/product\/ming-jian-hong-oolong-%d1%81zerwony\/","title":{"rendered":"Ming Jian Hong Oolong (\u0421zerwony)"},"content":{"rendered":"<p>Ming Jian Hong Oolong to intensywny tajwa\u0144ski oolong z g\u0142\u0119bok\u0105 fermentacj\u0105. Tropikalne owoce, mi\u00f3d i \u015bliwka \u0142\u0105cz\u0105 si\u0119 w s\u0142odkim, klarownym naparze.<\/p>\n<div class=\"product-recommendations\">\n<h3>\u0420\u0435\u043a\u043e\u043c\u0435\u043d\u0434\u0443\u0454\u043c\u043e \u0442\u0430\u043a\u043e\u0436:<\/h3>\n<ul>\n<li><a href=\"https:\/\/teaeye.pl\/uk\/product-category\/oolong\/ciemny\/\">Ciemne oolongi<\/a><\/li>\n<li><a href=\"https:\/\/teaeye.pl\/uk\/product-category\/czerwona-herbata\/\">Herbaty czerwone (hongcha)<\/a><\/li>\n<li><a href=\"https:\/\/teaeye.pl\/uk\/product-category\/gaba-herbata\/\">\u0443\u043b\u0443\u043d\u0438 \u0413\u0410\u0411\u0410<\/a><\/li>\n<li><a href=\"https:\/\/teaeye.pl\/uk\/product-category\/akcesoria\/naczynia\/gaiwany\/\">\u0413\u0430\u0439\u0432\u0430\u043d\u0456<\/a><\/li>\n<li><a href=\"https:\/\/teaeye.pl\/uk\/product-category\/akcesoria\/naczynia\/czajniki\/\">\u0427\u0430\u0439\u043d\u0438\u043a\u0438<\/a><\/li>\n<\/ul>\n<\/div>","protected":false},"excerpt":{"rendered":"<p>Ten unikalny tajwa\u0144ski oolong z powiatu Mingjian \u0142\u0105czy w sobie tradycje produkcji oolong\u00f3w i g\u0142\u0119bok\u0105 fermentacj\u0119 charakterystyczn\u0105 dla herbat czerwonych. Li\u015bcie przechodz\u0105 d\u0142ugi proces utleniania, dzi\u0119ki czemu herbata rozwija intensywne, s\u0142odkie i owocowo-miodowe nuty.<\/p>\n<p>\ud83d\udd38 <strong>\u0410\u0440\u043e\u043c\u0430\u0442:<\/strong><br \/>\n\u015awie\u017ce tropikalne owoce z subtelnymi nutami miodu. W kolejnych parzeniach pojawiaj\u0105 si\u0119 akcenty dojrza\u0142ej \u015bliwki, moreli i kandyzowanych owoc\u00f3w.<\/p>\n<p>\ud83d\udd38 <strong>\u0421\u043c\u0430\u043a:<\/strong><br \/>\nPierwsze parzenia przynosz\u0105 s\u0142odycz dojrza\u0142ych owoc\u00f3w z lekk\u0105 kwasowo\u015bci\u0105 jag\u00f3d. Z czasem ujawniaj\u0105 si\u0119 wyraziste nuty suszonych owoc\u00f3w, miodu i dojrza\u0142ych jag\u00f3d. Posmak jest d\u0142ugi, s\u0142odki, owocowo-miodowy.<\/p>\n<p>\ud83d\udd38 <strong>\u0414\u0456\u044f:<\/strong><br \/>\nHerbata dzia\u0142a \u0142agodnie pobudzaj\u0105co \u2013 poprawia koncentracj\u0119, pomaga uporz\u0105dkowa\u0107 my\u015bli i wprowadza spokojn\u0105 klarowno\u015b\u0107 umys\u0142u. Doskonale nadaje si\u0119 do medytacyjnych spotka\u0144 przy herbacie oraz relaksuj\u0105cych wieczor\u00f3w.<\/p>\n<p>\u2728 Unikalny przyk\u0142ad kunsztu tajwa\u0144skich mistrz\u00f3w herbaty, kt\u00f3ry zdecydowanie warto spr\u00f3bowa\u0107, je\u015bli jeste\u015b mi\u0142o\u015bnikiem oolong\u00f3w!<\/p>","protected":false},"featured_media":11428,"comment_status":"open","ping_status":"closed","template":"","meta":[],"product_cat":[112,120,149,172,108],"product_tag":[],"class_list":{"0":"post-11425","1":"product","2":"type-product","3":"status-publish","4":"has-post-thumbnail","6":"product_cat-ciemny","7":"product_cat-czerwona-herbata","8":"product_cat-herbata","9":"product_cat-oolong-ciemny-oolong","10":"product_cat-oolong","12":"first","13":"outofstock","14":"shipping-taxable","15":"purchasable","16":"product-type-variable"},"aioseo_notices":[],"_links":{"self":[{"href":"https:\/\/teaeye.pl\/uk\/wp-json\/wp\/v2\/product\/11425","targetHints":{"allow":["GET"]}}],"collection":[{"href":"https:\/\/teaeye.pl\/uk\/wp-json\/wp\/v2\/product"}],"about":[{"href":"https:\/\/teaeye.pl\/uk\/wp-json\/wp\/v2\/types\/product"}],"replies":[{"embeddable":true,"href":"https:\/\/teaeye.pl\/uk\/wp-json\/wp\/v2\/comments?post=11425"}],"version-history":[{"count":3,"href":"https:\/\/teaeye.pl\/uk\/wp-json\/wp\/v2\/product\/11425\/revisions"}],"predecessor-version":[{"id":13217,"href":"https:\/\/teaeye.pl\/uk\/wp-json\/wp\/v2\/product\/11425\/revisions\/13217"}],"wp:featuredmedia":[{"embeddable":true,"href":"https:\/\/teaeye.pl\/uk\/wp-json\/wp\/v2\/media\/11428"}],"wp:attachment":[{"href":"https:\/\/teaeye.pl\/uk\/wp-json\/wp\/v2\/media?parent=11425"}],"wp:term":[{"taxonomy":"product_cat","embeddable":true,"href":"https:\/\/teaeye.pl\/uk\/wp-json\/wp\/v2\/product_cat?post=11425"},{"taxonomy":"product_tag","embeddable":true,"href":"https:\/\/teaeye.pl\/uk\/wp-json\/wp\/v2\/product_tag?post=11425"}],"curies":[{"name":"wp","href":"https:\/\/api.w.org\/{rel}","templated":true}]}}