{"id":11446,"date":"2025-02-15T21:49:41","date_gmt":"2025-02-15T21:49:41","guid":{"rendered":"https:\/\/teaeye.pl\/?post_type=product&#038;p=11446"},"modified":"2026-02-11T17:03:00","modified_gmt":"2026-02-11T17:03:00","slug":"jin-xuan-oolong","status":"publish","type":"product","link":"https:\/\/teaeye.pl\/uk\/product\/jin-xuan-oolong\/","title":{"rendered":"Jin Xuan Oolong"},"content":{"rendered":"<h1>Jin Xuan Oolong \u2013 tajwa\u0144ski oolong \u201eOgnisty Kwiat\u201d<\/h1>\n<p>Jin Xuan to jeden z najbardziej rozpoznawalnych i cenionych tajwa\u0144skich oolong\u00f3w. Odmiana ta uznawana jest za \u201erod\u043e\u043d\u0430\u0447elnika\u201d legendarnego mlecznego oolonga, jednak w swojej naturalnej formie zachwyca czysto\u015bci\u0105 i elegancj\u0105 smaku. Prezentowany Jin Xuan zosta\u0142 wyprodukowany w niewielkim gospodarstwie rolnym na g\u00f3rze Zhu Shan, w po\u0142udniowej cz\u0119\u015bci regionu Nantou na Tajwanie.<\/p>\n<p>W procesie produkcji li\u015b\u0107 przeszed\u0142 wielokrotn\u0105 skr\u0119tk\u0119, lekk\u0105 fermentacj\u0119 oraz delikatny, kr\u00f3tki proces ogrzewania. Dzi\u0119ki temu herbata zachowa\u0142a \u015bwie\u017co\u015b\u0107, lekko\u015b\u0107 i charakterystyczne cechy odmiany, bez dominuj\u0105cych nut pra\u017conych czy ci\u0119\u017ckich akcent\u00f3w.<\/p>\n<p><a href=\"https:\/\/teaeye.pl\/wp-content\/uploads\/2024\/10\/Jin-Xuan1-1.jpg\"><img fetchpriority=\"high\" decoding=\"async\" class=\"alignnone wp-image-11443\" src=\"https:\/\/teaeye.pl\/wp-content\/uploads\/2024\/10\/Jin-Xuan1-1-300x219.jpg\" alt=\"Jin Xuan\" width=\"551\" height=\"402\" srcset=\"https:\/\/teaeye.pl\/wp-content\/uploads\/2024\/10\/Jin-Xuan1-1-300x219.jpg 300w, https:\/\/teaeye.pl\/wp-content\/uploads\/2024\/10\/Jin-Xuan1-1-1024x748.jpg 1024w, https:\/\/teaeye.pl\/wp-content\/uploads\/2024\/10\/Jin-Xuan1-1-768x561.jpg 768w, https:\/\/teaeye.pl\/wp-content\/uploads\/2024\/10\/Jin-Xuan1-1-600x438.jpg 600w, https:\/\/teaeye.pl\/wp-content\/uploads\/2024\/10\/Jin-Xuan1-1-850x621.jpg 850w, https:\/\/teaeye.pl\/wp-content\/uploads\/2024\/10\/Jin-Xuan1-1.jpg 1170w\" sizes=\"(max-width: 551px) 100vw, 551px\" \/><\/a><\/p>\n<h2>Smak i aromat Jin Xuan Oolong<\/h2>\n<p>Suchy li\u015b\u0107 ma posta\u0107 \u015bredniej wielko\u015bci, kulistych listk\u00f3w o zielonej barwie, osadzonych na kr\u00f3tkim ogonku. Aromat jest subtelny i delikatny \u2013 kwiatowo-trawiasty, z lekkimi, naturalnymi nutami kremowymi. Napar ma czysty, przejrzysty kolor o z\u0142ocisto-\u017c\u00f3\u0142tym odcieniu i sprawia wra\u017cenie bardzo \u201e\u017cywego\u201d.<\/p>\n<p>Bukiet gotowego naparu jest \u015bwie\u017cy, jasny i elegancki. W smaku pojawiaj\u0105 si\u0119 nuty owocowo-kwiatowe, delikatna zielono\u015b\u0107 oraz subtelne, kremowe niuanse. Struktura jest g\u0142adka, lekko oleista, mi\u0119kka i harmonijna. Posmak d\u0142ugi, soczysty, z przyjemn\u0105, od\u015bwie\u017caj\u0105c\u0105 kwasowo\u015bci\u0105.<\/p>\n<p>Dzia\u0142anie herbaty jest \u0142agodne i bardzo komfortowe. Jin Xuan delikatnie odpr\u0119\u017ca, poprawia nastr\u00f3j i pomaga zdj\u0105\u0107 napi\u0119cie po intensywnym dniu. Od\u015bwie\u017ca percepcj\u0119, wprowadza stan lekkiej rado\u015bci i naturalnej r\u00f3wnowagi, bez nadmiernego pobudzenia.<\/p>\n<p><a href=\"https:\/\/teaeye.pl\/wp-content\/uploads\/2024\/10\/Jin-Xuan2-1.jpg\"><img decoding=\"async\" class=\"alignnone wp-image-11444\" src=\"https:\/\/teaeye.pl\/wp-content\/uploads\/2024\/10\/Jin-Xuan2-1-300x219.jpg\" alt=\"Jin Xuan\" width=\"551\" height=\"402\" srcset=\"https:\/\/teaeye.pl\/wp-content\/uploads\/2024\/10\/Jin-Xuan2-1-300x219.jpg 300w, https:\/\/teaeye.pl\/wp-content\/uploads\/2024\/10\/Jin-Xuan2-1-1024x748.jpg 1024w, https:\/\/teaeye.pl\/wp-content\/uploads\/2024\/10\/Jin-Xuan2-1-768x561.jpg 768w, https:\/\/teaeye.pl\/wp-content\/uploads\/2024\/10\/Jin-Xuan2-1-600x438.jpg 600w, https:\/\/teaeye.pl\/wp-content\/uploads\/2024\/10\/Jin-Xuan2-1-850x621.jpg 850w, https:\/\/teaeye.pl\/wp-content\/uploads\/2024\/10\/Jin-Xuan2-1.jpg 1170w\" sizes=\"(max-width: 551px) 100vw, 551px\" \/><\/a><\/p>\n<h2>\u042f\u043a \u0437\u0430\u0432\u0430\u0440\u044e\u0432\u0430\u0442\u0438 \u0456 \u0437\u0431\u0435\u0440\u0456\u0433\u0430\u0442\u0438<\/h2>\n<ul>\n<li>Parzenie zalewowe: 4\u20135 g na 500 ml, 2\u20133 min, 85\u201390\u00b0C.<\/li>\n<li>\u0490\u0443\u043d\u0444\u0443 \u0447\u0430: 6\u20137 \u0433 \u043d\u0430 100\u2013150 \u043c\u043b, 15\u201325 \u0441\u0435\u043a, 6\u20138 \u043f\u0440\u043e\u043b\u0438\u0432\u0456\u0432.<\/li>\n<\/ul>\n<p>Herbat\u0119 najlepiej przechowywa\u0107 w szczelnym opakowaniu, z dala od \u015bwiat\u0142a, wilgoci i intensywnych zapach\u00f3w. Jin Xuan nie wymaga d\u0142ugiego le\u017cakowania i najlepiej smakuje jako \u015bwie\u017cy, codzienny oolong.<\/p>\n<p>Je\u015bli chcesz <strong>kupi\u0107 Jin Xuan w Warszawie<\/strong>, znajdziesz go w ofercie TEA EYE \u2013 <strong>sklepu z chi\u0144sk\u0105 herbat\u0105 w Polsce<\/strong>. Herbata dost\u0119pna jest w kategorii <a href=\"https:\/\/teaeye.pl\/uk\/product-category\/oolong\/jasny\/\">jasne oolongi<\/a> oraz w\u015br\u00f3d herbat pochodz\u0105cych z <a href=\"https:\/\/teaeye.pl\/uk\/product-category\/oolong\/\">Tajwanu<\/a>. Wi\u0119cej informacji o oolongach znajdziesz na <a href=\"https:\/\/pl.wikipedia.org\/wiki\/Oolong\" target=\"_blank\" rel=\"noopener\">\u0412\u0456\u043a\u0456\u043f\u0435\u0434\u0456\u0457<\/a>. Jin Xuan mo\u017cesz wygodnie zam\u00f3wi\u0107 online.<\/p>","protected":false},"excerpt":{"rendered":"<p>Jin Xuan to klasyczny tajwa\u0144ski oolong o \u015bwie\u017cym, kwiatowo-kremowym charakterze. Napar jest czysty, mi\u0119kki i naturalnie s\u0142odkawy, z delikatnymi nutami owoc\u00f3w i \u015bwie\u017cej zieleni. Herbata dzia\u0142a \u0142agodnie i harmonijnie \u2013 od\u015bwie\u017ca umys\u0142, poprawia nastr\u00f3j i pomaga si\u0119 rozlu\u017ani\u0107. Jest bardzo przyst\u0119pna i \u0142atwa w parzeniu. Doskona\u0142y wyb\u00f3r na codzienne, spokojne herbaciane chwile.<\/p>","protected":false},"featured_media":11443,"comment_status":"open","ping_status":"closed","template":"","meta":[],"product_cat":[149,110,108,174],"product_tag":[],"class_list":{"0":"post-11446","1":"product","2":"type-product","3":"status-publish","4":"has-post-thumbnail","6":"product_cat-herbata","7":"product_cat-jasny","8":"product_cat-oolong","9":"product_cat-taiwan-jasny","11":"first","12":"outofstock","13":"shipping-taxable","14":"purchasable","15":"product-type-variable"},"aioseo_notices":[],"_links":{"self":[{"href":"https:\/\/teaeye.pl\/uk\/wp-json\/wp\/v2\/product\/11446","targetHints":{"allow":["GET"]}}],"collection":[{"href":"https:\/\/teaeye.pl\/uk\/wp-json\/wp\/v2\/product"}],"about":[{"href":"https:\/\/teaeye.pl\/uk\/wp-json\/wp\/v2\/types\/product"}],"replies":[{"embeddable":true,"href":"https:\/\/teaeye.pl\/uk\/wp-json\/wp\/v2\/comments?post=11446"}],"version-history":[{"count":4,"href":"https:\/\/teaeye.pl\/uk\/wp-json\/wp\/v2\/product\/11446\/revisions"}],"predecessor-version":[{"id":13212,"href":"https:\/\/teaeye.pl\/uk\/wp-json\/wp\/v2\/product\/11446\/revisions\/13212"}],"wp:featuredmedia":[{"embeddable":true,"href":"https:\/\/teaeye.pl\/uk\/wp-json\/wp\/v2\/media\/11443"}],"wp:attachment":[{"href":"https:\/\/teaeye.pl\/uk\/wp-json\/wp\/v2\/media?parent=11446"}],"wp:term":[{"taxonomy":"product_cat","embeddable":true,"href":"https:\/\/teaeye.pl\/uk\/wp-json\/wp\/v2\/product_cat?post=11446"},{"taxonomy":"product_tag","embeddable":true,"href":"https:\/\/teaeye.pl\/uk\/wp-json\/wp\/v2\/product_tag?post=11446"}],"curies":[{"name":"wp","href":"https:\/\/api.w.org\/{rel}","templated":true}]}}