{"id":11458,"date":"2025-02-16T19:55:47","date_gmt":"2025-02-16T19:55:47","guid":{"rendered":"https:\/\/teaeye.pl\/?post_type=product&#038;p=11458"},"modified":"2025-12-04T14:20:01","modified_gmt":"2025-12-04T14:20:01","slug":"dian-hong-mao-feng","status":"publish","type":"product","link":"https:\/\/teaeye.pl\/uk\/product\/dian-hong-mao-feng\/","title":{"rendered":"\u0414\u044f\u043d\u044c \u0425\u0443\u043d \u0426\u0437\u0456\u043d\u044c \u041c\u0430\u043e \u0424\u0435\u043d"},"content":{"rendered":"<h1>Dian Hong Jin Mao Feng \u2014 \u0447\u0435\u0440\u0432\u043e\u043d\u0438\u0439 \u0447\u0430\u0439 \u0437 \u042e\u043d\u044c\u043d\u0430\u043d\u044e<\/h1>\n<p>Dian Hong Jin Mao Feng \u2014 \u0446\u0435 \u0447\u0435\u0440\u0432\u043e\u043d\u0438\u0439 \u0447\u0430\u0439 \u0456\u0437 \u043a\u0438\u0442\u0430\u0439\u0441\u044c\u043a\u043e\u0457 \u043f\u0440\u043e\u0432\u0456\u043d\u0446\u0456\u0457 \u042e\u043d\u044c\u043d\u0430\u043d\u044c, \u0432\u0438\u0433\u043e\u0442\u043e\u0432\u043b\u0435\u043d\u0438\u0439 \u0456\u0437 \u0432\u0438\u0441\u043e\u043a\u043e\u044f\u043a\u0456\u0441\u043d\u043e\u0457 \u0441\u0438\u0440\u043e\u0432\u0438\u043d\u0438, \u0437\u0456\u0431\u0440\u0430\u043d\u043e\u0457 \u0437 \u0447\u0430\u0439\u043d\u0438\u0445 \u043a\u0443\u0449\u0456\u0432 \u0432\u0456\u043a\u043e\u043c \u0434\u043e 120 \u0440\u043e\u043a\u0456\u0432. \u0426\u0456 \u0440\u043e\u0441\u043b\u0438\u043d\u0438 \u0440\u043e\u0441\u0442\u0443\u0442\u044c \u0432\u0438\u0441\u043e\u043a\u043e \u0432 \u0433\u043e\u0440\u0430\u0445, \u0443 \u0447\u0438\u0441\u0442\u043e\u043c\u0443 \u043f\u043e\u0432\u0456\u0442\u0440\u0456 \u0442\u0430 \u043c\u2019\u044f\u043a\u043e\u043c\u0443 \u043a\u043b\u0456\u043c\u0430\u0442\u0456, \u0449\u043e \u043d\u0430\u0434\u0430\u0454 \u043d\u0430\u0441\u0442\u043e\u044e \u043e\u0441\u043e\u0431\u043b\u0438\u0432\u043e\u0457 \u0433\u043b\u0438\u0431\u0438\u043d\u0438 \u0441\u043c\u0430\u043a\u0443 \u0439 \u0430\u0440\u043e\u043c\u0430\u0442\u0443.<\/p>\n<p>\u041b\u0438\u0441\u0442\u044f \u0447\u0430\u044e \u0434\u043e\u0432\u0433\u0435, \u0441\u043a\u0440\u0443\u0447\u0435\u043d\u0435, \u0437 \u0440\u0443\u0434\u0443\u0432\u0430\u0442\u0438\u043c\u0438 \u0432\u0456\u0434\u0431\u043b\u0438\u0441\u043a\u0430\u043c\u0438, \u043f\u0435\u0440\u0435\u043f\u043b\u0435\u0442\u0435\u043d\u0435 \u0432\u0435\u043b\u0438\u043a\u0438\u043c\u0438 \u0437\u043e\u043b\u043e\u0442\u0438\u0441\u0442\u0438\u043c\u0438 \u0431\u0440\u0443\u043d\u044c\u043a\u0430\u043c\u0438. \u0421\u0430\u043c\u0435 \u0432\u043e\u043d\u0438 \u043d\u0430\u0434\u0430\u044e\u0442\u044c \u043d\u0430\u0441\u0442\u043e\u044e \u043e\u043a\u0441\u0430\u043c\u0438\u0442\u043e\u0432\u0443 \u043a\u043e\u043d\u0441\u0438\u0441\u0442\u0435\u043d\u0446\u0456\u044e \u0442\u0430 \u0445\u0430\u0440\u0430\u043a\u0442\u0435\u0440\u043d\u0443 \u043c\u0435\u0434\u043e\u0432\u0443 \u0441\u043e\u043b\u043e\u0434\u043a\u0456\u0441\u0442\u044c.<\/p>\n<h2>\u0410\u0440\u043e\u043c\u0430\u0442 i \u0441\u043c\u0430\u043a<\/h2>\n<p>Podczas ogrzewania li\u015bci w czajniczku lub gaiwanie uwalnia si\u0119 rozgrzewaj\u0105cy aromat \u015bwie\u017cego chleba, chmielu i miodu. Po zaparzeniu napar zyskuje g\u0142\u0119bokie nuty czekolady i miodu, wzbogacone akcentami ziaren kakao, suszonej \u015bliwki i subtelnych nut kwiatowych.<\/p>\n<p>Napar jest g\u0119sty, lepki, o ciemno-bursztynowej barwie i aksamitnej konsystencji. Posmak jest d\u0142ugi, miodowo-s\u0142odki, z przyjemn\u0105, ciep\u0142\u0105 cierpko\u015bci\u0105.<\/p>\n<h2>\u0414\u0456\u044f<\/h2>\n<p>Ta herbata ma zr\u00f3wnowa\u017cone i \u0142agodne dzia\u0142anie \u2013 rozgrzewa, pomaga w koncentracji, a jednocze\u015bnie daje poczucie spokoju i przytulno\u015bci. Dian Hong Jin Mao Feng doskonale sprawdzi si\u0119 zar\u00f3wno o poranku, delikatnie pobudzaj\u0105c i dodaj\u0105c energii, jak i podczas wieczornego relaksu, pomagaj\u0105c si\u0119 odpr\u0119\u017cy\u0107 i cieszy\u0107 chwil\u0105.<\/p>\n<h2>Sposoby parzenia<\/h2>\n<p>Dian Hong Jin Mao Feng to herbata, kt\u00f3ra wybacza b\u0142\u0119dy w parzeniu. Mo\u017cna j\u0105 przygotowywa\u0107 na wiele sposob\u00f3w: metod\u0105 gongfu cha w gaiwanie, klasycznie w dzbanku lub w termosie. Dzi\u0119ki swojej \u0142agodno\u015bci i uniwersalno\u015bci b\u0119dzie idealnym wyborem na co dzie\u0144 \u2013 wystarczaj\u0105co wyrazista, by zachwyci\u0107, a jednocze\u015bnie na tyle delikatna, by cieszy\u0107 si\u0119 ni\u0105 regularnie.<\/p>\n<p>To herbata dla tych, kt\u00f3rzy ceni\u0105 g\u0142\u0119bi\u0119 smaku, harmoni\u0119 aromat\u00f3w i prawdziwy komfort w ka\u017cdej fili\u017cance.<\/p>\n<h2>\u0420\u0435\u043a\u043e\u043c\u0435\u043d\u0434\u0443\u0454\u043c\u043e \u0442\u0430\u043a\u043e\u0436:<\/h2>\n<ul>\n<li><a href=\"https:\/\/teaeye.pl\/uk\/product-category\/czerwona-herbata\/\">\u0406\u043d\u0448\u0456 \u0447\u0435\u0440\u0432\u043e\u043d\u0456 \u0447\u0430\u0457 (\u0445\u0443\u043d\u0447\u0430)<\/a><\/li>\n<li><a href=\"https:\/\/teaeye.pl\/uk\/product-category\/akcesoria\/naczynia\/gaiwany\/\">\u0413\u0430\u0439\u0432\u0430\u043d\u0456<\/a><\/li>\n<li><a href=\"https:\/\/teaeye.pl\/uk\/product-category\/akcesoria\/naczynia\/czajniki\/\">\u0427\u0430\u0439\u043d\u0438\u043a\u0438 \u0406\u0441\u0456\u043d<\/a><\/li>\n<li><a href=\"https:\/\/teaeye.pl\/uk\/product-category\/akcesoria\/naczynia\/czarki\/\">\u041f\u0456\u0430\u043b\u0438<\/a><\/li>\n<li><a href=\"https:\/\/teaeye.pl\/uk\/product-category\/akcesoria\/naczynia\/termosy\/\">\u0422\u0435\u0440\u043c\u043e\u0441\u0438 \u0434\u043b\u044f \u0447\u0430\u044e<\/a><\/li>\n<\/ul>","protected":false},"excerpt":{"rendered":"<p class=\"translation-block\"><strong>\u0414\u044f\u043d\u044c \u0425\u0443\u043d \u0426\u0437\u0456\u043d\u044c \u041c\u0430\u043e \u0424\u0435\u043d<\/strong> \u2014 \u0446\u0435 \u0435\u043a\u0441\u043a\u043b\u044e\u0437\u0438\u0432\u043d\u0438\u0439 \u0447\u0435\u0440\u0432\u043e\u043d\u0438\u0439 \u0447\u0430\u0439 \u0437 \u0433\u0456\u0440 \u042e\u043d\u044c\u043d\u0430\u043d\u044e, \u0432\u0438\u0433\u043e\u0442\u043e\u0432\u043b\u0435\u043d\u0438\u0439 \u0456\u0437 \u043b\u0438\u0441\u0442\u044f \u0441\u0442\u0430\u0440\u0438\u0445 \u0447\u0430\u0439\u043d\u0438\u0445 \u043a\u0443\u0449\u0456\u0432 \u0432\u0456\u043a\u043e\u043c \u0434\u043e 120 \u0440\u043e\u043a\u0456\u0432. \u0412\u0438\u0441\u043e\u043a\u043e\u0433\u0456\u0440\u043d\u0435 \u043f\u043e\u0445\u043e\u0434\u0436\u0435\u043d\u043d\u044f \u0442\u0430 \u043d\u0430\u044f\u0432\u043d\u0456\u0441\u0442\u044c \u0437\u043e\u043b\u043e\u0442\u0438\u0441\u0442\u0438\u0445 \u0431\u0440\u0443\u043d\u044c\u043e\u043a \u043d\u0430\u0434\u0430\u044e\u0442\u044c \u043d\u0430\u0441\u0442\u043e\u044e \u043e\u043a\u0441\u0430\u043c\u0438\u0442\u043e\u0432\u0443 \u0442\u0435\u043a\u0441\u0442\u0443\u0440\u0443, \u043c\u0435\u0434\u043e\u0432\u0443 \u0441\u043e\u043b\u043e\u0434\u043a\u0456\u0441\u0442\u044c \u0456 \u0433\u043b\u0438\u0431\u0438\u043d\u0443 \u0441\u043c\u0430\u043a\u0443. \u0412 \u0430\u0440\u043e\u043c\u0430\u0442\u0456 \u043f\u0435\u0440\u0435\u0432\u0430\u0436\u0430\u044e\u0442\u044c \u043d\u043e\u0442\u0438 \u0441\u0432\u0456\u0436\u043e\u0433\u043e \u0445\u043b\u0456\u0431\u0430, \u043c\u0435\u0434\u0443 \u0442\u0430 \u0445\u043c\u0435\u043b\u044e, \u0430 \u043f\u0456\u0441\u043b\u044f \u0437\u0430\u0432\u0430\u0440\u044e\u0432\u0430\u043d\u043d\u044f \u0437\u2019\u044f\u0432\u043b\u044f\u044e\u0442\u044c\u0441\u044f \u0430\u043a\u0446\u0435\u043d\u0442\u0438 \u0448\u043e\u043a\u043e\u043b\u0430\u0434\u0443, \u043a\u0430\u043a\u0430\u043e, \u0441\u0443\u0448\u0435\u043d\u043e\u0457 \u0441\u043b\u0438\u0432\u0438 \u0442\u0430 \u043d\u0456\u0436\u043d\u0438\u0445 \u043a\u0432\u0456\u0442\u0456\u0432. \u041d\u0430\u0441\u0442\u0456\u0439 \u0433\u0443\u0441\u0442\u0438\u0439, \u0442\u0435\u043c\u043d\u043e-\u0431\u0443\u0440\u0448\u0442\u0438\u043d\u043e\u0432\u0438\u0439, \u0456\u0437 \u0442\u0440\u0438\u0432\u0430\u043b\u0438\u043c \u043c\u0435\u0434\u043e\u0432\u043e-\u0441\u043e\u043b\u043e\u0434\u043a\u0438\u043c \u043f\u0456\u0441\u043b\u044f\u0441\u043c\u0430\u043a\u043e\u043c \u0456 \u043f\u0440\u0438\u0454\u043c\u043d\u043e\u044e \u0442\u0435\u0440\u043f\u043a\u0456\u0441\u0442\u044e. \u0427\u0430\u0439 \u043c\u2019\u044f\u043a\u043e \u0431\u0430\u0434\u044c\u043e\u0440\u0438\u0442\u044c, \u0437\u0456\u0433\u0440\u0456\u0432\u0430\u0454 \u0442\u0430 \u0437\u0430\u043d\u0443\u0440\u044e\u0454 \u0443 \u0441\u0442\u0430\u043d \u0441\u043f\u043e\u043a\u043e\u044e \u2014 \u0456\u0434\u0435\u0430\u043b\u044c\u043d\u0438\u0439 \u044f\u043a \u0434\u043b\u044f \u043f\u043e\u0447\u0430\u0442\u043a\u0443 \u0434\u043d\u044f, \u0442\u0430\u043a \u0456 \u0434\u043b\u044f \u0432\u0435\u0447\u0456\u0440\u043d\u044c\u043e\u0433\u043e \u0432\u0456\u0434\u043f\u043e\u0447\u0438\u043d\u043a\u0443.<\/p>","protected":false},"featured_media":11462,"comment_status":"open","ping_status":"closed","template":"","meta":[],"product_cat":[120,149],"product_tag":[],"class_list":{"0":"post-11458","1":"product","2":"type-product","3":"status-publish","4":"has-post-thumbnail","6":"product_cat-czerwona-herbata","7":"product_cat-herbata","9":"first","10":"outofstock","11":"shipping-taxable","12":"purchasable","13":"product-type-variable"},"aioseo_notices":[],"_links":{"self":[{"href":"https:\/\/teaeye.pl\/uk\/wp-json\/wp\/v2\/product\/11458","targetHints":{"allow":["GET"]}}],"collection":[{"href":"https:\/\/teaeye.pl\/uk\/wp-json\/wp\/v2\/product"}],"about":[{"href":"https:\/\/teaeye.pl\/uk\/wp-json\/wp\/v2\/types\/product"}],"replies":[{"embeddable":true,"href":"https:\/\/teaeye.pl\/uk\/wp-json\/wp\/v2\/comments?post=11458"}],"version-history":[{"count":6,"href":"https:\/\/teaeye.pl\/uk\/wp-json\/wp\/v2\/product\/11458\/revisions"}],"predecessor-version":[{"id":13208,"href":"https:\/\/teaeye.pl\/uk\/wp-json\/wp\/v2\/product\/11458\/revisions\/13208"}],"wp:featuredmedia":[{"embeddable":true,"href":"https:\/\/teaeye.pl\/uk\/wp-json\/wp\/v2\/media\/11462"}],"wp:attachment":[{"href":"https:\/\/teaeye.pl\/uk\/wp-json\/wp\/v2\/media?parent=11458"}],"wp:term":[{"taxonomy":"product_cat","embeddable":true,"href":"https:\/\/teaeye.pl\/uk\/wp-json\/wp\/v2\/product_cat?post=11458"},{"taxonomy":"product_tag","embeddable":true,"href":"https:\/\/teaeye.pl\/uk\/wp-json\/wp\/v2\/product_tag?post=11458"}],"curies":[{"name":"wp","href":"https:\/\/api.w.org\/{rel}","templated":true}]}}