{"id":11465,"date":"2025-02-16T20:08:12","date_gmt":"2025-02-16T20:08:12","guid":{"rendered":"https:\/\/teaeye.pl\/?post_type=product&#038;p=11465"},"modified":"2025-09-16T22:11:19","modified_gmt":"2025-09-16T22:11:19","slug":"gaba-oolong-huangshan-miodowy","status":"publish","type":"product","link":"https:\/\/teaeye.pl\/uk\/product\/gaba-oolong-huangshan-miodowy\/","title":{"rendered":"Gaba Oolong &#8211; Huangshan"},"content":{"rendered":"<p>GABA oolong z g\u00f3r Huangshan. Ciep\u0142y, miodowo-owocowy smak i z\u0142ocisty napar. Herbata idealna na relaks i codzienne odpr\u0119\u017cenie.<\/p>\n<p><strong>Zalecenia do parzenia oolong\u00f3w w stylu Gung Fu Cha:<\/strong><\/p>\n<ol>\n<li>Ilo\u015b\u0107 herbaty: 6-7 gram\u00f3w na 150 ml wody.<\/li>\n<li>Temperatura wody: 90-95\u00b0C.<\/li>\n<li>\u0427\u0430\u0441 \u0437\u0430\u0432\u0430\u0440\u044e\u0432\u0430\u043d\u043d\u044f:\n<ul>\n<li>Pierwszy zalew: 10-15 sekund.<\/li>\n<li>Drugi i kolejne zalewy: zwi\u0119kszaj czas parzenia o 5-10 sekund przy ka\u017cdym kolejnym zalewie.<\/li>\n<\/ul>\n<\/li>\n<\/ol>","protected":false},"excerpt":{"rendered":"<p>Gaba Oolong Huangshan (Miodowy)<\/p>\n<p data-start=\"64\" data-end=\"329\">Ten oolong uprawiany jest w malowniczych g\u00f3rach Huangshan, w prowincji Anhui, gdzie krzewy herbaciane poch\u0142aniaj\u0105 \u015bwie\u017ce g\u00f3rskie powietrze i \u0142agodny klimat. Dzi\u0119ki szczeg\u00f3lnej technologii obr\u00f3bki, zyskuje g\u0142\u0119boki, bogaty smak i relaksuj\u0105ce dzia\u0142anie, czyni\u0105c ka\u017cd\u0105 fili\u017cank\u0119 naprawd\u0119 komfortow\u0105.<\/p>\n<p data-start=\"361\" data-end=\"374\">Aromat jest g\u0119sty i przytulny \u2013 \u0142\u0105czy w sobie pieczone owoce, \u015bwie\u017ce wypieki i delikatne kwiatowe nuty.<\/p>\n<p data-start=\"481\" data-end=\"668\">Smak jest delikatny, ma\u015blany, z naturaln\u0105 s\u0142odycz\u0105 miodu, jag\u00f3d i dojrza\u0142ych, cukrowych owoc\u00f3w. Nap\u00f3j jest \u0142agodny i harmonijny, pozostawiaj\u0105c d\u0142ugo utrzymuj\u0105ce si\u0119, rozgrzewaj\u0105ce posmak.<\/p>\n<p data-start=\"670\" data-end=\"750\">Nap\u00f3j ma przejrzysty, z\u0142ocisty kolor, z przej\u015bciem w ciep\u0142y pomara\u0144czowy odcie\u0144.<\/p>\n<p data-start=\"752\" data-end=\"771\">Ten herbata \u0142agodzi napi\u0119cie, ogrzewa, pomaga oczy\u015bci\u0107 umys\u0142 i przywr\u00f3ci\u0107 r\u00f3wnowag\u0119. Mo\u017cna pi\u0107 j\u0105 fili\u017canka po fili\u017cance, ciesz\u0105c si\u0119 ka\u017cdym \u0142ykiem.<\/p>\n<p data-start=\"923\" data-end=\"947\">Gaba Oolong z Huangshan jest \u0142atwy w parzeniu \u2013 doskonale rozwija sw\u00f3j smak zar\u00f3wno przy tradycyjnym parzeniu, jak i podczas licznych zalew. Dzi\u0119ki swojej delikatno\u015bci i naturalnej s\u0142odyczy, \u015bwietnie nadaje si\u0119 do codziennego picia.<\/p>\n<p data-start=\"1183\" data-end=\"1276\" data-is-last-node=\"\">Prawdziwy komfort w fili\u017cance dla tych, kt\u00f3rzy ceni\u0105 r\u00f3wnowag\u0119 smaku, przytulno\u015bci i relaksu.<\/p>","protected":false},"featured_media":11466,"comment_status":"open","ping_status":"closed","template":"","meta":[],"product_cat":[112,127,149,108],"product_tag":[],"class_list":{"0":"post-11465","1":"product","2":"type-product","3":"status-publish","4":"has-post-thumbnail","6":"product_cat-ciemny","7":"product_cat-gaba-herbata","8":"product_cat-herbata","9":"product_cat-oolong","11":"first","12":"outofstock","13":"shipping-taxable","14":"purchasable","15":"product-type-variable"},"aioseo_notices":[],"_links":{"self":[{"href":"https:\/\/teaeye.pl\/uk\/wp-json\/wp\/v2\/product\/11465","targetHints":{"allow":["GET"]}}],"collection":[{"href":"https:\/\/teaeye.pl\/uk\/wp-json\/wp\/v2\/product"}],"about":[{"href":"https:\/\/teaeye.pl\/uk\/wp-json\/wp\/v2\/types\/product"}],"replies":[{"embeddable":true,"href":"https:\/\/teaeye.pl\/uk\/wp-json\/wp\/v2\/comments?post=11465"}],"version-history":[{"count":5,"href":"https:\/\/teaeye.pl\/uk\/wp-json\/wp\/v2\/product\/11465\/revisions"}],"predecessor-version":[{"id":13086,"href":"https:\/\/teaeye.pl\/uk\/wp-json\/wp\/v2\/product\/11465\/revisions\/13086"}],"wp:featuredmedia":[{"embeddable":true,"href":"https:\/\/teaeye.pl\/uk\/wp-json\/wp\/v2\/media\/11466"}],"wp:attachment":[{"href":"https:\/\/teaeye.pl\/uk\/wp-json\/wp\/v2\/media?parent=11465"}],"wp:term":[{"taxonomy":"product_cat","embeddable":true,"href":"https:\/\/teaeye.pl\/uk\/wp-json\/wp\/v2\/product_cat?post=11465"},{"taxonomy":"product_tag","embeddable":true,"href":"https:\/\/teaeye.pl\/uk\/wp-json\/wp\/v2\/product_tag?post=11465"}],"curies":[{"name":"wp","href":"https:\/\/api.w.org\/{rel}","templated":true}]}}