{"id":11620,"date":"2025-03-05T12:08:40","date_gmt":"2025-03-05T12:08:40","guid":{"rendered":"https:\/\/teaeye.pl\/?post_type=product&#038;p=11620"},"modified":"2025-10-29T15:05:28","modified_gmt":"2025-10-29T15:05:28","slug":"sheng-pu-erh-xiaguan-te-ji-tuo-2017-100g","status":"publish","type":"product","link":"https:\/\/teaeye.pl\/uk\/product\/sheng-pu-erh-xiaguan-te-ji-tuo-2017-100g\/","title":{"rendered":"\u0428\u0435\u043d \u041f\u0443\u0435\u0440 - \"\u0421\u044f\u0433\u0443\u0430\u043d\u044c \u0422\u0435 \u0426\u0437\u0456 \u0422\u0443\u043e\" 2017, 100\u0433"},"content":{"rendered":"<p>Sheng pu-erh z legendarnej fabryki Xiaguan zachwyca delikatnym, miodowo-owocowym profilem i niemal ca\u0142kowitym brakiem dymnych nut. Pobudza cia\u0142o i umys\u0142.<\/p>\n<div class=\"product-recommendations\">\n<h3>\u0420\u0435\u043a\u043e\u043c\u0435\u043d\u0434\u0443\u0454\u043c\u043e \u0442\u0430\u043a\u043e\u0436:<\/h3>\n<ul>\n<li><a href=\"https:\/\/teaeye.pl\/uk\/product-category\/%d0%bf%d1%83%d0%b5%d1%80\/sheng-puer\/\">Inne Sheng Pu-erhy<\/a><\/li>\n<li><a href=\"https:\/\/teaeye.pl\/uk\/product-category\/akcesoria\/naczynia\/gaiwany\/\">\u0413\u0430\u0439\u0432\u0430\u043d\u0456<\/a><\/li>\n<li><a href=\"https:\/\/teaeye.pl\/uk\/product-category\/akcesoria\/naczynia\/czajniki\/\">\u0427\u0430\u0439\u043d\u0438\u043a\u0438 \u0406\u0441\u0456\u043d<\/a><\/li>\n<li><a href=\"https:\/\/teaeye.pl\/uk\/product-category\/akcesoria\/naczynia\/chahai\/\">\u0427\u0430\u0445\u0430\u0439<\/a><\/li>\n<li><a href=\"https:\/\/teaeye.pl\/uk\/product-category\/akcesoria\/figurki\/\">Tea Pets<\/a><\/li>\n<\/ul>\n<\/div>","protected":false},"excerpt":{"rendered":"<p>Sheng pu-erh od legendarnej fabryki Xiaguan.<\/p>\n<p data-start=\"86\" data-end=\"504\">W suchej postaci herbata wydziela delikatny, wyrafinowany aromat z nutami suszonych owoc\u00f3w, akcentami kwiatowego miodu i lekk\u0105 owocow\u0105 kwasowo\u015bci\u0105. Po przep\u0142ukaniu li\u015bci ujawniaj\u0105 si\u0119 ciep\u0142e nuty pieczonych jab\u0142ek, dojrza\u0142ych je\u017cyn, suszonych moreli i miodu. W przeciwie\u0144stwie do klasycznych sheng\u00f3w z Xiaguan, ta herbata prawie nie zawiera dymnych akcent\u00f3w, dzi\u0119ki czemu jej smak jest szczeg\u00f3lnie g\u0142adki i subtelny.<\/p>\n<p data-start=\"506\" data-end=\"698\">Nap\u00f3j ma jasny, \u017c\u00f3\u0142ty odcie\u0144 i czysty, \u0142agodny smak. Wyra\u017ane miodowe i owocowe akcenty przechodz\u0105 w nuty wiosennych kwiat\u00f3w, a przy czwartym parzeniu pojawia si\u0119 lekka, nienachalna goryczka.<\/p>\n<p data-start=\"700\" data-end=\"888\"><strong data-start=\"700\" data-end=\"710\">Efekt:<\/strong><br data-start=\"710\" data-end=\"713\" \/>Ten sheng pu-erh pobudza, rozja\u015bnia umys\u0142, dodaje energii i wprowadza w produktywny nastr\u00f3j. Doskona\u0142y wyb\u00f3r dla os\u00f3b ceni\u0105cych harmoni\u0119 smaku i pozytywne dzia\u0142anie herbaty.<\/p>\n<p data-start=\"890\" data-end=\"1014\"><strong data-start=\"890\" data-end=\"923\">Zalecenia dotycz\u0105ce parzenia:<\/strong><br data-start=\"923\" data-end=\"926\" \/>U\u017cyj 5\u20137 gram\u00f3w herbaty na 150 ml wody, parz\u0105c j\u0105 w glinianym czajniczku lub gaiwanie.<\/p>","protected":false},"featured_media":11621,"comment_status":"open","ping_status":"closed","template":"","meta":[],"product_cat":[97,106],"product_tag":[],"class_list":{"0":"post-11620","1":"product","2":"type-product","3":"status-publish","4":"has-post-thumbnail","6":"product_cat-pu-erh","7":"product_cat-sheng-puer","9":"first","10":"outofstock","11":"shipping-taxable","12":"purchasable","13":"product-type-variable"},"aioseo_notices":[],"_links":{"self":[{"href":"https:\/\/teaeye.pl\/uk\/wp-json\/wp\/v2\/product\/11620","targetHints":{"allow":["GET"]}}],"collection":[{"href":"https:\/\/teaeye.pl\/uk\/wp-json\/wp\/v2\/product"}],"about":[{"href":"https:\/\/teaeye.pl\/uk\/wp-json\/wp\/v2\/types\/product"}],"replies":[{"embeddable":true,"href":"https:\/\/teaeye.pl\/uk\/wp-json\/wp\/v2\/comments?post=11620"}],"version-history":[{"count":3,"href":"https:\/\/teaeye.pl\/uk\/wp-json\/wp\/v2\/product\/11620\/revisions"}],"predecessor-version":[{"id":13200,"href":"https:\/\/teaeye.pl\/uk\/wp-json\/wp\/v2\/product\/11620\/revisions\/13200"}],"wp:featuredmedia":[{"embeddable":true,"href":"https:\/\/teaeye.pl\/uk\/wp-json\/wp\/v2\/media\/11621"}],"wp:attachment":[{"href":"https:\/\/teaeye.pl\/uk\/wp-json\/wp\/v2\/media?parent=11620"}],"wp:term":[{"taxonomy":"product_cat","embeddable":true,"href":"https:\/\/teaeye.pl\/uk\/wp-json\/wp\/v2\/product_cat?post=11620"},{"taxonomy":"product_tag","embeddable":true,"href":"https:\/\/teaeye.pl\/uk\/wp-json\/wp\/v2\/product_tag?post=11620"}],"curies":[{"name":"wp","href":"https:\/\/api.w.org\/{rel}","templated":true}]}}