{"id":11669,"date":"2025-03-09T19:24:50","date_gmt":"2025-03-09T19:24:50","guid":{"rendered":"https:\/\/teaeye.pl\/?post_type=product&#038;p=11669"},"modified":"2025-05-11T12:58:29","modified_gmt":"2025-05-11T12:58:29","slug":"chahai-szklany-280ml","status":"publish","type":"product","link":"https:\/\/teaeye.pl\/uk\/product\/chahai-szklany-280ml\/","title":{"rendered":"Chahai Szklany 280ml"},"content":{"rendered":"","protected":false},"excerpt":{"rendered":"<p>Harmonijne po\u0142\u0105czenie dynamiki i finezji. Jego forma przypomina zastyg\u0142y ruch wody \u2013 urzekaj\u0105cy i p\u0142ynny. Dzi\u0119ki teksturowanym \u015bciankom \u015bwiat\u0142o igra na powierzchni, tworz\u0105c efekt g\u0142\u0119bi i migotania. Chahai o pojemno\u015bci 240 ml wpasuje si\u0119 zar\u00f3wno w tradycyjne, jak i nowoczesne kompozycje herbaciane, dodaj\u0105c im nut\u0119 naturalnej gracji.<\/p>","protected":false},"featured_media":11670,"comment_status":"open","ping_status":"closed","template":"","meta":[],"product_cat":[129,137,130],"product_tag":[],"class_list":{"0":"post-11669","1":"product","2":"type-product","3":"status-publish","4":"has-post-thumbnail","6":"product_cat-akcesoria","7":"product_cat-chahai","8":"product_cat-naczynia","10":"first","11":"outofstock","12":"shipping-taxable","13":"purchasable","14":"product-type-simple"},"aioseo_notices":[],"_links":{"self":[{"href":"https:\/\/teaeye.pl\/uk\/wp-json\/wp\/v2\/product\/11669","targetHints":{"allow":["GET"]}}],"collection":[{"href":"https:\/\/teaeye.pl\/uk\/wp-json\/wp\/v2\/product"}],"about":[{"href":"https:\/\/teaeye.pl\/uk\/wp-json\/wp\/v2\/types\/product"}],"replies":[{"embeddable":true,"href":"https:\/\/teaeye.pl\/uk\/wp-json\/wp\/v2\/comments?post=11669"}],"version-history":[{"count":1,"href":"https:\/\/teaeye.pl\/uk\/wp-json\/wp\/v2\/product\/11669\/revisions"}],"predecessor-version":[{"id":11673,"href":"https:\/\/teaeye.pl\/uk\/wp-json\/wp\/v2\/product\/11669\/revisions\/11673"}],"wp:featuredmedia":[{"embeddable":true,"href":"https:\/\/teaeye.pl\/uk\/wp-json\/wp\/v2\/media\/11670"}],"wp:attachment":[{"href":"https:\/\/teaeye.pl\/uk\/wp-json\/wp\/v2\/media?parent=11669"}],"wp:term":[{"taxonomy":"product_cat","embeddable":true,"href":"https:\/\/teaeye.pl\/uk\/wp-json\/wp\/v2\/product_cat?post=11669"},{"taxonomy":"product_tag","embeddable":true,"href":"https:\/\/teaeye.pl\/uk\/wp-json\/wp\/v2\/product_tag?post=11669"}],"curies":[{"name":"wp","href":"https:\/\/api.w.org\/{rel}","templated":true}]}}