{"id":11744,"date":"2025-03-12T15:36:17","date_gmt":"2025-03-12T15:36:17","guid":{"rendered":"https:\/\/teaeye.pl\/?post_type=product&#038;p=11744"},"modified":"2025-11-01T21:43:50","modified_gmt":"2025-11-01T21:43:50","slug":"czarka-smoke-80ml","status":"publish","type":"product","link":"https:\/\/teaeye.pl\/uk\/product\/czarka-smoke-80ml\/","title":{"rendered":"Czarka &#8211; &#8222;Smoke&#8221; 80ml"},"content":{"rendered":"<p>Pojemno\u015b\u0107: 80 ml<\/p>\n<p>Materia\u0142: ceramika<\/p>","protected":false},"excerpt":{"rendered":"<p>Taka pojemno\u015b\u0107 idealnie sprawdza si\u0119 podczas tradycyjnych ceremonii herbacianych w stylu gongfu cha, pozwalaj\u0105c w pe\u0142ni poczu\u0107 smak i aromat ka\u017cdego naparu. Ceramika dobrze utrzymuje ciep\u0142o i podkre\u015bla charakter r\u00f3\u017cnych rodzaj\u00f3w herbaty \u2014 czy to shu pu-erh, zielonej, oolong czy czerwonej. To niezast\u0105piony dodatek zar\u00f3wno dla do\u015bwiadczonych mi\u0142o\u015bnik\u00f3w herbaty, jak i dla pocz\u0105tkuj\u0105cych.<\/p>","protected":false},"featured_media":11745,"comment_status":"open","ping_status":"closed","template":"","meta":[],"product_cat":[129,138,130,145],"product_tag":[],"class_list":{"0":"post-11744","1":"product","2":"type-product","3":"status-publish","4":"has-post-thumbnail","6":"product_cat-akcesoria","7":"product_cat-czarki","8":"product_cat-naczynia","9":"product_cat-znizki","11":"first","12":"outofstock","13":"shipping-taxable","14":"purchasable","15":"product-type-simple"},"aioseo_notices":[],"_links":{"self":[{"href":"https:\/\/teaeye.pl\/uk\/wp-json\/wp\/v2\/product\/11744","targetHints":{"allow":["GET"]}}],"collection":[{"href":"https:\/\/teaeye.pl\/uk\/wp-json\/wp\/v2\/product"}],"about":[{"href":"https:\/\/teaeye.pl\/uk\/wp-json\/wp\/v2\/types\/product"}],"replies":[{"embeddable":true,"href":"https:\/\/teaeye.pl\/uk\/wp-json\/wp\/v2\/comments?post=11744"}],"version-history":[{"count":2,"href":"https:\/\/teaeye.pl\/uk\/wp-json\/wp\/v2\/product\/11744\/revisions"}],"predecessor-version":[{"id":12426,"href":"https:\/\/teaeye.pl\/uk\/wp-json\/wp\/v2\/product\/11744\/revisions\/12426"}],"wp:featuredmedia":[{"embeddable":true,"href":"https:\/\/teaeye.pl\/uk\/wp-json\/wp\/v2\/media\/11745"}],"wp:attachment":[{"href":"https:\/\/teaeye.pl\/uk\/wp-json\/wp\/v2\/media?parent=11744"}],"wp:term":[{"taxonomy":"product_cat","embeddable":true,"href":"https:\/\/teaeye.pl\/uk\/wp-json\/wp\/v2\/product_cat?post=11744"},{"taxonomy":"product_tag","embeddable":true,"href":"https:\/\/teaeye.pl\/uk\/wp-json\/wp\/v2\/product_tag?post=11744"}],"curies":[{"name":"wp","href":"https:\/\/api.w.org\/{rel}","templated":true}]}}