{"id":11760,"date":"2025-03-14T20:13:24","date_gmt":"2025-03-14T20:13:24","guid":{"rendered":"https:\/\/teaeye.pl\/?post_type=product&#038;p=11760"},"modified":"2025-09-16T10:16:11","modified_gmt":"2025-09-16T10:16:11","slug":"shu-pu-erh-haiwan-9978-2023-357g","status":"publish","type":"product","link":"https:\/\/teaeye.pl\/uk\/product\/shu-pu-erh-haiwan-9978-2023-357g\/","title":{"rendered":"\u0428\u0443 \u041f\u0443\u0435\u0440 - \u0425\u0430\u0439\u0432\u0430\u043d\u044c \"9978\" 2023, 357\u0433"},"content":{"rendered":"<p>Haiwan 9978 to kultowy shu pu-erh z 2023 roku o intensywnym smaku, bogatym aromacie i g\u0142adkim, aksamitnym naparze. Doskona\u0142y na poranne parzenie \u2013 pobudza, wspomaga koncentracj\u0119 i rozgrzewa.wno podczas spokojnej degustacji, odkrywaj\u0105c kolejne warstwy smaku, jak i jako szybki zastrzyk energii na ca\u0142y dzie\u0144.<\/p>\n<p><a href=\"https:\/\/teaeye.pl\/uk\/product-category\/%d0%bf%d1%83%d0%b5%d1%80\/shu-puer\/\" target=\"_blank\" rel=\"noopener\">Zobacz wszystkie Shu Pu-Erh w TeaEye<\/a><br \/>\n<a href=\"https:\/\/en.wikipedia.org\/wiki\/Pu%27er_tea\" target=\"_blank\" rel=\"noopener\">Dowiedz si\u0119 wi\u0119cej o Pu-erh na Wikipedii<\/a><\/p>","protected":false},"excerpt":{"rendered":"<p><strong>Lao Tong Zhi 9978<\/strong> to jeden z kultowych shu pu-erh\u00f3w fabryki <strong>Haiwan<\/strong>, produkowany od 1999 roku. W wersji z 2023 roku zachowa\u0142 sw\u00f3j charakterystyczny profil: intensywny smak, bogaty aromat i g\u0142\u0119boki potencja\u0142 dojrzewania, a jednocze\u015bnie zyska\u0142 nowe niuanse dzi\u0119ki \u015bwie\u017cemu surowcowi.<\/p>\n<p>Herbata zosta\u0142a sprasowana w elegancki, 357-gramowy kr\u0105\u017cek z\u0142o\u017cony z du\u017cych i \u015brednich li\u015bci. \u0141atwo si\u0119 kruszy, nie tworz\u0105c nadmiaru py\u0142u. W suchej postaci wydziela g\u0119sty, drzewno-orzechowy aromat z wilgotnymi i ziemistymi nutami.<\/p>\n<p>Podczas parzenia pu-erh rozwija wielowarstwowy bukiet smakowy: bogate nuty drzewne \u0142\u0105cz\u0105 si\u0119 z korzennymi akcentami, delikatn\u0105 goryczk\u0105 i s\u0142odycz\u0105 daktyli. Napar jest g\u0119sty, aksamitny i rozgrzewaj\u0105cy. Pobudza, od\u015bwie\u017ca percepcj\u0119 i wspomaga koncentracj\u0119.<\/p>\n<p>To doskona\u0142y wyb\u00f3r na poranek, kiedy potrzebujesz si\u0119 obudzi\u0107 i nabra\u0107 si\u0142. M\u0142ody, intensywny i soczysty \u2013 z up\u0142ywem lat stanie si\u0119 jeszcze g\u0142\u0119bszy i \u0142agodniejszy.<\/p>","protected":false},"featured_media":11761,"comment_status":"open","ping_status":"closed","template":"","meta":[],"product_cat":[149,97,99],"product_tag":[],"class_list":{"0":"post-11760","1":"product","2":"type-product","3":"status-publish","4":"has-post-thumbnail","6":"product_cat-herbata","7":"product_cat-pu-erh","8":"product_cat-shu-puer","10":"first","11":"outofstock","12":"shipping-taxable","13":"purchasable","14":"product-type-variable"},"aioseo_notices":[],"_links":{"self":[{"href":"https:\/\/teaeye.pl\/uk\/wp-json\/wp\/v2\/product\/11760","targetHints":{"allow":["GET"]}}],"collection":[{"href":"https:\/\/teaeye.pl\/uk\/wp-json\/wp\/v2\/product"}],"about":[{"href":"https:\/\/teaeye.pl\/uk\/wp-json\/wp\/v2\/types\/product"}],"replies":[{"embeddable":true,"href":"https:\/\/teaeye.pl\/uk\/wp-json\/wp\/v2\/comments?post=11760"}],"version-history":[{"count":5,"href":"https:\/\/teaeye.pl\/uk\/wp-json\/wp\/v2\/product\/11760\/revisions"}],"predecessor-version":[{"id":13491,"href":"https:\/\/teaeye.pl\/uk\/wp-json\/wp\/v2\/product\/11760\/revisions\/13491"}],"wp:featuredmedia":[{"embeddable":true,"href":"https:\/\/teaeye.pl\/uk\/wp-json\/wp\/v2\/media\/11761"}],"wp:attachment":[{"href":"https:\/\/teaeye.pl\/uk\/wp-json\/wp\/v2\/media?parent=11760"}],"wp:term":[{"taxonomy":"product_cat","embeddable":true,"href":"https:\/\/teaeye.pl\/uk\/wp-json\/wp\/v2\/product_cat?post=11760"},{"taxonomy":"product_tag","embeddable":true,"href":"https:\/\/teaeye.pl\/uk\/wp-json\/wp\/v2\/product_tag?post=11760"}],"curies":[{"name":"wp","href":"https:\/\/api.w.org\/{rel}","templated":true}]}}