{"id":11775,"date":"2025-03-14T20:48:41","date_gmt":"2025-03-14T20:48:41","guid":{"rendered":"https:\/\/teaeye.pl\/?post_type=product&#038;p=11775"},"modified":"2025-08-20T08:34:49","modified_gmt":"2025-08-20T08:34:49","slug":"sheng-pu-erh-shu-dai-zi-menghai-qintuo-tuocha-2020-100g","status":"publish","type":"product","link":"https:\/\/teaeye.pl\/uk\/product\/sheng-pu-erh-shu-dai-zi-menghai-qintuo-tuocha-2020-100g\/","title":{"rendered":"Sheng Pu-Erh &#8211; Shu Dai Zi \u201cMenghai Qintuo\u201d, Tuocha 2020, 100g"},"content":{"rendered":"<p>Lekki i \u015bwie\u017cy sheng pu-erh z regionu Menghai, wyprodukowany w 2020 roku przez fabryk\u0119 Shu Dai Zi. Charakteryzuje si\u0119 kwiatowo-cytrusowym aromatem, soczystym smakiem i delikatn\u0105 goryczk\u0105. Idealny wyb\u00f3r na poranne parzenie.<\/p>\n<p><a href=\"https:\/\/teaeye.pl\/uk\/product-category\/%d0%bf%d1%83%d0%b5%d1%80\/sheng-puer\/\" target=\"_blank\" rel=\"noopener\">Sheng Pu-Erh \u2013 sklep TeaEye<\/a><br \/>\n<a href=\"https:\/\/en.wikipedia.org\/wiki\/Pu%27er_tea\" target=\"_blank\" rel=\"noopener\">Pu-erh tea \u2013 Wikipedia<\/a><\/p>","protected":false},"excerpt":{"rendered":"<p>Ten sheng pu-erh z 2020 roku od Shu Dai Zi to prawdziwy wz\u00f3r \u015bwie\u017co\u015bci i lekko\u015bci. Bazuj\u0105c na surowcu z regionu Menghai, stanowi idealne po\u0142\u0105czenie naturalnej energii i subtelnej harmonii smaku, co czyni go doskona\u0142ym wyborem na poranne parzenie.<\/p>\n<p><strong>\u0410\u0440\u043e\u043c\u0430\u0442<\/strong><br \/>\nJu\u017c na pierwszy rzut oka suszone li\u015bcie i zapach zachwycaj\u0105 swoj\u0105 czysto\u015bci\u0105 i intensywno\u015bci\u0105. \u015awie\u017cy, kwiatowy zapach z lekkimi cytrusowymi nutami i trawnymi akcentami szybko ods\u0142ania wielowarstwowe niuanse. Po zaparzeniu aromat staje si\u0119 bogaty i \u015bwie\u017cy, z subtelnymi akcentami dojrza\u0142ych jag\u00f3d i delikatnego drewna, tworz\u0105c atmosfer\u0119 lekko\u015bci i przestronno\u015bci.<\/p>\n<p><strong>\u0421\u043c\u0430\u043a<\/strong><br \/>\nNap\u00f3j zachwyca soczysto\u015bci\u0105 i czysto\u015bci\u0105 smaku. Zaczyna si\u0119 od lekkiej s\u0142odyczy, przechodz\u0105cej w subteln\u0105 owocow\u0105 goryczk\u0119, kt\u00f3ra ostatecznie ust\u0119puje przyjemnemu posmakowi. Z ka\u017cd\u0105 fili\u017cank\u0105 napar ods\u0142ania nowe aspekty, oferuj\u0105c nowe doznania. Kwiatowo-trawiaste nuty, delikatna goryczka i miodowe akcenty \u0142\u0105cz\u0105 si\u0119 w jedn\u0105 sp\u00f3jn\u0105 ca\u0142o\u015b\u0107, kt\u00f3rej pragnie si\u0119 do\u015bwiadczy\u0107 ponownie.<\/p>\n<p><strong>\u0415\u0444\u0435\u043a\u0442<\/strong><br \/>\nSheng pu-erh nie przyt\u0142acza, ale dostarcza solidnego zastrzyku energii. To herbata dla os\u00f3b, kt\u00f3re ceni\u0105 lekko\u015b\u0107 w dzia\u0142aniu, ale jednocze\u015bnie potrzebuj\u0105 wsparcia do produktywnego dnia. Pomaga skupi\u0107 si\u0119, poprawi\u0107 nastr\u00f3j i daje poczucie \u015bwie\u017co\u015bci oraz energii. Doskonale nadaje si\u0119 na wczesny poranek, przywracaj\u0105c si\u0142y i wype\u0142niaj\u0105c cia\u0142o \u015bwie\u017co\u015bci\u0105.<\/p>","protected":false},"featured_media":11776,"comment_status":"open","ping_status":"closed","template":"","meta":[],"product_cat":[149,97,106],"product_tag":[],"class_list":{"0":"post-11775","1":"product","2":"type-product","3":"status-publish","4":"has-post-thumbnail","6":"product_cat-herbata","7":"product_cat-pu-erh","8":"product_cat-sheng-puer","10":"first","11":"outofstock","12":"shipping-taxable","13":"purchasable","14":"product-type-variable"},"aioseo_notices":[],"_links":{"self":[{"href":"https:\/\/teaeye.pl\/uk\/wp-json\/wp\/v2\/product\/11775","targetHints":{"allow":["GET"]}}],"collection":[{"href":"https:\/\/teaeye.pl\/uk\/wp-json\/wp\/v2\/product"}],"about":[{"href":"https:\/\/teaeye.pl\/uk\/wp-json\/wp\/v2\/types\/product"}],"replies":[{"embeddable":true,"href":"https:\/\/teaeye.pl\/uk\/wp-json\/wp\/v2\/comments?post=11775"}],"version-history":[{"count":4,"href":"https:\/\/teaeye.pl\/uk\/wp-json\/wp\/v2\/product\/11775\/revisions"}],"predecessor-version":[{"id":13258,"href":"https:\/\/teaeye.pl\/uk\/wp-json\/wp\/v2\/product\/11775\/revisions\/13258"}],"wp:featuredmedia":[{"embeddable":true,"href":"https:\/\/teaeye.pl\/uk\/wp-json\/wp\/v2\/media\/11776"}],"wp:attachment":[{"href":"https:\/\/teaeye.pl\/uk\/wp-json\/wp\/v2\/media?parent=11775"}],"wp:term":[{"taxonomy":"product_cat","embeddable":true,"href":"https:\/\/teaeye.pl\/uk\/wp-json\/wp\/v2\/product_cat?post=11775"},{"taxonomy":"product_tag","embeddable":true,"href":"https:\/\/teaeye.pl\/uk\/wp-json\/wp\/v2\/product_tag?post=11775"}],"curies":[{"name":"wp","href":"https:\/\/api.w.org\/{rel}","templated":true}]}}