{"id":11795,"date":"2025-03-14T21:27:27","date_gmt":"2025-03-14T21:27:27","guid":{"rendered":"https:\/\/teaeye.pl\/?post_type=product&#038;p=11795"},"modified":"2025-11-17T17:49:30","modified_gmt":"2025-11-17T17:49:30","slug":"sheng-pu-erh-tu-lin-t812-tocha-2018-336g","status":"publish","type":"product","link":"https:\/\/teaeye.pl\/uk\/product\/sheng-pu-erh-tu-lin-t812-tocha-2018-336g\/","title":{"rendered":"\u0428\u0435\u043d \u041f\u0443\u0435\u0440 - \u0422\u0443 \u041b\u0456\u043d\u044c \"T812\", \u0422\u043e\u0447\u0430 2018, 336 \u0433"},"content":{"rendered":"<p>Sheng pu-erh z 2017 roku w formie du\u017cej tochy (336 g) od fabryki Tu Lin. \u017bywa, energetyzuj\u0105ca herbata o zbalansowanym smaku \u2013 \u015bwie\u017cym, zio\u0142owym i lekko dymnym. Doskona\u0142a na poranne sesje.<\/p>\n<p><a href=\"https:\/\/teaeye.pl\/uk\/product-category\/%d0%bf%d1%83%d0%b5%d1%80\/sheng-puer\/\" target=\"_blank\" rel=\"noopener\">Sheng Pu-Erh \u2013 TeaEye<\/a><br \/>\n<a href=\"https:\/\/en.wikipedia.org\/wiki\/Pu%27er_tea\" target=\"_blank\" rel=\"noopener\">Pu-erh tea \u2013 Wikipedia<\/a><\/p>","protected":false},"excerpt":{"rendered":"<p data-start=\"53\" data-end=\"494\">Tu Lin T812 to du\u017ca tocha sheng pu-erh o wadze 336 gram\u00f3w, stworzona w 2017 roku w fabryce Tu Lin. Herbata ta wyr\u00f3\u017cnia si\u0119 \u017cywym, pozytywnym charakterem, \u0142\u0105cz\u0105c \u015bwie\u017co\u015b\u0107 z delikatnym dymnym akcentem, co sprawia, \u017ce jest prawdziw\u0105 pere\u0142k\u0105 dla mi\u0142o\u015bnik\u00f3w m\u0142odych sheng\u00f3w. Charakteryzuje si\u0119 eleganckim wygl\u0105dem: du\u017ce li\u015bcie z licznymi p\u0105kami zbieranymi wczesn\u0105 wiosn\u0105, co \u015bwiadczy o wysokiej jako\u015bci surowca uprawianego w ekologicznej strefie.<\/p>\n<p data-start=\"496\" data-end=\"1102\"><strong data-start=\"496\" data-end=\"513\">\u0410\u0440\u043e\u043c\u0430\u0442 i \u0441\u043c\u0430\u043a<\/strong><br data-start=\"513\" data-end=\"516\" \/>Aromat herbaty od razu zachwyca swoj\u0105 \u0142agodn\u0105 dymno\u015bci\u0105 i zio\u0142owymi nutami, z delikatnym akcentem polnych kwiat\u00f3w i suszonych owoc\u00f3w. Te subtelne niuanse tworz\u0105 wra\u017cenie wyrafinowania, kt\u00f3re rozwija si\u0119 z ka\u017cdym parzeniem. Smak pocz\u0105tkowo jest aksamitny i g\u0142\u0119boki. Lekka cierpko\u015b\u0107 i owocowa s\u0142odycz p\u0142ynnie przechodz\u0105 w nuty suszonych owoc\u00f3w i le\u015bne akcenty, z dodatkiem pieczonych jab\u0142ek i \u015bliwek w\u0119gierkach. Herbata nie jest przyt\u0142aczaj\u0105ca, wr\u0119cz przeciwnie, daje wra\u017cenie lekko\u015bci i \u015bwie\u017co\u015bci, d\u0142ugo pozostaj\u0105c na j\u0119zyku, a jej posmak powoli wycisza si\u0119, nie pozostawiaj\u0105c ci\u0119\u017cko\u015bci.<\/p>\n<p data-start=\"1104\" data-end=\"1532\"><strong data-start=\"1104\" data-end=\"1113\">\u0415\u0444\u0435\u043a\u0442<\/strong><br data-start=\"1113\" data-end=\"1116\" \/>Sheng Tu Lin T812 to herbata, kt\u00f3ra idealnie nadaje si\u0119 na poranne parzenia. Jej smak i aromat nie tylko pobudzaj\u0105, ale tak\u017ce pomagaj\u0105 nastawi\u0107 si\u0119 na produktywny dzie\u0144. Nape\u0142nia energi\u0105 i regeneruje si\u0142y, nie obci\u0105\u017caj\u0105c organizmu. Jest to doskona\u0142y wyb\u00f3r dla os\u00f3b szukaj\u0105cych r\u00f3wnowagi mi\u0119dzy smakiem a efektem. Dzi\u0119ki swojej \u015bwie\u017co\u015bci i lekko\u015bci, doskonale orze\u017awia w gor\u0105ce dni, gasz\u0105c pragnienie i daj\u0105c energi\u0119.<\/p>","protected":false},"featured_media":11800,"comment_status":"open","ping_status":"closed","template":"","meta":[],"product_cat":[149,97,106],"product_tag":[],"class_list":{"0":"post-11795","1":"product","2":"type-product","3":"status-publish","4":"has-post-thumbnail","6":"product_cat-herbata","7":"product_cat-pu-erh","8":"product_cat-sheng-puer","10":"first","11":"outofstock","12":"shipping-taxable","13":"purchasable","14":"product-type-variable"},"aioseo_notices":[],"_links":{"self":[{"href":"https:\/\/teaeye.pl\/uk\/wp-json\/wp\/v2\/product\/11795","targetHints":{"allow":["GET"]}}],"collection":[{"href":"https:\/\/teaeye.pl\/uk\/wp-json\/wp\/v2\/product"}],"about":[{"href":"https:\/\/teaeye.pl\/uk\/wp-json\/wp\/v2\/types\/product"}],"replies":[{"embeddable":true,"href":"https:\/\/teaeye.pl\/uk\/wp-json\/wp\/v2\/comments?post=11795"}],"version-history":[{"count":3,"href":"https:\/\/teaeye.pl\/uk\/wp-json\/wp\/v2\/product\/11795\/revisions"}],"predecessor-version":[{"id":13185,"href":"https:\/\/teaeye.pl\/uk\/wp-json\/wp\/v2\/product\/11795\/revisions\/13185"}],"wp:featuredmedia":[{"embeddable":true,"href":"https:\/\/teaeye.pl\/uk\/wp-json\/wp\/v2\/media\/11800"}],"wp:attachment":[{"href":"https:\/\/teaeye.pl\/uk\/wp-json\/wp\/v2\/media?parent=11795"}],"wp:term":[{"taxonomy":"product_cat","embeddable":true,"href":"https:\/\/teaeye.pl\/uk\/wp-json\/wp\/v2\/product_cat?post=11795"},{"taxonomy":"product_tag","embeddable":true,"href":"https:\/\/teaeye.pl\/uk\/wp-json\/wp\/v2\/product_tag?post=11795"}],"curies":[{"name":"wp","href":"https:\/\/api.w.org\/{rel}","templated":true}]}}