{"id":11844,"date":"2025-03-16T17:08:17","date_gmt":"2025-03-16T17:08:17","guid":{"rendered":"https:\/\/teaeye.pl\/?post_type=product&#038;p=11844"},"modified":"2026-04-04T13:00:07","modified_gmt":"2026-04-04T13:00:07","slug":"noz-klasyka","status":"publish","type":"product","link":"https:\/\/teaeye.pl\/uk\/product\/noz-klasyka\/","title":{"rendered":"\"\u041a\u043b\u0430\u0441\u0438\u0447\u043d\u0438\u0439\" \u043d\u0456\u0436 \u043f\u0443\u0435\u0440\u0445\u0443"},"content":{"rendered":"<p>Stylowy n\u00f3\u017c do pu-erhu wykonany z drewna i metalu. Idealny do precyzyjnego dzielenia prasowanych herbat. Elegancki, prosty i funkcjonalny \u2013 klasyka w\u015br\u00f3d akcesori\u00f3w herbacianych.<\/p>\n<p><a href=\"https:\/\/teaeye.pl\/uk\/product-category\/akcesoria\/naczynia\/akcesoria-do-parzenia\/\" target=\"_blank\" rel=\"noopener\">Akcesoria do parzenia \u2013 TeaEye<\/a><br \/>\n<a href=\"https:\/\/en.wikipedia.org\/wiki\/Pu'er_tea\" target=\"_blank\" rel=\"noopener\">Pu-erh tea \u2013 Wikipedia<\/a><\/p>","protected":false},"excerpt":{"rendered":"<p class=\"\" data-start=\"0\" data-end=\"200\"><strong data-start=\"0\" data-end=\"28\">\"\u041a\u043b\u0430\u0441\u0438\u0447\u043d\u0438\u0439\" \u043d\u0456\u0436 \u043f\u0443\u0435\u0440\u0445\u0443<\/strong> \u2013 eleganckie i praktyczne narz\u0119dzie do dzielenia prasowanego pu-erhu. Ten n\u00f3\u017c o prostym, ale stylowym designie b\u0119dzie doskona\u0142ym uzupe\u0142nieniem Twojej kolekcji herbacianej.<\/p>\n<p class=\"\" data-start=\"202\" data-end=\"222\"><strong data-start=\"202\" data-end=\"222\">\u0425\u0430\u0440\u0430\u043a\u0442\u0435\u0440\u0438\u0441\u0442\u0438\u043a\u0438:<\/strong><\/p>\n<ul data-start=\"223\" data-end=\"704\">\n<li class=\"\" data-start=\"223\" data-end=\"243\">\n<p class=\"\" data-start=\"225\" data-end=\"243\"><strong data-start=\"225\" data-end=\"237\">\u0414\u043e\u0432\u0436\u0438\u043d\u0430:<\/strong> 15 cm<\/p>\n<\/li>\n<li class=\"\" data-start=\"244\" data-end=\"273\">\n<p class=\"\" data-start=\"246\" data-end=\"273\"><strong data-start=\"246\" data-end=\"259\">\u041c\u0430\u0442\u0435\u0440\u0456\u0430\u043b\u044c\u043d\u0438\u0439:<\/strong> drewno, metal<\/p>\n<\/li>\n<li class=\"\" data-start=\"274\" data-end=\"444\">\n<p class=\"\" data-start=\"276\" data-end=\"444\"><strong data-start=\"276\" data-end=\"306\">Prosty i elegancki design:<\/strong> R\u0119koje\u015b\u0107 z drewna z metalowymi elementami nadaje no\u017cowi wyrafinowany wygl\u0105d, a jego kompaktowy rozmiar sprawia, \u017ce jest wygodny w u\u017cyciu.<\/p>\n<\/li>\n<li class=\"\" data-start=\"445\" data-end=\"570\">\n<p class=\"\" data-start=\"447\" data-end=\"570\"><strong data-start=\"447\" data-end=\"466\">Funkcjonalno\u015b\u0107:<\/strong> N\u00f3\u017c idealnie nadaje si\u0119 do precyzyjnego dzielenia prasowanego pu-erhu, nie uszkadzaj\u0105c struktury li\u015bci.<\/p>\n<\/li>\n<li class=\"\" data-start=\"571\" data-end=\"704\">\n<p class=\"\" data-start=\"573\" data-end=\"704\"><strong data-start=\"573\" data-end=\"596\">\u0417\u0440\u0443\u0447\u043d\u0456\u0441\u0442\u044c \u0432\u0438\u043a\u043e\u0440\u0438\u0441\u0442\u0430\u043d\u043d\u044f:<\/strong> Ergonomiczna r\u0119koje\u015b\u0107 zapewnia pewny chwyt, a lekkie ostrze umo\u017cliwia szybkie i dok\u0142adne dzielenie herbaty.<\/p>\n<\/li>\n<\/ul>\n<p class=\"\" data-start=\"706\" data-end=\"865\">N\u00f3\u017c &#8222;Klasyka&#8221; b\u0119dzie przydatnym i stylowym akcesorium dla mi\u0142o\u015bnik\u00f3w chi\u0144skiej herbaty, kt\u00f3rzy ceni\u0105 prostot\u0119 i funkcjonalno\u015b\u0107 w swoim ceremoniale herbacianym.<\/p>","protected":false},"featured_media":11845,"comment_status":"open","ping_status":"closed","template":"","meta":[],"product_cat":[129,140,130],"product_tag":[],"class_list":{"0":"post-11844","1":"product","2":"type-product","3":"status-publish","4":"has-post-thumbnail","6":"product_cat-akcesoria","7":"product_cat-akcesoria-do-parzenia","8":"product_cat-naczynia","10":"first","11":"instock","12":"shipping-taxable","13":"purchasable","14":"product-type-simple"},"aioseo_notices":[],"_links":{"self":[{"href":"https:\/\/teaeye.pl\/uk\/wp-json\/wp\/v2\/product\/11844","targetHints":{"allow":["GET"]}}],"collection":[{"href":"https:\/\/teaeye.pl\/uk\/wp-json\/wp\/v2\/product"}],"about":[{"href":"https:\/\/teaeye.pl\/uk\/wp-json\/wp\/v2\/types\/product"}],"replies":[{"embeddable":true,"href":"https:\/\/teaeye.pl\/uk\/wp-json\/wp\/v2\/comments?post=11844"}],"version-history":[{"count":4,"href":"https:\/\/teaeye.pl\/uk\/wp-json\/wp\/v2\/product\/11844\/revisions"}],"predecessor-version":[{"id":13175,"href":"https:\/\/teaeye.pl\/uk\/wp-json\/wp\/v2\/product\/11844\/revisions\/13175"}],"wp:featuredmedia":[{"embeddable":true,"href":"https:\/\/teaeye.pl\/uk\/wp-json\/wp\/v2\/media\/11845"}],"wp:attachment":[{"href":"https:\/\/teaeye.pl\/uk\/wp-json\/wp\/v2\/media?parent=11844"}],"wp:term":[{"taxonomy":"product_cat","embeddable":true,"href":"https:\/\/teaeye.pl\/uk\/wp-json\/wp\/v2\/product_cat?post=11844"},{"taxonomy":"product_tag","embeddable":true,"href":"https:\/\/teaeye.pl\/uk\/wp-json\/wp\/v2\/product_tag?post=11844"}],"curies":[{"name":"wp","href":"https:\/\/api.w.org\/{rel}","templated":true}]}}