{"id":11851,"date":"2025-03-16T17:10:16","date_gmt":"2025-03-16T17:10:16","guid":{"rendered":"https:\/\/teaeye.pl\/?post_type=product&#038;p=11851"},"modified":"2025-09-18T16:00:31","modified_gmt":"2025-09-18T16:00:31","slug":"noz-brush","status":"publish","type":"product","link":"https:\/\/teaeye.pl\/uk\/product\/noz-brush\/","title":{"rendered":"\u041d\u0456\u0436 \"Brush\" 2-\u0432-1 \u0437 \u043f\u0443\u0435\u0440\u0445\u0443"},"content":{"rendered":"<p data-start=\"118\" data-end=\"288\">N\u00f3\u017c do pu-erhu i p\u0119dzelek 2 w 1 \u2013 eleganckie, funkcjonalne narz\u0119dzie dla mi\u0142o\u015bnik\u00f3w gongfu cha. Wykonane z drewna i metalu, \u0142\u0105czy precyzj\u0119 i estetyk\u0119 w jednym akcesorium.<\/p>\n<p><a href=\"https:\/\/teaeye.pl\/uk\/product-category\/akcesoria\/naczynia\/akcesoria-do-parzenia\/\" target=\"_blank\">Akcesoria do parzenia \u2013 TeaEye<\/a><br \/>\n<a href=\"https:\/\/en.wikipedia.org\/wiki\/Gongfu_tea_ceremony\" target=\"_blank\">Gongfu tea ceremony \u2013 Wikipedia<\/a><\/p>","protected":false},"excerpt":{"rendered":"<p class=\"\" data-start=\"0\" data-end=\"219\"><strong data-start=\"0\" data-end=\"21\">N\u00f3\u017c \u201eBrush\u201d 2 w 1<\/strong> \u2013 uniwersalne narz\u0119dzie dla mi\u0142o\u015bnik\u00f3w chi\u0144skiej herbaty. \u0141\u0105czy funkcje no\u017ca do pu-erhu i p\u0119dzelka do ceremonii gongfu, doskonale sprawdzaj\u0105c si\u0119 przy parzeniu herbaty w tradycyjnym chi\u0144skim stylu.<\/p>\n<p class=\"\" data-start=\"221\" data-end=\"241\"><strong data-start=\"221\" data-end=\"241\">\u0425\u0430\u0440\u0430\u043a\u0442\u0435\u0440\u0438\u0441\u0442\u0438\u043a\u0438:<\/strong><\/p>\n<ul data-start=\"242\" data-end=\"743\">\n<li class=\"\" data-start=\"242\" data-end=\"262\">\n<p class=\"\" data-start=\"244\" data-end=\"262\"><strong data-start=\"244\" data-end=\"256\">\u0414\u043e\u0432\u0436\u0438\u043d\u0430:<\/strong> 19 cm<\/p>\n<\/li>\n<li class=\"\" data-start=\"263\" data-end=\"292\">\n<p class=\"\" data-start=\"265\" data-end=\"292\"><strong data-start=\"265\" data-end=\"278\">\u041c\u0430\u0442\u0435\u0440\u0456\u0430\u043b\u044c\u043d\u0438\u0439:<\/strong> drewno, metal<\/p>\n<\/li>\n<li class=\"\" data-start=\"293\" data-end=\"437\">\n<p class=\"\" data-start=\"295\" data-end=\"437\"><strong data-start=\"295\" data-end=\"305\">2 w 1:<\/strong> n\u00f3\u017c do precyzyjnego dzielenia prasowanego pu-erhu oraz p\u0119dzelek do r\u00f3wnomiernego pokrywania naczy\u0144 w trakcie ceremonii herbacianej.<\/p>\n<\/li>\n<li class=\"\" data-start=\"438\" data-end=\"624\">\n<p class=\"\" data-start=\"440\" data-end=\"624\"><strong data-start=\"440\" data-end=\"463\">\u0417\u0440\u0443\u0447\u043d\u0456\u0441\u0442\u044c \u0432\u0438\u043a\u043e\u0440\u0438\u0441\u0442\u0430\u043d\u043d\u044f:<\/strong> Ergonomiczny design i po\u0142\u0105czenie dw\u00f3ch funkcji umo\u017cliwiaj\u0105 wykorzystanie narz\u0119dzia w trakcie ceremonii herbacianych, tworz\u0105c prawdziwe do\u015bwiadczenie herbaciane.<\/p>\n<\/li>\n<li class=\"\" data-start=\"625\" data-end=\"743\">\n<p class=\"\" data-start=\"627\" data-end=\"743\"><strong data-start=\"627\" data-end=\"656\">Wysoka jako\u015b\u0107 materia\u0142\u00f3w:<\/strong> Drewniana r\u0119koje\u015b\u0107 zapewnia komfortowy chwyt, a metalowe elementy gwarantuj\u0105 trwa\u0142o\u015b\u0107.<\/p>\n<\/li>\n<\/ul>\n<p class=\"\" data-start=\"745\" data-end=\"981\">N\u00f3\u017c 2 w 1 b\u0119dzie idealnym akcesorium dla mi\u0142o\u015bnik\u00f3w herbaty, kt\u00f3rzy d\u0105\u017c\u0105 do stworzenia doskona\u0142ej atmosfery podczas ka\u017cdego parzenia herbaty. Stylowy i funkcjonalny, stanie si\u0119 cennym uzupe\u0142nieniem Twojej kolekcji akcesori\u00f3w do herbaty.<\/p>","protected":false},"featured_media":11852,"comment_status":"open","ping_status":"closed","template":"","meta":[],"product_cat":[129,140,130,145],"product_tag":[],"class_list":{"0":"post-11851","1":"product","2":"type-product","3":"status-publish","4":"has-post-thumbnail","6":"product_cat-akcesoria","7":"product_cat-akcesoria-do-parzenia","8":"product_cat-naczynia","9":"product_cat-znizki","11":"first","12":"outofstock","13":"sale","14":"shipping-taxable","15":"purchasable","16":"product-type-simple"},"aioseo_notices":[],"_links":{"self":[{"href":"https:\/\/teaeye.pl\/uk\/wp-json\/wp\/v2\/product\/11851","targetHints":{"allow":["GET"]}}],"collection":[{"href":"https:\/\/teaeye.pl\/uk\/wp-json\/wp\/v2\/product"}],"about":[{"href":"https:\/\/teaeye.pl\/uk\/wp-json\/wp\/v2\/types\/product"}],"replies":[{"embeddable":true,"href":"https:\/\/teaeye.pl\/uk\/wp-json\/wp\/v2\/comments?post=11851"}],"version-history":[{"count":4,"href":"https:\/\/teaeye.pl\/uk\/wp-json\/wp\/v2\/product\/11851\/revisions"}],"predecessor-version":[{"id":13174,"href":"https:\/\/teaeye.pl\/uk\/wp-json\/wp\/v2\/product\/11851\/revisions\/13174"}],"wp:featuredmedia":[{"embeddable":true,"href":"https:\/\/teaeye.pl\/uk\/wp-json\/wp\/v2\/media\/11852"}],"wp:attachment":[{"href":"https:\/\/teaeye.pl\/uk\/wp-json\/wp\/v2\/media?parent=11851"}],"wp:term":[{"taxonomy":"product_cat","embeddable":true,"href":"https:\/\/teaeye.pl\/uk\/wp-json\/wp\/v2\/product_cat?post=11851"},{"taxonomy":"product_tag","embeddable":true,"href":"https:\/\/teaeye.pl\/uk\/wp-json\/wp\/v2\/product_tag?post=11851"}],"curies":[{"name":"wp","href":"https:\/\/api.w.org\/{rel}","templated":true}]}}