{"id":11855,"date":"2025-03-16T17:12:40","date_gmt":"2025-03-16T17:12:40","guid":{"rendered":"https:\/\/teaeye.pl\/?post_type=product&#038;p=11855"},"modified":"2025-10-13T18:39:43","modified_gmt":"2025-10-13T18:39:43","slug":"noz-bambus","status":"publish","type":"product","link":"https:\/\/teaeye.pl\/uk\/product\/noz-bambus\/","title":{"rendered":"\"\u0411\u0430\u043c\u0431\u0443\u043a\u043e\u0432\u0438\u0439\" \u043d\u0456\u0436 \u043f\u0443-\u0435\u0440\u0445\u0443"},"content":{"rendered":"<p>Stylowy i trwa\u0142y n\u00f3\u017c do pu-erhu \u201eBambus\u201d (14,5 cm) \u2013 praktyczne narz\u0119dzie do bezpiecznego dzielenia prasowanych herbat. Ergonomiczny design, metalowa konstrukcja, dekor w stylu bambusa.<\/p>\n<p><a href=\"https:\/\/teaeye.pl\/uk\/product-category\/akcesoria\/naczynia\/akcesoria-do-parzenia\/\" target=\"_blank\" rel=\"noopener\">Akcesoria do parzenia \u2013 TeaEye<\/a><br \/>\n<a href=\"https:\/\/en.wikipedia.org\/wiki\/Pu%27er_tea\" target=\"_blank\" rel=\"noopener\">Pu-erh \u2013 Wikipedia<\/a><\/p>","protected":false},"excerpt":{"rendered":"<p class=\"\" data-start=\"0\" data-end=\"161\"><strong data-start=\"0\" data-end=\"27\">\"\u0411\u0430\u043c\u0431\u0443\u043a\u043e\u0432\u0438\u0439\" \u043d\u0456\u0436 \u043f\u0443-\u0435\u0440\u0445\u0443<\/strong> - \u0406\u0434\u0435\u0430\u043b\u044c\u043d\u0438\u0439 \u0430\u043a\u0441\u0435\u0441\u0443\u0430\u0440 \u0434\u043b\u044f \u043b\u044e\u0431\u0438\u0442\u0435\u043b\u0456\u0432 \u043a\u0438\u0442\u0430\u0439\u0441\u044c\u043a\u043e\u0433\u043e \u0447\u0430\u044e, \u044f\u043a\u0438\u0439 \u0434\u043e\u043f\u043e\u043c\u043e\u0436\u0435 \u043b\u0435\u0433\u043a\u043e \u0456 \u0442\u043e\u0447\u043d\u043e \u0440\u043e\u0437\u0434\u0456\u043b\u0438\u0442\u0438 \u043d\u0430\u0432\u0456\u0442\u044c \u043d\u0430\u0439\u043c\u0456\u0446\u043d\u0456\u0448\u0438\u0439 \u043f\u0440\u0435\u0441\u043e\u0432\u0430\u043d\u0438\u0439 \u0442\u0443\u043e\u0447.<\/p>\n<p class=\"\" data-start=\"163\" data-end=\"183\"><strong data-start=\"163\" data-end=\"183\">\u0425\u0430\u0440\u0430\u043a\u0442\u0435\u0440\u0438\u0441\u0442\u0438\u043a\u0438:<\/strong><\/p>\n<ul data-start=\"184\" data-end=\"478\">\n<li class=\"\" data-start=\"184\" data-end=\"206\">\n<p class=\"\" data-start=\"186\" data-end=\"206\"><strong data-start=\"186\" data-end=\"198\">\u0414\u043e\u0432\u0436\u0438\u043d\u0430:<\/strong> 14,5 \u0441\u043c<\/p>\n<\/li>\n<li class=\"\" data-start=\"207\" data-end=\"228\">\n<p class=\"\" data-start=\"209\" data-end=\"228\"><strong data-start=\"209\" data-end=\"222\">\u041c\u0430\u0442\u0435\u0440\u0456\u0430\u043b\u044c\u043d\u0438\u0439:<\/strong> \u043c\u0435\u0442\u0430\u043b\u043b<\/p>\n<\/li>\n<li class=\"\" data-start=\"229\" data-end=\"344\">\n<p class=\"\" data-start=\"231\" data-end=\"344\"><strong data-start=\"231\" data-end=\"254\">\u0417\u0440\u0443\u0447\u043d\u0456\u0441\u0442\u044c \u0432\u0438\u043a\u043e\u0440\u0438\u0441\u0442\u0430\u043d\u043d\u044f:<\/strong> \u0415\u0440\u0433\u043e\u043d\u043e\u043c\u0456\u0447\u043d\u0438\u0439 \u0434\u0438\u0437\u0430\u0439\u043d \u0434\u043e\u0437\u0432\u043e\u043b\u044f\u0454 \u043b\u0435\u0433\u043a\u043e \u0440\u043e\u0437\u043b\u0430\u043c\u0443\u0432\u0430\u0442\u0438 \u043f\u0440\u0435\u0441\u043e\u0432\u0430\u043d\u0456 \u0447\u0430\u0457, \u043d\u0435 \u043f\u043e\u0448\u043a\u043e\u0434\u0436\u0443\u044e\u0447\u0438 \u0457\u0445 \u0441\u0442\u0440\u0443\u043a\u0442\u0443\u0440\u0443.<\/p>\n<\/li>\n<li class=\"\" data-start=\"345\" data-end=\"478\">\n<p class=\"\" data-start=\"347\" data-end=\"478\"><strong data-start=\"347\" data-end=\"366\">\u0412\u0438\u0448\u0443\u043a\u0430\u043d\u0438\u0439 \u0441\u0442\u0438\u043b\u044c:<\/strong> \u041e\u0437\u0434\u043e\u0431\u043b\u0435\u043d\u043d\u044f \u0432 \u0441\u0442\u0438\u043b\u0456 \u0431\u0430\u043c\u0431\u0443\u043a\u0430 \u043d\u0430\u0434\u0430\u0454 \u043d\u043e\u0436\u0443 \u0435\u0441\u0442\u0435\u0442\u0438\u0447\u043d\u043e \u043f\u0440\u0438\u0432\u0430\u0431\u043b\u0438\u0432\u043e\u0433\u043e \u0432\u0438\u0433\u043b\u044f\u0434\u0443, \u043f\u0456\u0434\u043a\u0440\u0435\u0441\u043b\u044e\u044e\u0447\u0438 \u0441\u0445\u0456\u0434\u043d\u0443 \u0430\u0442\u043c\u043e\u0441\u0444\u0435\u0440\u0443 \u0447\u0430\u0439\u043d\u0438\u0445 \u0446\u0435\u0440\u0435\u043c\u043e\u043d\u0456\u0439.<\/p>\n<\/li>\n<\/ul>\n<p class=\"\" data-start=\"480\" data-end=\"719\">\u041d\u0456\u0436 \u0434\u043b\u044f \u043f\u0443\u0435\u0440\u0443 \u043d\u0435 \u0442\u0456\u043b\u044c\u043a\u0438 \u0444\u0443\u043d\u043a\u0446\u0456\u043e\u043d\u0430\u043b\u044c\u043d\u0438\u0439, \u0430\u043b\u0435 \u0439 \u0441\u0442\u0430\u043d\u0435 \u0447\u0443\u0434\u043e\u0432\u0438\u043c \u0434\u043e\u043f\u043e\u0432\u043d\u0435\u043d\u043d\u044f\u043c \u0434\u043e \u0432\u0430\u0448\u043e\u0457 \u043a\u043e\u043b\u0435\u043a\u0446\u0456\u0457 \u0447\u0430\u0439\u043d\u0438\u0445 \u0430\u043a\u0441\u0435\u0441\u0443\u0430\u0440\u0456\u0432. \u041d\u0438\u043c \u0437\u0440\u0443\u0447\u043d\u043e \u043a\u043e\u0440\u0438\u0441\u0442\u0443\u0432\u0430\u0442\u0438\u0441\u044f \u043f\u0456\u0434 \u0447\u0430\u0441 \u043f\u0440\u0438\u0433\u043e\u0442\u0443\u0432\u0430\u043d\u043d\u044f \u043f\u0443\u0435\u0440\u0443 \u0442\u0430 \u0456\u0434\u0435\u0430\u043b\u044c\u043d\u043e \u043d\u0430\u0440\u0456\u0437\u0430\u0442\u0438 \u043f\u0440\u0435\u0441\u043e\u0432\u0430\u043d\u0456 \u0447\u0430\u0457.<\/p>\n<p class=\"\" data-start=\"721\" data-end=\"771\"><strong data-start=\"721\" data-end=\"771\">\u0427\u043e\u043c\u0443 \u0432\u0430\u0440\u0442\u043e \u043e\u0431\u0440\u0430\u0442\u0438 \u043d\u0456\u0436 \u043f\u0443\u0435\u0440\u0445\u0443 \"\u0411\u0430\u043c\u0431\u0443\u043a\"?<\/strong><\/p>\n<ul data-start=\"772\" data-end=\"1004\">\n<li class=\"\" data-start=\"772\" data-end=\"854\">\n<p class=\"\" data-start=\"774\" data-end=\"854\">\u0412\u0456\u043d \u0437 \u043b\u0435\u0433\u043a\u0456\u0441\u0442\u044e \u0441\u043f\u0440\u0430\u0432\u043b\u044f\u0454\u0442\u044c\u0441\u044f \u0437 \u0440\u0456\u0437\u043d\u043e\u043c\u0430\u043d\u0456\u0442\u043d\u0438\u043c\u0438 \u043f\u0443\u0435\u0440, \u0432\u043a\u043b\u044e\u0447\u0430\u044e\u0447\u0438 \u0442\u0443\u043e\u0447 \u0456 \u043f\u0440\u0435\u0441\u043e\u0432\u0430\u043d\u0438\u0439 \u0448\u0435\u043d.<\/p>\n<\/li>\n<li class=\"\" data-start=\"855\" data-end=\"904\">\n<p class=\"\" data-start=\"857\" data-end=\"904\">\u041c\u0435\u0442\u0430\u043b\u0435\u0432\u0438\u0439 \u043a\u043e\u0440\u043f\u0443\u0441 \u0437\u0430\u0431\u0435\u0437\u043f\u0435\u0447\u0443\u0454 \u0434\u043e\u0432\u0433\u043e\u0432\u0456\u0447\u043d\u0456\u0441\u0442\u044c \u0456 \u043d\u0430\u0434\u0456\u0439\u043d\u0456\u0441\u0442\u044c.<\/p>\n<\/li>\n<li class=\"\" data-start=\"905\" data-end=\"1004\">\n<p class=\"\" data-start=\"907\" data-end=\"1004\">\u0421\u0442\u0438\u043b\u044c\u043d\u0438\u0439 \u0456 \u043f\u0440\u0430\u043a\u0442\u0438\u0447\u043d\u0438\u0439 \u0430\u043a\u0441\u0435\u0441\u0443\u0430\u0440, \u044f\u043a\u0438\u0439 \u043f\u043e\u0440\u0430\u0434\u0443\u0454 \u043b\u044e\u0431\u0438\u0442\u0435\u043b\u0456\u0432 \u0447\u0430\u044e \u0456 \u0441\u0442\u0430\u043d\u0435 \u0447\u0443\u0434\u043e\u0432\u0438\u043c \u043f\u043e\u0434\u0430\u0440\u0443\u043d\u043a\u043e\u043c.<\/p>\n<\/li>\n<\/ul>\n<p class=\"\" data-start=\"1006\" data-end=\"1160\">\u041d\u0435 \u043f\u0440\u043e\u043f\u0443\u0441\u0442\u0456\u0442\u044c \u043c\u043e\u0436\u043b\u0438\u0432\u0456\u0441\u0442\u044c \u043a\u0443\u043f\u0438\u0442\u0438 \u043d\u0456\u0436 \u0434\u043b\u044f \u043f\u0443\u0435\u0440\u0443 \"\u0411\u0430\u043c\u0431\u0443\u043a\" \u0432 \u043d\u0430\u0448\u043e\u043c\u0443 \u0456\u043d\u0442\u0435\u0440\u043d\u0435\u0442-\u043c\u0430\u0433\u0430\u0437\u0438\u043d\u0456 \u0456 \u0437\u0440\u043e\u0431\u0438\u0442\u0438 \u0447\u0430\u044e\u0432\u0430\u043d\u043d\u044f \u0449\u0435 \u0431\u0456\u043b\u044c\u0448 \u0437\u0440\u0443\u0447\u043d\u0438\u043c \u0456 \u043f\u0440\u0438\u0454\u043c\u043d\u0438\u043c!<\/p>","protected":false},"featured_media":11856,"comment_status":"open","ping_status":"closed","template":"","meta":[],"product_cat":[129,140,130],"product_tag":[],"class_list":{"0":"post-11855","1":"product","2":"type-product","3":"status-publish","4":"has-post-thumbnail","6":"product_cat-akcesoria","7":"product_cat-akcesoria-do-parzenia","8":"product_cat-naczynia","10":"first","11":"outofstock","12":"shipping-taxable","13":"purchasable","14":"product-type-simple"},"aioseo_notices":[],"_links":{"self":[{"href":"https:\/\/teaeye.pl\/uk\/wp-json\/wp\/v2\/product\/11855","targetHints":{"allow":["GET"]}}],"collection":[{"href":"https:\/\/teaeye.pl\/uk\/wp-json\/wp\/v2\/product"}],"about":[{"href":"https:\/\/teaeye.pl\/uk\/wp-json\/wp\/v2\/types\/product"}],"replies":[{"embeddable":true,"href":"https:\/\/teaeye.pl\/uk\/wp-json\/wp\/v2\/comments?post=11855"}],"version-history":[{"count":4,"href":"https:\/\/teaeye.pl\/uk\/wp-json\/wp\/v2\/product\/11855\/revisions"}],"predecessor-version":[{"id":13173,"href":"https:\/\/teaeye.pl\/uk\/wp-json\/wp\/v2\/product\/11855\/revisions\/13173"}],"wp:featuredmedia":[{"embeddable":true,"href":"https:\/\/teaeye.pl\/uk\/wp-json\/wp\/v2\/media\/11856"}],"wp:attachment":[{"href":"https:\/\/teaeye.pl\/uk\/wp-json\/wp\/v2\/media?parent=11855"}],"wp:term":[{"taxonomy":"product_cat","embeddable":true,"href":"https:\/\/teaeye.pl\/uk\/wp-json\/wp\/v2\/product_cat?post=11855"},{"taxonomy":"product_tag","embeddable":true,"href":"https:\/\/teaeye.pl\/uk\/wp-json\/wp\/v2\/product_tag?post=11855"}],"curies":[{"name":"wp","href":"https:\/\/api.w.org\/{rel}","templated":true}]}}