{"id":11859,"date":"2025-03-16T17:25:28","date_gmt":"2025-03-16T17:25:28","guid":{"rendered":"https:\/\/teaeye.pl\/?post_type=product&#038;p=11859"},"modified":"2025-10-16T14:10:32","modified_gmt":"2025-10-16T14:10:32","slug":"chapan-lotos","status":"publish","type":"product","link":"https:\/\/teaeye.pl\/uk\/product\/chapan-lotos\/","title":{"rendered":"\u0427\u0430\u043f\u0430\u043d \"\u041b\u043e\u0442\u043e\u0441\" 38 x 23,5 x 6 \u0441\u043c"},"content":{"rendered":"<p data-start=\"99\" data-end=\"260\">Bambusowy chapan \u201eLotos\u201d 38\u00d723,5\u00d76 cm \u2013 elegancka podstawka bez tacki, idealna do ceremonii herbacianej. Naturalny bambus i estetyczny design w stylu gongfu cha.<\/p>\n<p><a href=\"https:\/\/teaeye.pl\/uk\/product-category\/akcesoria\/naczynia\/chapan\/\" target=\"_blank\" rel=\"noopener\">Chabany \u2013 TeaEye<\/a><br \/>\n<a href=\"https:\/\/en.wikipedia.org\/wiki\/Tea_tray\" target=\"_blank\" rel=\"noopener\">Chaban (tea tray) \u2013 Wikipedia<\/a><\/p>","protected":false},"excerpt":{"rendered":"<p>Elegancki i stylowy dodatek do ceremonii herbacianych, wykonany z wysokiej jako\u015bci bambusa o unikalnym designie. Wymiary chabana to 38&#215;23,5&#215;6 cm, co sprawia, \u017ce jest idealny do r\u00f3\u017cnych rytua\u0142\u00f3w herbacianych. Ta chaban stanie si\u0119 prawdziw\u0105 ozdob\u0105 twojego k\u0105cika herbacianego, wprowadzaj\u0105c do niego subteln\u0105 elegancj\u0119 i harmoni\u0119.<\/p>\n<article class=\"text-token-text-primary w-full\" dir=\"auto\" data-testid=\"conversation-turn-52\" data-scroll-anchor=\"true\">\n<div class=\"text-base my-auto mx-auto py-5 [--thread-content-margin:--spacing(4)] @[37rem]:[--thread-content-margin:--spacing(6)] @[72rem]:[--thread-content-margin:--spacing(16)] px-(--thread-content-margin)\">\n<div class=\"[--thread-content-max-width:32rem] @[34rem]:[--thread-content-max-width:40rem] @[64rem]:[--thread-content-max-width:48rem] mx-auto flex max-w-(--thread-content-max-width) flex-1 text-base gap-4 md:gap-5 lg:gap-6 group\/turn-messages focus-visible:outline-hidden\" tabindex=\"-1\">\n<div class=\"group\/conversation-turn relative flex w-full min-w-0 flex-col agent-turn\">\n<div class=\"relative flex-col gap-1 md:gap-3\">\n<div class=\"mt-3 w-full empty:hidden\">\n<div class=\"text-center\">\n<p class=\"\" data-start=\"358\" data-end=\"585\">Wysoka jako\u015b\u0107 materia\u0142u i wykonania zapewnia trwa\u0142o\u015b\u0107 i odporno\u015b\u0107 produktu. W przeciwie\u0144stwie do tradycyjnych modeli, konstrukcja tej podstawki nie zawiera tacki, co czyni j\u0105 szczeg\u00f3lnie wygodn\u0105 do u\u017cywania w r\u00f3\u017cnych wn\u0119trzach.<\/p>\n<p class=\"\" data-start=\"587\" data-end=\"644\">Rozmiar: d\u0142ugo\u015b\u0107 38 cm, szeroko\u015b\u0107 23,5 cm, wysoko\u015b\u0107 6 cm<\/p>\n<\/div>\n<\/div>\n<\/div>\n<\/div>\n<\/div>\n<\/div>\n<\/article>\n","protected":false},"featured_media":11860,"comment_status":"open","ping_status":"closed","template":"","meta":[],"product_cat":[129,147,130,145],"product_tag":[],"class_list":{"0":"post-11859","1":"product","2":"type-product","3":"status-publish","4":"has-post-thumbnail","6":"product_cat-akcesoria","7":"product_cat-chapan","8":"product_cat-naczynia","9":"product_cat-znizki","11":"first","12":"outofstock","13":"shipping-taxable","14":"purchasable","15":"product-type-simple"},"aioseo_notices":[],"_links":{"self":[{"href":"https:\/\/teaeye.pl\/uk\/wp-json\/wp\/v2\/product\/11859","targetHints":{"allow":["GET"]}}],"collection":[{"href":"https:\/\/teaeye.pl\/uk\/wp-json\/wp\/v2\/product"}],"about":[{"href":"https:\/\/teaeye.pl\/uk\/wp-json\/wp\/v2\/types\/product"}],"replies":[{"embeddable":true,"href":"https:\/\/teaeye.pl\/uk\/wp-json\/wp\/v2\/comments?post=11859"}],"version-history":[{"count":5,"href":"https:\/\/teaeye.pl\/uk\/wp-json\/wp\/v2\/product\/11859\/revisions"}],"predecessor-version":[{"id":13172,"href":"https:\/\/teaeye.pl\/uk\/wp-json\/wp\/v2\/product\/11859\/revisions\/13172"}],"wp:featuredmedia":[{"embeddable":true,"href":"https:\/\/teaeye.pl\/uk\/wp-json\/wp\/v2\/media\/11860"}],"wp:attachment":[{"href":"https:\/\/teaeye.pl\/uk\/wp-json\/wp\/v2\/media?parent=11859"}],"wp:term":[{"taxonomy":"product_cat","embeddable":true,"href":"https:\/\/teaeye.pl\/uk\/wp-json\/wp\/v2\/product_cat?post=11859"},{"taxonomy":"product_tag","embeddable":true,"href":"https:\/\/teaeye.pl\/uk\/wp-json\/wp\/v2\/product_tag?post=11859"}],"curies":[{"name":"wp","href":"https:\/\/api.w.org\/{rel}","templated":true}]}}