{"id":11863,"date":"2025-03-16T17:45:03","date_gmt":"2025-03-16T17:45:03","guid":{"rendered":"https:\/\/teaeye.pl\/?post_type=product&#038;p=11863"},"modified":"2025-10-03T12:58:58","modified_gmt":"2025-10-03T12:58:58","slug":"chapan-gong-fu","status":"publish","type":"product","link":"https:\/\/teaeye.pl\/uk\/product\/chapan-gong-fu\/","title":{"rendered":"Chapan \u00abGong Fu\u00bb 49 \u00d7 23,5 \u00d7 3 cm"},"content":{"rendered":"<p>Minimalistyczny bambusowy chaban (stolik do herbaty) o wymiarach 49\u00d723,5 cm. Naturalne drewno, wysoka jako\u015b\u0107 i elegancki design \u2013 idealny do gongfu cha i codziennych rytua\u0142\u00f3w.<\/p>\n<p><a href=\"https:\/\/teaeye.pl\/uk\/product-category\/akcesoria\/naczynia\/chapan\/\" target=\"_blank\" rel=\"noopener\">Chabany \u2013 TeaEye<\/a><br \/>\n<a href=\"https:\/\/en.wikipedia.org\/wiki\/Tea_tray\" target=\"_blank\" rel=\"noopener\">Chaban (tea tray) \u2013 Wikipedia<\/a><\/p>","protected":false},"excerpt":{"rendered":"<p class=\"\" data-start=\"0\" data-end=\"275\">Idealny dodatek do twojej ceremonii herbacianej, \u0142\u0105cz\u0105cy minimalizm, wysok\u0105 jako\u015b\u0107 i naturalne pi\u0119kno. Wykonany z trwa\u0142ego i ekologicznego bambusa, ten chaban stanie si\u0119 nie tylko funkcjonalnym, ale i stylowym elementem w twoim k\u0105ciku herbacianym.<\/p>\n<p class=\"\" data-start=\"277\" data-end=\"535\">Dzi\u0119ki niemu stworzysz atmosfer\u0119 ciep\u0142a i harmonii, ciesz\u0105c si\u0119 ka\u017cd\u0105 chwil\u0105 herbacianego rytua\u0142u. Elegancki i prosty design chabana doskonale wkomponuje si\u0119 w ka\u017cdy wystr\u00f3j, zar\u00f3wno podczas tradycyjnej ceremonii herbacianej, jak i codziennego picia herbaty.<\/p>\n<p class=\"\" data-start=\"537\" data-end=\"594\">Rozmiar: d\u0142ugo\u015b\u0107 49 cm, szeroko\u015b\u0107 23,5 cm, wysoko\u015b\u0107 3 cm.<\/p>\n<p class=\"\" data-start=\"596\" data-end=\"756\">Ten bambusowy stolik herbaciany to doskona\u0142y wyb\u00f3r dla mi\u0142o\u015bnik\u00f3w herbaty, kt\u00f3rzy ceni\u0105 zar\u00f3wno funkcjonalno\u015b\u0107, jak i estetyczn\u0105 przyjemno\u015b\u0107 z procesu parzenia.<\/p>","protected":false},"featured_media":11864,"comment_status":"open","ping_status":"closed","template":"","meta":[],"product_cat":[129,147,130,145],"product_tag":[],"class_list":{"0":"post-11863","1":"product","2":"type-product","3":"status-publish","4":"has-post-thumbnail","6":"product_cat-akcesoria","7":"product_cat-chapan","8":"product_cat-naczynia","9":"product_cat-znizki","11":"first","12":"outofstock","13":"shipping-taxable","14":"purchasable","15":"product-type-simple"},"aioseo_notices":[],"_links":{"self":[{"href":"https:\/\/teaeye.pl\/uk\/wp-json\/wp\/v2\/product\/11863","targetHints":{"allow":["GET"]}}],"collection":[{"href":"https:\/\/teaeye.pl\/uk\/wp-json\/wp\/v2\/product"}],"about":[{"href":"https:\/\/teaeye.pl\/uk\/wp-json\/wp\/v2\/types\/product"}],"replies":[{"embeddable":true,"href":"https:\/\/teaeye.pl\/uk\/wp-json\/wp\/v2\/comments?post=11863"}],"version-history":[{"count":6,"href":"https:\/\/teaeye.pl\/uk\/wp-json\/wp\/v2\/product\/11863\/revisions"}],"predecessor-version":[{"id":13171,"href":"https:\/\/teaeye.pl\/uk\/wp-json\/wp\/v2\/product\/11863\/revisions\/13171"}],"wp:featuredmedia":[{"embeddable":true,"href":"https:\/\/teaeye.pl\/uk\/wp-json\/wp\/v2\/media\/11864"}],"wp:attachment":[{"href":"https:\/\/teaeye.pl\/uk\/wp-json\/wp\/v2\/media?parent=11863"}],"wp:term":[{"taxonomy":"product_cat","embeddable":true,"href":"https:\/\/teaeye.pl\/uk\/wp-json\/wp\/v2\/product_cat?post=11863"},{"taxonomy":"product_tag","embeddable":true,"href":"https:\/\/teaeye.pl\/uk\/wp-json\/wp\/v2\/product_tag?post=11863"}],"curies":[{"name":"wp","href":"https:\/\/api.w.org\/{rel}","templated":true}]}}