{"id":11873,"date":"2025-03-16T18:01:55","date_gmt":"2025-03-16T18:01:55","guid":{"rendered":"https:\/\/teaeye.pl\/?post_type=product&#038;p=11873"},"modified":"2025-09-02T16:17:04","modified_gmt":"2025-09-02T16:17:04","slug":"tea-pet-tiger","status":"publish","type":"product","link":"https:\/\/teaeye.pl\/uk\/product\/tea-pet-tiger\/","title":{"rendered":"Tea Pet &#8211; &#8222;Tiger&#8221;, yixing"},"content":{"rendered":"<p>Tea Pet w kszta\u0142cie tygrysa, wykonany z gliny yixing. Symbol si\u0142y i spokoju \u2013 doskona\u0142y towarzysz ceremonii herbacianej.<\/p>\n<p><a href=\"https:\/\/teaeye.pl\/uk\/product-category\/akcesoria\/figurki\/\" target=\"_blank\" rel=\"noopener\">Figurki Tea Pet \u2013 kategoria w sklepie<\/a><br \/>\n<a href=\"https:\/\/en.wikipedia.org\/wiki\/Tea_pet\" target=\"_blank\" rel=\"noopener\">Tea Pet \u2013 Wikipedia<\/a><\/p>","protected":false},"excerpt":{"rendered":"<p data-start=\"112\" data-end=\"581\">Tea Pet w kszta\u0142cie tygrysa to wyj\u0105tkowy dodatek do tradycyjnej ceremonii herbacianej gongfu cha. Wykonany z naturalnej gliny yixing, ten ma\u0142y towarzysz nie tylko ozdabia przestrze\u0144 parzenia, ale tak\u017ce uczestniczy w rytuale \u2014 podlewany herbat\u0105, stopniowo nabiera charakterystycznej patyny i osobowo\u015bci. Tygrys symbolizuje si\u0142\u0119, odwag\u0119, ochron\u0119 i koncentracj\u0119 \u2013 warto\u015bci, kt\u00f3re doskonale wpisuj\u0105 si\u0119 w klimat uwa\u017cnego picia herbaty.<\/p>\n<p data-start=\"583\" data-end=\"885\">Gliniane figurki tea pet s\u0105 popularne w\u015br\u00f3d mi\u0142o\u015bnik\u00f3w chi\u0144skiej herbaty, poniewa\u017c \u0142\u0105cz\u0105 w sobie duchowo\u015b\u0107, estetyk\u0119 i zabawny element rytua\u0142u. Ten konkretny Tea Pet zosta\u0142 r\u0119cznie wykonany z wysokiej jako\u015bci gliny yixing, dzi\u0119ki czemu jest odporny na temperatur\u0119, wod\u0119 i pi\u0119knie starzeje si\u0119 z czasem.<\/p>\n<p data-start=\"887\" data-end=\"1124\">Podczas ceremonii herbacianej mo\u017cesz polewa\u0107 tygrysa pierwszym naparem herbaty lub pozosta\u0142\u0105 wod\u0105 \u2014 to nie tylko praktyka symboliczna, ale te\u017c spos\u00f3b na piel\u0119gnacj\u0119 figurki i wprowadzenie rytualnego elementu spokoju i skupienia do sesji.<\/p>","protected":false},"featured_media":11874,"comment_status":"open","ping_status":"closed","template":"","meta":[],"product_cat":[129,132],"product_tag":[],"class_list":{"0":"post-11873","1":"product","2":"type-product","3":"status-publish","4":"has-post-thumbnail","6":"product_cat-akcesoria","7":"product_cat-figurki","9":"first","10":"outofstock","11":"shipping-taxable","12":"purchasable","13":"product-type-simple"},"aioseo_notices":[],"_links":{"self":[{"href":"https:\/\/teaeye.pl\/uk\/wp-json\/wp\/v2\/product\/11873","targetHints":{"allow":["GET"]}}],"collection":[{"href":"https:\/\/teaeye.pl\/uk\/wp-json\/wp\/v2\/product"}],"about":[{"href":"https:\/\/teaeye.pl\/uk\/wp-json\/wp\/v2\/types\/product"}],"replies":[{"embeddable":true,"href":"https:\/\/teaeye.pl\/uk\/wp-json\/wp\/v2\/comments?post=11873"}],"version-history":[{"count":3,"href":"https:\/\/teaeye.pl\/uk\/wp-json\/wp\/v2\/product\/11873\/revisions"}],"predecessor-version":[{"id":13168,"href":"https:\/\/teaeye.pl\/uk\/wp-json\/wp\/v2\/product\/11873\/revisions\/13168"}],"wp:featuredmedia":[{"embeddable":true,"href":"https:\/\/teaeye.pl\/uk\/wp-json\/wp\/v2\/media\/11874"}],"wp:attachment":[{"href":"https:\/\/teaeye.pl\/uk\/wp-json\/wp\/v2\/media?parent=11873"}],"wp:term":[{"taxonomy":"product_cat","embeddable":true,"href":"https:\/\/teaeye.pl\/uk\/wp-json\/wp\/v2\/product_cat?post=11873"},{"taxonomy":"product_tag","embeddable":true,"href":"https:\/\/teaeye.pl\/uk\/wp-json\/wp\/v2\/product_tag?post=11873"}],"curies":[{"name":"wp","href":"https:\/\/api.w.org\/{rel}","templated":true}]}}